{"id":90862,"date":"2023-01-02T14:50:48","date_gmt":"2023-01-02T13:50:48","guid":{"rendered":"https:\/\/www.jbnordic.se\/?post_type=product&#038;p=90862"},"modified":"2024-11-01T14:30:49","modified_gmt":"2024-11-01T13:30:49","slug":"sintringsugn-bas","status":"publish","type":"product","link":"https:\/\/www.jbnordic.se\/en\/butik\/ugnar\/sintringsugn-bas\/","title":{"rendered":"Sintering furnace Base"},"content":{"rendered":"","protected":false},"excerpt":{"rendered":"<p><strong>Mihm Vogt <\/strong><b>TABEO-1\/M\/ZIRKON-100<\/b><\/p>\n<p class=\"translation-block\"><strong>\u200b<\/strong>Ideal for smaller volumes with four <strong>high-performance molybdenum disilicide heating elements (MoSi2)<\/strong> for conventional long-term sintering. The sintering tray has a diameter of 100 mm. Your sintering program can be easily entered and saved. Pre-set service programs make the furnace easy to maintain.<\/p>\n<ul>\n<li>Maximum temperature 1650\u00b0C<\/li>\n<li>Max. effekt 1500 W<\/li>\n<li>Individual sintering process<\/li>\n<li>Power-fail-control<\/li>\n<li>Molybdenum disilicide heating element<\/li>\n<li>Timer function for overnight sintering<\/li>\n<li>Service program<\/li>\n<\/ul>\n<p><strong>German Mihm Vogt has specialized in ovens for the dental industry for 60 years. Quality, but still at a good price!<\/strong><\/p>\n<p>Artikelnr: MV-B<\/p>","protected":false},"featured_media":243444,"template":"","meta":[],"product_brand":[],"product_cat":[235],"product_tag":[204],"class_list":{"0":"post-90862","1":"product","2":"type-product","3":"status-publish","4":"has-post-thumbnail","6":"product_cat-ugnar","7":"product_tag-mihm-vogt","9":"first","10":"instock","11":"taxable","12":"shipping-taxable","13":"product-type-simple"},"yoast_head":"<!-- This site is optimized with the Yoast SEO plugin v26.7 - https:\/\/yoast.com\/wordpress\/plugins\/seo\/ -->\n<title>Sintringsugn Bas - JB Nordic AB<\/title>\n<meta name=\"description\" content=\"Mihm Vogt TABEO-1\/M\/ZIRKON-100 \u200bIdealiska f\u00f6r mindre volymer med fyra h\u00f6gpresterande molybdendisilicid v\u00e4rmeelement (MoSi2) f\u00f6r konventionell l\u00e5ngtidssintring. Sintringsbrickan har en diameter p\u00e5 100 mm. Ditt sintringsprogram kan enkelt l\u00e4ggas in och sparas. F\u00f6rinst\u00e4llda serviceprogram g\u00f6r ugnen enkel att underh\u00e5lla.\" \/>\n<meta name=\"robots\" content=\"index, follow, max-snippet:-1, max-image-preview:large, max-video-preview:-1\" \/>\n<link rel=\"canonical\" href=\"https:\/\/www.jbnordic.se\/en\/butik\/ugnar\/sintringsugn-bas\/\" \/>\n<meta property=\"og:locale\" content=\"en_US\" \/>\n<meta property=\"og:type\" content=\"article\" \/>\n<meta property=\"og:title\" content=\"Sintringsugn Bas - JB Nordic AB\" \/>\n<meta property=\"og:description\" content=\"Mihm Vogt TABEO-1\/M\/ZIRKON-100 \u200bIdealiska f\u00f6r mindre volymer med fyra h\u00f6gpresterande molybdendisilicid v\u00e4rmeelement (MoSi2) f\u00f6r konventionell l\u00e5ngtidssintring. Sintringsbrickan har en diameter p\u00e5 100 mm. Ditt sintringsprogram kan enkelt l\u00e4ggas in och sparas. F\u00f6rinst\u00e4llda serviceprogram g\u00f6r ugnen enkel att underh\u00e5lla.\" \/>\n<meta property=\"og:url\" content=\"https:\/\/www.jbnordic.se\/en\/butik\/ugnar\/sintringsugn-bas\/\" \/>\n<meta property=\"og:site_name\" content=\"JB Nordic AB\" \/>\n<meta property=\"article:publisher\" content=\"https:\/\/www.facebook.com\/jbnordic\" \/>\n<meta property=\"article:modified_time\" content=\"2024-11-01T13:30:49+00:00\" \/>\n<meta property=\"og:image\" content=\"https:\/\/www.jbnordic.se\/wp-content\/uploads\/2023\/01\/TABEO-1_M_ZIRKON-100-1024x1200.png\" \/>\n\t<meta property=\"og:image:width\" content=\"1024\" \/>\n\t<meta property=\"og:image:height\" content=\"1200\" \/>\n\t<meta property=\"og:image:type\" content=\"image\/png\" \/>\n<meta name=\"twitter:card\" content=\"summary_large_image\" \/>\n<meta name=\"twitter:label1\" content=\"Est. reading time\" \/>\n\t<meta name=\"twitter:data1\" content=\"1 minute\" \/>\n<script type=\"application\/ld+json\" class=\"yoast-schema-graph\">{\"@context\":\"https:\/\/schema.org\",\"@graph\":[{\"@type\":\"WebPage\",\"@id\":\"https:\/\/www.jbnordic.se\/butik\/ugnar\/sintringsugn-bas\/\",\"url\":\"https:\/\/www.jbnordic.se\/butik\/ugnar\/sintringsugn-bas\/\",\"name\":\"Sintringsugn Bas - JB Nordic AB\",\"isPartOf\":{\"@id\":\"https:\/\/www.jbnordic.se\/#website\"},\"primaryImageOfPage\":{\"@id\":\"https:\/\/www.jbnordic.se\/butik\/ugnar\/sintringsugn-bas\/#primaryimage\"},\"image\":{\"@id\":\"https:\/\/www.jbnordic.se\/butik\/ugnar\/sintringsugn-bas\/#primaryimage\"},\"thumbnailUrl\":\"https:\/\/www.jbnordic.se\/wp-content\/uploads\/2023\/01\/TABEO-1_M_ZIRKON-100.png\",\"datePublished\":\"2023-01-02T13:50:48+00:00\",\"dateModified\":\"2024-11-01T13:30:49+00:00\",\"description\":\"Mihm Vogt TABEO-1\/M\/ZIRKON-100 \u200bIdealiska f\u00f6r mindre volymer med fyra h\u00f6gpresterande molybdendisilicid v\u00e4rmeelement (MoSi2) f\u00f6r konventionell l\u00e5ngtidssintring. Sintringsbrickan har en diameter p\u00e5 100 mm. Ditt sintringsprogram kan enkelt l\u00e4ggas in och sparas. F\u00f6rinst\u00e4llda serviceprogram g\u00f6r ugnen enkel att underh\u00e5lla.\",\"breadcrumb\":{\"@id\":\"https:\/\/www.jbnordic.se\/butik\/ugnar\/sintringsugn-bas\/#breadcrumb\"},\"inLanguage\":\"en-US\",\"potentialAction\":[{\"@type\":\"ReadAction\",\"target\":[\"https:\/\/www.jbnordic.se\/butik\/ugnar\/sintringsugn-bas\/\"]}]},{\"@type\":\"ImageObject\",\"inLanguage\":\"en-US\",\"@id\":\"https:\/\/www.jbnordic.se\/butik\/ugnar\/sintringsugn-bas\/#primaryimage\",\"url\":\"https:\/\/www.jbnordic.se\/wp-content\/uploads\/2023\/01\/TABEO-1_M_ZIRKON-100.png\",\"contentUrl\":\"https:\/\/www.jbnordic.se\/wp-content\/uploads\/2023\/01\/TABEO-1_M_ZIRKON-100.png\",\"width\":1364,\"height\":1599},{\"@type\":\"BreadcrumbList\",\"@id\":\"https:\/\/www.jbnordic.se\/butik\/ugnar\/sintringsugn-bas\/#breadcrumb\",\"itemListElement\":[{\"@type\":\"ListItem\",\"position\":1,\"name\":\"Hem\",\"item\":\"https:\/\/www.jbnordic.se\/\"},{\"@type\":\"ListItem\",\"position\":2,\"name\":\"Sintringsugn Bas\"}]},{\"@type\":\"WebSite\",\"@id\":\"https:\/\/www.jbnordic.se\/#website\",\"url\":\"https:\/\/www.jbnordic.se\/\",\"name\":\"JB Nordic AB\",\"description\":\"Kunskap!\",\"publisher\":{\"@id\":\"https:\/\/www.jbnordic.se\/#organization\"},\"potentialAction\":[{\"@type\":\"SearchAction\",\"target\":{\"@type\":\"EntryPoint\",\"urlTemplate\":\"https:\/\/www.jbnordic.se\/?s={search_term_string}\"},\"query-input\":{\"@type\":\"PropertyValueSpecification\",\"valueRequired\":true,\"valueName\":\"search_term_string\"}}],\"inLanguage\":\"en-US\"},{\"@type\":\"Organization\",\"@id\":\"https:\/\/www.jbnordic.se\/#organization\",\"name\":\"JB Nordic\",\"url\":\"https:\/\/www.jbnordic.se\/\",\"logo\":{\"@type\":\"ImageObject\",\"inLanguage\":\"en-US\",\"@id\":\"https:\/\/www.jbnordic.se\/#\/schema\/logo\/image\/\",\"url\":\"https:\/\/www.jbnordic.se\/wp-content\/uploads\/2022\/02\/jb_nordic_logo_blk_h100px.png\",\"contentUrl\":\"https:\/\/www.jbnordic.se\/wp-content\/uploads\/2022\/02\/jb_nordic_logo_blk_h100px.png\",\"width\":480,\"height\":100,\"caption\":\"JB Nordic\"},\"image\":{\"@id\":\"https:\/\/www.jbnordic.se\/#\/schema\/logo\/image\/\"},\"sameAs\":[\"https:\/\/www.facebook.com\/jbnordic\",\"https:\/\/www.linkedin.com\/company\/jbnordic.se\",\"https:\/\/www.instagram.com\/jbnordic\/\"]}]}<\/script>\n<!-- \/ Yoast SEO plugin. -->","yoast_head_json":{"title":"Sintringsugn Bas - JB Nordic AB","description":"Mihm Vogt TABEO-1\/M\/ZIRKON-100 \u200bIdealiska f\u00f6r mindre volymer med fyra h\u00f6gpresterande molybdendisilicid v\u00e4rmeelement (MoSi2) f\u00f6r konventionell l\u00e5ngtidssintring. Sintringsbrickan har en diameter p\u00e5 100 mm. Ditt sintringsprogram kan enkelt l\u00e4ggas in och sparas. F\u00f6rinst\u00e4llda serviceprogram g\u00f6r ugnen enkel att underh\u00e5lla.","robots":{"index":"index","follow":"follow","max-snippet":"max-snippet:-1","max-image-preview":"max-image-preview:large","max-video-preview":"max-video-preview:-1"},"canonical":"https:\/\/www.jbnordic.se\/en\/butik\/ugnar\/sintringsugn-bas\/","og_locale":"en_US","og_type":"article","og_title":"Sintringsugn Bas - JB Nordic AB","og_description":"Mihm Vogt TABEO-1\/M\/ZIRKON-100 \u200bIdealiska f\u00f6r mindre volymer med fyra h\u00f6gpresterande molybdendisilicid v\u00e4rmeelement (MoSi2) f\u00f6r konventionell l\u00e5ngtidssintring. Sintringsbrickan har en diameter p\u00e5 100 mm. Ditt sintringsprogram kan enkelt l\u00e4ggas in och sparas. F\u00f6rinst\u00e4llda serviceprogram g\u00f6r ugnen enkel att underh\u00e5lla.","og_url":"https:\/\/www.jbnordic.se\/en\/butik\/ugnar\/sintringsugn-bas\/","og_site_name":"JB Nordic AB","article_publisher":"https:\/\/www.facebook.com\/jbnordic","article_modified_time":"2024-11-01T13:30:49+00:00","og_image":[{"width":1024,"height":1200,"url":"https:\/\/www.jbnordic.se\/wp-content\/uploads\/2023\/01\/TABEO-1_M_ZIRKON-100-1024x1200.png","type":"image\/png"}],"twitter_card":"summary_large_image","twitter_misc":{"Est. reading time":"1 minute"},"schema":{"@context":"https:\/\/schema.org","@graph":[{"@type":"WebPage","@id":"https:\/\/www.jbnordic.se\/butik\/ugnar\/sintringsugn-bas\/","url":"https:\/\/www.jbnordic.se\/butik\/ugnar\/sintringsugn-bas\/","name":"Sintringsugn Bas - JB Nordic AB","isPartOf":{"@id":"https:\/\/www.jbnordic.se\/#website"},"primaryImageOfPage":{"@id":"https:\/\/www.jbnordic.se\/butik\/ugnar\/sintringsugn-bas\/#primaryimage"},"image":{"@id":"https:\/\/www.jbnordic.se\/butik\/ugnar\/sintringsugn-bas\/#primaryimage"},"thumbnailUrl":"https:\/\/www.jbnordic.se\/wp-content\/uploads\/2023\/01\/TABEO-1_M_ZIRKON-100.png","datePublished":"2023-01-02T13:50:48+00:00","dateModified":"2024-11-01T13:30:49+00:00","description":"Mihm Vogt TABEO-1\/M\/ZIRKON-100 \u200bIdealiska f\u00f6r mindre volymer med fyra h\u00f6gpresterande molybdendisilicid v\u00e4rmeelement (MoSi2) f\u00f6r konventionell l\u00e5ngtidssintring. Sintringsbrickan har en diameter p\u00e5 100 mm. Ditt sintringsprogram kan enkelt l\u00e4ggas in och sparas. F\u00f6rinst\u00e4llda serviceprogram g\u00f6r ugnen enkel att underh\u00e5lla.","breadcrumb":{"@id":"https:\/\/www.jbnordic.se\/butik\/ugnar\/sintringsugn-bas\/#breadcrumb"},"inLanguage":"en-US","potentialAction":[{"@type":"ReadAction","target":["https:\/\/www.jbnordic.se\/butik\/ugnar\/sintringsugn-bas\/"]}]},{"@type":"ImageObject","inLanguage":"en-US","@id":"https:\/\/www.jbnordic.se\/butik\/ugnar\/sintringsugn-bas\/#primaryimage","url":"https:\/\/www.jbnordic.se\/wp-content\/uploads\/2023\/01\/TABEO-1_M_ZIRKON-100.png","contentUrl":"https:\/\/www.jbnordic.se\/wp-content\/uploads\/2023\/01\/TABEO-1_M_ZIRKON-100.png","width":1364,"height":1599},{"@type":"BreadcrumbList","@id":"https:\/\/www.jbnordic.se\/butik\/ugnar\/sintringsugn-bas\/#breadcrumb","itemListElement":[{"@type":"ListItem","position":1,"name":"Hem","item":"https:\/\/www.jbnordic.se\/"},{"@type":"ListItem","position":2,"name":"Sintringsugn Bas"}]},{"@type":"WebSite","@id":"https:\/\/www.jbnordic.se\/#website","url":"https:\/\/www.jbnordic.se\/","name":"JB Nordic AB","description":"Kunskap!","publisher":{"@id":"https:\/\/www.jbnordic.se\/#organization"},"potentialAction":[{"@type":"SearchAction","target":{"@type":"EntryPoint","urlTemplate":"https:\/\/www.jbnordic.se\/?s={search_term_string}"},"query-input":{"@type":"PropertyValueSpecification","valueRequired":true,"valueName":"search_term_string"}}],"inLanguage":"en-US"},{"@type":"Organization","@id":"https:\/\/www.jbnordic.se\/#organization","name":"JB Nordic","url":"https:\/\/www.jbnordic.se\/","logo":{"@type":"ImageObject","inLanguage":"en-US","@id":"https:\/\/www.jbnordic.se\/#\/schema\/logo\/image\/","url":"https:\/\/www.jbnordic.se\/wp-content\/uploads\/2022\/02\/jb_nordic_logo_blk_h100px.png","contentUrl":"https:\/\/www.jbnordic.se\/wp-content\/uploads\/2022\/02\/jb_nordic_logo_blk_h100px.png","width":480,"height":100,"caption":"JB Nordic"},"image":{"@id":"https:\/\/www.jbnordic.se\/#\/schema\/logo\/image\/"},"sameAs":["https:\/\/www.facebook.com\/jbnordic","https:\/\/www.linkedin.com\/company\/jbnordic.se","https:\/\/www.instagram.com\/jbnordic\/"]}]}},"kroconnect":{"tax_rate":25,"price_inc_vat":{"regular_price":0},"price_ex_vat":{"regular_price":0}},"_links":{"self":[{"href":"https:\/\/www.jbnordic.se\/en\/wp-json\/wp\/v2\/product\/90862","targetHints":{"allow":["GET"]}}],"collection":[{"href":"https:\/\/www.jbnordic.se\/en\/wp-json\/wp\/v2\/product"}],"about":[{"href":"https:\/\/www.jbnordic.se\/en\/wp-json\/wp\/v2\/types\/product"}],"wp:featuredmedia":[{"embeddable":true,"href":"https:\/\/www.jbnordic.se\/en\/wp-json\/wp\/v2\/media\/243444"}],"wp:attachment":[{"href":"https:\/\/www.jbnordic.se\/en\/wp-json\/wp\/v2\/media?parent=90862"}],"wp:term":[{"taxonomy":"product_brand","embeddable":true,"href":"https:\/\/www.jbnordic.se\/en\/wp-json\/wp\/v2\/product_brand?post=90862"},{"taxonomy":"product_cat","embeddable":true,"href":"https:\/\/www.jbnordic.se\/en\/wp-json\/wp\/v2\/product_cat?post=90862"},{"taxonomy":"product_tag","embeddable":true,"href":"https:\/\/www.jbnordic.se\/en\/wp-json\/wp\/v2\/product_tag?post=90862"}],"curies":[{"name":"wp","href":"https:\/\/api.w.org\/{rel}","templated":true}]}}