{"id":90861,"date":"2023-01-02T13:47:47","date_gmt":"2023-01-02T12:47:47","guid":{"rendered":"https:\/\/www.jbnordic.se\/?post_type=product&#038;p=90861"},"modified":"2024-11-04T08:58:43","modified_gmt":"2024-11-04T07:58:43","slug":"sintringsugn-premium","status":"publish","type":"product","link":"https:\/\/www.jbnordic.se\/en\/butik\/ugnar\/sintringsugn-premium\/","title":{"rendered":"Sintering furnace Premium"},"content":{"rendered":"","protected":false},"excerpt":{"rendered":"<p><strong>Mihm Vogt HTS-2\/M\/ZIRKON-120\u200b<\/strong><\/p>\n<p class=\"translation-block\"><strong>Large sintering capacity of up to 80 kronor.<\/strong> Four high-performance molybdenum disilicide heating elements (MoSi2) allow you to choose conventional long-term sintering or <strong>SPEED sintering<\/strong> with heating rates of up to <strong>120\u00b0C\/minute.<\/strong><\/p>\n<ul>\n<li>Maximum temperature 1650\u00b0C<\/li>\n<li>Max power 3200 W<\/li>\n<li>Sintering cup 2x \u00d8120\/30 mm\u200b<\/li>\n<li class=\"p1\">Individual sintering process<\/li>\n<li class=\"p1\">Linear cooling<\/li>\n<li class=\"p1\">Power-fail-control<\/li>\n<li class=\"p1\">Molybdenum disilicide heating element<\/li>\n<li class=\"p1\">2 levels of large volume sintering cups<\/li>\n<li class=\"p1\">Timer function for overnight sintering<\/li>\n<li class=\"p1\">Drying program for wet milled structures\u200b<\/li>\n<li class=\"p1\">3 service programs<\/li>\n<\/ul>\n<p><strong>German Mihm Vogt has specialized in ovens for the dental industry for 60 years. Quality, but still at a good price!<\/strong><\/p>\n<p>Artikelnr: MV-P<\/p>","protected":false},"featured_media":243449,"template":"","meta":[],"product_brand":[],"product_cat":[235],"product_tag":[204],"class_list":{"0":"post-90861","1":"product","2":"type-product","3":"status-publish","4":"has-post-thumbnail","6":"product_cat-ugnar","7":"product_tag-mihm-vogt","9":"first","10":"instock","11":"featured","12":"taxable","13":"shipping-taxable","14":"product-type-simple"},"yoast_head":"<!-- This site is optimized with the Yoast SEO plugin v26.7 - https:\/\/yoast.com\/wordpress\/plugins\/seo\/ -->\n<title>Sintringsugn Premium - JB Nordic AB<\/title>\n<meta name=\"description\" content=\"Mihm Vogt HTS-2\/M\/ZIRKON-120 \u200bStor sintringskapacitet p\u00e5 upp till 80 kronor. Fyra h\u00f6gpresterande molybdendisilicid v\u00e4rmeelement (MoSi2) g\u00f6r att du kan v\u00e4lja konventionell l\u00e5ngtidssintring eller SPEED-sintring med uppv\u00e4rmningshastighet p\u00e5 upp till 120\u00b0C\/minut.\" \/>\n<meta name=\"robots\" content=\"index, follow, max-snippet:-1, max-image-preview:large, max-video-preview:-1\" \/>\n<link rel=\"canonical\" href=\"https:\/\/www.jbnordic.se\/en\/butik\/ugnar\/sintringsugn-premium\/\" \/>\n<meta property=\"og:locale\" content=\"en_US\" \/>\n<meta property=\"og:type\" content=\"article\" \/>\n<meta property=\"og:title\" content=\"Sintringsugn Premium - JB Nordic AB\" \/>\n<meta property=\"og:description\" content=\"Mihm Vogt HTS-2\/M\/ZIRKON-120 \u200bStor sintringskapacitet p\u00e5 upp till 80 kronor. Fyra h\u00f6gpresterande molybdendisilicid v\u00e4rmeelement (MoSi2) g\u00f6r att du kan v\u00e4lja konventionell l\u00e5ngtidssintring eller SPEED-sintring med uppv\u00e4rmningshastighet p\u00e5 upp till 120\u00b0C\/minut.\" \/>\n<meta property=\"og:url\" content=\"https:\/\/www.jbnordic.se\/en\/butik\/ugnar\/sintringsugn-premium\/\" \/>\n<meta property=\"og:site_name\" content=\"JB Nordic AB\" \/>\n<meta property=\"article:publisher\" content=\"https:\/\/www.facebook.com\/jbnordic\" \/>\n<meta property=\"article:modified_time\" content=\"2024-11-04T07:58:43+00:00\" \/>\n<meta property=\"og:image\" content=\"https:\/\/www.jbnordic.se\/wp-content\/uploads\/2023\/01\/HT-2_M_ZIRKON-120-front-890x1200.png\" \/>\n\t<meta property=\"og:image:width\" content=\"890\" \/>\n\t<meta property=\"og:image:height\" content=\"1200\" \/>\n\t<meta property=\"og:image:type\" content=\"image\/png\" \/>\n<meta name=\"twitter:card\" content=\"summary_large_image\" \/>\n<meta name=\"twitter:label1\" content=\"Est. reading time\" \/>\n\t<meta name=\"twitter:data1\" content=\"1 minute\" \/>\n<script type=\"application\/ld+json\" class=\"yoast-schema-graph\">{\"@context\":\"https:\/\/schema.org\",\"@graph\":[{\"@type\":\"WebPage\",\"@id\":\"https:\/\/www.jbnordic.se\/butik\/ugnar\/sintringsugn-premium\/\",\"url\":\"https:\/\/www.jbnordic.se\/butik\/ugnar\/sintringsugn-premium\/\",\"name\":\"Sintringsugn Premium - JB Nordic AB\",\"isPartOf\":{\"@id\":\"https:\/\/www.jbnordic.se\/#website\"},\"primaryImageOfPage\":{\"@id\":\"https:\/\/www.jbnordic.se\/butik\/ugnar\/sintringsugn-premium\/#primaryimage\"},\"image\":{\"@id\":\"https:\/\/www.jbnordic.se\/butik\/ugnar\/sintringsugn-premium\/#primaryimage\"},\"thumbnailUrl\":\"https:\/\/www.jbnordic.se\/wp-content\/uploads\/2023\/01\/HT-2_M_ZIRKON-120-front.png\",\"datePublished\":\"2023-01-02T12:47:47+00:00\",\"dateModified\":\"2024-11-04T07:58:43+00:00\",\"description\":\"Mihm Vogt HTS-2\/M\/ZIRKON-120 \u200bStor sintringskapacitet p\u00e5 upp till 80 kronor. Fyra h\u00f6gpresterande molybdendisilicid v\u00e4rmeelement (MoSi2) g\u00f6r att du kan v\u00e4lja konventionell l\u00e5ngtidssintring eller SPEED-sintring med uppv\u00e4rmningshastighet p\u00e5 upp till 120\u00b0C\/minut.\",\"breadcrumb\":{\"@id\":\"https:\/\/www.jbnordic.se\/butik\/ugnar\/sintringsugn-premium\/#breadcrumb\"},\"inLanguage\":\"en-US\",\"potentialAction\":[{\"@type\":\"ReadAction\",\"target\":[\"https:\/\/www.jbnordic.se\/butik\/ugnar\/sintringsugn-premium\/\"]}]},{\"@type\":\"ImageObject\",\"inLanguage\":\"en-US\",\"@id\":\"https:\/\/www.jbnordic.se\/butik\/ugnar\/sintringsugn-premium\/#primaryimage\",\"url\":\"https:\/\/www.jbnordic.se\/wp-content\/uploads\/2023\/01\/HT-2_M_ZIRKON-120-front.png\",\"contentUrl\":\"https:\/\/www.jbnordic.se\/wp-content\/uploads\/2023\/01\/HT-2_M_ZIRKON-120-front.png\",\"width\":2837,\"height\":3827},{\"@type\":\"BreadcrumbList\",\"@id\":\"https:\/\/www.jbnordic.se\/butik\/ugnar\/sintringsugn-premium\/#breadcrumb\",\"itemListElement\":[{\"@type\":\"ListItem\",\"position\":1,\"name\":\"Hem\",\"item\":\"https:\/\/www.jbnordic.se\/\"},{\"@type\":\"ListItem\",\"position\":2,\"name\":\"Sintringsugn Premium\"}]},{\"@type\":\"WebSite\",\"@id\":\"https:\/\/www.jbnordic.se\/#website\",\"url\":\"https:\/\/www.jbnordic.se\/\",\"name\":\"JB Nordic AB\",\"description\":\"Kunskap!\",\"publisher\":{\"@id\":\"https:\/\/www.jbnordic.se\/#organization\"},\"potentialAction\":[{\"@type\":\"SearchAction\",\"target\":{\"@type\":\"EntryPoint\",\"urlTemplate\":\"https:\/\/www.jbnordic.se\/?s={search_term_string}\"},\"query-input\":{\"@type\":\"PropertyValueSpecification\",\"valueRequired\":true,\"valueName\":\"search_term_string\"}}],\"inLanguage\":\"en-US\"},{\"@type\":\"Organization\",\"@id\":\"https:\/\/www.jbnordic.se\/#organization\",\"name\":\"JB Nordic\",\"url\":\"https:\/\/www.jbnordic.se\/\",\"logo\":{\"@type\":\"ImageObject\",\"inLanguage\":\"en-US\",\"@id\":\"https:\/\/www.jbnordic.se\/#\/schema\/logo\/image\/\",\"url\":\"https:\/\/www.jbnordic.se\/wp-content\/uploads\/2022\/02\/jb_nordic_logo_blk_h100px.png\",\"contentUrl\":\"https:\/\/www.jbnordic.se\/wp-content\/uploads\/2022\/02\/jb_nordic_logo_blk_h100px.png\",\"width\":480,\"height\":100,\"caption\":\"JB Nordic\"},\"image\":{\"@id\":\"https:\/\/www.jbnordic.se\/#\/schema\/logo\/image\/\"},\"sameAs\":[\"https:\/\/www.facebook.com\/jbnordic\",\"https:\/\/www.linkedin.com\/company\/jbnordic.se\",\"https:\/\/www.instagram.com\/jbnordic\/\"]}]}<\/script>\n<!-- \/ Yoast SEO plugin. -->","yoast_head_json":{"title":"Sintringsugn Premium - JB Nordic AB","description":"Mihm Vogt HTS-2\/M\/ZIRKON-120 \u200bStor sintringskapacitet p\u00e5 upp till 80 kronor. Fyra h\u00f6gpresterande molybdendisilicid v\u00e4rmeelement (MoSi2) g\u00f6r att du kan v\u00e4lja konventionell l\u00e5ngtidssintring eller SPEED-sintring med uppv\u00e4rmningshastighet p\u00e5 upp till 120\u00b0C\/minut.","robots":{"index":"index","follow":"follow","max-snippet":"max-snippet:-1","max-image-preview":"max-image-preview:large","max-video-preview":"max-video-preview:-1"},"canonical":"https:\/\/www.jbnordic.se\/en\/butik\/ugnar\/sintringsugn-premium\/","og_locale":"en_US","og_type":"article","og_title":"Sintringsugn Premium - JB Nordic AB","og_description":"Mihm Vogt HTS-2\/M\/ZIRKON-120 \u200bStor sintringskapacitet p\u00e5 upp till 80 kronor. Fyra h\u00f6gpresterande molybdendisilicid v\u00e4rmeelement (MoSi2) g\u00f6r att du kan v\u00e4lja konventionell l\u00e5ngtidssintring eller SPEED-sintring med uppv\u00e4rmningshastighet p\u00e5 upp till 120\u00b0C\/minut.","og_url":"https:\/\/www.jbnordic.se\/en\/butik\/ugnar\/sintringsugn-premium\/","og_site_name":"JB Nordic AB","article_publisher":"https:\/\/www.facebook.com\/jbnordic","article_modified_time":"2024-11-04T07:58:43+00:00","og_image":[{"width":890,"height":1200,"url":"https:\/\/www.jbnordic.se\/wp-content\/uploads\/2023\/01\/HT-2_M_ZIRKON-120-front-890x1200.png","type":"image\/png"}],"twitter_card":"summary_large_image","twitter_misc":{"Est. reading time":"1 minute"},"schema":{"@context":"https:\/\/schema.org","@graph":[{"@type":"WebPage","@id":"https:\/\/www.jbnordic.se\/butik\/ugnar\/sintringsugn-premium\/","url":"https:\/\/www.jbnordic.se\/butik\/ugnar\/sintringsugn-premium\/","name":"Sintringsugn Premium - JB Nordic AB","isPartOf":{"@id":"https:\/\/www.jbnordic.se\/#website"},"primaryImageOfPage":{"@id":"https:\/\/www.jbnordic.se\/butik\/ugnar\/sintringsugn-premium\/#primaryimage"},"image":{"@id":"https:\/\/www.jbnordic.se\/butik\/ugnar\/sintringsugn-premium\/#primaryimage"},"thumbnailUrl":"https:\/\/www.jbnordic.se\/wp-content\/uploads\/2023\/01\/HT-2_M_ZIRKON-120-front.png","datePublished":"2023-01-02T12:47:47+00:00","dateModified":"2024-11-04T07:58:43+00:00","description":"Mihm Vogt HTS-2\/M\/ZIRKON-120 \u200bStor sintringskapacitet p\u00e5 upp till 80 kronor. Fyra h\u00f6gpresterande molybdendisilicid v\u00e4rmeelement (MoSi2) g\u00f6r att du kan v\u00e4lja konventionell l\u00e5ngtidssintring eller SPEED-sintring med uppv\u00e4rmningshastighet p\u00e5 upp till 120\u00b0C\/minut.","breadcrumb":{"@id":"https:\/\/www.jbnordic.se\/butik\/ugnar\/sintringsugn-premium\/#breadcrumb"},"inLanguage":"en-US","potentialAction":[{"@type":"ReadAction","target":["https:\/\/www.jbnordic.se\/butik\/ugnar\/sintringsugn-premium\/"]}]},{"@type":"ImageObject","inLanguage":"en-US","@id":"https:\/\/www.jbnordic.se\/butik\/ugnar\/sintringsugn-premium\/#primaryimage","url":"https:\/\/www.jbnordic.se\/wp-content\/uploads\/2023\/01\/HT-2_M_ZIRKON-120-front.png","contentUrl":"https:\/\/www.jbnordic.se\/wp-content\/uploads\/2023\/01\/HT-2_M_ZIRKON-120-front.png","width":2837,"height":3827},{"@type":"BreadcrumbList","@id":"https:\/\/www.jbnordic.se\/butik\/ugnar\/sintringsugn-premium\/#breadcrumb","itemListElement":[{"@type":"ListItem","position":1,"name":"Hem","item":"https:\/\/www.jbnordic.se\/"},{"@type":"ListItem","position":2,"name":"Sintringsugn Premium"}]},{"@type":"WebSite","@id":"https:\/\/www.jbnordic.se\/#website","url":"https:\/\/www.jbnordic.se\/","name":"JB Nordic AB","description":"Kunskap!","publisher":{"@id":"https:\/\/www.jbnordic.se\/#organization"},"potentialAction":[{"@type":"SearchAction","target":{"@type":"EntryPoint","urlTemplate":"https:\/\/www.jbnordic.se\/?s={search_term_string}"},"query-input":{"@type":"PropertyValueSpecification","valueRequired":true,"valueName":"search_term_string"}}],"inLanguage":"en-US"},{"@type":"Organization","@id":"https:\/\/www.jbnordic.se\/#organization","name":"JB Nordic","url":"https:\/\/www.jbnordic.se\/","logo":{"@type":"ImageObject","inLanguage":"en-US","@id":"https:\/\/www.jbnordic.se\/#\/schema\/logo\/image\/","url":"https:\/\/www.jbnordic.se\/wp-content\/uploads\/2022\/02\/jb_nordic_logo_blk_h100px.png","contentUrl":"https:\/\/www.jbnordic.se\/wp-content\/uploads\/2022\/02\/jb_nordic_logo_blk_h100px.png","width":480,"height":100,"caption":"JB Nordic"},"image":{"@id":"https:\/\/www.jbnordic.se\/#\/schema\/logo\/image\/"},"sameAs":["https:\/\/www.facebook.com\/jbnordic","https:\/\/www.linkedin.com\/company\/jbnordic.se","https:\/\/www.instagram.com\/jbnordic\/"]}]}},"kroconnect":{"tax_rate":25,"price_inc_vat":{"regular_price":0},"price_ex_vat":{"regular_price":0}},"_links":{"self":[{"href":"https:\/\/www.jbnordic.se\/en\/wp-json\/wp\/v2\/product\/90861","targetHints":{"allow":["GET"]}}],"collection":[{"href":"https:\/\/www.jbnordic.se\/en\/wp-json\/wp\/v2\/product"}],"about":[{"href":"https:\/\/www.jbnordic.se\/en\/wp-json\/wp\/v2\/types\/product"}],"wp:featuredmedia":[{"embeddable":true,"href":"https:\/\/www.jbnordic.se\/en\/wp-json\/wp\/v2\/media\/243449"}],"wp:attachment":[{"href":"https:\/\/www.jbnordic.se\/en\/wp-json\/wp\/v2\/media?parent=90861"}],"wp:term":[{"taxonomy":"product_brand","embeddable":true,"href":"https:\/\/www.jbnordic.se\/en\/wp-json\/wp\/v2\/product_brand?post=90861"},{"taxonomy":"product_cat","embeddable":true,"href":"https:\/\/www.jbnordic.se\/en\/wp-json\/wp\/v2\/product_cat?post=90861"},{"taxonomy":"product_tag","embeddable":true,"href":"https:\/\/www.jbnordic.se\/en\/wp-json\/wp\/v2\/product_tag?post=90861"}],"curies":[{"name":"wp","href":"https:\/\/api.w.org\/{rel}","templated":true}]}}