{"id":77736,"date":"2022-10-25T09:22:10","date_gmt":"2022-10-25T07:22:10","guid":{"rendered":"https:\/\/www.jbnordic.se\/?post_type=product&#038;p=77736"},"modified":"2026-03-20T13:26:35","modified_gmt":"2026-03-20T12:26:35","slug":"film-kit-till-accufab-l4d","status":"publish","type":"product","link":"https:\/\/www.jbnordic.se\/en\/butik\/3d-printning\/tillbehor3d-skrivare\/film-kit-till-accufab-l4d\/","title":{"rendered":"Film kit for AccuFab-L4D"},"content":{"rendered":"","protected":false},"excerpt":{"rendered":"<p>Film kit for resin trays. AccuFab-L4D. The film should be replaced after approx. 30,000 layers.<\/p>","protected":false},"featured_media":77738,"template":"","meta":[],"product_brand":[],"product_cat":[136],"product_tag":[190],"class_list":{"0":"post-77736","1":"product","2":"type-product","3":"status-publish","4":"has-post-thumbnail","6":"product_cat-tillbehor3d-skrivare","7":"product_tag-accufab","9":"first","10":"instock","11":"taxable","12":"shipping-taxable","13":"purchasable","14":"product-type-simple"},"yoast_head":"<!-- This site is optimized with the Yoast SEO plugin v26.7 - https:\/\/yoast.com\/wordpress\/plugins\/seo\/ -->\n<title>Film kit till AccuFab-L4D - JB Nordic AB<\/title>\n<meta name=\"description\" content=\"Film kit till tr\u00e5g f\u00f6r resiner. AccuFab-L4D. Filmen b\u00f6r bytas efter ca. 30.000 lager.\" \/>\n<meta name=\"robots\" content=\"index, follow, max-snippet:-1, max-image-preview:large, max-video-preview:-1\" \/>\n<link rel=\"canonical\" href=\"https:\/\/www.jbnordic.se\/en\/butik\/3d-printning\/tillbehor3d-skrivare\/film-kit-till-accufab-l4d\/\" \/>\n<meta property=\"og:locale\" content=\"en_US\" \/>\n<meta property=\"og:type\" content=\"article\" \/>\n<meta property=\"og:title\" content=\"Film kit till AccuFab-L4D - JB Nordic AB\" \/>\n<meta property=\"og:description\" content=\"Film kit till tr\u00e5g f\u00f6r resiner. AccuFab-L4D. Filmen b\u00f6r bytas efter ca. 30.000 lager.\" \/>\n<meta property=\"og:url\" content=\"https:\/\/www.jbnordic.se\/en\/butik\/3d-printning\/tillbehor3d-skrivare\/film-kit-till-accufab-l4d\/\" \/>\n<meta property=\"og:site_name\" content=\"JB Nordic AB\" \/>\n<meta property=\"article:publisher\" content=\"https:\/\/www.facebook.com\/jbnordic\" \/>\n<meta property=\"article:modified_time\" content=\"2026-03-20T12:26:35+00:00\" \/>\n<meta property=\"og:image\" content=\"https:\/\/www.jbnordic.se\/wp-content\/uploads\/2022\/10\/Film_replacement_kit_01.jpg\" \/>\n\t<meta property=\"og:image:width\" content=\"1080\" \/>\n\t<meta property=\"og:image:height\" content=\"1080\" \/>\n\t<meta property=\"og:image:type\" content=\"image\/jpeg\" \/>\n<meta name=\"twitter:card\" content=\"summary_large_image\" \/>\n<meta name=\"twitter:label1\" content=\"Est. reading time\" \/>\n\t<meta name=\"twitter:data1\" content=\"1 minute\" \/>\n<script type=\"application\/ld+json\" class=\"yoast-schema-graph\">{\"@context\":\"https:\/\/schema.org\",\"@graph\":[{\"@type\":\"WebPage\",\"@id\":\"https:\/\/www.jbnordic.se\/butik\/3d-printning\/tillbehor3d-skrivare\/film-kit-till-accufab-l4d\/\",\"url\":\"https:\/\/www.jbnordic.se\/butik\/3d-printning\/tillbehor3d-skrivare\/film-kit-till-accufab-l4d\/\",\"name\":\"Film kit till AccuFab-L4D - JB Nordic AB\",\"isPartOf\":{\"@id\":\"https:\/\/www.jbnordic.se\/#website\"},\"primaryImageOfPage\":{\"@id\":\"https:\/\/www.jbnordic.se\/butik\/3d-printning\/tillbehor3d-skrivare\/film-kit-till-accufab-l4d\/#primaryimage\"},\"image\":{\"@id\":\"https:\/\/www.jbnordic.se\/butik\/3d-printning\/tillbehor3d-skrivare\/film-kit-till-accufab-l4d\/#primaryimage\"},\"thumbnailUrl\":\"https:\/\/www.jbnordic.se\/wp-content\/uploads\/2022\/10\/Film_replacement_kit_01.jpg\",\"datePublished\":\"2022-10-25T07:22:10+00:00\",\"dateModified\":\"2026-03-20T12:26:35+00:00\",\"description\":\"Film kit till tr\u00e5g f\u00f6r resiner. AccuFab-L4D. Filmen b\u00f6r bytas efter ca. 30.000 lager.\",\"breadcrumb\":{\"@id\":\"https:\/\/www.jbnordic.se\/butik\/3d-printning\/tillbehor3d-skrivare\/film-kit-till-accufab-l4d\/#breadcrumb\"},\"inLanguage\":\"en-US\",\"potentialAction\":[{\"@type\":\"ReadAction\",\"target\":[\"https:\/\/www.jbnordic.se\/butik\/3d-printning\/tillbehor3d-skrivare\/film-kit-till-accufab-l4d\/\"]}]},{\"@type\":\"ImageObject\",\"inLanguage\":\"en-US\",\"@id\":\"https:\/\/www.jbnordic.se\/butik\/3d-printning\/tillbehor3d-skrivare\/film-kit-till-accufab-l4d\/#primaryimage\",\"url\":\"https:\/\/www.jbnordic.se\/wp-content\/uploads\/2022\/10\/Film_replacement_kit_01.jpg\",\"contentUrl\":\"https:\/\/www.jbnordic.se\/wp-content\/uploads\/2022\/10\/Film_replacement_kit_01.jpg\",\"width\":1080,\"height\":1080,\"caption\":\"Film kit AccuFab-L4D\"},{\"@type\":\"BreadcrumbList\",\"@id\":\"https:\/\/www.jbnordic.se\/butik\/3d-printning\/tillbehor3d-skrivare\/film-kit-till-accufab-l4d\/#breadcrumb\",\"itemListElement\":[{\"@type\":\"ListItem\",\"position\":1,\"name\":\"Hem\",\"item\":\"https:\/\/www.jbnordic.se\/\"},{\"@type\":\"ListItem\",\"position\":2,\"name\":\"Film kit till AccuFab-L4D\"}]},{\"@type\":\"WebSite\",\"@id\":\"https:\/\/www.jbnordic.se\/#website\",\"url\":\"https:\/\/www.jbnordic.se\/\",\"name\":\"JB Nordic AB\",\"description\":\"Kunskap!\",\"publisher\":{\"@id\":\"https:\/\/www.jbnordic.se\/#organization\"},\"potentialAction\":[{\"@type\":\"SearchAction\",\"target\":{\"@type\":\"EntryPoint\",\"urlTemplate\":\"https:\/\/www.jbnordic.se\/?s={search_term_string}\"},\"query-input\":{\"@type\":\"PropertyValueSpecification\",\"valueRequired\":true,\"valueName\":\"search_term_string\"}}],\"inLanguage\":\"en-US\"},{\"@type\":\"Organization\",\"@id\":\"https:\/\/www.jbnordic.se\/#organization\",\"name\":\"JB Nordic\",\"url\":\"https:\/\/www.jbnordic.se\/\",\"logo\":{\"@type\":\"ImageObject\",\"inLanguage\":\"en-US\",\"@id\":\"https:\/\/www.jbnordic.se\/#\/schema\/logo\/image\/\",\"url\":\"https:\/\/www.jbnordic.se\/wp-content\/uploads\/2022\/02\/jb_nordic_logo_blk_h100px.png\",\"contentUrl\":\"https:\/\/www.jbnordic.se\/wp-content\/uploads\/2022\/02\/jb_nordic_logo_blk_h100px.png\",\"width\":480,\"height\":100,\"caption\":\"JB Nordic\"},\"image\":{\"@id\":\"https:\/\/www.jbnordic.se\/#\/schema\/logo\/image\/\"},\"sameAs\":[\"https:\/\/www.facebook.com\/jbnordic\",\"https:\/\/www.linkedin.com\/company\/jbnordic.se\",\"https:\/\/www.instagram.com\/jbnordic\/\"]}]}<\/script>\n<!-- \/ Yoast SEO plugin. -->","yoast_head_json":{"title":"Film kit till AccuFab-L4D - JB Nordic AB","description":"Film kit for resin trays. AccuFab-L4D. The film should be replaced after approx. 30,000 layers.","robots":{"index":"index","follow":"follow","max-snippet":"max-snippet:-1","max-image-preview":"max-image-preview:large","max-video-preview":"max-video-preview:-1"},"canonical":"https:\/\/www.jbnordic.se\/en\/butik\/3d-printning\/tillbehor3d-skrivare\/film-kit-till-accufab-l4d\/","og_locale":"en_US","og_type":"article","og_title":"Film kit till AccuFab-L4D - JB Nordic AB","og_description":"Film kit till tr\u00e5g f\u00f6r resiner. AccuFab-L4D. Filmen b\u00f6r bytas efter ca. 30.000 lager.","og_url":"https:\/\/www.jbnordic.se\/en\/butik\/3d-printning\/tillbehor3d-skrivare\/film-kit-till-accufab-l4d\/","og_site_name":"JB Nordic AB","article_publisher":"https:\/\/www.facebook.com\/jbnordic","article_modified_time":"2026-03-20T12:26:35+00:00","og_image":[{"width":1080,"height":1080,"url":"https:\/\/www.jbnordic.se\/wp-content\/uploads\/2022\/10\/Film_replacement_kit_01.jpg","type":"image\/jpeg"}],"twitter_card":"summary_large_image","twitter_misc":{"Est. reading time":"1 minute"},"schema":{"@context":"https:\/\/schema.org","@graph":[{"@type":"WebPage","@id":"https:\/\/www.jbnordic.se\/butik\/3d-printning\/tillbehor3d-skrivare\/film-kit-till-accufab-l4d\/","url":"https:\/\/www.jbnordic.se\/butik\/3d-printning\/tillbehor3d-skrivare\/film-kit-till-accufab-l4d\/","name":"Film kit till AccuFab-L4D - JB Nordic AB","isPartOf":{"@id":"https:\/\/www.jbnordic.se\/#website"},"primaryImageOfPage":{"@id":"https:\/\/www.jbnordic.se\/butik\/3d-printning\/tillbehor3d-skrivare\/film-kit-till-accufab-l4d\/#primaryimage"},"image":{"@id":"https:\/\/www.jbnordic.se\/butik\/3d-printning\/tillbehor3d-skrivare\/film-kit-till-accufab-l4d\/#primaryimage"},"thumbnailUrl":"https:\/\/www.jbnordic.se\/wp-content\/uploads\/2022\/10\/Film_replacement_kit_01.jpg","datePublished":"2022-10-25T07:22:10+00:00","dateModified":"2026-03-20T12:26:35+00:00","description":"Film kit for resin trays. AccuFab-L4D. The film should be replaced after approx. 30,000 layers.","breadcrumb":{"@id":"https:\/\/www.jbnordic.se\/butik\/3d-printning\/tillbehor3d-skrivare\/film-kit-till-accufab-l4d\/#breadcrumb"},"inLanguage":"en-US","potentialAction":[{"@type":"ReadAction","target":["https:\/\/www.jbnordic.se\/butik\/3d-printning\/tillbehor3d-skrivare\/film-kit-till-accufab-l4d\/"]}]},{"@type":"ImageObject","inLanguage":"en-US","@id":"https:\/\/www.jbnordic.se\/butik\/3d-printning\/tillbehor3d-skrivare\/film-kit-till-accufab-l4d\/#primaryimage","url":"https:\/\/www.jbnordic.se\/wp-content\/uploads\/2022\/10\/Film_replacement_kit_01.jpg","contentUrl":"https:\/\/www.jbnordic.se\/wp-content\/uploads\/2022\/10\/Film_replacement_kit_01.jpg","width":1080,"height":1080,"caption":"Film kit AccuFab-L4D"},{"@type":"BreadcrumbList","@id":"https:\/\/www.jbnordic.se\/butik\/3d-printning\/tillbehor3d-skrivare\/film-kit-till-accufab-l4d\/#breadcrumb","itemListElement":[{"@type":"ListItem","position":1,"name":"Hem","item":"https:\/\/www.jbnordic.se\/"},{"@type":"ListItem","position":2,"name":"Film kit till AccuFab-L4D"}]},{"@type":"WebSite","@id":"https:\/\/www.jbnordic.se\/#website","url":"https:\/\/www.jbnordic.se\/","name":"JB Nordic AB","description":"Kunskap!","publisher":{"@id":"https:\/\/www.jbnordic.se\/#organization"},"potentialAction":[{"@type":"SearchAction","target":{"@type":"EntryPoint","urlTemplate":"https:\/\/www.jbnordic.se\/?s={search_term_string}"},"query-input":{"@type":"PropertyValueSpecification","valueRequired":true,"valueName":"search_term_string"}}],"inLanguage":"en-US"},{"@type":"Organization","@id":"https:\/\/www.jbnordic.se\/#organization","name":"JB Nordic","url":"https:\/\/www.jbnordic.se\/","logo":{"@type":"ImageObject","inLanguage":"en-US","@id":"https:\/\/www.jbnordic.se\/#\/schema\/logo\/image\/","url":"https:\/\/www.jbnordic.se\/wp-content\/uploads\/2022\/02\/jb_nordic_logo_blk_h100px.png","contentUrl":"https:\/\/www.jbnordic.se\/wp-content\/uploads\/2022\/02\/jb_nordic_logo_blk_h100px.png","width":480,"height":100,"caption":"JB Nordic"},"image":{"@id":"https:\/\/www.jbnordic.se\/#\/schema\/logo\/image\/"},"sameAs":["https:\/\/www.facebook.com\/jbnordic","https:\/\/www.linkedin.com\/company\/jbnordic.se","https:\/\/www.instagram.com\/jbnordic\/"]}]}},"kroconnect":{"tax_rate":25,"price_inc_vat":{"regular_price":750},"price_ex_vat":{"regular_price":750}},"_links":{"self":[{"href":"https:\/\/www.jbnordic.se\/en\/wp-json\/wp\/v2\/product\/77736","targetHints":{"allow":["GET"]}}],"collection":[{"href":"https:\/\/www.jbnordic.se\/en\/wp-json\/wp\/v2\/product"}],"about":[{"href":"https:\/\/www.jbnordic.se\/en\/wp-json\/wp\/v2\/types\/product"}],"wp:featuredmedia":[{"embeddable":true,"href":"https:\/\/www.jbnordic.se\/en\/wp-json\/wp\/v2\/media\/77738"}],"wp:attachment":[{"href":"https:\/\/www.jbnordic.se\/en\/wp-json\/wp\/v2\/media?parent=77736"}],"wp:term":[{"taxonomy":"product_brand","embeddable":true,"href":"https:\/\/www.jbnordic.se\/en\/wp-json\/wp\/v2\/product_brand?post=77736"},{"taxonomy":"product_cat","embeddable":true,"href":"https:\/\/www.jbnordic.se\/en\/wp-json\/wp\/v2\/product_cat?post=77736"},{"taxonomy":"product_tag","embeddable":true,"href":"https:\/\/www.jbnordic.se\/en\/wp-json\/wp\/v2\/product_tag?post=77736"}],"curies":[{"name":"wp","href":"https:\/\/api.w.org\/{rel}","templated":true}]}}