{"id":7584,"date":"2019-08-28T10:27:40","date_gmt":"2019-08-28T08:27:40","guid":{"rendered":"https:\/\/www.jbnordic.se\/?post_type=product&#038;p=7584"},"modified":"2026-03-17T18:43:33","modified_gmt":"2026-03-17T17:43:33","slug":"detax-denture-500ml","status":"publish","type":"product","link":"https:\/\/www.jbnordic.se\/en\/butik\/3d-printning\/resiner-asiga\/bio\/detax-denture-500ml\/","title":{"rendered":"Freeprint\u00ae denture 385 \/ 500ml"},"content":{"rendered":"","protected":false},"excerpt":{"rendered":"<p>dx denture is a biocompatible light-curing resin for DLP printers with a light wavelength of 385 nm. Medical class 2A. For the manufacture of removable full dentures. Short post-processing as the material does not require any drying process. Low viscosity which results in lower material consumption and facilitates cleaning. High mechanical strength without being brittle. Free from monomers.<\/p>\n<ul>\n<li>Neutral smell and taste<\/li>\n<li>Pink transparent color<\/li>\n<li>Free from monomers<\/li>\n<\/ul>\n<p>Sold in 500 ml. bottles.<\/p>","protected":false},"featured_media":252916,"template":"","meta":[],"product_brand":[],"product_cat":[250],"product_tag":[148],"class_list":{"0":"post-7584","1":"product","2":"type-product","3":"status-publish","4":"has-post-thumbnail","6":"product_cat-bio","7":"product_tag-detax","9":"first","10":"instock","11":"taxable","12":"shipping-taxable","13":"purchasable","14":"product-type-simple"},"yoast_head":"<!-- This site is optimized with the Yoast SEO plugin v26.7 - https:\/\/yoast.com\/wordpress\/plugins\/seo\/ -->\n<title>Freeprint\u00ae denture 385 \/ 500ml - JB Nordic AB<\/title>\n<meta name=\"robots\" content=\"index, follow, max-snippet:-1, max-image-preview:large, max-video-preview:-1\" \/>\n<link rel=\"canonical\" href=\"https:\/\/www.jbnordic.se\/en\/butik\/3d-printning\/resiner-asiga\/bio\/detax-denture-500ml\/\" \/>\n<meta property=\"og:locale\" content=\"en_US\" \/>\n<meta property=\"og:type\" content=\"article\" \/>\n<meta property=\"og:title\" content=\"Freeprint\u00ae denture 385 \/ 500ml - JB Nordic AB\" \/>\n<meta property=\"og:description\" content=\"dx denture \u00e4r ett biokompatibelt ljush\u00e4rdande resin f\u00f6r DLP skrivare med 385 nm i ljusv\u00e5gl\u00e4ngd. Medicinsk klass 2A. F\u00f6r tillverkning av avtagbara helproteser. Kort efterbearbetning d\u00e5 materialet inte kr\u00e4ver n\u00e5gon torkningsprocess. L\u00e5g viskositet som ger l\u00e4gre material\u00e5tg\u00e5ng och underl\u00e4ttar reng\u00f6ring. H\u00f6g mekanisk h\u00e5llfasthet utan att den \u00e4r br\u00e4cklig. Fri fr\u00e5n monomerer.   Neutral lukt och smak  Rosa transparent f\u00e4rg  Fri fr\u00e5n monomerer  S\u00e4ljs i 500 ml. flaskor.\" \/>\n<meta property=\"og:url\" content=\"https:\/\/www.jbnordic.se\/en\/butik\/3d-printning\/resiner-asiga\/bio\/detax-denture-500ml\/\" \/>\n<meta property=\"og:site_name\" content=\"JB Nordic AB\" \/>\n<meta property=\"article:publisher\" content=\"https:\/\/www.facebook.com\/jbnordic\" \/>\n<meta property=\"article:modified_time\" content=\"2026-03-17T17:43:33+00:00\" \/>\n<meta property=\"og:image\" content=\"https:\/\/www.jbnordic.se\/wp-content\/uploads\/2019\/08\/dx_denture_packshot_bg-scaled.png\" \/>\n\t<meta property=\"og:image:width\" content=\"1473\" \/>\n\t<meta property=\"og:image:height\" content=\"2560\" \/>\n\t<meta property=\"og:image:type\" content=\"image\/png\" \/>\n<meta name=\"twitter:card\" content=\"summary_large_image\" \/>\n<meta name=\"twitter:label1\" content=\"Est. reading time\" \/>\n\t<meta name=\"twitter:data1\" content=\"1 minute\" \/>\n<script type=\"application\/ld+json\" class=\"yoast-schema-graph\">{\"@context\":\"https:\/\/schema.org\",\"@graph\":[{\"@type\":\"WebPage\",\"@id\":\"https:\/\/www.jbnordic.se\/butik\/3d-printning\/resiner-asiga\/bio\/detax-denture-500ml\/\",\"url\":\"https:\/\/www.jbnordic.se\/butik\/3d-printning\/resiner-asiga\/bio\/detax-denture-500ml\/\",\"name\":\"Freeprint\u00ae denture 385 \/ 500ml - JB Nordic AB\",\"isPartOf\":{\"@id\":\"https:\/\/www.jbnordic.se\/#website\"},\"primaryImageOfPage\":{\"@id\":\"https:\/\/www.jbnordic.se\/butik\/3d-printning\/resiner-asiga\/bio\/detax-denture-500ml\/#primaryimage\"},\"image\":{\"@id\":\"https:\/\/www.jbnordic.se\/butik\/3d-printning\/resiner-asiga\/bio\/detax-denture-500ml\/#primaryimage\"},\"thumbnailUrl\":\"https:\/\/www.jbnordic.se\/wp-content\/uploads\/2019\/08\/dx_denture_packshot_bg-scaled.png\",\"datePublished\":\"2019-08-28T08:27:40+00:00\",\"dateModified\":\"2026-03-17T17:43:33+00:00\",\"breadcrumb\":{\"@id\":\"https:\/\/www.jbnordic.se\/butik\/3d-printning\/resiner-asiga\/bio\/detax-denture-500ml\/#breadcrumb\"},\"inLanguage\":\"en-US\",\"potentialAction\":[{\"@type\":\"ReadAction\",\"target\":[\"https:\/\/www.jbnordic.se\/butik\/3d-printning\/resiner-asiga\/bio\/detax-denture-500ml\/\"]}]},{\"@type\":\"ImageObject\",\"inLanguage\":\"en-US\",\"@id\":\"https:\/\/www.jbnordic.se\/butik\/3d-printning\/resiner-asiga\/bio\/detax-denture-500ml\/#primaryimage\",\"url\":\"https:\/\/www.jbnordic.se\/wp-content\/uploads\/2019\/08\/dx_denture_packshot_bg-scaled.png\",\"contentUrl\":\"https:\/\/www.jbnordic.se\/wp-content\/uploads\/2019\/08\/dx_denture_packshot_bg-scaled.png\",\"width\":1473,\"height\":2560},{\"@type\":\"BreadcrumbList\",\"@id\":\"https:\/\/www.jbnordic.se\/butik\/3d-printning\/resiner-asiga\/bio\/detax-denture-500ml\/#breadcrumb\",\"itemListElement\":[{\"@type\":\"ListItem\",\"position\":1,\"name\":\"Hem\",\"item\":\"https:\/\/www.jbnordic.se\/\"},{\"@type\":\"ListItem\",\"position\":2,\"name\":\"Freeprint\u00ae denture 385 \/ 500ml\"}]},{\"@type\":\"WebSite\",\"@id\":\"https:\/\/www.jbnordic.se\/#website\",\"url\":\"https:\/\/www.jbnordic.se\/\",\"name\":\"JB Nordic AB\",\"description\":\"Kunskap!\",\"publisher\":{\"@id\":\"https:\/\/www.jbnordic.se\/#organization\"},\"potentialAction\":[{\"@type\":\"SearchAction\",\"target\":{\"@type\":\"EntryPoint\",\"urlTemplate\":\"https:\/\/www.jbnordic.se\/?s={search_term_string}\"},\"query-input\":{\"@type\":\"PropertyValueSpecification\",\"valueRequired\":true,\"valueName\":\"search_term_string\"}}],\"inLanguage\":\"en-US\"},{\"@type\":\"Organization\",\"@id\":\"https:\/\/www.jbnordic.se\/#organization\",\"name\":\"JB Nordic\",\"url\":\"https:\/\/www.jbnordic.se\/\",\"logo\":{\"@type\":\"ImageObject\",\"inLanguage\":\"en-US\",\"@id\":\"https:\/\/www.jbnordic.se\/#\/schema\/logo\/image\/\",\"url\":\"https:\/\/www.jbnordic.se\/wp-content\/uploads\/2022\/02\/jb_nordic_logo_blk_h100px.png\",\"contentUrl\":\"https:\/\/www.jbnordic.se\/wp-content\/uploads\/2022\/02\/jb_nordic_logo_blk_h100px.png\",\"width\":480,\"height\":100,\"caption\":\"JB Nordic\"},\"image\":{\"@id\":\"https:\/\/www.jbnordic.se\/#\/schema\/logo\/image\/\"},\"sameAs\":[\"https:\/\/www.facebook.com\/jbnordic\",\"https:\/\/www.linkedin.com\/company\/jbnordic.se\",\"https:\/\/www.instagram.com\/jbnordic\/\"]}]}<\/script>\n<!-- \/ Yoast SEO plugin. -->","yoast_head_json":{"title":"Freeprint\u00ae denture 385 \/ 500ml - JB Nordic AB","robots":{"index":"index","follow":"follow","max-snippet":"max-snippet:-1","max-image-preview":"max-image-preview:large","max-video-preview":"max-video-preview:-1"},"canonical":"https:\/\/www.jbnordic.se\/en\/butik\/3d-printning\/resiner-asiga\/bio\/detax-denture-500ml\/","og_locale":"en_US","og_type":"article","og_title":"Freeprint\u00ae denture 385 \/ 500ml - JB Nordic AB","og_description":"dx denture \u00e4r ett biokompatibelt ljush\u00e4rdande resin f\u00f6r DLP skrivare med 385 nm i ljusv\u00e5gl\u00e4ngd. Medicinsk klass 2A. F\u00f6r tillverkning av avtagbara helproteser. Kort efterbearbetning d\u00e5 materialet inte kr\u00e4ver n\u00e5gon torkningsprocess. L\u00e5g viskositet som ger l\u00e4gre material\u00e5tg\u00e5ng och underl\u00e4ttar reng\u00f6ring. H\u00f6g mekanisk h\u00e5llfasthet utan att den \u00e4r br\u00e4cklig. Fri fr\u00e5n monomerer.   Neutral lukt och smak  Rosa transparent f\u00e4rg  Fri fr\u00e5n monomerer  S\u00e4ljs i 500 ml. flaskor.","og_url":"https:\/\/www.jbnordic.se\/en\/butik\/3d-printning\/resiner-asiga\/bio\/detax-denture-500ml\/","og_site_name":"JB Nordic AB","article_publisher":"https:\/\/www.facebook.com\/jbnordic","article_modified_time":"2026-03-17T17:43:33+00:00","og_image":[{"width":1473,"height":2560,"url":"https:\/\/www.jbnordic.se\/wp-content\/uploads\/2019\/08\/dx_denture_packshot_bg-scaled.png","type":"image\/png"}],"twitter_card":"summary_large_image","twitter_misc":{"Est. reading time":"1 minute"},"schema":{"@context":"https:\/\/schema.org","@graph":[{"@type":"WebPage","@id":"https:\/\/www.jbnordic.se\/butik\/3d-printning\/resiner-asiga\/bio\/detax-denture-500ml\/","url":"https:\/\/www.jbnordic.se\/butik\/3d-printning\/resiner-asiga\/bio\/detax-denture-500ml\/","name":"Freeprint\u00ae denture 385 \/ 500ml - JB Nordic AB","isPartOf":{"@id":"https:\/\/www.jbnordic.se\/#website"},"primaryImageOfPage":{"@id":"https:\/\/www.jbnordic.se\/butik\/3d-printning\/resiner-asiga\/bio\/detax-denture-500ml\/#primaryimage"},"image":{"@id":"https:\/\/www.jbnordic.se\/butik\/3d-printning\/resiner-asiga\/bio\/detax-denture-500ml\/#primaryimage"},"thumbnailUrl":"https:\/\/www.jbnordic.se\/wp-content\/uploads\/2019\/08\/dx_denture_packshot_bg-scaled.png","datePublished":"2019-08-28T08:27:40+00:00","dateModified":"2026-03-17T17:43:33+00:00","breadcrumb":{"@id":"https:\/\/www.jbnordic.se\/butik\/3d-printning\/resiner-asiga\/bio\/detax-denture-500ml\/#breadcrumb"},"inLanguage":"en-US","potentialAction":[{"@type":"ReadAction","target":["https:\/\/www.jbnordic.se\/butik\/3d-printning\/resiner-asiga\/bio\/detax-denture-500ml\/"]}]},{"@type":"ImageObject","inLanguage":"en-US","@id":"https:\/\/www.jbnordic.se\/butik\/3d-printning\/resiner-asiga\/bio\/detax-denture-500ml\/#primaryimage","url":"https:\/\/www.jbnordic.se\/wp-content\/uploads\/2019\/08\/dx_denture_packshot_bg-scaled.png","contentUrl":"https:\/\/www.jbnordic.se\/wp-content\/uploads\/2019\/08\/dx_denture_packshot_bg-scaled.png","width":1473,"height":2560},{"@type":"BreadcrumbList","@id":"https:\/\/www.jbnordic.se\/butik\/3d-printning\/resiner-asiga\/bio\/detax-denture-500ml\/#breadcrumb","itemListElement":[{"@type":"ListItem","position":1,"name":"Hem","item":"https:\/\/www.jbnordic.se\/"},{"@type":"ListItem","position":2,"name":"Freeprint\u00ae denture 385 \/ 500ml"}]},{"@type":"WebSite","@id":"https:\/\/www.jbnordic.se\/#website","url":"https:\/\/www.jbnordic.se\/","name":"JB Nordic AB","description":"Kunskap!","publisher":{"@id":"https:\/\/www.jbnordic.se\/#organization"},"potentialAction":[{"@type":"SearchAction","target":{"@type":"EntryPoint","urlTemplate":"https:\/\/www.jbnordic.se\/?s={search_term_string}"},"query-input":{"@type":"PropertyValueSpecification","valueRequired":true,"valueName":"search_term_string"}}],"inLanguage":"en-US"},{"@type":"Organization","@id":"https:\/\/www.jbnordic.se\/#organization","name":"JB Nordic","url":"https:\/\/www.jbnordic.se\/","logo":{"@type":"ImageObject","inLanguage":"en-US","@id":"https:\/\/www.jbnordic.se\/#\/schema\/logo\/image\/","url":"https:\/\/www.jbnordic.se\/wp-content\/uploads\/2022\/02\/jb_nordic_logo_blk_h100px.png","contentUrl":"https:\/\/www.jbnordic.se\/wp-content\/uploads\/2022\/02\/jb_nordic_logo_blk_h100px.png","width":480,"height":100,"caption":"JB Nordic"},"image":{"@id":"https:\/\/www.jbnordic.se\/#\/schema\/logo\/image\/"},"sameAs":["https:\/\/www.facebook.com\/jbnordic","https:\/\/www.linkedin.com\/company\/jbnordic.se","https:\/\/www.instagram.com\/jbnordic\/"]}]}},"kroconnect":{"tax_rate":25,"price_inc_vat":{"regular_price":2395},"price_ex_vat":{"regular_price":2395}},"_links":{"self":[{"href":"https:\/\/www.jbnordic.se\/en\/wp-json\/wp\/v2\/product\/7584","targetHints":{"allow":["GET"]}}],"collection":[{"href":"https:\/\/www.jbnordic.se\/en\/wp-json\/wp\/v2\/product"}],"about":[{"href":"https:\/\/www.jbnordic.se\/en\/wp-json\/wp\/v2\/types\/product"}],"wp:featuredmedia":[{"embeddable":true,"href":"https:\/\/www.jbnordic.se\/en\/wp-json\/wp\/v2\/media\/252916"}],"wp:attachment":[{"href":"https:\/\/www.jbnordic.se\/en\/wp-json\/wp\/v2\/media?parent=7584"}],"wp:term":[{"taxonomy":"product_brand","embeddable":true,"href":"https:\/\/www.jbnordic.se\/en\/wp-json\/wp\/v2\/product_brand?post=7584"},{"taxonomy":"product_cat","embeddable":true,"href":"https:\/\/www.jbnordic.se\/en\/wp-json\/wp\/v2\/product_cat?post=7584"},{"taxonomy":"product_tag","embeddable":true,"href":"https:\/\/www.jbnordic.se\/en\/wp-json\/wp\/v2\/product_tag?post=7584"}],"curies":[{"name":"wp","href":"https:\/\/api.w.org\/{rel}","templated":true}]}}