{"id":74569,"date":"2022-10-10T09:30:24","date_gmt":"2022-10-10T07:30:24","guid":{"rendered":"https:\/\/www.jbnordic.se\/?post_type=product&#038;p=74569"},"modified":"2026-04-10T11:29:54","modified_gmt":"2026-04-10T09:29:54","slug":"kobolt-krom","status":"publish","type":"product","link":"https:\/\/www.jbnordic.se\/en\/butik\/frasning\/blanks\/kobolt-krom\/","title":{"rendered":"Cobalt-chromium"},"content":{"rendered":"","protected":false},"excerpt":{"rendered":"<p>Med adentatec CoCr f\u00e5r du <strong>l\u00e4gre produktionskostnad<\/strong> eftersom verktygen h\u00e5ller l\u00e4ngre. Adentatec System Soft-Blank \u00e4r av <strong>klass 4<\/strong> och godk\u00e4nd f\u00f6r alla typer av dentala konstruktioner inklusive helk\u00e4kar, implantat broar etc. Dessa blanks \u00e4r individuellt gjutna med <strong>mycket goda fr\u00e4segenskaper, h\u00f6g styrka och j\u00e4mn densitet, speciellt anpassade till vhf fr\u00e4smaskiner.<\/strong><\/p>\n<p>Adentatec har funnits sedan 1997 och tillverkar alla medicitekniska produkter exklusivt i Tyskland.<\/p>","protected":false},"featured_media":268891,"template":"","meta":[],"product_brand":[],"product_cat":[268,32,78],"product_tag":[180,158],"class_list":{"0":"post-74569","1":"product","2":"type-product","3":"status-publish","4":"has-post-thumbnail","6":"product_cat-nyheter","7":"product_cat-blanks","8":"product_cat-co-cr-titan","9":"product_tag-ador","10":"product_tag-scheftner","12":"first","13":"instock","14":"taxable","15":"shipping-taxable","16":"purchasable","17":"product-type-variable","18":"has-default-attributes"},"yoast_head":"<!-- This site is optimized with the Yoast SEO plugin v26.7 - https:\/\/yoast.com\/wordpress\/plugins\/seo\/ -->\n<title>Kobolt-krom - JB Nordic AB<\/title>\n<meta name=\"description\" content=\"Ador Kobolt-krom f\u00e5r du l\u00e4gre produktionskostnad eftersom verktygen h\u00e5ller l\u00e4ngre. Ador CoCr \u00e4r klass 4 och godk\u00e4nd f\u00f6r alla typer av dental konstruktioner inklusive helk\u00e4kar, implantat broar etc. Dessa blanks \u00e4r individuellt gjutna med mycket goda fr\u00e4segenskaper, h\u00f6g styrka och j\u00e4mn densitet. Ador tillverkar sina blanks i eget gjuteri i Tyskland.\" \/>\n<meta name=\"robots\" content=\"index, follow, max-snippet:-1, max-image-preview:large, max-video-preview:-1\" \/>\n<link rel=\"canonical\" href=\"https:\/\/www.jbnordic.se\/en\/butik\/frasning\/blanks\/kobolt-krom\/\" \/>\n<meta property=\"og:locale\" content=\"en_US\" \/>\n<meta property=\"og:type\" content=\"article\" \/>\n<meta property=\"og:title\" content=\"Kobolt-krom - JB Nordic AB\" \/>\n<meta property=\"og:description\" content=\"Ador Kobolt-krom f\u00e5r du l\u00e4gre produktionskostnad eftersom verktygen h\u00e5ller l\u00e4ngre. Ador CoCr \u00e4r klass 4 och godk\u00e4nd f\u00f6r alla typer av dental konstruktioner inklusive helk\u00e4kar, implantat broar etc. Dessa blanks \u00e4r individuellt gjutna med mycket goda fr\u00e4segenskaper, h\u00f6g styrka och j\u00e4mn densitet. Ador tillverkar sina blanks i eget gjuteri i Tyskland.\" \/>\n<meta property=\"og:url\" content=\"https:\/\/www.jbnordic.se\/en\/butik\/frasning\/blanks\/kobolt-krom\/\" \/>\n<meta property=\"og:site_name\" content=\"JB Nordic AB\" \/>\n<meta property=\"article:publisher\" content=\"https:\/\/www.facebook.com\/jbnordic\" \/>\n<meta property=\"article:modified_time\" content=\"2026-04-10T09:29:54+00:00\" \/>\n<meta property=\"og:image\" content=\"https:\/\/www.jbnordic.se\/wp-content\/uploads\/2022\/10\/SystemSoft.png\" \/>\n\t<meta property=\"og:image:width\" content=\"1536\" \/>\n\t<meta property=\"og:image:height\" content=\"1024\" \/>\n\t<meta property=\"og:image:type\" content=\"image\/png\" \/>\n<meta name=\"twitter:card\" content=\"summary_large_image\" \/>\n<meta name=\"twitter:label1\" content=\"Est. reading time\" \/>\n\t<meta name=\"twitter:data1\" content=\"1 minute\" \/>\n<script type=\"application\/ld+json\" class=\"yoast-schema-graph\">{\"@context\":\"https:\/\/schema.org\",\"@graph\":[{\"@type\":\"WebPage\",\"@id\":\"https:\/\/www.jbnordic.se\/butik\/frasning\/blanks\/kobolt-krom\/\",\"url\":\"https:\/\/www.jbnordic.se\/butik\/frasning\/blanks\/kobolt-krom\/\",\"name\":\"Kobolt-krom - JB Nordic AB\",\"isPartOf\":{\"@id\":\"https:\/\/www.jbnordic.se\/#website\"},\"primaryImageOfPage\":{\"@id\":\"https:\/\/www.jbnordic.se\/butik\/frasning\/blanks\/kobolt-krom\/#primaryimage\"},\"image\":{\"@id\":\"https:\/\/www.jbnordic.se\/butik\/frasning\/blanks\/kobolt-krom\/#primaryimage\"},\"thumbnailUrl\":\"https:\/\/www.jbnordic.se\/wp-content\/uploads\/2022\/10\/SystemSoft.png\",\"datePublished\":\"2022-10-10T07:30:24+00:00\",\"dateModified\":\"2026-04-10T09:29:54+00:00\",\"description\":\"Ador Kobolt-krom f\u00e5r du l\u00e4gre produktionskostnad eftersom verktygen h\u00e5ller l\u00e4ngre. Ador CoCr \u00e4r klass 4 och godk\u00e4nd f\u00f6r alla typer av dental konstruktioner inklusive helk\u00e4kar, implantat broar etc. Dessa blanks \u00e4r individuellt gjutna med mycket goda fr\u00e4segenskaper, h\u00f6g styrka och j\u00e4mn densitet. Ador tillverkar sina blanks i eget gjuteri i Tyskland.\",\"breadcrumb\":{\"@id\":\"https:\/\/www.jbnordic.se\/butik\/frasning\/blanks\/kobolt-krom\/#breadcrumb\"},\"inLanguage\":\"en-US\",\"potentialAction\":[{\"@type\":\"ReadAction\",\"target\":[\"https:\/\/www.jbnordic.se\/butik\/frasning\/blanks\/kobolt-krom\/\"]}]},{\"@type\":\"ImageObject\",\"inLanguage\":\"en-US\",\"@id\":\"https:\/\/www.jbnordic.se\/butik\/frasning\/blanks\/kobolt-krom\/#primaryimage\",\"url\":\"https:\/\/www.jbnordic.se\/wp-content\/uploads\/2022\/10\/SystemSoft.png\",\"contentUrl\":\"https:\/\/www.jbnordic.se\/wp-content\/uploads\/2022\/10\/SystemSoft.png\",\"width\":1536,\"height\":1024},{\"@type\":\"BreadcrumbList\",\"@id\":\"https:\/\/www.jbnordic.se\/butik\/frasning\/blanks\/kobolt-krom\/#breadcrumb\",\"itemListElement\":[{\"@type\":\"ListItem\",\"position\":1,\"name\":\"Hem\",\"item\":\"https:\/\/www.jbnordic.se\/\"},{\"@type\":\"ListItem\",\"position\":2,\"name\":\"Kobolt-krom\"}]},{\"@type\":\"WebSite\",\"@id\":\"https:\/\/www.jbnordic.se\/#website\",\"url\":\"https:\/\/www.jbnordic.se\/\",\"name\":\"JB Nordic AB\",\"description\":\"Kunskap!\",\"publisher\":{\"@id\":\"https:\/\/www.jbnordic.se\/#organization\"},\"potentialAction\":[{\"@type\":\"SearchAction\",\"target\":{\"@type\":\"EntryPoint\",\"urlTemplate\":\"https:\/\/www.jbnordic.se\/?s={search_term_string}\"},\"query-input\":{\"@type\":\"PropertyValueSpecification\",\"valueRequired\":true,\"valueName\":\"search_term_string\"}}],\"inLanguage\":\"en-US\"},{\"@type\":\"Organization\",\"@id\":\"https:\/\/www.jbnordic.se\/#organization\",\"name\":\"JB Nordic\",\"url\":\"https:\/\/www.jbnordic.se\/\",\"logo\":{\"@type\":\"ImageObject\",\"inLanguage\":\"en-US\",\"@id\":\"https:\/\/www.jbnordic.se\/#\/schema\/logo\/image\/\",\"url\":\"https:\/\/www.jbnordic.se\/wp-content\/uploads\/2022\/02\/jb_nordic_logo_blk_h100px.png\",\"contentUrl\":\"https:\/\/www.jbnordic.se\/wp-content\/uploads\/2022\/02\/jb_nordic_logo_blk_h100px.png\",\"width\":480,\"height\":100,\"caption\":\"JB Nordic\"},\"image\":{\"@id\":\"https:\/\/www.jbnordic.se\/#\/schema\/logo\/image\/\"},\"sameAs\":[\"https:\/\/www.facebook.com\/jbnordic\",\"https:\/\/www.linkedin.com\/company\/jbnordic.se\",\"https:\/\/www.instagram.com\/jbnordic\/\"]}]}<\/script>\n<!-- \/ Yoast SEO plugin. -->","yoast_head_json":{"title":"Kobolt-krom - JB Nordic AB","description":"Ador Kobolt-krom f\u00e5r du l\u00e4gre produktionskostnad eftersom verktygen h\u00e5ller l\u00e4ngre. Ador CoCr \u00e4r klass 4 och godk\u00e4nd f\u00f6r alla typer av dental konstruktioner inklusive helk\u00e4kar, implantat broar etc. Dessa blanks \u00e4r individuellt gjutna med mycket goda fr\u00e4segenskaper, h\u00f6g styrka och j\u00e4mn densitet. Ador tillverkar sina blanks i eget gjuteri i Tyskland.","robots":{"index":"index","follow":"follow","max-snippet":"max-snippet:-1","max-image-preview":"max-image-preview:large","max-video-preview":"max-video-preview:-1"},"canonical":"https:\/\/www.jbnordic.se\/en\/butik\/frasning\/blanks\/kobolt-krom\/","og_locale":"en_US","og_type":"article","og_title":"Kobolt-krom - JB Nordic AB","og_description":"Ador Kobolt-krom f\u00e5r du l\u00e4gre produktionskostnad eftersom verktygen h\u00e5ller l\u00e4ngre. Ador CoCr \u00e4r klass 4 och godk\u00e4nd f\u00f6r alla typer av dental konstruktioner inklusive helk\u00e4kar, implantat broar etc. Dessa blanks \u00e4r individuellt gjutna med mycket goda fr\u00e4segenskaper, h\u00f6g styrka och j\u00e4mn densitet. Ador tillverkar sina blanks i eget gjuteri i Tyskland.","og_url":"https:\/\/www.jbnordic.se\/en\/butik\/frasning\/blanks\/kobolt-krom\/","og_site_name":"JB Nordic AB","article_publisher":"https:\/\/www.facebook.com\/jbnordic","article_modified_time":"2026-04-10T09:29:54+00:00","og_image":[{"width":1536,"height":1024,"url":"https:\/\/www.jbnordic.se\/wp-content\/uploads\/2022\/10\/SystemSoft.png","type":"image\/png"}],"twitter_card":"summary_large_image","twitter_misc":{"Est. reading time":"1 minute"},"schema":{"@context":"https:\/\/schema.org","@graph":[{"@type":"WebPage","@id":"https:\/\/www.jbnordic.se\/butik\/frasning\/blanks\/kobolt-krom\/","url":"https:\/\/www.jbnordic.se\/butik\/frasning\/blanks\/kobolt-krom\/","name":"Kobolt-krom - JB Nordic AB","isPartOf":{"@id":"https:\/\/www.jbnordic.se\/#website"},"primaryImageOfPage":{"@id":"https:\/\/www.jbnordic.se\/butik\/frasning\/blanks\/kobolt-krom\/#primaryimage"},"image":{"@id":"https:\/\/www.jbnordic.se\/butik\/frasning\/blanks\/kobolt-krom\/#primaryimage"},"thumbnailUrl":"https:\/\/www.jbnordic.se\/wp-content\/uploads\/2022\/10\/SystemSoft.png","datePublished":"2022-10-10T07:30:24+00:00","dateModified":"2026-04-10T09:29:54+00:00","description":"Ador Kobolt-krom f\u00e5r du l\u00e4gre produktionskostnad eftersom verktygen h\u00e5ller l\u00e4ngre. Ador CoCr \u00e4r klass 4 och godk\u00e4nd f\u00f6r alla typer av dental konstruktioner inklusive helk\u00e4kar, implantat broar etc. Dessa blanks \u00e4r individuellt gjutna med mycket goda fr\u00e4segenskaper, h\u00f6g styrka och j\u00e4mn densitet. Ador tillverkar sina blanks i eget gjuteri i Tyskland.","breadcrumb":{"@id":"https:\/\/www.jbnordic.se\/butik\/frasning\/blanks\/kobolt-krom\/#breadcrumb"},"inLanguage":"en-US","potentialAction":[{"@type":"ReadAction","target":["https:\/\/www.jbnordic.se\/butik\/frasning\/blanks\/kobolt-krom\/"]}]},{"@type":"ImageObject","inLanguage":"en-US","@id":"https:\/\/www.jbnordic.se\/butik\/frasning\/blanks\/kobolt-krom\/#primaryimage","url":"https:\/\/www.jbnordic.se\/wp-content\/uploads\/2022\/10\/SystemSoft.png","contentUrl":"https:\/\/www.jbnordic.se\/wp-content\/uploads\/2022\/10\/SystemSoft.png","width":1536,"height":1024},{"@type":"BreadcrumbList","@id":"https:\/\/www.jbnordic.se\/butik\/frasning\/blanks\/kobolt-krom\/#breadcrumb","itemListElement":[{"@type":"ListItem","position":1,"name":"Hem","item":"https:\/\/www.jbnordic.se\/"},{"@type":"ListItem","position":2,"name":"Kobolt-krom"}]},{"@type":"WebSite","@id":"https:\/\/www.jbnordic.se\/#website","url":"https:\/\/www.jbnordic.se\/","name":"JB Nordic AB","description":"Kunskap!","publisher":{"@id":"https:\/\/www.jbnordic.se\/#organization"},"potentialAction":[{"@type":"SearchAction","target":{"@type":"EntryPoint","urlTemplate":"https:\/\/www.jbnordic.se\/?s={search_term_string}"},"query-input":{"@type":"PropertyValueSpecification","valueRequired":true,"valueName":"search_term_string"}}],"inLanguage":"en-US"},{"@type":"Organization","@id":"https:\/\/www.jbnordic.se\/#organization","name":"JB Nordic","url":"https:\/\/www.jbnordic.se\/","logo":{"@type":"ImageObject","inLanguage":"en-US","@id":"https:\/\/www.jbnordic.se\/#\/schema\/logo\/image\/","url":"https:\/\/www.jbnordic.se\/wp-content\/uploads\/2022\/02\/jb_nordic_logo_blk_h100px.png","contentUrl":"https:\/\/www.jbnordic.se\/wp-content\/uploads\/2022\/02\/jb_nordic_logo_blk_h100px.png","width":480,"height":100,"caption":"JB Nordic"},"image":{"@id":"https:\/\/www.jbnordic.se\/#\/schema\/logo\/image\/"},"sameAs":["https:\/\/www.facebook.com\/jbnordic","https:\/\/www.linkedin.com\/company\/jbnordic.se","https:\/\/www.instagram.com\/jbnordic\/"]}]}},"kroconnect":{"tax_rate":25,"price_inc_vat":{"regular_price":2099},"price_ex_vat":{"regular_price":2099}},"_links":{"self":[{"href":"https:\/\/www.jbnordic.se\/en\/wp-json\/wp\/v2\/product\/74569","targetHints":{"allow":["GET"]}}],"collection":[{"href":"https:\/\/www.jbnordic.se\/en\/wp-json\/wp\/v2\/product"}],"about":[{"href":"https:\/\/www.jbnordic.se\/en\/wp-json\/wp\/v2\/types\/product"}],"wp:featuredmedia":[{"embeddable":true,"href":"https:\/\/www.jbnordic.se\/en\/wp-json\/wp\/v2\/media\/268891"}],"wp:attachment":[{"href":"https:\/\/www.jbnordic.se\/en\/wp-json\/wp\/v2\/media?parent=74569"}],"wp:term":[{"taxonomy":"product_brand","embeddable":true,"href":"https:\/\/www.jbnordic.se\/en\/wp-json\/wp\/v2\/product_brand?post=74569"},{"taxonomy":"product_cat","embeddable":true,"href":"https:\/\/www.jbnordic.se\/en\/wp-json\/wp\/v2\/product_cat?post=74569"},{"taxonomy":"product_tag","embeddable":true,"href":"https:\/\/www.jbnordic.se\/en\/wp-json\/wp\/v2\/product_tag?post=74569"}],"curies":[{"name":"wp","href":"https:\/\/api.w.org\/{rel}","templated":true}]}}