{"id":69629,"date":"2022-09-14T14:17:02","date_gmt":"2022-09-14T12:17:02","guid":{"rendered":"https:\/\/www.jbnordic.se\/?post_type=product&#038;p=69629"},"modified":"2026-03-25T10:55:48","modified_gmt":"2026-03-25T09:55:48","slug":"dammsugare-klass-h","status":"publish","type":"product","link":"https:\/\/www.jbnordic.se\/en\/butik\/frasning\/sugenheter\/dammsugare-klass-h\/","title":{"rendered":"Vacuum cleaner, class H"},"content":{"rendered":"<p>F\u00f6r en s\u00e4ker arbetsmilj\u00f6 och i samr\u00e5d med materialtillverkare erbjuder vi en industridammsugare med h\u00f6gsta m\u00f6jliga filterklassificering p\u00e5 marknaden. Den tar bort mer \u00e4n 99,99% av alla partiklar, klass H.<\/p>\n<p>I valet av dammsugare f\u00f6r reng\u00f6ring av fr\u00e4skammare eller annan utrustning, \u00e4r det viktigt att den klarar f\u00e5nga upp dom minsta partiklarna. En vanlig grovdammsugare med hepa-filter klass L klarar inte det, med f\u00f6ljd att den sl\u00e4pper tillbaka dammet ut i luften. L\u00e5ngvarig exponering av det fina dammet kan ge skador p\u00e5 lungorna.<\/p>\n<p>Dammsugarserien Heka \u00e4r tillverkad i Italien av f\u00f6retaget Elsea, och \u00e4r av h\u00f6g kvalitet. Vi kan erbjuda service och support vid eventuella driftstopp.<\/p>","protected":false},"excerpt":{"rendered":"<p>Dammsugare f\u00f6r reng\u00f6ring av dentaltekniska milj\u00f6er och maskiner med h\u00f6gsta filterklassificering, klass H. Det \u00e4r viktigt att v\u00e4rna om arbetsmilj\u00f6n eftersom l\u00e5ngvarig exponering av fint damm kan ge skador p\u00e5 lungorna.<\/p>\n<p><strong>This is included<\/strong><\/p>\n<ul>\n<li>Dammsugare, 220V, 1250W<\/li>\n<li>Slang<\/li>\n<li>Munstycke med borste<\/li>\n<li>Munstycke<\/li>\n<li>Polyester-filter (f\u00f6rbrukningsmaterial)<\/li>\n<li>Hepa-filter, klass H (f\u00f6rbrukningsmaterial)<\/li>\n<li>P\u00e5sar (f\u00f6rbrukningsmaterial)<\/li>\n<\/ul>\n<p><strong>Nedan hittar du \u00e4ven f\u00f6rbrukningsmaterial<\/strong><\/p>","protected":false},"featured_media":159400,"template":"","meta":[],"product_brand":[],"product_cat":[268,71,259],"product_tag":[],"class_list":{"0":"post-69629","1":"product","2":"type-product","3":"status-publish","4":"has-post-thumbnail","6":"product_cat-nyheter","7":"product_cat-sugenheter","8":"product_cat-rea","10":"first","11":"instock","12":"sale","13":"taxable","14":"shipping-taxable","15":"product-type-grouped"},"yoast_head":"<!-- This site is optimized with the Yoast SEO plugin v26.7 - https:\/\/yoast.com\/wordpress\/plugins\/seo\/ -->\n<title>Dammsugare, klass H - JB Nordic AB<\/title>\n<meta name=\"description\" content=\"F\u00f6r en s\u00e4ker arbetsmilj\u00f6 och i samr\u00e5d med materialtillverkare erbjuder vi en industridammsugare med h\u00f6gsta m\u00f6jliga filterklassificering p\u00e5 marknaden. Den tar bort mer \u00e4n 99,99% av alla partiklar, klass H.\" \/>\n<meta name=\"robots\" content=\"index, follow, max-snippet:-1, max-image-preview:large, max-video-preview:-1\" \/>\n<link rel=\"canonical\" href=\"https:\/\/www.jbnordic.se\/en\/butik\/frasning\/sugenheter\/dammsugare-klass-h\/\" \/>\n<meta property=\"og:locale\" content=\"en_US\" \/>\n<meta property=\"og:type\" content=\"article\" \/>\n<meta property=\"og:title\" content=\"Dammsugare, klass H - JB Nordic AB\" \/>\n<meta property=\"og:description\" content=\"F\u00f6r en s\u00e4ker arbetsmilj\u00f6 och i samr\u00e5d med materialtillverkare erbjuder vi en industridammsugare med h\u00f6gsta m\u00f6jliga filterklassificering p\u00e5 marknaden. Den tar bort mer \u00e4n 99,99% av alla partiklar, klass H.\" \/>\n<meta property=\"og:url\" content=\"https:\/\/www.jbnordic.se\/en\/butik\/frasning\/sugenheter\/dammsugare-klass-h\/\" \/>\n<meta property=\"og:site_name\" content=\"JB Nordic AB\" \/>\n<meta property=\"article:publisher\" content=\"https:\/\/www.facebook.com\/jbnordic\" \/>\n<meta property=\"article:modified_time\" content=\"2026-03-25T09:55:48+00:00\" \/>\n<meta property=\"og:image\" content=\"https:\/\/www.jbnordic.se\/wp-content\/uploads\/2022\/09\/dammsugare_alsea.jpg\" \/>\n\t<meta property=\"og:image:width\" content=\"1080\" \/>\n\t<meta property=\"og:image:height\" content=\"1080\" \/>\n\t<meta property=\"og:image:type\" content=\"image\/jpeg\" \/>\n<meta name=\"twitter:card\" content=\"summary_large_image\" \/>\n<meta name=\"twitter:label1\" content=\"Est. reading time\" \/>\n\t<meta name=\"twitter:data1\" content=\"1 minute\" \/>\n<script type=\"application\/ld+json\" class=\"yoast-schema-graph\">{\"@context\":\"https:\/\/schema.org\",\"@graph\":[{\"@type\":\"WebPage\",\"@id\":\"https:\/\/www.jbnordic.se\/butik\/frasning\/sugenheter\/dammsugare-klass-h\/\",\"url\":\"https:\/\/www.jbnordic.se\/butik\/frasning\/sugenheter\/dammsugare-klass-h\/\",\"name\":\"Dammsugare, klass H - JB Nordic AB\",\"isPartOf\":{\"@id\":\"https:\/\/www.jbnordic.se\/#website\"},\"primaryImageOfPage\":{\"@id\":\"https:\/\/www.jbnordic.se\/butik\/frasning\/sugenheter\/dammsugare-klass-h\/#primaryimage\"},\"image\":{\"@id\":\"https:\/\/www.jbnordic.se\/butik\/frasning\/sugenheter\/dammsugare-klass-h\/#primaryimage\"},\"thumbnailUrl\":\"https:\/\/www.jbnordic.se\/wp-content\/uploads\/2022\/09\/dammsugare_alsea.jpg\",\"datePublished\":\"2022-09-14T12:17:02+00:00\",\"dateModified\":\"2026-03-25T09:55:48+00:00\",\"description\":\"F\u00f6r en s\u00e4ker arbetsmilj\u00f6 och i samr\u00e5d med materialtillverkare erbjuder vi en industridammsugare med h\u00f6gsta m\u00f6jliga filterklassificering p\u00e5 marknaden. Den tar bort mer \u00e4n 99,99% av alla partiklar, klass H.\",\"breadcrumb\":{\"@id\":\"https:\/\/www.jbnordic.se\/butik\/frasning\/sugenheter\/dammsugare-klass-h\/#breadcrumb\"},\"inLanguage\":\"en-US\",\"potentialAction\":[{\"@type\":\"ReadAction\",\"target\":[\"https:\/\/www.jbnordic.se\/butik\/frasning\/sugenheter\/dammsugare-klass-h\/\"]}]},{\"@type\":\"ImageObject\",\"inLanguage\":\"en-US\",\"@id\":\"https:\/\/www.jbnordic.se\/butik\/frasning\/sugenheter\/dammsugare-klass-h\/#primaryimage\",\"url\":\"https:\/\/www.jbnordic.se\/wp-content\/uploads\/2022\/09\/dammsugare_alsea.jpg\",\"contentUrl\":\"https:\/\/www.jbnordic.se\/wp-content\/uploads\/2022\/09\/dammsugare_alsea.jpg\",\"width\":1080,\"height\":1080,\"caption\":\"Klass-H dammsugare\"},{\"@type\":\"BreadcrumbList\",\"@id\":\"https:\/\/www.jbnordic.se\/butik\/frasning\/sugenheter\/dammsugare-klass-h\/#breadcrumb\",\"itemListElement\":[{\"@type\":\"ListItem\",\"position\":1,\"name\":\"Hem\",\"item\":\"https:\/\/www.jbnordic.se\/\"},{\"@type\":\"ListItem\",\"position\":2,\"name\":\"Dammsugare, klass H\"}]},{\"@type\":\"WebSite\",\"@id\":\"https:\/\/www.jbnordic.se\/#website\",\"url\":\"https:\/\/www.jbnordic.se\/\",\"name\":\"JB Nordic AB\",\"description\":\"Kunskap!\",\"publisher\":{\"@id\":\"https:\/\/www.jbnordic.se\/#organization\"},\"potentialAction\":[{\"@type\":\"SearchAction\",\"target\":{\"@type\":\"EntryPoint\",\"urlTemplate\":\"https:\/\/www.jbnordic.se\/?s={search_term_string}\"},\"query-input\":{\"@type\":\"PropertyValueSpecification\",\"valueRequired\":true,\"valueName\":\"search_term_string\"}}],\"inLanguage\":\"en-US\"},{\"@type\":\"Organization\",\"@id\":\"https:\/\/www.jbnordic.se\/#organization\",\"name\":\"JB Nordic\",\"url\":\"https:\/\/www.jbnordic.se\/\",\"logo\":{\"@type\":\"ImageObject\",\"inLanguage\":\"en-US\",\"@id\":\"https:\/\/www.jbnordic.se\/#\/schema\/logo\/image\/\",\"url\":\"https:\/\/www.jbnordic.se\/wp-content\/uploads\/2022\/02\/jb_nordic_logo_blk_h100px.png\",\"contentUrl\":\"https:\/\/www.jbnordic.se\/wp-content\/uploads\/2022\/02\/jb_nordic_logo_blk_h100px.png\",\"width\":480,\"height\":100,\"caption\":\"JB Nordic\"},\"image\":{\"@id\":\"https:\/\/www.jbnordic.se\/#\/schema\/logo\/image\/\"},\"sameAs\":[\"https:\/\/www.facebook.com\/jbnordic\",\"https:\/\/www.linkedin.com\/company\/jbnordic.se\",\"https:\/\/www.instagram.com\/jbnordic\/\"]}]}<\/script>\n<!-- \/ Yoast SEO plugin. -->","yoast_head_json":{"title":"Dammsugare, klass H - JB Nordic AB","description":"F\u00f6r en s\u00e4ker arbetsmilj\u00f6 och i samr\u00e5d med materialtillverkare erbjuder vi en industridammsugare med h\u00f6gsta m\u00f6jliga filterklassificering p\u00e5 marknaden. Den tar bort mer \u00e4n 99,99% av alla partiklar, klass H.","robots":{"index":"index","follow":"follow","max-snippet":"max-snippet:-1","max-image-preview":"max-image-preview:large","max-video-preview":"max-video-preview:-1"},"canonical":"https:\/\/www.jbnordic.se\/en\/butik\/frasning\/sugenheter\/dammsugare-klass-h\/","og_locale":"en_US","og_type":"article","og_title":"Dammsugare, klass H - JB Nordic AB","og_description":"F\u00f6r en s\u00e4ker arbetsmilj\u00f6 och i samr\u00e5d med materialtillverkare erbjuder vi en industridammsugare med h\u00f6gsta m\u00f6jliga filterklassificering p\u00e5 marknaden. Den tar bort mer \u00e4n 99,99% av alla partiklar, klass H.","og_url":"https:\/\/www.jbnordic.se\/en\/butik\/frasning\/sugenheter\/dammsugare-klass-h\/","og_site_name":"JB Nordic AB","article_publisher":"https:\/\/www.facebook.com\/jbnordic","article_modified_time":"2026-03-25T09:55:48+00:00","og_image":[{"width":1080,"height":1080,"url":"https:\/\/www.jbnordic.se\/wp-content\/uploads\/2022\/09\/dammsugare_alsea.jpg","type":"image\/jpeg"}],"twitter_card":"summary_large_image","twitter_misc":{"Est. reading time":"1 minute"},"schema":{"@context":"https:\/\/schema.org","@graph":[{"@type":"WebPage","@id":"https:\/\/www.jbnordic.se\/butik\/frasning\/sugenheter\/dammsugare-klass-h\/","url":"https:\/\/www.jbnordic.se\/butik\/frasning\/sugenheter\/dammsugare-klass-h\/","name":"Dammsugare, klass H - JB Nordic AB","isPartOf":{"@id":"https:\/\/www.jbnordic.se\/#website"},"primaryImageOfPage":{"@id":"https:\/\/www.jbnordic.se\/butik\/frasning\/sugenheter\/dammsugare-klass-h\/#primaryimage"},"image":{"@id":"https:\/\/www.jbnordic.se\/butik\/frasning\/sugenheter\/dammsugare-klass-h\/#primaryimage"},"thumbnailUrl":"https:\/\/www.jbnordic.se\/wp-content\/uploads\/2022\/09\/dammsugare_alsea.jpg","datePublished":"2022-09-14T12:17:02+00:00","dateModified":"2026-03-25T09:55:48+00:00","description":"F\u00f6r en s\u00e4ker arbetsmilj\u00f6 och i samr\u00e5d med materialtillverkare erbjuder vi en industridammsugare med h\u00f6gsta m\u00f6jliga filterklassificering p\u00e5 marknaden. Den tar bort mer \u00e4n 99,99% av alla partiklar, klass H.","breadcrumb":{"@id":"https:\/\/www.jbnordic.se\/butik\/frasning\/sugenheter\/dammsugare-klass-h\/#breadcrumb"},"inLanguage":"en-US","potentialAction":[{"@type":"ReadAction","target":["https:\/\/www.jbnordic.se\/butik\/frasning\/sugenheter\/dammsugare-klass-h\/"]}]},{"@type":"ImageObject","inLanguage":"en-US","@id":"https:\/\/www.jbnordic.se\/butik\/frasning\/sugenheter\/dammsugare-klass-h\/#primaryimage","url":"https:\/\/www.jbnordic.se\/wp-content\/uploads\/2022\/09\/dammsugare_alsea.jpg","contentUrl":"https:\/\/www.jbnordic.se\/wp-content\/uploads\/2022\/09\/dammsugare_alsea.jpg","width":1080,"height":1080,"caption":"Klass-H dammsugare"},{"@type":"BreadcrumbList","@id":"https:\/\/www.jbnordic.se\/butik\/frasning\/sugenheter\/dammsugare-klass-h\/#breadcrumb","itemListElement":[{"@type":"ListItem","position":1,"name":"Hem","item":"https:\/\/www.jbnordic.se\/"},{"@type":"ListItem","position":2,"name":"Dammsugare, klass H"}]},{"@type":"WebSite","@id":"https:\/\/www.jbnordic.se\/#website","url":"https:\/\/www.jbnordic.se\/","name":"JB Nordic AB","description":"Kunskap!","publisher":{"@id":"https:\/\/www.jbnordic.se\/#organization"},"potentialAction":[{"@type":"SearchAction","target":{"@type":"EntryPoint","urlTemplate":"https:\/\/www.jbnordic.se\/?s={search_term_string}"},"query-input":{"@type":"PropertyValueSpecification","valueRequired":true,"valueName":"search_term_string"}}],"inLanguage":"en-US"},{"@type":"Organization","@id":"https:\/\/www.jbnordic.se\/#organization","name":"JB Nordic","url":"https:\/\/www.jbnordic.se\/","logo":{"@type":"ImageObject","inLanguage":"en-US","@id":"https:\/\/www.jbnordic.se\/#\/schema\/logo\/image\/","url":"https:\/\/www.jbnordic.se\/wp-content\/uploads\/2022\/02\/jb_nordic_logo_blk_h100px.png","contentUrl":"https:\/\/www.jbnordic.se\/wp-content\/uploads\/2022\/02\/jb_nordic_logo_blk_h100px.png","width":480,"height":100,"caption":"JB Nordic"},"image":{"@id":"https:\/\/www.jbnordic.se\/#\/schema\/logo\/image\/"},"sameAs":["https:\/\/www.facebook.com\/jbnordic","https:\/\/www.linkedin.com\/company\/jbnordic.se","https:\/\/www.instagram.com\/jbnordic\/"]}]}},"kroconnect":{"tax_rate":25,"price_inc_vat":{"regular_price":99,"sale_price":99},"price_ex_vat":{"regular_price":99,"sale_price":99}},"_links":{"self":[{"href":"https:\/\/www.jbnordic.se\/en\/wp-json\/wp\/v2\/product\/69629","targetHints":{"allow":["GET"]}}],"collection":[{"href":"https:\/\/www.jbnordic.se\/en\/wp-json\/wp\/v2\/product"}],"about":[{"href":"https:\/\/www.jbnordic.se\/en\/wp-json\/wp\/v2\/types\/product"}],"wp:featuredmedia":[{"embeddable":true,"href":"https:\/\/www.jbnordic.se\/en\/wp-json\/wp\/v2\/media\/159400"}],"wp:attachment":[{"href":"https:\/\/www.jbnordic.se\/en\/wp-json\/wp\/v2\/media?parent=69629"}],"wp:term":[{"taxonomy":"product_brand","embeddable":true,"href":"https:\/\/www.jbnordic.se\/en\/wp-json\/wp\/v2\/product_brand?post=69629"},{"taxonomy":"product_cat","embeddable":true,"href":"https:\/\/www.jbnordic.se\/en\/wp-json\/wp\/v2\/product_cat?post=69629"},{"taxonomy":"product_tag","embeddable":true,"href":"https:\/\/www.jbnordic.se\/en\/wp-json\/wp\/v2\/product_tag?post=69629"}],"curies":[{"name":"wp","href":"https:\/\/api.w.org\/{rel}","templated":true}]}}