{"id":68985,"date":"2022-09-12T13:40:29","date_gmt":"2022-09-12T11:40:29","guid":{"rendered":"https:\/\/www.jbnordic.se\/?post_type=product&#038;p=68985"},"modified":"2026-03-18T15:20:18","modified_gmt":"2026-03-18T14:20:18","slug":"frasverktyg-for-komposit-vhf","status":"publish","type":"product","link":"https:\/\/www.jbnordic.se\/en\/butik\/frasning\/frasverktyg\/frasverktyg-for-komposit-vhf\/","title":{"rendered":"Milling tools for composite \u2013 vhf"},"content":{"rendered":"","protected":false},"excerpt":{"rendered":"<p class=\"translation-block\"><strong><span style=\"color: #00b9a3\">C200-R1D-40 | C100-R1D-40<\/span><\/strong><br>\nTools for processing composite. The sizes <strong>2mm<\/strong> and <strong>1mm<\/strong> are needed regardless of what is to be milled out. Used for the majority of the milling job. They therefore wear out more and it is extra important to have a few extra to avoid downtime.<\/p>\n<p class=\"translation-block\"><strong><span style=\"color: #00b9a3\">C200-FXD-40<\/span><\/strong><br>\nTool specifically designed for the material <a href=\"https:\/\/www.jbnordic.se\/en\/butik\/forbrukkning-frasmaskin\/komposit-forbrukkning-frasmaskin\/trilor\/\" target=\"_self\">Bioloren Trilor<\/a>. Currently not needed for anything else.<\/p>","protected":false},"featured_media":155075,"template":"","meta":[],"product_brand":[273],"product_cat":[50,67],"product_tag":[121],"class_list":{"0":"post-68985","1":"product","2":"type-product","3":"status-publish","4":"has-post-thumbnail","6":"product_brand-vhf","7":"product_cat-frasverktyg","8":"product_cat-komposit","9":"product_tag-vhf","11":"first","12":"instock","13":"taxable","14":"shipping-taxable","15":"product-type-grouped"},"yoast_head":"<!-- This site is optimized with the Yoast SEO plugin v26.7 - https:\/\/yoast.com\/wordpress\/plugins\/seo\/ -->\n<title>Fr\u00e4sverktyg f\u00f6r komposit \u2013 vhf - JB Nordic AB<\/title>\n<meta name=\"description\" content=\"C200-R1D-40 | C100-R1D-40 Verktyg f\u00f6r bearbetning av komposit. Storlekarna 2mm och 1mm beh\u00f6vs oavsett vad som ska fr\u00e4sas ut. Anv\u00e4nds till den stora delen av fr\u00e4sjobbet. De slits d\u00e4rf\u00f6r mer och det \u00e4r extra viktigt att ha n\u00e5gra extra f\u00f6r att undvika stillest\u00e5nd. C200-FXD-40Verktyg s\u00e4rskilt framtaget f\u00f6r materialet &quot;Bioloren Trilor -D&quot;. Beh\u00f6vs i nul\u00e4get inte f\u00f6r n\u00e5got annat.\" \/>\n<meta name=\"robots\" content=\"index, follow, max-snippet:-1, max-image-preview:large, max-video-preview:-1\" \/>\n<link rel=\"canonical\" href=\"https:\/\/www.jbnordic.se\/en\/butik\/frasning\/frasverktyg\/frasverktyg-for-komposit-vhf\/\" \/>\n<meta property=\"og:locale\" content=\"en_US\" \/>\n<meta property=\"og:type\" content=\"article\" \/>\n<meta property=\"og:title\" content=\"Fr\u00e4sverktyg f\u00f6r komposit \u2013 vhf - JB Nordic AB\" \/>\n<meta property=\"og:description\" content=\"C200-R1D-40 | C100-R1D-40 Verktyg f\u00f6r bearbetning av komposit. Storlekarna 2mm och 1mm beh\u00f6vs oavsett vad som ska fr\u00e4sas ut. Anv\u00e4nds till den stora delen av fr\u00e4sjobbet. De slits d\u00e4rf\u00f6r mer och det \u00e4r extra viktigt att ha n\u00e5gra extra f\u00f6r att undvika stillest\u00e5nd. C200-FXD-40Verktyg s\u00e4rskilt framtaget f\u00f6r materialet &quot;Bioloren Trilor -D&quot;. Beh\u00f6vs i nul\u00e4get inte f\u00f6r n\u00e5got annat.\" \/>\n<meta property=\"og:url\" content=\"https:\/\/www.jbnordic.se\/en\/butik\/frasning\/frasverktyg\/frasverktyg-for-komposit-vhf\/\" \/>\n<meta property=\"og:site_name\" content=\"JB Nordic AB\" \/>\n<meta property=\"article:publisher\" content=\"https:\/\/www.facebook.com\/jbnordic\" \/>\n<meta property=\"article:modified_time\" content=\"2026-03-18T14:20:18+00:00\" \/>\n<meta property=\"og:image\" content=\"https:\/\/www.jbnordic.se\/wp-content\/uploads\/2022\/09\/VHF_tools_composite_n.jpg\" \/>\n\t<meta property=\"og:image:width\" content=\"1080\" \/>\n\t<meta property=\"og:image:height\" content=\"1080\" \/>\n\t<meta property=\"og:image:type\" content=\"image\/jpeg\" \/>\n<meta name=\"twitter:card\" content=\"summary_large_image\" \/>\n<meta name=\"twitter:label1\" content=\"Est. reading time\" \/>\n\t<meta name=\"twitter:data1\" content=\"1 minute\" \/>\n<script type=\"application\/ld+json\" class=\"yoast-schema-graph\">{\"@context\":\"https:\/\/schema.org\",\"@graph\":[{\"@type\":\"WebPage\",\"@id\":\"https:\/\/www.jbnordic.se\/butik\/frasning\/frasverktyg\/frasverktyg-for-komposit-vhf\/\",\"url\":\"https:\/\/www.jbnordic.se\/butik\/frasning\/frasverktyg\/frasverktyg-for-komposit-vhf\/\",\"name\":\"Fr\u00e4sverktyg f\u00f6r komposit \u2013 vhf - JB Nordic AB\",\"isPartOf\":{\"@id\":\"https:\/\/www.jbnordic.se\/#website\"},\"primaryImageOfPage\":{\"@id\":\"https:\/\/www.jbnordic.se\/butik\/frasning\/frasverktyg\/frasverktyg-for-komposit-vhf\/#primaryimage\"},\"image\":{\"@id\":\"https:\/\/www.jbnordic.se\/butik\/frasning\/frasverktyg\/frasverktyg-for-komposit-vhf\/#primaryimage\"},\"thumbnailUrl\":\"https:\/\/www.jbnordic.se\/wp-content\/uploads\/2022\/09\/VHF_tools_composite_n.jpg\",\"datePublished\":\"2022-09-12T11:40:29+00:00\",\"dateModified\":\"2026-03-18T14:20:18+00:00\",\"description\":\"C200-R1D-40 | C100-R1D-40 Verktyg f\u00f6r bearbetning av komposit. Storlekarna 2mm och 1mm beh\u00f6vs oavsett vad som ska fr\u00e4sas ut. Anv\u00e4nds till den stora delen av fr\u00e4sjobbet. De slits d\u00e4rf\u00f6r mer och det \u00e4r extra viktigt att ha n\u00e5gra extra f\u00f6r att undvika stillest\u00e5nd. C200-FXD-40Verktyg s\u00e4rskilt framtaget f\u00f6r materialet \\\"Bioloren Trilor -D\\\". Beh\u00f6vs i nul\u00e4get inte f\u00f6r n\u00e5got annat.\",\"breadcrumb\":{\"@id\":\"https:\/\/www.jbnordic.se\/butik\/frasning\/frasverktyg\/frasverktyg-for-komposit-vhf\/#breadcrumb\"},\"inLanguage\":\"en-US\",\"potentialAction\":[{\"@type\":\"ReadAction\",\"target\":[\"https:\/\/www.jbnordic.se\/butik\/frasning\/frasverktyg\/frasverktyg-for-komposit-vhf\/\"]}]},{\"@type\":\"ImageObject\",\"inLanguage\":\"en-US\",\"@id\":\"https:\/\/www.jbnordic.se\/butik\/frasning\/frasverktyg\/frasverktyg-for-komposit-vhf\/#primaryimage\",\"url\":\"https:\/\/www.jbnordic.se\/wp-content\/uploads\/2022\/09\/VHF_tools_composite_n.jpg\",\"contentUrl\":\"https:\/\/www.jbnordic.se\/wp-content\/uploads\/2022\/09\/VHF_tools_composite_n.jpg\",\"width\":1080,\"height\":1080,\"caption\":\"Komposit vhf\"},{\"@type\":\"BreadcrumbList\",\"@id\":\"https:\/\/www.jbnordic.se\/butik\/frasning\/frasverktyg\/frasverktyg-for-komposit-vhf\/#breadcrumb\",\"itemListElement\":[{\"@type\":\"ListItem\",\"position\":1,\"name\":\"Hem\",\"item\":\"https:\/\/www.jbnordic.se\/\"},{\"@type\":\"ListItem\",\"position\":2,\"name\":\"Fr\u00e4sverktyg f\u00f6r komposit \u2013 vhf\"}]},{\"@type\":\"WebSite\",\"@id\":\"https:\/\/www.jbnordic.se\/#website\",\"url\":\"https:\/\/www.jbnordic.se\/\",\"name\":\"JB Nordic AB\",\"description\":\"Kunskap!\",\"publisher\":{\"@id\":\"https:\/\/www.jbnordic.se\/#organization\"},\"potentialAction\":[{\"@type\":\"SearchAction\",\"target\":{\"@type\":\"EntryPoint\",\"urlTemplate\":\"https:\/\/www.jbnordic.se\/?s={search_term_string}\"},\"query-input\":{\"@type\":\"PropertyValueSpecification\",\"valueRequired\":true,\"valueName\":\"search_term_string\"}}],\"inLanguage\":\"en-US\"},{\"@type\":\"Organization\",\"@id\":\"https:\/\/www.jbnordic.se\/#organization\",\"name\":\"JB Nordic\",\"url\":\"https:\/\/www.jbnordic.se\/\",\"logo\":{\"@type\":\"ImageObject\",\"inLanguage\":\"en-US\",\"@id\":\"https:\/\/www.jbnordic.se\/#\/schema\/logo\/image\/\",\"url\":\"https:\/\/www.jbnordic.se\/wp-content\/uploads\/2022\/02\/jb_nordic_logo_blk_h100px.png\",\"contentUrl\":\"https:\/\/www.jbnordic.se\/wp-content\/uploads\/2022\/02\/jb_nordic_logo_blk_h100px.png\",\"width\":480,\"height\":100,\"caption\":\"JB Nordic\"},\"image\":{\"@id\":\"https:\/\/www.jbnordic.se\/#\/schema\/logo\/image\/\"},\"sameAs\":[\"https:\/\/www.facebook.com\/jbnordic\",\"https:\/\/www.linkedin.com\/company\/jbnordic.se\",\"https:\/\/www.instagram.com\/jbnordic\/\"]}]}<\/script>\n<!-- \/ Yoast SEO plugin. -->","yoast_head_json":{"title":"Fr\u00e4sverktyg f\u00f6r komposit \u2013 vhf - JB Nordic AB","description":"C200-R1D-40 | C100-R1D-40 Verktyg f\u00f6r bearbetning av komposit. Storlekarna 2mm och 1mm beh\u00f6vs oavsett vad som ska fr\u00e4sas ut. Anv\u00e4nds till den stora delen av fr\u00e4sjobbet. De slits d\u00e4rf\u00f6r mer och det \u00e4r extra viktigt att ha n\u00e5gra extra f\u00f6r att undvika stillest\u00e5nd. C200-FXD-40Verktyg s\u00e4rskilt framtaget f\u00f6r materialet \"Bioloren Trilor -D\". Beh\u00f6vs i nul\u00e4get inte f\u00f6r n\u00e5got annat.","robots":{"index":"index","follow":"follow","max-snippet":"max-snippet:-1","max-image-preview":"max-image-preview:large","max-video-preview":"max-video-preview:-1"},"canonical":"https:\/\/www.jbnordic.se\/en\/butik\/frasning\/frasverktyg\/frasverktyg-for-komposit-vhf\/","og_locale":"en_US","og_type":"article","og_title":"Fr\u00e4sverktyg f\u00f6r komposit \u2013 vhf - JB Nordic AB","og_description":"C200-R1D-40 | C100-R1D-40 Verktyg f\u00f6r bearbetning av komposit. Storlekarna 2mm och 1mm beh\u00f6vs oavsett vad som ska fr\u00e4sas ut. Anv\u00e4nds till den stora delen av fr\u00e4sjobbet. De slits d\u00e4rf\u00f6r mer och det \u00e4r extra viktigt att ha n\u00e5gra extra f\u00f6r att undvika stillest\u00e5nd. C200-FXD-40Verktyg s\u00e4rskilt framtaget f\u00f6r materialet \"Bioloren Trilor -D\". Beh\u00f6vs i nul\u00e4get inte f\u00f6r n\u00e5got annat.","og_url":"https:\/\/www.jbnordic.se\/en\/butik\/frasning\/frasverktyg\/frasverktyg-for-komposit-vhf\/","og_site_name":"JB Nordic AB","article_publisher":"https:\/\/www.facebook.com\/jbnordic","article_modified_time":"2026-03-18T14:20:18+00:00","og_image":[{"width":1080,"height":1080,"url":"https:\/\/www.jbnordic.se\/wp-content\/uploads\/2022\/09\/VHF_tools_composite_n.jpg","type":"image\/jpeg"}],"twitter_card":"summary_large_image","twitter_misc":{"Est. reading time":"1 minute"},"schema":{"@context":"https:\/\/schema.org","@graph":[{"@type":"WebPage","@id":"https:\/\/www.jbnordic.se\/butik\/frasning\/frasverktyg\/frasverktyg-for-komposit-vhf\/","url":"https:\/\/www.jbnordic.se\/butik\/frasning\/frasverktyg\/frasverktyg-for-komposit-vhf\/","name":"Fr\u00e4sverktyg f\u00f6r komposit \u2013 vhf - JB Nordic AB","isPartOf":{"@id":"https:\/\/www.jbnordic.se\/#website"},"primaryImageOfPage":{"@id":"https:\/\/www.jbnordic.se\/butik\/frasning\/frasverktyg\/frasverktyg-for-komposit-vhf\/#primaryimage"},"image":{"@id":"https:\/\/www.jbnordic.se\/butik\/frasning\/frasverktyg\/frasverktyg-for-komposit-vhf\/#primaryimage"},"thumbnailUrl":"https:\/\/www.jbnordic.se\/wp-content\/uploads\/2022\/09\/VHF_tools_composite_n.jpg","datePublished":"2022-09-12T11:40:29+00:00","dateModified":"2026-03-18T14:20:18+00:00","description":"C200-R1D-40 | C100-R1D-40 Verktyg f\u00f6r bearbetning av komposit. Storlekarna 2mm och 1mm beh\u00f6vs oavsett vad som ska fr\u00e4sas ut. Anv\u00e4nds till den stora delen av fr\u00e4sjobbet. De slits d\u00e4rf\u00f6r mer och det \u00e4r extra viktigt att ha n\u00e5gra extra f\u00f6r att undvika stillest\u00e5nd. C200-FXD-40Verktyg s\u00e4rskilt framtaget f\u00f6r materialet \"Bioloren Trilor -D\". Beh\u00f6vs i nul\u00e4get inte f\u00f6r n\u00e5got annat.","breadcrumb":{"@id":"https:\/\/www.jbnordic.se\/butik\/frasning\/frasverktyg\/frasverktyg-for-komposit-vhf\/#breadcrumb"},"inLanguage":"en-US","potentialAction":[{"@type":"ReadAction","target":["https:\/\/www.jbnordic.se\/butik\/frasning\/frasverktyg\/frasverktyg-for-komposit-vhf\/"]}]},{"@type":"ImageObject","inLanguage":"en-US","@id":"https:\/\/www.jbnordic.se\/butik\/frasning\/frasverktyg\/frasverktyg-for-komposit-vhf\/#primaryimage","url":"https:\/\/www.jbnordic.se\/wp-content\/uploads\/2022\/09\/VHF_tools_composite_n.jpg","contentUrl":"https:\/\/www.jbnordic.se\/wp-content\/uploads\/2022\/09\/VHF_tools_composite_n.jpg","width":1080,"height":1080,"caption":"Komposit vhf"},{"@type":"BreadcrumbList","@id":"https:\/\/www.jbnordic.se\/butik\/frasning\/frasverktyg\/frasverktyg-for-komposit-vhf\/#breadcrumb","itemListElement":[{"@type":"ListItem","position":1,"name":"Hem","item":"https:\/\/www.jbnordic.se\/"},{"@type":"ListItem","position":2,"name":"Fr\u00e4sverktyg f\u00f6r komposit \u2013 vhf"}]},{"@type":"WebSite","@id":"https:\/\/www.jbnordic.se\/#website","url":"https:\/\/www.jbnordic.se\/","name":"JB Nordic AB","description":"Kunskap!","publisher":{"@id":"https:\/\/www.jbnordic.se\/#organization"},"potentialAction":[{"@type":"SearchAction","target":{"@type":"EntryPoint","urlTemplate":"https:\/\/www.jbnordic.se\/?s={search_term_string}"},"query-input":{"@type":"PropertyValueSpecification","valueRequired":true,"valueName":"search_term_string"}}],"inLanguage":"en-US"},{"@type":"Organization","@id":"https:\/\/www.jbnordic.se\/#organization","name":"JB Nordic","url":"https:\/\/www.jbnordic.se\/","logo":{"@type":"ImageObject","inLanguage":"en-US","@id":"https:\/\/www.jbnordic.se\/#\/schema\/logo\/image\/","url":"https:\/\/www.jbnordic.se\/wp-content\/uploads\/2022\/02\/jb_nordic_logo_blk_h100px.png","contentUrl":"https:\/\/www.jbnordic.se\/wp-content\/uploads\/2022\/02\/jb_nordic_logo_blk_h100px.png","width":480,"height":100,"caption":"JB Nordic"},"image":{"@id":"https:\/\/www.jbnordic.se\/#\/schema\/logo\/image\/"},"sameAs":["https:\/\/www.facebook.com\/jbnordic","https:\/\/www.linkedin.com\/company\/jbnordic.se","https:\/\/www.instagram.com\/jbnordic\/"]}]}},"kroconnect":{"tax_rate":25,"price_inc_vat":{"regular_price":749},"price_ex_vat":{"regular_price":749}},"_links":{"self":[{"href":"https:\/\/www.jbnordic.se\/en\/wp-json\/wp\/v2\/product\/68985","targetHints":{"allow":["GET"]}}],"collection":[{"href":"https:\/\/www.jbnordic.se\/en\/wp-json\/wp\/v2\/product"}],"about":[{"href":"https:\/\/www.jbnordic.se\/en\/wp-json\/wp\/v2\/types\/product"}],"wp:featuredmedia":[{"embeddable":true,"href":"https:\/\/www.jbnordic.se\/en\/wp-json\/wp\/v2\/media\/155075"}],"wp:attachment":[{"href":"https:\/\/www.jbnordic.se\/en\/wp-json\/wp\/v2\/media?parent=68985"}],"wp:term":[{"taxonomy":"product_brand","embeddable":true,"href":"https:\/\/www.jbnordic.se\/en\/wp-json\/wp\/v2\/product_brand?post=68985"},{"taxonomy":"product_cat","embeddable":true,"href":"https:\/\/www.jbnordic.se\/en\/wp-json\/wp\/v2\/product_cat?post=68985"},{"taxonomy":"product_tag","embeddable":true,"href":"https:\/\/www.jbnordic.se\/en\/wp-json\/wp\/v2\/product_tag?post=68985"}],"curies":[{"name":"wp","href":"https:\/\/api.w.org\/{rel}","templated":true}]}}