{"id":5679,"date":"2019-07-02T13:21:24","date_gmt":"2019-07-02T11:21:24","guid":{"rendered":"https:\/\/www.jbnordic.se\/?post_type=product&#038;p=5679"},"modified":"2026-05-15T10:44:49","modified_gmt":"2026-05-15T08:44:49","slug":"blankhallare-till-vhf","status":"publish","type":"product","link":"https:\/\/www.jbnordic.se\/en\/butik\/frasning\/tillbehor-frasmaskin-2\/blankhallare-till-vhf\/","title":{"rendered":"Blankh\u00e5llare till vhf"},"content":{"rendered":"<p>V\u00e4lj mellan den prisv\u00e4rda och bepr\u00f6vade standardh\u00e5llaren av blanks som \u00e4r l\u00e4tt att anv\u00e4nda och fixerar alla material med fyra skruvar eller:<\/p>\n<p>Uppgradera till vhfs magnetiska <strong>QuickFrame-h\u00e5llare<\/strong> som kl\u00e4mmer fast blanks utan att du beh\u00f6ver anv\u00e4nda verktyg. <strong>Ladda dina blanks\u00a0p\u00e5 sekunder!<br \/>\n<\/strong>Enklare och snabbare \u00e4n att s\u00e4kra dem med en skruvmejsel.<\/p>\n<p>OBS: Quick frame h\u00e5llare ska ej anv\u00e4ndas till Co-Cr blanks.<\/p>","protected":false},"excerpt":{"rendered":"<p>V\u00e4lj mellan den prisv\u00e4rda och bepr\u00f6vade standardh\u00e5llaren av blanks som \u00e4r l\u00e4tt att anv\u00e4nda och fixerar alla material med fyra skruvar eller: Uppgradera till vhfs magnetiska QuickFrame-h\u00e5llare som kl\u00e4mmer fast&#8230;<\/p>","protected":false},"featured_media":69590,"template":"","meta":[],"product_brand":[273],"product_cat":[230],"product_tag":[121],"class_list":{"0":"post-5679","1":"product","2":"type-product","3":"status-publish","4":"has-post-thumbnail","6":"product_brand-vhf","7":"product_cat-tillbehor-frasmaskin-2","8":"product_tag-vhf","10":"first","11":"instock","12":"taxable","13":"shipping-taxable","14":"purchasable","15":"product-type-variable"},"yoast_head":"<!-- This site is optimized with the Yoast SEO plugin v26.7 - https:\/\/yoast.com\/wordpress\/plugins\/seo\/ -->\n<title>Blankh\u00e5llare till vhf - JB Nordic AB<\/title>\n<meta name=\"robots\" content=\"index, follow, max-snippet:-1, max-image-preview:large, max-video-preview:-1\" \/>\n<link rel=\"canonical\" href=\"https:\/\/www.jbnordic.se\/en\/butik\/frasning\/tillbehor-frasmaskin-2\/blankhallare-till-vhf\/\" \/>\n<meta property=\"og:locale\" content=\"en_US\" \/>\n<meta property=\"og:type\" content=\"article\" \/>\n<meta property=\"og:title\" content=\"Blankh\u00e5llare till vhf - JB Nordic AB\" \/>\n<meta property=\"og:description\" content=\"V\u00e4lj mellan den prisv\u00e4rda och bepr\u00f6vade standardh\u00e5llaren av blanks som \u00e4r l\u00e4tt att anv\u00e4nda och fixerar alla material med fyra skruvar eller: Uppgradera till vhfs magnetiska QuickFrame-h\u00e5llare som kl\u00e4mmer fast...\" \/>\n<meta property=\"og:url\" content=\"https:\/\/www.jbnordic.se\/en\/butik\/frasning\/tillbehor-frasmaskin-2\/blankhallare-till-vhf\/\" \/>\n<meta property=\"og:site_name\" content=\"JB Nordic AB\" \/>\n<meta property=\"article:publisher\" content=\"https:\/\/www.facebook.com\/jbnordic\" \/>\n<meta property=\"article:modified_time\" content=\"2026-05-15T08:44:49+00:00\" \/>\n<meta property=\"og:image\" content=\"https:\/\/www.jbnordic.se\/wp-content\/uploads\/2022\/09\/quickframe_vhf_S2-S5_01.jpg\" \/>\n\t<meta property=\"og:image:width\" content=\"1080\" \/>\n\t<meta property=\"og:image:height\" content=\"1080\" \/>\n\t<meta property=\"og:image:type\" content=\"image\/jpeg\" \/>\n<meta name=\"twitter:card\" content=\"summary_large_image\" \/>\n<meta name=\"twitter:label1\" content=\"Est. reading time\" \/>\n\t<meta name=\"twitter:data1\" content=\"1 minute\" \/>\n<script type=\"application\/ld+json\" class=\"yoast-schema-graph\">{\"@context\":\"https:\/\/schema.org\",\"@graph\":[{\"@type\":\"WebPage\",\"@id\":\"https:\/\/www.jbnordic.se\/butik\/frasning\/tillbehor-frasmaskin-2\/blankhallare-till-vhf\/\",\"url\":\"https:\/\/www.jbnordic.se\/butik\/frasning\/tillbehor-frasmaskin-2\/blankhallare-till-vhf\/\",\"name\":\"Blankh\u00e5llare till vhf - JB Nordic AB\",\"isPartOf\":{\"@id\":\"https:\/\/www.jbnordic.se\/#website\"},\"primaryImageOfPage\":{\"@id\":\"https:\/\/www.jbnordic.se\/butik\/frasning\/tillbehor-frasmaskin-2\/blankhallare-till-vhf\/#primaryimage\"},\"image\":{\"@id\":\"https:\/\/www.jbnordic.se\/butik\/frasning\/tillbehor-frasmaskin-2\/blankhallare-till-vhf\/#primaryimage\"},\"thumbnailUrl\":\"https:\/\/www.jbnordic.se\/wp-content\/uploads\/2022\/09\/quickframe_vhf_S2-S5_01.jpg\",\"datePublished\":\"2019-07-02T11:21:24+00:00\",\"dateModified\":\"2026-05-15T08:44:49+00:00\",\"breadcrumb\":{\"@id\":\"https:\/\/www.jbnordic.se\/butik\/frasning\/tillbehor-frasmaskin-2\/blankhallare-till-vhf\/#breadcrumb\"},\"inLanguage\":\"en-US\",\"potentialAction\":[{\"@type\":\"ReadAction\",\"target\":[\"https:\/\/www.jbnordic.se\/butik\/frasning\/tillbehor-frasmaskin-2\/blankhallare-till-vhf\/\"]}]},{\"@type\":\"ImageObject\",\"inLanguage\":\"en-US\",\"@id\":\"https:\/\/www.jbnordic.se\/butik\/frasning\/tillbehor-frasmaskin-2\/blankhallare-till-vhf\/#primaryimage\",\"url\":\"https:\/\/www.jbnordic.se\/wp-content\/uploads\/2022\/09\/quickframe_vhf_S2-S5_01.jpg\",\"contentUrl\":\"https:\/\/www.jbnordic.se\/wp-content\/uploads\/2022\/09\/quickframe_vhf_S2-S5_01.jpg\",\"width\":1080,\"height\":1080,\"caption\":\"vhf QuickFrame S2\/S5\"},{\"@type\":\"BreadcrumbList\",\"@id\":\"https:\/\/www.jbnordic.se\/butik\/frasning\/tillbehor-frasmaskin-2\/blankhallare-till-vhf\/#breadcrumb\",\"itemListElement\":[{\"@type\":\"ListItem\",\"position\":1,\"name\":\"Hem\",\"item\":\"https:\/\/www.jbnordic.se\/\"},{\"@type\":\"ListItem\",\"position\":2,\"name\":\"Blankh\u00e5llare till vhf\"}]},{\"@type\":\"WebSite\",\"@id\":\"https:\/\/www.jbnordic.se\/#website\",\"url\":\"https:\/\/www.jbnordic.se\/\",\"name\":\"JB Nordic AB\",\"description\":\"Kunskap!\",\"publisher\":{\"@id\":\"https:\/\/www.jbnordic.se\/#organization\"},\"potentialAction\":[{\"@type\":\"SearchAction\",\"target\":{\"@type\":\"EntryPoint\",\"urlTemplate\":\"https:\/\/www.jbnordic.se\/?s={search_term_string}\"},\"query-input\":{\"@type\":\"PropertyValueSpecification\",\"valueRequired\":true,\"valueName\":\"search_term_string\"}}],\"inLanguage\":\"en-US\"},{\"@type\":\"Organization\",\"@id\":\"https:\/\/www.jbnordic.se\/#organization\",\"name\":\"JB Nordic\",\"url\":\"https:\/\/www.jbnordic.se\/\",\"logo\":{\"@type\":\"ImageObject\",\"inLanguage\":\"en-US\",\"@id\":\"https:\/\/www.jbnordic.se\/#\/schema\/logo\/image\/\",\"url\":\"https:\/\/www.jbnordic.se\/wp-content\/uploads\/2022\/02\/jb_nordic_logo_blk_h100px.png\",\"contentUrl\":\"https:\/\/www.jbnordic.se\/wp-content\/uploads\/2022\/02\/jb_nordic_logo_blk_h100px.png\",\"width\":480,\"height\":100,\"caption\":\"JB Nordic\"},\"image\":{\"@id\":\"https:\/\/www.jbnordic.se\/#\/schema\/logo\/image\/\"},\"sameAs\":[\"https:\/\/www.facebook.com\/jbnordic\",\"https:\/\/www.linkedin.com\/company\/jbnordic.se\",\"https:\/\/www.instagram.com\/jbnordic\/\"]}]}<\/script>\n<!-- \/ Yoast SEO plugin. -->","yoast_head_json":{"title":"Blankh\u00e5llare till vhf - JB Nordic AB","robots":{"index":"index","follow":"follow","max-snippet":"max-snippet:-1","max-image-preview":"max-image-preview:large","max-video-preview":"max-video-preview:-1"},"canonical":"https:\/\/www.jbnordic.se\/en\/butik\/frasning\/tillbehor-frasmaskin-2\/blankhallare-till-vhf\/","og_locale":"en_US","og_type":"article","og_title":"Blankh\u00e5llare till vhf - JB Nordic AB","og_description":"V\u00e4lj mellan den prisv\u00e4rda och bepr\u00f6vade standardh\u00e5llaren av blanks som \u00e4r l\u00e4tt att anv\u00e4nda och fixerar alla material med fyra skruvar eller: Uppgradera till vhfs magnetiska QuickFrame-h\u00e5llare som kl\u00e4mmer fast...","og_url":"https:\/\/www.jbnordic.se\/en\/butik\/frasning\/tillbehor-frasmaskin-2\/blankhallare-till-vhf\/","og_site_name":"JB Nordic AB","article_publisher":"https:\/\/www.facebook.com\/jbnordic","article_modified_time":"2026-05-15T08:44:49+00:00","og_image":[{"width":1080,"height":1080,"url":"https:\/\/www.jbnordic.se\/wp-content\/uploads\/2022\/09\/quickframe_vhf_S2-S5_01.jpg","type":"image\/jpeg"}],"twitter_card":"summary_large_image","twitter_misc":{"Est. reading time":"1 minute"},"schema":{"@context":"https:\/\/schema.org","@graph":[{"@type":"WebPage","@id":"https:\/\/www.jbnordic.se\/butik\/frasning\/tillbehor-frasmaskin-2\/blankhallare-till-vhf\/","url":"https:\/\/www.jbnordic.se\/butik\/frasning\/tillbehor-frasmaskin-2\/blankhallare-till-vhf\/","name":"Blankh\u00e5llare till vhf - JB Nordic AB","isPartOf":{"@id":"https:\/\/www.jbnordic.se\/#website"},"primaryImageOfPage":{"@id":"https:\/\/www.jbnordic.se\/butik\/frasning\/tillbehor-frasmaskin-2\/blankhallare-till-vhf\/#primaryimage"},"image":{"@id":"https:\/\/www.jbnordic.se\/butik\/frasning\/tillbehor-frasmaskin-2\/blankhallare-till-vhf\/#primaryimage"},"thumbnailUrl":"https:\/\/www.jbnordic.se\/wp-content\/uploads\/2022\/09\/quickframe_vhf_S2-S5_01.jpg","datePublished":"2019-07-02T11:21:24+00:00","dateModified":"2026-05-15T08:44:49+00:00","breadcrumb":{"@id":"https:\/\/www.jbnordic.se\/butik\/frasning\/tillbehor-frasmaskin-2\/blankhallare-till-vhf\/#breadcrumb"},"inLanguage":"en-US","potentialAction":[{"@type":"ReadAction","target":["https:\/\/www.jbnordic.se\/butik\/frasning\/tillbehor-frasmaskin-2\/blankhallare-till-vhf\/"]}]},{"@type":"ImageObject","inLanguage":"en-US","@id":"https:\/\/www.jbnordic.se\/butik\/frasning\/tillbehor-frasmaskin-2\/blankhallare-till-vhf\/#primaryimage","url":"https:\/\/www.jbnordic.se\/wp-content\/uploads\/2022\/09\/quickframe_vhf_S2-S5_01.jpg","contentUrl":"https:\/\/www.jbnordic.se\/wp-content\/uploads\/2022\/09\/quickframe_vhf_S2-S5_01.jpg","width":1080,"height":1080,"caption":"vhf QuickFrame S2\/S5"},{"@type":"BreadcrumbList","@id":"https:\/\/www.jbnordic.se\/butik\/frasning\/tillbehor-frasmaskin-2\/blankhallare-till-vhf\/#breadcrumb","itemListElement":[{"@type":"ListItem","position":1,"name":"Hem","item":"https:\/\/www.jbnordic.se\/"},{"@type":"ListItem","position":2,"name":"Blankh\u00e5llare till vhf"}]},{"@type":"WebSite","@id":"https:\/\/www.jbnordic.se\/#website","url":"https:\/\/www.jbnordic.se\/","name":"JB Nordic AB","description":"Kunskap!","publisher":{"@id":"https:\/\/www.jbnordic.se\/#organization"},"potentialAction":[{"@type":"SearchAction","target":{"@type":"EntryPoint","urlTemplate":"https:\/\/www.jbnordic.se\/?s={search_term_string}"},"query-input":{"@type":"PropertyValueSpecification","valueRequired":true,"valueName":"search_term_string"}}],"inLanguage":"en-US"},{"@type":"Organization","@id":"https:\/\/www.jbnordic.se\/#organization","name":"JB Nordic","url":"https:\/\/www.jbnordic.se\/","logo":{"@type":"ImageObject","inLanguage":"en-US","@id":"https:\/\/www.jbnordic.se\/#\/schema\/logo\/image\/","url":"https:\/\/www.jbnordic.se\/wp-content\/uploads\/2022\/02\/jb_nordic_logo_blk_h100px.png","contentUrl":"https:\/\/www.jbnordic.se\/wp-content\/uploads\/2022\/02\/jb_nordic_logo_blk_h100px.png","width":480,"height":100,"caption":"JB Nordic"},"image":{"@id":"https:\/\/www.jbnordic.se\/#\/schema\/logo\/image\/"},"sameAs":["https:\/\/www.facebook.com\/jbnordic","https:\/\/www.linkedin.com\/company\/jbnordic.se","https:\/\/www.instagram.com\/jbnordic\/"]}]}},"kroconnect":{"tax_rate":25,"price_inc_vat":{"regular_price":1599},"price_ex_vat":{"regular_price":1599}},"_links":{"self":[{"href":"https:\/\/www.jbnordic.se\/en\/wp-json\/wp\/v2\/product\/5679","targetHints":{"allow":["GET"]}}],"collection":[{"href":"https:\/\/www.jbnordic.se\/en\/wp-json\/wp\/v2\/product"}],"about":[{"href":"https:\/\/www.jbnordic.se\/en\/wp-json\/wp\/v2\/types\/product"}],"wp:featuredmedia":[{"embeddable":true,"href":"https:\/\/www.jbnordic.se\/en\/wp-json\/wp\/v2\/media\/69590"}],"wp:attachment":[{"href":"https:\/\/www.jbnordic.se\/en\/wp-json\/wp\/v2\/media?parent=5679"}],"wp:term":[{"taxonomy":"product_brand","embeddable":true,"href":"https:\/\/www.jbnordic.se\/en\/wp-json\/wp\/v2\/product_brand?post=5679"},{"taxonomy":"product_cat","embeddable":true,"href":"https:\/\/www.jbnordic.se\/en\/wp-json\/wp\/v2\/product_cat?post=5679"},{"taxonomy":"product_tag","embeddable":true,"href":"https:\/\/www.jbnordic.se\/en\/wp-json\/wp\/v2\/product_tag?post=5679"}],"curies":[{"name":"wp","href":"https:\/\/api.w.org\/{rel}","templated":true}]}}