{"id":48403,"date":"2021-12-23T09:49:58","date_gmt":"2021-12-23T08:49:58","guid":{"rendered":"https:\/\/www.jbnordic.se\/?post_type=product&#038;p=48403"},"modified":"2026-02-11T11:07:51","modified_gmt":"2026-02-11T10:07:51","slug":"frasverktyg-universal-vhf","status":"publish","type":"product","link":"https:\/\/www.jbnordic.se\/en\/butik\/frasning\/frasverktyg\/frasverktyg-universal-vhf\/","title":{"rendered":"Special tools for Zr, PMMA, wax \u2013 vhf"},"content":{"rendered":"","protected":false},"excerpt":{"rendered":"<p><strong>These tools can be selected if you wish to mill exceptionally fine details in either zirconia, PMMA or wax. Total length 40mm.<\/strong><\/p>\n<p class=\"translation-block\"><strong><span style=\"color: #00b9a3\">U030-R2-40<\/span><br>\n0.3mm<\/strong> can be used, for example, when you want to mill even finer fissures than the more common 0.6mm tool can handle.<\/p>\n<p class=\"translation-block\"><strong><span style=\"color: #00b9a3\">U050-F2-40<\/span><br>\n0.5mm<\/strong> can be used when milling implant structures that have very fine details. It has a flat profile (see picture), which allows it to mill out sharp small corners.<\/p>","protected":false},"featured_media":69326,"template":"","meta":[],"product_brand":[273],"product_cat":[50,65],"product_tag":[121],"class_list":{"0":"post-48403","1":"product","2":"type-product","3":"status-publish","4":"has-post-thumbnail","6":"product_brand-vhf","7":"product_cat-frasverktyg","8":"product_cat-pmma-vax","9":"product_tag-vhf","11":"first","12":"instock","13":"taxable","14":"shipping-taxable","15":"product-type-grouped"},"yoast_head":"<!-- This site is optimized with the Yoast SEO plugin v26.7 - https:\/\/yoast.com\/wordpress\/plugins\/seo\/ -->\n<title>Specialverktyg f\u00f6r Zr, PMMA, vax - vhf - JB Nordic AB<\/title>\n<meta name=\"robots\" content=\"index, follow, max-snippet:-1, max-image-preview:large, max-video-preview:-1\" \/>\n<link rel=\"canonical\" href=\"https:\/\/www.jbnordic.se\/en\/butik\/frasning\/frasverktyg\/frasverktyg-universal-vhf\/\" \/>\n<meta property=\"og:locale\" content=\"en_US\" \/>\n<meta property=\"og:type\" content=\"article\" \/>\n<meta property=\"og:title\" content=\"Specialverktyg f\u00f6r Zr, PMMA, vax - vhf - JB Nordic AB\" \/>\n<meta property=\"og:description\" content=\"De h\u00e4r verktygen kan v\u00e4ljas till om du \u00f6nskar fr\u00e4sa exceptionellt fina detaljer i antingen zirkonia, PMMA eller vax. Totall\u00e4ngd 40mm.  U030-R2-40 0,3mm kan t.ex. anv\u00e4ndas n\u00e4r du vill fr\u00e4sa \u00e4nnu finare fissurer \u00e4n det vanligare verktyget p\u00e5 0,6mm klarar av.  U050-F2-40 0,5mm kan anv\u00e4ndas vid fr\u00e4sning av implantatkonstruktioner som har mycket fina detaljer. Den har en platt profil (se bild), som g\u00f6r att den kommer \u00e5t att fr\u00e4sa ut skarpa sm\u00e5 h\u00f6rn.\" \/>\n<meta property=\"og:url\" content=\"https:\/\/www.jbnordic.se\/en\/butik\/frasning\/frasverktyg\/frasverktyg-universal-vhf\/\" \/>\n<meta property=\"og:site_name\" content=\"JB Nordic AB\" \/>\n<meta property=\"article:publisher\" content=\"https:\/\/www.facebook.com\/jbnordic\" \/>\n<meta property=\"article:modified_time\" content=\"2026-02-11T10:07:51+00:00\" \/>\n<meta property=\"og:image\" content=\"https:\/\/www.jbnordic.se\/wp-content\/uploads\/2021\/12\/VHF_tools_special_new.jpg\" \/>\n\t<meta property=\"og:image:width\" content=\"1080\" \/>\n\t<meta property=\"og:image:height\" content=\"1080\" \/>\n\t<meta property=\"og:image:type\" content=\"image\/jpeg\" \/>\n<meta name=\"twitter:card\" content=\"summary_large_image\" \/>\n<meta name=\"twitter:label1\" content=\"Est. reading time\" \/>\n\t<meta name=\"twitter:data1\" content=\"1 minute\" \/>\n<script type=\"application\/ld+json\" class=\"yoast-schema-graph\">{\"@context\":\"https:\/\/schema.org\",\"@graph\":[{\"@type\":\"WebPage\",\"@id\":\"https:\/\/www.jbnordic.se\/butik\/frasning\/frasverktyg\/frasverktyg-universal-vhf\/\",\"url\":\"https:\/\/www.jbnordic.se\/butik\/frasning\/frasverktyg\/frasverktyg-universal-vhf\/\",\"name\":\"Specialverktyg f\u00f6r Zr, PMMA, vax - vhf - JB Nordic AB\",\"isPartOf\":{\"@id\":\"https:\/\/www.jbnordic.se\/#website\"},\"primaryImageOfPage\":{\"@id\":\"https:\/\/www.jbnordic.se\/butik\/frasning\/frasverktyg\/frasverktyg-universal-vhf\/#primaryimage\"},\"image\":{\"@id\":\"https:\/\/www.jbnordic.se\/butik\/frasning\/frasverktyg\/frasverktyg-universal-vhf\/#primaryimage\"},\"thumbnailUrl\":\"https:\/\/www.jbnordic.se\/wp-content\/uploads\/2021\/12\/VHF_tools_special_new.jpg\",\"datePublished\":\"2021-12-23T08:49:58+00:00\",\"dateModified\":\"2026-02-11T10:07:51+00:00\",\"breadcrumb\":{\"@id\":\"https:\/\/www.jbnordic.se\/butik\/frasning\/frasverktyg\/frasverktyg-universal-vhf\/#breadcrumb\"},\"inLanguage\":\"en-US\",\"potentialAction\":[{\"@type\":\"ReadAction\",\"target\":[\"https:\/\/www.jbnordic.se\/butik\/frasning\/frasverktyg\/frasverktyg-universal-vhf\/\"]}]},{\"@type\":\"ImageObject\",\"inLanguage\":\"en-US\",\"@id\":\"https:\/\/www.jbnordic.se\/butik\/frasning\/frasverktyg\/frasverktyg-universal-vhf\/#primaryimage\",\"url\":\"https:\/\/www.jbnordic.se\/wp-content\/uploads\/2021\/12\/VHF_tools_special_new.jpg\",\"contentUrl\":\"https:\/\/www.jbnordic.se\/wp-content\/uploads\/2021\/12\/VHF_tools_special_new.jpg\",\"width\":1080,\"height\":1080,\"caption\":\"Special tools vhf\"},{\"@type\":\"BreadcrumbList\",\"@id\":\"https:\/\/www.jbnordic.se\/butik\/frasning\/frasverktyg\/frasverktyg-universal-vhf\/#breadcrumb\",\"itemListElement\":[{\"@type\":\"ListItem\",\"position\":1,\"name\":\"Hem\",\"item\":\"https:\/\/www.jbnordic.se\/\"},{\"@type\":\"ListItem\",\"position\":2,\"name\":\"Specialverktyg f\u00f6r Zr, PMMA, vax &#8211; vhf\"}]},{\"@type\":\"WebSite\",\"@id\":\"https:\/\/www.jbnordic.se\/#website\",\"url\":\"https:\/\/www.jbnordic.se\/\",\"name\":\"JB Nordic AB\",\"description\":\"Kunskap!\",\"publisher\":{\"@id\":\"https:\/\/www.jbnordic.se\/#organization\"},\"potentialAction\":[{\"@type\":\"SearchAction\",\"target\":{\"@type\":\"EntryPoint\",\"urlTemplate\":\"https:\/\/www.jbnordic.se\/?s={search_term_string}\"},\"query-input\":{\"@type\":\"PropertyValueSpecification\",\"valueRequired\":true,\"valueName\":\"search_term_string\"}}],\"inLanguage\":\"en-US\"},{\"@type\":\"Organization\",\"@id\":\"https:\/\/www.jbnordic.se\/#organization\",\"name\":\"JB Nordic\",\"url\":\"https:\/\/www.jbnordic.se\/\",\"logo\":{\"@type\":\"ImageObject\",\"inLanguage\":\"en-US\",\"@id\":\"https:\/\/www.jbnordic.se\/#\/schema\/logo\/image\/\",\"url\":\"https:\/\/www.jbnordic.se\/wp-content\/uploads\/2022\/02\/jb_nordic_logo_blk_h100px.png\",\"contentUrl\":\"https:\/\/www.jbnordic.se\/wp-content\/uploads\/2022\/02\/jb_nordic_logo_blk_h100px.png\",\"width\":480,\"height\":100,\"caption\":\"JB Nordic\"},\"image\":{\"@id\":\"https:\/\/www.jbnordic.se\/#\/schema\/logo\/image\/\"},\"sameAs\":[\"https:\/\/www.facebook.com\/jbnordic\",\"https:\/\/www.linkedin.com\/company\/jbnordic.se\",\"https:\/\/www.instagram.com\/jbnordic\/\"]}]}<\/script>\n<!-- \/ Yoast SEO plugin. -->","yoast_head_json":{"title":"Specialverktyg f\u00f6r Zr, PMMA, vax - vhf - JB Nordic AB","robots":{"index":"index","follow":"follow","max-snippet":"max-snippet:-1","max-image-preview":"max-image-preview:large","max-video-preview":"max-video-preview:-1"},"canonical":"https:\/\/www.jbnordic.se\/en\/butik\/frasning\/frasverktyg\/frasverktyg-universal-vhf\/","og_locale":"en_US","og_type":"article","og_title":"Specialverktyg f\u00f6r Zr, PMMA, vax - vhf - JB Nordic AB","og_description":"De h\u00e4r verktygen kan v\u00e4ljas till om du \u00f6nskar fr\u00e4sa exceptionellt fina detaljer i antingen zirkonia, PMMA eller vax. Totall\u00e4ngd 40mm.  U030-R2-40 0,3mm kan t.ex. anv\u00e4ndas n\u00e4r du vill fr\u00e4sa \u00e4nnu finare fissurer \u00e4n det vanligare verktyget p\u00e5 0,6mm klarar av.  U050-F2-40 0,5mm kan anv\u00e4ndas vid fr\u00e4sning av implantatkonstruktioner som har mycket fina detaljer. Den har en platt profil (se bild), som g\u00f6r att den kommer \u00e5t att fr\u00e4sa ut skarpa sm\u00e5 h\u00f6rn.","og_url":"https:\/\/www.jbnordic.se\/en\/butik\/frasning\/frasverktyg\/frasverktyg-universal-vhf\/","og_site_name":"JB Nordic AB","article_publisher":"https:\/\/www.facebook.com\/jbnordic","article_modified_time":"2026-02-11T10:07:51+00:00","og_image":[{"width":1080,"height":1080,"url":"https:\/\/www.jbnordic.se\/wp-content\/uploads\/2021\/12\/VHF_tools_special_new.jpg","type":"image\/jpeg"}],"twitter_card":"summary_large_image","twitter_misc":{"Est. reading time":"1 minute"},"schema":{"@context":"https:\/\/schema.org","@graph":[{"@type":"WebPage","@id":"https:\/\/www.jbnordic.se\/butik\/frasning\/frasverktyg\/frasverktyg-universal-vhf\/","url":"https:\/\/www.jbnordic.se\/butik\/frasning\/frasverktyg\/frasverktyg-universal-vhf\/","name":"Specialverktyg f\u00f6r Zr, PMMA, vax - vhf - JB Nordic AB","isPartOf":{"@id":"https:\/\/www.jbnordic.se\/#website"},"primaryImageOfPage":{"@id":"https:\/\/www.jbnordic.se\/butik\/frasning\/frasverktyg\/frasverktyg-universal-vhf\/#primaryimage"},"image":{"@id":"https:\/\/www.jbnordic.se\/butik\/frasning\/frasverktyg\/frasverktyg-universal-vhf\/#primaryimage"},"thumbnailUrl":"https:\/\/www.jbnordic.se\/wp-content\/uploads\/2021\/12\/VHF_tools_special_new.jpg","datePublished":"2021-12-23T08:49:58+00:00","dateModified":"2026-02-11T10:07:51+00:00","breadcrumb":{"@id":"https:\/\/www.jbnordic.se\/butik\/frasning\/frasverktyg\/frasverktyg-universal-vhf\/#breadcrumb"},"inLanguage":"en-US","potentialAction":[{"@type":"ReadAction","target":["https:\/\/www.jbnordic.se\/butik\/frasning\/frasverktyg\/frasverktyg-universal-vhf\/"]}]},{"@type":"ImageObject","inLanguage":"en-US","@id":"https:\/\/www.jbnordic.se\/butik\/frasning\/frasverktyg\/frasverktyg-universal-vhf\/#primaryimage","url":"https:\/\/www.jbnordic.se\/wp-content\/uploads\/2021\/12\/VHF_tools_special_new.jpg","contentUrl":"https:\/\/www.jbnordic.se\/wp-content\/uploads\/2021\/12\/VHF_tools_special_new.jpg","width":1080,"height":1080,"caption":"Special tools vhf"},{"@type":"BreadcrumbList","@id":"https:\/\/www.jbnordic.se\/butik\/frasning\/frasverktyg\/frasverktyg-universal-vhf\/#breadcrumb","itemListElement":[{"@type":"ListItem","position":1,"name":"Hem","item":"https:\/\/www.jbnordic.se\/"},{"@type":"ListItem","position":2,"name":"Specialverktyg f\u00f6r Zr, PMMA, vax &#8211; vhf"}]},{"@type":"WebSite","@id":"https:\/\/www.jbnordic.se\/#website","url":"https:\/\/www.jbnordic.se\/","name":"JB Nordic AB","description":"Kunskap!","publisher":{"@id":"https:\/\/www.jbnordic.se\/#organization"},"potentialAction":[{"@type":"SearchAction","target":{"@type":"EntryPoint","urlTemplate":"https:\/\/www.jbnordic.se\/?s={search_term_string}"},"query-input":{"@type":"PropertyValueSpecification","valueRequired":true,"valueName":"search_term_string"}}],"inLanguage":"en-US"},{"@type":"Organization","@id":"https:\/\/www.jbnordic.se\/#organization","name":"JB Nordic","url":"https:\/\/www.jbnordic.se\/","logo":{"@type":"ImageObject","inLanguage":"en-US","@id":"https:\/\/www.jbnordic.se\/#\/schema\/logo\/image\/","url":"https:\/\/www.jbnordic.se\/wp-content\/uploads\/2022\/02\/jb_nordic_logo_blk_h100px.png","contentUrl":"https:\/\/www.jbnordic.se\/wp-content\/uploads\/2022\/02\/jb_nordic_logo_blk_h100px.png","width":480,"height":100,"caption":"JB Nordic"},"image":{"@id":"https:\/\/www.jbnordic.se\/#\/schema\/logo\/image\/"},"sameAs":["https:\/\/www.facebook.com\/jbnordic","https:\/\/www.linkedin.com\/company\/jbnordic.se","https:\/\/www.instagram.com\/jbnordic\/"]}]}},"kroconnect":{"tax_rate":25,"price_inc_vat":{"regular_price":349},"price_ex_vat":{"regular_price":349}},"_links":{"self":[{"href":"https:\/\/www.jbnordic.se\/en\/wp-json\/wp\/v2\/product\/48403","targetHints":{"allow":["GET"]}}],"collection":[{"href":"https:\/\/www.jbnordic.se\/en\/wp-json\/wp\/v2\/product"}],"about":[{"href":"https:\/\/www.jbnordic.se\/en\/wp-json\/wp\/v2\/types\/product"}],"wp:featuredmedia":[{"embeddable":true,"href":"https:\/\/www.jbnordic.se\/en\/wp-json\/wp\/v2\/media\/69326"}],"wp:attachment":[{"href":"https:\/\/www.jbnordic.se\/en\/wp-json\/wp\/v2\/media?parent=48403"}],"wp:term":[{"taxonomy":"product_brand","embeddable":true,"href":"https:\/\/www.jbnordic.se\/en\/wp-json\/wp\/v2\/product_brand?post=48403"},{"taxonomy":"product_cat","embeddable":true,"href":"https:\/\/www.jbnordic.se\/en\/wp-json\/wp\/v2\/product_cat?post=48403"},{"taxonomy":"product_tag","embeddable":true,"href":"https:\/\/www.jbnordic.se\/en\/wp-json\/wp\/v2\/product_tag?post=48403"}],"curies":[{"name":"wp","href":"https:\/\/api.w.org\/{rel}","templated":true}]}}