{"id":46984,"date":"2021-12-01T17:09:16","date_gmt":"2021-12-01T16:09:16","guid":{"rendered":"https:\/\/www.jbnordic.se\/?post_type=product&#038;p=46984"},"modified":"2026-02-11T11:05:51","modified_gmt":"2026-02-11T10:05:51","slug":"frasverktyg-for-metall-vhf","status":"publish","type":"product","link":"https:\/\/www.jbnordic.se\/en\/butik\/frasning\/frasverktyg\/frasverktyg-for-metall-vhf\/","title":{"rendered":"Milling tools for metal \u2013 vhf"},"content":{"rendered":"","protected":false},"excerpt":{"rendered":"<p><strong>These tools are optimized for milling Co-Cr (dry) or Titanium (requires water cooling). Total length 35mm.<\/strong><\/p>\n<p><strong><span style=\"color: #00b9a3;\">M200-R4-35 | M100-R2-35<\/span><br \/>\n2mm<\/strong> och <strong>1mm<\/strong> beh\u00f6vs oavsett vad som ska fr\u00e4sa. Anv\u00e4nds till den st\u00f6rsta delen av fr\u00e4sjobbet och beh\u00f6ver bytas oftare \u00e4n 0,6mm och 1,2mm.<\/p>\n<p><strong><span style=\"color: #00b9a3;\">M120-T2-35<\/span><br \/>\n1,2mm<\/strong> beh\u00f6vs f\u00f6r m\u00e5nga implantatkonstruktioner. Har platt profil (se bild), som g\u00f6r att den kommer \u00e5t att fr\u00e4sa ut skarpa h\u00f6rn.<\/p>\n<p><strong><span style=\"color: #00b9a3;\">M060-R2-35<\/span><br \/>\n0,6mm<\/strong> beh\u00f6vs f\u00f6r vissa rotationsl\u00e5s (implantatkonstruktioner) och f\u00f6r att separera b\u00e4ttre mellan led. Kan \u00e4ven anv\u00e4ndas f\u00f6r fissurer i metall.<\/p>","protected":false},"featured_media":69147,"template":"","meta":[],"product_brand":[273],"product_cat":[50,64],"product_tag":[121],"class_list":{"0":"post-46984","1":"product","2":"type-product","3":"status-publish","4":"has-post-thumbnail","6":"product_brand-vhf","7":"product_cat-frasverktyg","8":"product_cat-metall","9":"product_tag-vhf","11":"first","12":"instock","13":"taxable","14":"shipping-taxable","15":"product-type-grouped"},"yoast_head":"<!-- This site is optimized with the Yoast SEO plugin v26.7 - https:\/\/yoast.com\/wordpress\/plugins\/seo\/ -->\n<title>Fr\u00e4sverktyg f\u00f6r metall - vhf - JB Nordic AB<\/title>\n<meta name=\"robots\" content=\"index, follow, max-snippet:-1, max-image-preview:large, max-video-preview:-1\" \/>\n<link rel=\"canonical\" href=\"https:\/\/www.jbnordic.se\/en\/butik\/frasning\/frasverktyg\/frasverktyg-for-metall-vhf\/\" \/>\n<meta property=\"og:locale\" content=\"en_US\" \/>\n<meta property=\"og:type\" content=\"article\" \/>\n<meta property=\"og:title\" content=\"Fr\u00e4sverktyg f\u00f6r metall - vhf - JB Nordic AB\" \/>\n<meta property=\"og:description\" content=\"Dessa verktyg \u00e4r optimerade f\u00f6r fr\u00e4sning i Co-Cr (torrt) eller Titan (kr\u00e4ver vattenkylning). Totall\u00e4ngd 35mm.  M200-R4-35 | M100-R2-35 2mm och 1mm beh\u00f6vs oavsett vad som ska fr\u00e4sa. Anv\u00e4nds till den st\u00f6rsta delen av fr\u00e4sjobbet och beh\u00f6ver bytas oftare \u00e4n 0,6mm och 1,2mm.  M120-T2-35 1,2mm beh\u00f6vs f\u00f6r m\u00e5nga implantatkonstruktioner. Har platt profil (se bild), som g\u00f6r att den kommer \u00e5t att fr\u00e4sa ut skarpa h\u00f6rn.  M060-R2-35 0,6mm beh\u00f6vs f\u00f6r vissa rotationsl\u00e5s (implantatkonstruktioner) och f\u00f6r att separera b\u00e4ttre mellan led. Kan \u00e4ven anv\u00e4ndas f\u00f6r fissurer i metall.\" \/>\n<meta property=\"og:url\" content=\"https:\/\/www.jbnordic.se\/en\/butik\/frasning\/frasverktyg\/frasverktyg-for-metall-vhf\/\" \/>\n<meta property=\"og:site_name\" content=\"JB Nordic AB\" \/>\n<meta property=\"article:publisher\" content=\"https:\/\/www.facebook.com\/jbnordic\" \/>\n<meta property=\"article:modified_time\" content=\"2026-02-11T10:05:51+00:00\" \/>\n<meta property=\"og:image\" content=\"https:\/\/www.jbnordic.se\/wp-content\/uploads\/2021\/12\/VHF_tools_metal_new.jpg\" \/>\n\t<meta property=\"og:image:width\" content=\"1080\" \/>\n\t<meta property=\"og:image:height\" content=\"1080\" \/>\n\t<meta property=\"og:image:type\" content=\"image\/jpeg\" \/>\n<meta name=\"twitter:card\" content=\"summary_large_image\" \/>\n<meta name=\"twitter:label1\" content=\"Est. reading time\" \/>\n\t<meta name=\"twitter:data1\" content=\"1 minute\" \/>\n<script type=\"application\/ld+json\" class=\"yoast-schema-graph\">{\"@context\":\"https:\/\/schema.org\",\"@graph\":[{\"@type\":\"WebPage\",\"@id\":\"https:\/\/www.jbnordic.se\/butik\/frasning\/frasverktyg\/frasverktyg-for-metall-vhf\/\",\"url\":\"https:\/\/www.jbnordic.se\/butik\/frasning\/frasverktyg\/frasverktyg-for-metall-vhf\/\",\"name\":\"Fr\u00e4sverktyg f\u00f6r metall - vhf - JB Nordic AB\",\"isPartOf\":{\"@id\":\"https:\/\/www.jbnordic.se\/#website\"},\"primaryImageOfPage\":{\"@id\":\"https:\/\/www.jbnordic.se\/butik\/frasning\/frasverktyg\/frasverktyg-for-metall-vhf\/#primaryimage\"},\"image\":{\"@id\":\"https:\/\/www.jbnordic.se\/butik\/frasning\/frasverktyg\/frasverktyg-for-metall-vhf\/#primaryimage\"},\"thumbnailUrl\":\"https:\/\/www.jbnordic.se\/wp-content\/uploads\/2021\/12\/VHF_tools_metal_new.jpg\",\"datePublished\":\"2021-12-01T16:09:16+00:00\",\"dateModified\":\"2026-02-11T10:05:51+00:00\",\"breadcrumb\":{\"@id\":\"https:\/\/www.jbnordic.se\/butik\/frasning\/frasverktyg\/frasverktyg-for-metall-vhf\/#breadcrumb\"},\"inLanguage\":\"en-US\",\"potentialAction\":[{\"@type\":\"ReadAction\",\"target\":[\"https:\/\/www.jbnordic.se\/butik\/frasning\/frasverktyg\/frasverktyg-for-metall-vhf\/\"]}]},{\"@type\":\"ImageObject\",\"inLanguage\":\"en-US\",\"@id\":\"https:\/\/www.jbnordic.se\/butik\/frasning\/frasverktyg\/frasverktyg-for-metall-vhf\/#primaryimage\",\"url\":\"https:\/\/www.jbnordic.se\/wp-content\/uploads\/2021\/12\/VHF_tools_metal_new.jpg\",\"contentUrl\":\"https:\/\/www.jbnordic.se\/wp-content\/uploads\/2021\/12\/VHF_tools_metal_new.jpg\",\"width\":1080,\"height\":1080,\"caption\":\"Metal tools vhf\"},{\"@type\":\"BreadcrumbList\",\"@id\":\"https:\/\/www.jbnordic.se\/butik\/frasning\/frasverktyg\/frasverktyg-for-metall-vhf\/#breadcrumb\",\"itemListElement\":[{\"@type\":\"ListItem\",\"position\":1,\"name\":\"Hem\",\"item\":\"https:\/\/www.jbnordic.se\/\"},{\"@type\":\"ListItem\",\"position\":2,\"name\":\"Fr\u00e4sverktyg f\u00f6r metall &#8211; vhf\"}]},{\"@type\":\"WebSite\",\"@id\":\"https:\/\/www.jbnordic.se\/#website\",\"url\":\"https:\/\/www.jbnordic.se\/\",\"name\":\"JB Nordic AB\",\"description\":\"Kunskap!\",\"publisher\":{\"@id\":\"https:\/\/www.jbnordic.se\/#organization\"},\"potentialAction\":[{\"@type\":\"SearchAction\",\"target\":{\"@type\":\"EntryPoint\",\"urlTemplate\":\"https:\/\/www.jbnordic.se\/?s={search_term_string}\"},\"query-input\":{\"@type\":\"PropertyValueSpecification\",\"valueRequired\":true,\"valueName\":\"search_term_string\"}}],\"inLanguage\":\"en-US\"},{\"@type\":\"Organization\",\"@id\":\"https:\/\/www.jbnordic.se\/#organization\",\"name\":\"JB Nordic\",\"url\":\"https:\/\/www.jbnordic.se\/\",\"logo\":{\"@type\":\"ImageObject\",\"inLanguage\":\"en-US\",\"@id\":\"https:\/\/www.jbnordic.se\/#\/schema\/logo\/image\/\",\"url\":\"https:\/\/www.jbnordic.se\/wp-content\/uploads\/2022\/02\/jb_nordic_logo_blk_h100px.png\",\"contentUrl\":\"https:\/\/www.jbnordic.se\/wp-content\/uploads\/2022\/02\/jb_nordic_logo_blk_h100px.png\",\"width\":480,\"height\":100,\"caption\":\"JB Nordic\"},\"image\":{\"@id\":\"https:\/\/www.jbnordic.se\/#\/schema\/logo\/image\/\"},\"sameAs\":[\"https:\/\/www.facebook.com\/jbnordic\",\"https:\/\/www.linkedin.com\/company\/jbnordic.se\",\"https:\/\/www.instagram.com\/jbnordic\/\"]}]}<\/script>\n<!-- \/ Yoast SEO plugin. -->","yoast_head_json":{"title":"Fr\u00e4sverktyg f\u00f6r metall - vhf - JB Nordic AB","robots":{"index":"index","follow":"follow","max-snippet":"max-snippet:-1","max-image-preview":"max-image-preview:large","max-video-preview":"max-video-preview:-1"},"canonical":"https:\/\/www.jbnordic.se\/en\/butik\/frasning\/frasverktyg\/frasverktyg-for-metall-vhf\/","og_locale":"en_US","og_type":"article","og_title":"Fr\u00e4sverktyg f\u00f6r metall - vhf - JB Nordic AB","og_description":"Dessa verktyg \u00e4r optimerade f\u00f6r fr\u00e4sning i Co-Cr (torrt) eller Titan (kr\u00e4ver vattenkylning). Totall\u00e4ngd 35mm.  M200-R4-35 | M100-R2-35 2mm och 1mm beh\u00f6vs oavsett vad som ska fr\u00e4sa. Anv\u00e4nds till den st\u00f6rsta delen av fr\u00e4sjobbet och beh\u00f6ver bytas oftare \u00e4n 0,6mm och 1,2mm.  M120-T2-35 1,2mm beh\u00f6vs f\u00f6r m\u00e5nga implantatkonstruktioner. Har platt profil (se bild), som g\u00f6r att den kommer \u00e5t att fr\u00e4sa ut skarpa h\u00f6rn.  M060-R2-35 0,6mm beh\u00f6vs f\u00f6r vissa rotationsl\u00e5s (implantatkonstruktioner) och f\u00f6r att separera b\u00e4ttre mellan led. Kan \u00e4ven anv\u00e4ndas f\u00f6r fissurer i metall.","og_url":"https:\/\/www.jbnordic.se\/en\/butik\/frasning\/frasverktyg\/frasverktyg-for-metall-vhf\/","og_site_name":"JB Nordic AB","article_publisher":"https:\/\/www.facebook.com\/jbnordic","article_modified_time":"2026-02-11T10:05:51+00:00","og_image":[{"width":1080,"height":1080,"url":"https:\/\/www.jbnordic.se\/wp-content\/uploads\/2021\/12\/VHF_tools_metal_new.jpg","type":"image\/jpeg"}],"twitter_card":"summary_large_image","twitter_misc":{"Est. reading time":"1 minute"},"schema":{"@context":"https:\/\/schema.org","@graph":[{"@type":"WebPage","@id":"https:\/\/www.jbnordic.se\/butik\/frasning\/frasverktyg\/frasverktyg-for-metall-vhf\/","url":"https:\/\/www.jbnordic.se\/butik\/frasning\/frasverktyg\/frasverktyg-for-metall-vhf\/","name":"Fr\u00e4sverktyg f\u00f6r metall - vhf - JB Nordic AB","isPartOf":{"@id":"https:\/\/www.jbnordic.se\/#website"},"primaryImageOfPage":{"@id":"https:\/\/www.jbnordic.se\/butik\/frasning\/frasverktyg\/frasverktyg-for-metall-vhf\/#primaryimage"},"image":{"@id":"https:\/\/www.jbnordic.se\/butik\/frasning\/frasverktyg\/frasverktyg-for-metall-vhf\/#primaryimage"},"thumbnailUrl":"https:\/\/www.jbnordic.se\/wp-content\/uploads\/2021\/12\/VHF_tools_metal_new.jpg","datePublished":"2021-12-01T16:09:16+00:00","dateModified":"2026-02-11T10:05:51+00:00","breadcrumb":{"@id":"https:\/\/www.jbnordic.se\/butik\/frasning\/frasverktyg\/frasverktyg-for-metall-vhf\/#breadcrumb"},"inLanguage":"en-US","potentialAction":[{"@type":"ReadAction","target":["https:\/\/www.jbnordic.se\/butik\/frasning\/frasverktyg\/frasverktyg-for-metall-vhf\/"]}]},{"@type":"ImageObject","inLanguage":"en-US","@id":"https:\/\/www.jbnordic.se\/butik\/frasning\/frasverktyg\/frasverktyg-for-metall-vhf\/#primaryimage","url":"https:\/\/www.jbnordic.se\/wp-content\/uploads\/2021\/12\/VHF_tools_metal_new.jpg","contentUrl":"https:\/\/www.jbnordic.se\/wp-content\/uploads\/2021\/12\/VHF_tools_metal_new.jpg","width":1080,"height":1080,"caption":"Metal tools vhf"},{"@type":"BreadcrumbList","@id":"https:\/\/www.jbnordic.se\/butik\/frasning\/frasverktyg\/frasverktyg-for-metall-vhf\/#breadcrumb","itemListElement":[{"@type":"ListItem","position":1,"name":"Hem","item":"https:\/\/www.jbnordic.se\/"},{"@type":"ListItem","position":2,"name":"Fr\u00e4sverktyg f\u00f6r metall &#8211; vhf"}]},{"@type":"WebSite","@id":"https:\/\/www.jbnordic.se\/#website","url":"https:\/\/www.jbnordic.se\/","name":"JB Nordic AB","description":"Kunskap!","publisher":{"@id":"https:\/\/www.jbnordic.se\/#organization"},"potentialAction":[{"@type":"SearchAction","target":{"@type":"EntryPoint","urlTemplate":"https:\/\/www.jbnordic.se\/?s={search_term_string}"},"query-input":{"@type":"PropertyValueSpecification","valueRequired":true,"valueName":"search_term_string"}}],"inLanguage":"en-US"},{"@type":"Organization","@id":"https:\/\/www.jbnordic.se\/#organization","name":"JB Nordic","url":"https:\/\/www.jbnordic.se\/","logo":{"@type":"ImageObject","inLanguage":"en-US","@id":"https:\/\/www.jbnordic.se\/#\/schema\/logo\/image\/","url":"https:\/\/www.jbnordic.se\/wp-content\/uploads\/2022\/02\/jb_nordic_logo_blk_h100px.png","contentUrl":"https:\/\/www.jbnordic.se\/wp-content\/uploads\/2022\/02\/jb_nordic_logo_blk_h100px.png","width":480,"height":100,"caption":"JB Nordic"},"image":{"@id":"https:\/\/www.jbnordic.se\/#\/schema\/logo\/image\/"},"sameAs":["https:\/\/www.facebook.com\/jbnordic","https:\/\/www.linkedin.com\/company\/jbnordic.se","https:\/\/www.instagram.com\/jbnordic\/"]}]}},"kroconnect":{"tax_rate":25,"price_inc_vat":{"regular_price":349},"price_ex_vat":{"regular_price":349}},"_links":{"self":[{"href":"https:\/\/www.jbnordic.se\/en\/wp-json\/wp\/v2\/product\/46984","targetHints":{"allow":["GET"]}}],"collection":[{"href":"https:\/\/www.jbnordic.se\/en\/wp-json\/wp\/v2\/product"}],"about":[{"href":"https:\/\/www.jbnordic.se\/en\/wp-json\/wp\/v2\/types\/product"}],"wp:featuredmedia":[{"embeddable":true,"href":"https:\/\/www.jbnordic.se\/en\/wp-json\/wp\/v2\/media\/69147"}],"wp:attachment":[{"href":"https:\/\/www.jbnordic.se\/en\/wp-json\/wp\/v2\/media?parent=46984"}],"wp:term":[{"taxonomy":"product_brand","embeddable":true,"href":"https:\/\/www.jbnordic.se\/en\/wp-json\/wp\/v2\/product_brand?post=46984"},{"taxonomy":"product_cat","embeddable":true,"href":"https:\/\/www.jbnordic.se\/en\/wp-json\/wp\/v2\/product_cat?post=46984"},{"taxonomy":"product_tag","embeddable":true,"href":"https:\/\/www.jbnordic.se\/en\/wp-json\/wp\/v2\/product_tag?post=46984"}],"curies":[{"name":"wp","href":"https:\/\/api.w.org\/{rel}","templated":true}]}}