{"id":46813,"date":"2021-12-06T11:50:30","date_gmt":"2021-12-06T10:50:30","guid":{"rendered":"https:\/\/www.jbnordic.se\/?post_type=product&#038;p=46813"},"modified":"2026-04-16T01:00:38","modified_gmt":"2026-04-15T23:00:38","slug":"keypolish-kit","status":"publish","type":"product","link":"https:\/\/www.jbnordic.se\/en\/butik\/efterbearbetning\/puts-polering\/keypolish-kit\/","title":{"rendered":"KeyPolish Kit"},"content":{"rendered":"<p data-start=\"130\" data-end=\"439\"><strong data-start=\"130\" data-end=\"157\">KeyPolish fr\u00e5n Keystone<\/strong> \u00e4r ett komplett och strukturerat poleringssystem utvecklat f\u00f6r professionell efterbearbetning av 3D-printade och konventionella dentala plaster. Kitet inneh\u00e5ller samtliga verktyg och polerpastor som kr\u00e4vs f\u00f6r att arbeta metodiskt fr\u00e5n grov ytutj\u00e4mning till spegelliknande h\u00f6gglans.<\/p>\n<p data-start=\"441\" data-end=\"786\">Systemet \u00e4r uppbyggt i tydliga steg d\u00e4r ytan f\u00f6rst f\u00f6rbereds genom borttagning av repor och oj\u00e4mnheter, d\u00e4refter f\u00f6rfinas f\u00f6r \u00f6kad klarhet och slutligen poleras till maximal glans. Kombinationen av verktyg, muslin- och bomull-polerhjul samt noggrant anpassade polerpastor s\u00e4kerst\u00e4ller en kontrollerad process med j\u00e4mnt och reproducerbart resultat.<\/p>\n<p data-start=\"788\" data-end=\"964\">KeyPolish \u00e4r s\u00e4rskilt l\u00e4mpat f\u00f6r er som vill effektivisera efterbearbetningen och uppn\u00e5 h\u00f6g ytfinish med minimal risk f\u00f6r \u00f6verhettning eller materialp\u00e5verkan.<\/p>","protected":false},"excerpt":{"rendered":"<p>KeyPolish fr\u00e5n Keystone \u00e4r ett komplett och strukturerat poleringssystem utvecklat f\u00f6r professionell efterbearbetning av 3D-printade och konventionella dentala plaster. Kitet inneh\u00e5ller samtliga verktyg och polerpastor som kr\u00e4vs f\u00f6r att arbeta&#8230;<\/p>","protected":false},"featured_media":47257,"template":"","meta":[],"product_brand":[263],"product_cat":[154],"product_tag":[164,146],"class_list":{"0":"post-46813","1":"product","2":"type-product","3":"status-publish","4":"has-post-thumbnail","6":"product_brand-keystone","7":"product_cat-puts-polering","8":"product_tag-keypolish","9":"product_tag-keystone","11":"first","12":"instock","13":"taxable","14":"shipping-taxable","15":"purchasable","16":"product-type-simple"},"yoast_head":"<!-- This site is optimized with the Yoast SEO plugin v26.7 - https:\/\/yoast.com\/wordpress\/plugins\/seo\/ -->\n<title>KeyPolish Kit - JB Nordic AB<\/title>\n<meta name=\"robots\" content=\"index, follow, max-snippet:-1, max-image-preview:large, max-video-preview:-1\" \/>\n<link rel=\"canonical\" href=\"https:\/\/www.jbnordic.se\/en\/butik\/efterbearbetning\/puts-polering\/keypolish-kit\/\" \/>\n<meta property=\"og:locale\" content=\"en_US\" \/>\n<meta property=\"og:type\" content=\"article\" \/>\n<meta property=\"og:title\" content=\"KeyPolish Kit - JB Nordic AB\" \/>\n<meta property=\"og:description\" content=\"KeyPolish fr\u00e5n Keystone \u00e4r ett komplett och strukturerat poleringssystem utvecklat f\u00f6r professionell efterbearbetning av 3D-printade och konventionella dentala plaster. Kitet inneh\u00e5ller samtliga verktyg och polerpastor som kr\u00e4vs f\u00f6r att arbeta...\" \/>\n<meta property=\"og:url\" content=\"https:\/\/www.jbnordic.se\/en\/butik\/efterbearbetning\/puts-polering\/keypolish-kit\/\" \/>\n<meta property=\"og:site_name\" content=\"JB Nordic AB\" \/>\n<meta property=\"article:publisher\" content=\"https:\/\/www.facebook.com\/jbnordic\" \/>\n<meta property=\"article:modified_time\" content=\"2026-04-15T23:00:38+00:00\" \/>\n<meta property=\"og:image\" content=\"https:\/\/www.jbnordic.se\/wp-content\/uploads\/2021\/11\/PolishingKit_2021-full.jpg\" \/>\n\t<meta property=\"og:image:width\" content=\"600\" \/>\n\t<meta property=\"og:image:height\" content=\"600\" \/>\n\t<meta property=\"og:image:type\" content=\"image\/jpeg\" \/>\n<meta name=\"twitter:card\" content=\"summary_large_image\" \/>\n<meta name=\"twitter:label1\" content=\"Est. reading time\" \/>\n\t<meta name=\"twitter:data1\" content=\"1 minute\" \/>\n<script type=\"application\/ld+json\" class=\"yoast-schema-graph\">{\"@context\":\"https:\/\/schema.org\",\"@graph\":[{\"@type\":\"WebPage\",\"@id\":\"https:\/\/www.jbnordic.se\/butik\/efterbearbetning\/puts-polering\/keypolish-kit\/\",\"url\":\"https:\/\/www.jbnordic.se\/butik\/efterbearbetning\/puts-polering\/keypolish-kit\/\",\"name\":\"KeyPolish Kit - JB Nordic AB\",\"isPartOf\":{\"@id\":\"https:\/\/www.jbnordic.se\/#website\"},\"primaryImageOfPage\":{\"@id\":\"https:\/\/www.jbnordic.se\/butik\/efterbearbetning\/puts-polering\/keypolish-kit\/#primaryimage\"},\"image\":{\"@id\":\"https:\/\/www.jbnordic.se\/butik\/efterbearbetning\/puts-polering\/keypolish-kit\/#primaryimage\"},\"thumbnailUrl\":\"https:\/\/www.jbnordic.se\/wp-content\/uploads\/2021\/11\/PolishingKit_2021-full.jpg\",\"datePublished\":\"2021-12-06T10:50:30+00:00\",\"dateModified\":\"2026-04-15T23:00:38+00:00\",\"breadcrumb\":{\"@id\":\"https:\/\/www.jbnordic.se\/butik\/efterbearbetning\/puts-polering\/keypolish-kit\/#breadcrumb\"},\"inLanguage\":\"en-US\",\"potentialAction\":[{\"@type\":\"ReadAction\",\"target\":[\"https:\/\/www.jbnordic.se\/butik\/efterbearbetning\/puts-polering\/keypolish-kit\/\"]}]},{\"@type\":\"ImageObject\",\"inLanguage\":\"en-US\",\"@id\":\"https:\/\/www.jbnordic.se\/butik\/efterbearbetning\/puts-polering\/keypolish-kit\/#primaryimage\",\"url\":\"https:\/\/www.jbnordic.se\/wp-content\/uploads\/2021\/11\/PolishingKit_2021-full.jpg\",\"contentUrl\":\"https:\/\/www.jbnordic.se\/wp-content\/uploads\/2021\/11\/PolishingKit_2021-full.jpg\",\"width\":600,\"height\":600,\"caption\":\"JB Nordic Keyprint\"},{\"@type\":\"BreadcrumbList\",\"@id\":\"https:\/\/www.jbnordic.se\/butik\/efterbearbetning\/puts-polering\/keypolish-kit\/#breadcrumb\",\"itemListElement\":[{\"@type\":\"ListItem\",\"position\":1,\"name\":\"Hem\",\"item\":\"https:\/\/www.jbnordic.se\/\"},{\"@type\":\"ListItem\",\"position\":2,\"name\":\"KeyPolish Kit\"}]},{\"@type\":\"WebSite\",\"@id\":\"https:\/\/www.jbnordic.se\/#website\",\"url\":\"https:\/\/www.jbnordic.se\/\",\"name\":\"JB Nordic AB\",\"description\":\"Kunskap!\",\"publisher\":{\"@id\":\"https:\/\/www.jbnordic.se\/#organization\"},\"potentialAction\":[{\"@type\":\"SearchAction\",\"target\":{\"@type\":\"EntryPoint\",\"urlTemplate\":\"https:\/\/www.jbnordic.se\/?s={search_term_string}\"},\"query-input\":{\"@type\":\"PropertyValueSpecification\",\"valueRequired\":true,\"valueName\":\"search_term_string\"}}],\"inLanguage\":\"en-US\"},{\"@type\":\"Organization\",\"@id\":\"https:\/\/www.jbnordic.se\/#organization\",\"name\":\"JB Nordic\",\"url\":\"https:\/\/www.jbnordic.se\/\",\"logo\":{\"@type\":\"ImageObject\",\"inLanguage\":\"en-US\",\"@id\":\"https:\/\/www.jbnordic.se\/#\/schema\/logo\/image\/\",\"url\":\"https:\/\/www.jbnordic.se\/wp-content\/uploads\/2022\/02\/jb_nordic_logo_blk_h100px.png\",\"contentUrl\":\"https:\/\/www.jbnordic.se\/wp-content\/uploads\/2022\/02\/jb_nordic_logo_blk_h100px.png\",\"width\":480,\"height\":100,\"caption\":\"JB Nordic\"},\"image\":{\"@id\":\"https:\/\/www.jbnordic.se\/#\/schema\/logo\/image\/\"},\"sameAs\":[\"https:\/\/www.facebook.com\/jbnordic\",\"https:\/\/www.linkedin.com\/company\/jbnordic.se\",\"https:\/\/www.instagram.com\/jbnordic\/\"]}]}<\/script>\n<!-- \/ Yoast SEO plugin. -->","yoast_head_json":{"title":"KeyPolish Kit - JB Nordic AB","robots":{"index":"index","follow":"follow","max-snippet":"max-snippet:-1","max-image-preview":"max-image-preview:large","max-video-preview":"max-video-preview:-1"},"canonical":"https:\/\/www.jbnordic.se\/en\/butik\/efterbearbetning\/puts-polering\/keypolish-kit\/","og_locale":"en_US","og_type":"article","og_title":"KeyPolish Kit - JB Nordic AB","og_description":"KeyPolish fr\u00e5n Keystone \u00e4r ett komplett och strukturerat poleringssystem utvecklat f\u00f6r professionell efterbearbetning av 3D-printade och konventionella dentala plaster. Kitet inneh\u00e5ller samtliga verktyg och polerpastor som kr\u00e4vs f\u00f6r att arbeta...","og_url":"https:\/\/www.jbnordic.se\/en\/butik\/efterbearbetning\/puts-polering\/keypolish-kit\/","og_site_name":"JB Nordic AB","article_publisher":"https:\/\/www.facebook.com\/jbnordic","article_modified_time":"2026-04-15T23:00:38+00:00","og_image":[{"width":600,"height":600,"url":"https:\/\/www.jbnordic.se\/wp-content\/uploads\/2021\/11\/PolishingKit_2021-full.jpg","type":"image\/jpeg"}],"twitter_card":"summary_large_image","twitter_misc":{"Est. reading time":"1 minute"},"schema":{"@context":"https:\/\/schema.org","@graph":[{"@type":"WebPage","@id":"https:\/\/www.jbnordic.se\/butik\/efterbearbetning\/puts-polering\/keypolish-kit\/","url":"https:\/\/www.jbnordic.se\/butik\/efterbearbetning\/puts-polering\/keypolish-kit\/","name":"KeyPolish Kit - JB Nordic AB","isPartOf":{"@id":"https:\/\/www.jbnordic.se\/#website"},"primaryImageOfPage":{"@id":"https:\/\/www.jbnordic.se\/butik\/efterbearbetning\/puts-polering\/keypolish-kit\/#primaryimage"},"image":{"@id":"https:\/\/www.jbnordic.se\/butik\/efterbearbetning\/puts-polering\/keypolish-kit\/#primaryimage"},"thumbnailUrl":"https:\/\/www.jbnordic.se\/wp-content\/uploads\/2021\/11\/PolishingKit_2021-full.jpg","datePublished":"2021-12-06T10:50:30+00:00","dateModified":"2026-04-15T23:00:38+00:00","breadcrumb":{"@id":"https:\/\/www.jbnordic.se\/butik\/efterbearbetning\/puts-polering\/keypolish-kit\/#breadcrumb"},"inLanguage":"en-US","potentialAction":[{"@type":"ReadAction","target":["https:\/\/www.jbnordic.se\/butik\/efterbearbetning\/puts-polering\/keypolish-kit\/"]}]},{"@type":"ImageObject","inLanguage":"en-US","@id":"https:\/\/www.jbnordic.se\/butik\/efterbearbetning\/puts-polering\/keypolish-kit\/#primaryimage","url":"https:\/\/www.jbnordic.se\/wp-content\/uploads\/2021\/11\/PolishingKit_2021-full.jpg","contentUrl":"https:\/\/www.jbnordic.se\/wp-content\/uploads\/2021\/11\/PolishingKit_2021-full.jpg","width":600,"height":600,"caption":"JB Nordic Keyprint"},{"@type":"BreadcrumbList","@id":"https:\/\/www.jbnordic.se\/butik\/efterbearbetning\/puts-polering\/keypolish-kit\/#breadcrumb","itemListElement":[{"@type":"ListItem","position":1,"name":"Hem","item":"https:\/\/www.jbnordic.se\/"},{"@type":"ListItem","position":2,"name":"KeyPolish Kit"}]},{"@type":"WebSite","@id":"https:\/\/www.jbnordic.se\/#website","url":"https:\/\/www.jbnordic.se\/","name":"JB Nordic AB","description":"Kunskap!","publisher":{"@id":"https:\/\/www.jbnordic.se\/#organization"},"potentialAction":[{"@type":"SearchAction","target":{"@type":"EntryPoint","urlTemplate":"https:\/\/www.jbnordic.se\/?s={search_term_string}"},"query-input":{"@type":"PropertyValueSpecification","valueRequired":true,"valueName":"search_term_string"}}],"inLanguage":"en-US"},{"@type":"Organization","@id":"https:\/\/www.jbnordic.se\/#organization","name":"JB Nordic","url":"https:\/\/www.jbnordic.se\/","logo":{"@type":"ImageObject","inLanguage":"en-US","@id":"https:\/\/www.jbnordic.se\/#\/schema\/logo\/image\/","url":"https:\/\/www.jbnordic.se\/wp-content\/uploads\/2022\/02\/jb_nordic_logo_blk_h100px.png","contentUrl":"https:\/\/www.jbnordic.se\/wp-content\/uploads\/2022\/02\/jb_nordic_logo_blk_h100px.png","width":480,"height":100,"caption":"JB Nordic"},"image":{"@id":"https:\/\/www.jbnordic.se\/#\/schema\/logo\/image\/"},"sameAs":["https:\/\/www.facebook.com\/jbnordic","https:\/\/www.linkedin.com\/company\/jbnordic.se","https:\/\/www.instagram.com\/jbnordic\/"]}]}},"kroconnect":{"tax_rate":25,"price_inc_vat":{"regular_price":2099},"price_ex_vat":{"regular_price":2099}},"_links":{"self":[{"href":"https:\/\/www.jbnordic.se\/en\/wp-json\/wp\/v2\/product\/46813","targetHints":{"allow":["GET"]}}],"collection":[{"href":"https:\/\/www.jbnordic.se\/en\/wp-json\/wp\/v2\/product"}],"about":[{"href":"https:\/\/www.jbnordic.se\/en\/wp-json\/wp\/v2\/types\/product"}],"wp:featuredmedia":[{"embeddable":true,"href":"https:\/\/www.jbnordic.se\/en\/wp-json\/wp\/v2\/media\/47257"}],"wp:attachment":[{"href":"https:\/\/www.jbnordic.se\/en\/wp-json\/wp\/v2\/media?parent=46813"}],"wp:term":[{"taxonomy":"product_brand","embeddable":true,"href":"https:\/\/www.jbnordic.se\/en\/wp-json\/wp\/v2\/product_brand?post=46813"},{"taxonomy":"product_cat","embeddable":true,"href":"https:\/\/www.jbnordic.se\/en\/wp-json\/wp\/v2\/product_cat?post=46813"},{"taxonomy":"product_tag","embeddable":true,"href":"https:\/\/www.jbnordic.se\/en\/wp-json\/wp\/v2\/product_tag?post=46813"}],"curies":[{"name":"wp","href":"https:\/\/api.w.org\/{rel}","templated":true}]}}