{"id":3454,"date":"2019-04-12T16:08:03","date_gmt":"2019-04-12T14:08:03","guid":{"rendered":"https:\/\/www.jbnordic.se\/?post_type=product&#038;p=3454"},"modified":"2026-03-31T09:29:32","modified_gmt":"2026-03-31T07:29:32","slug":"dxtemp","status":"publish","type":"product","link":"https:\/\/www.jbnordic.se\/en\/butik\/3d-printning\/resiner-asiga\/bio\/dxtemp\/","title":{"rendered":"dx temp 500ml"},"content":{"rendered":"","protected":false},"excerpt":{"rendered":"<p>dx temp is a light-curing, biocompatible resin for the manufacture of temporary crowns and bridges. Works in all LED \/ UV printers, wavelength 405 nm or 378-388 nm. Exceptional strength. Non-abrasive. Natural aesthetics, translucent, available in three shades (A1, A2, A3). Easy surface treatment and polishing. Minimal material waste compared to milling. Biocompatible. Odor and tasteless.<\/p>\n<p>\u2022 Medical product class 2A<br \/>\n\u2022 High translucency<br \/>\n\u2022 High aesthetics<\/p>","protected":false},"featured_media":252829,"template":"","meta":[],"product_brand":[],"product_cat":[250],"product_tag":[148],"class_list":{"0":"post-3454","1":"product","2":"type-product","3":"status-publish","4":"has-post-thumbnail","6":"product_cat-bio","7":"product_tag-detax","9":"first","10":"instock","11":"taxable","12":"shipping-taxable","13":"purchasable","14":"product-type-variable","15":"has-default-attributes"},"yoast_head":"<!-- This site is optimized with the Yoast SEO plugin v26.7 - https:\/\/yoast.com\/wordpress\/plugins\/seo\/ -->\n<title>dx temp 500ml - JB Nordic AB<\/title>\n<meta name=\"description\" content=\"Freeprint Temp \u00e4r ett l\u00e4tth\u00e4rdande, biokompatibelt resin f\u00f6r tillverkning av tempor\u00e4ra kronor och broar. Fungerar i alla LED \/ UV-skrivare, v\u00e5gl\u00e4ngd 405 nm eller 378-388 nm. Exceptionell h\u00e5llfasthet. Icke abrassivt. Naturlig estetik, translucent, finns i tre f\u00e4rger (A1, A2, A3). Enkel ytbehandling och polering. Minimalt materialsvinn j\u00e4mf\u00f6rt med fr\u00e4sning. Biokompatibelt. Lukt och smakfritt.\" \/>\n<meta name=\"robots\" content=\"index, follow, max-snippet:-1, max-image-preview:large, max-video-preview:-1\" \/>\n<link rel=\"canonical\" href=\"https:\/\/www.jbnordic.se\/en\/butik\/3d-printning\/resiner-asiga\/bio\/dxtemp\/\" \/>\n<meta property=\"og:locale\" content=\"en_US\" \/>\n<meta property=\"og:type\" content=\"article\" \/>\n<meta property=\"og:title\" content=\"dx temp 500ml - JB Nordic AB\" \/>\n<meta property=\"og:description\" content=\"Freeprint Temp \u00e4r ett l\u00e4tth\u00e4rdande, biokompatibelt resin f\u00f6r tillverkning av tempor\u00e4ra kronor och broar. Fungerar i alla LED \/ UV-skrivare, v\u00e5gl\u00e4ngd 405 nm eller 378-388 nm. Exceptionell h\u00e5llfasthet. Icke abrassivt. Naturlig estetik, translucent, finns i tre f\u00e4rger (A1, A2, A3). Enkel ytbehandling och polering. Minimalt materialsvinn j\u00e4mf\u00f6rt med fr\u00e4sning. Biokompatibelt. Lukt och smakfritt.\" \/>\n<meta property=\"og:url\" content=\"https:\/\/www.jbnordic.se\/en\/butik\/3d-printning\/resiner-asiga\/bio\/dxtemp\/\" \/>\n<meta property=\"og:site_name\" content=\"JB Nordic AB\" \/>\n<meta property=\"article:publisher\" content=\"https:\/\/www.facebook.com\/jbnordic\" \/>\n<meta property=\"article:modified_time\" content=\"2026-03-31T07:29:32+00:00\" \/>\n<meta property=\"og:image\" content=\"https:\/\/www.jbnordic.se\/wp-content\/uploads\/2019\/04\/csm_dx_temp_preview_653d69dfa0.png\" \/>\n\t<meta property=\"og:image:width\" content=\"1000\" \/>\n\t<meta property=\"og:image:height\" content=\"1001\" \/>\n\t<meta property=\"og:image:type\" content=\"image\/png\" \/>\n<meta name=\"twitter:card\" content=\"summary_large_image\" \/>\n<meta name=\"twitter:label1\" content=\"Est. reading time\" \/>\n\t<meta name=\"twitter:data1\" content=\"1 minute\" \/>\n<script type=\"application\/ld+json\" class=\"yoast-schema-graph\">{\"@context\":\"https:\/\/schema.org\",\"@graph\":[{\"@type\":\"WebPage\",\"@id\":\"https:\/\/www.jbnordic.se\/butik\/3d-printning\/resiner-asiga\/bio\/dxtemp\/\",\"url\":\"https:\/\/www.jbnordic.se\/butik\/3d-printning\/resiner-asiga\/bio\/dxtemp\/\",\"name\":\"dx temp 500ml - JB Nordic AB\",\"isPartOf\":{\"@id\":\"https:\/\/www.jbnordic.se\/#website\"},\"primaryImageOfPage\":{\"@id\":\"https:\/\/www.jbnordic.se\/butik\/3d-printning\/resiner-asiga\/bio\/dxtemp\/#primaryimage\"},\"image\":{\"@id\":\"https:\/\/www.jbnordic.se\/butik\/3d-printning\/resiner-asiga\/bio\/dxtemp\/#primaryimage\"},\"thumbnailUrl\":\"https:\/\/www.jbnordic.se\/wp-content\/uploads\/2019\/04\/csm_dx_temp_preview_653d69dfa0.png\",\"datePublished\":\"2019-04-12T14:08:03+00:00\",\"dateModified\":\"2026-03-31T07:29:32+00:00\",\"description\":\"Freeprint Temp \u00e4r ett l\u00e4tth\u00e4rdande, biokompatibelt resin f\u00f6r tillverkning av tempor\u00e4ra kronor och broar. Fungerar i alla LED \/ UV-skrivare, v\u00e5gl\u00e4ngd 405 nm eller 378-388 nm. Exceptionell h\u00e5llfasthet. Icke abrassivt. Naturlig estetik, translucent, finns i tre f\u00e4rger (A1, A2, A3). Enkel ytbehandling och polering. Minimalt materialsvinn j\u00e4mf\u00f6rt med fr\u00e4sning. Biokompatibelt. Lukt och smakfritt.\",\"breadcrumb\":{\"@id\":\"https:\/\/www.jbnordic.se\/butik\/3d-printning\/resiner-asiga\/bio\/dxtemp\/#breadcrumb\"},\"inLanguage\":\"en-US\",\"potentialAction\":[{\"@type\":\"ReadAction\",\"target\":[\"https:\/\/www.jbnordic.se\/butik\/3d-printning\/resiner-asiga\/bio\/dxtemp\/\"]}]},{\"@type\":\"ImageObject\",\"inLanguage\":\"en-US\",\"@id\":\"https:\/\/www.jbnordic.se\/butik\/3d-printning\/resiner-asiga\/bio\/dxtemp\/#primaryimage\",\"url\":\"https:\/\/www.jbnordic.se\/wp-content\/uploads\/2019\/04\/csm_dx_temp_preview_653d69dfa0.png\",\"contentUrl\":\"https:\/\/www.jbnordic.se\/wp-content\/uploads\/2019\/04\/csm_dx_temp_preview_653d69dfa0.png\",\"width\":1000,\"height\":1001},{\"@type\":\"BreadcrumbList\",\"@id\":\"https:\/\/www.jbnordic.se\/butik\/3d-printning\/resiner-asiga\/bio\/dxtemp\/#breadcrumb\",\"itemListElement\":[{\"@type\":\"ListItem\",\"position\":1,\"name\":\"Hem\",\"item\":\"https:\/\/www.jbnordic.se\/\"},{\"@type\":\"ListItem\",\"position\":2,\"name\":\"dx temp 500ml\"}]},{\"@type\":\"WebSite\",\"@id\":\"https:\/\/www.jbnordic.se\/#website\",\"url\":\"https:\/\/www.jbnordic.se\/\",\"name\":\"JB Nordic AB\",\"description\":\"Kunskap!\",\"publisher\":{\"@id\":\"https:\/\/www.jbnordic.se\/#organization\"},\"potentialAction\":[{\"@type\":\"SearchAction\",\"target\":{\"@type\":\"EntryPoint\",\"urlTemplate\":\"https:\/\/www.jbnordic.se\/?s={search_term_string}\"},\"query-input\":{\"@type\":\"PropertyValueSpecification\",\"valueRequired\":true,\"valueName\":\"search_term_string\"}}],\"inLanguage\":\"en-US\"},{\"@type\":\"Organization\",\"@id\":\"https:\/\/www.jbnordic.se\/#organization\",\"name\":\"JB Nordic\",\"url\":\"https:\/\/www.jbnordic.se\/\",\"logo\":{\"@type\":\"ImageObject\",\"inLanguage\":\"en-US\",\"@id\":\"https:\/\/www.jbnordic.se\/#\/schema\/logo\/image\/\",\"url\":\"https:\/\/www.jbnordic.se\/wp-content\/uploads\/2022\/02\/jb_nordic_logo_blk_h100px.png\",\"contentUrl\":\"https:\/\/www.jbnordic.se\/wp-content\/uploads\/2022\/02\/jb_nordic_logo_blk_h100px.png\",\"width\":480,\"height\":100,\"caption\":\"JB Nordic\"},\"image\":{\"@id\":\"https:\/\/www.jbnordic.se\/#\/schema\/logo\/image\/\"},\"sameAs\":[\"https:\/\/www.facebook.com\/jbnordic\",\"https:\/\/www.linkedin.com\/company\/jbnordic.se\",\"https:\/\/www.instagram.com\/jbnordic\/\"]}]}<\/script>\n<!-- \/ Yoast SEO plugin. -->","yoast_head_json":{"title":"dx temp 500ml - JB Nordic AB","description":"Freeprint Temp \u00e4r ett l\u00e4tth\u00e4rdande, biokompatibelt resin f\u00f6r tillverkning av tempor\u00e4ra kronor och broar. Fungerar i alla LED \/ UV-skrivare, v\u00e5gl\u00e4ngd 405 nm eller 378-388 nm. Exceptionell h\u00e5llfasthet. Icke abrassivt. Naturlig estetik, translucent, finns i tre f\u00e4rger (A1, A2, A3). Enkel ytbehandling och polering. Minimalt materialsvinn j\u00e4mf\u00f6rt med fr\u00e4sning. Biokompatibelt. Lukt och smakfritt.","robots":{"index":"index","follow":"follow","max-snippet":"max-snippet:-1","max-image-preview":"max-image-preview:large","max-video-preview":"max-video-preview:-1"},"canonical":"https:\/\/www.jbnordic.se\/en\/butik\/3d-printning\/resiner-asiga\/bio\/dxtemp\/","og_locale":"en_US","og_type":"article","og_title":"dx temp 500ml - JB Nordic AB","og_description":"Freeprint Temp \u00e4r ett l\u00e4tth\u00e4rdande, biokompatibelt resin f\u00f6r tillverkning av tempor\u00e4ra kronor och broar. Fungerar i alla LED \/ UV-skrivare, v\u00e5gl\u00e4ngd 405 nm eller 378-388 nm. Exceptionell h\u00e5llfasthet. Icke abrassivt. Naturlig estetik, translucent, finns i tre f\u00e4rger (A1, A2, A3). Enkel ytbehandling och polering. Minimalt materialsvinn j\u00e4mf\u00f6rt med fr\u00e4sning. Biokompatibelt. Lukt och smakfritt.","og_url":"https:\/\/www.jbnordic.se\/en\/butik\/3d-printning\/resiner-asiga\/bio\/dxtemp\/","og_site_name":"JB Nordic AB","article_publisher":"https:\/\/www.facebook.com\/jbnordic","article_modified_time":"2026-03-31T07:29:32+00:00","og_image":[{"width":1000,"height":1001,"url":"https:\/\/www.jbnordic.se\/wp-content\/uploads\/2019\/04\/csm_dx_temp_preview_653d69dfa0.png","type":"image\/png"}],"twitter_card":"summary_large_image","twitter_misc":{"Est. reading time":"1 minute"},"schema":{"@context":"https:\/\/schema.org","@graph":[{"@type":"WebPage","@id":"https:\/\/www.jbnordic.se\/butik\/3d-printning\/resiner-asiga\/bio\/dxtemp\/","url":"https:\/\/www.jbnordic.se\/butik\/3d-printning\/resiner-asiga\/bio\/dxtemp\/","name":"dx temp 500ml - JB Nordic AB","isPartOf":{"@id":"https:\/\/www.jbnordic.se\/#website"},"primaryImageOfPage":{"@id":"https:\/\/www.jbnordic.se\/butik\/3d-printning\/resiner-asiga\/bio\/dxtemp\/#primaryimage"},"image":{"@id":"https:\/\/www.jbnordic.se\/butik\/3d-printning\/resiner-asiga\/bio\/dxtemp\/#primaryimage"},"thumbnailUrl":"https:\/\/www.jbnordic.se\/wp-content\/uploads\/2019\/04\/csm_dx_temp_preview_653d69dfa0.png","datePublished":"2019-04-12T14:08:03+00:00","dateModified":"2026-03-31T07:29:32+00:00","description":"Freeprint Temp \u00e4r ett l\u00e4tth\u00e4rdande, biokompatibelt resin f\u00f6r tillverkning av tempor\u00e4ra kronor och broar. Fungerar i alla LED \/ UV-skrivare, v\u00e5gl\u00e4ngd 405 nm eller 378-388 nm. Exceptionell h\u00e5llfasthet. Icke abrassivt. Naturlig estetik, translucent, finns i tre f\u00e4rger (A1, A2, A3). Enkel ytbehandling och polering. Minimalt materialsvinn j\u00e4mf\u00f6rt med fr\u00e4sning. Biokompatibelt. Lukt och smakfritt.","breadcrumb":{"@id":"https:\/\/www.jbnordic.se\/butik\/3d-printning\/resiner-asiga\/bio\/dxtemp\/#breadcrumb"},"inLanguage":"en-US","potentialAction":[{"@type":"ReadAction","target":["https:\/\/www.jbnordic.se\/butik\/3d-printning\/resiner-asiga\/bio\/dxtemp\/"]}]},{"@type":"ImageObject","inLanguage":"en-US","@id":"https:\/\/www.jbnordic.se\/butik\/3d-printning\/resiner-asiga\/bio\/dxtemp\/#primaryimage","url":"https:\/\/www.jbnordic.se\/wp-content\/uploads\/2019\/04\/csm_dx_temp_preview_653d69dfa0.png","contentUrl":"https:\/\/www.jbnordic.se\/wp-content\/uploads\/2019\/04\/csm_dx_temp_preview_653d69dfa0.png","width":1000,"height":1001},{"@type":"BreadcrumbList","@id":"https:\/\/www.jbnordic.se\/butik\/3d-printning\/resiner-asiga\/bio\/dxtemp\/#breadcrumb","itemListElement":[{"@type":"ListItem","position":1,"name":"Hem","item":"https:\/\/www.jbnordic.se\/"},{"@type":"ListItem","position":2,"name":"dx temp 500ml"}]},{"@type":"WebSite","@id":"https:\/\/www.jbnordic.se\/#website","url":"https:\/\/www.jbnordic.se\/","name":"JB Nordic AB","description":"Kunskap!","publisher":{"@id":"https:\/\/www.jbnordic.se\/#organization"},"potentialAction":[{"@type":"SearchAction","target":{"@type":"EntryPoint","urlTemplate":"https:\/\/www.jbnordic.se\/?s={search_term_string}"},"query-input":{"@type":"PropertyValueSpecification","valueRequired":true,"valueName":"search_term_string"}}],"inLanguage":"en-US"},{"@type":"Organization","@id":"https:\/\/www.jbnordic.se\/#organization","name":"JB Nordic","url":"https:\/\/www.jbnordic.se\/","logo":{"@type":"ImageObject","inLanguage":"en-US","@id":"https:\/\/www.jbnordic.se\/#\/schema\/logo\/image\/","url":"https:\/\/www.jbnordic.se\/wp-content\/uploads\/2022\/02\/jb_nordic_logo_blk_h100px.png","contentUrl":"https:\/\/www.jbnordic.se\/wp-content\/uploads\/2022\/02\/jb_nordic_logo_blk_h100px.png","width":480,"height":100,"caption":"JB Nordic"},"image":{"@id":"https:\/\/www.jbnordic.se\/#\/schema\/logo\/image\/"},"sameAs":["https:\/\/www.facebook.com\/jbnordic","https:\/\/www.linkedin.com\/company\/jbnordic.se","https:\/\/www.instagram.com\/jbnordic\/"]}]}},"kroconnect":{"tax_rate":25,"price_inc_vat":{"regular_price":2732},"price_ex_vat":{"regular_price":2732}},"_links":{"self":[{"href":"https:\/\/www.jbnordic.se\/en\/wp-json\/wp\/v2\/product\/3454","targetHints":{"allow":["GET"]}}],"collection":[{"href":"https:\/\/www.jbnordic.se\/en\/wp-json\/wp\/v2\/product"}],"about":[{"href":"https:\/\/www.jbnordic.se\/en\/wp-json\/wp\/v2\/types\/product"}],"wp:featuredmedia":[{"embeddable":true,"href":"https:\/\/www.jbnordic.se\/en\/wp-json\/wp\/v2\/media\/252829"}],"wp:attachment":[{"href":"https:\/\/www.jbnordic.se\/en\/wp-json\/wp\/v2\/media?parent=3454"}],"wp:term":[{"taxonomy":"product_brand","embeddable":true,"href":"https:\/\/www.jbnordic.se\/en\/wp-json\/wp\/v2\/product_brand?post=3454"},{"taxonomy":"product_cat","embeddable":true,"href":"https:\/\/www.jbnordic.se\/en\/wp-json\/wp\/v2\/product_cat?post=3454"},{"taxonomy":"product_tag","embeddable":true,"href":"https:\/\/www.jbnordic.se\/en\/wp-json\/wp\/v2\/product_tag?post=3454"}],"curies":[{"name":"wp","href":"https:\/\/api.w.org\/{rel}","templated":true}]}}