{"id":30089,"date":"2021-01-25T10:46:16","date_gmt":"2021-01-25T09:46:16","guid":{"rendered":"https:\/\/www.jbnordic.se\/?post_type=product&#038;p=30089"},"modified":"2026-04-14T16:41:30","modified_gmt":"2026-04-14T14:41:30","slug":"keymodel-ultra","status":"publish","type":"product","link":"https:\/\/www.jbnordic.se\/en\/butik\/3d-printning\/resiner-asiga\/modell-asiga\/keymodel-ultra\/","title":{"rendered":"KeyModel Ultra"},"content":{"rendered":"","protected":false},"excerpt":{"rendered":"<p class=\"translation-block\"><strong>Affordable and high-quality<\/strong> model material that works for most open 3D printers. A material that produces accurate models with a firm and smooth surface. The material retains color and does not shrink over time. Contains release agents that isolate during thermoforming, such as aligners.<\/p>\n<p>\u2193 <strong><a href=\"https:\/\/keyprint.keystoneindustries.com\/wp-content\/uploads\/2022\/08\/KeyModel-Ultra-Grey-4220010-4240010-EU-SE-SDS-20220314.pdf\" target=\"_blank\" rel=\"noopener\">SDS-Grey<\/a><\/strong> \u2193 <strong><a href=\"https:\/\/keyprint.keystoneindustries.com\/wp-content\/uploads\/2022\/08\/KeyModel-Ultra-Ivory-4220009-4240009-SE-SDS-20220314.pdf\" target=\"_blank\" rel=\"noopener\">SDS-Ivory<\/a><\/strong> \u2193\u00a0<strong><a href=\"https:\/\/keyprint.keystoneindustries.com\/wp-content\/uploads\/2021\/01\/KeyModelUltra_IFU_translations_EN.pdf\" target=\"_blank\" rel=\"noopener\">IFU<\/a><\/strong>\u00a0<span style=\"font-size: 10pt;\"> <a href=\"https:\/\/keyprint.keystoneindustries.com\/keymodel-ultra\/\" target=\"_blank\" rel=\"noopener\">Info in more languages<\/a><\/span><\/p>","protected":false},"featured_media":271627,"template":"","meta":[],"product_brand":[263],"product_cat":[128],"product_tag":[264,169,146,265],"class_list":{"0":"post-30089","1":"product","2":"type-product","3":"status-publish","4":"has-post-thumbnail","6":"product_brand-keystone","7":"product_cat-modell-asiga","8":"product_tag-keymodel","9":"product_tag-keyprint","10":"product_tag-keystone","11":"product_tag-ultra","13":"first","14":"instock","15":"taxable","16":"shipping-taxable","17":"purchasable","18":"product-type-variable"},"yoast_head":"<!-- This site is optimized with the Yoast SEO plugin v26.7 - https:\/\/yoast.com\/wordpress\/plugins\/seo\/ -->\n<title>KeyModel Ultra - JB Nordic AB<\/title>\n<meta name=\"description\" content=\"Prisv\u00e4rt och h\u00f6gkvalitativt modellmaterial som fungerar f\u00f6r dom flesta \u00f6ppna 3D-skrivare. Materialet bibeh\u00e5ller f\u00e4rgen samt krymper ej \u00f6ver tid.\" \/>\n<meta name=\"robots\" content=\"index, follow, max-snippet:-1, max-image-preview:large, max-video-preview:-1\" \/>\n<link rel=\"canonical\" href=\"https:\/\/www.jbnordic.se\/en\/butik\/3d-printning\/resiner-asiga\/modell-asiga\/keymodel-ultra\/\" \/>\n<meta property=\"og:locale\" content=\"en_US\" \/>\n<meta property=\"og:type\" content=\"article\" \/>\n<meta property=\"og:title\" content=\"KeyModel Ultra - JB Nordic AB\" \/>\n<meta property=\"og:description\" content=\"Prisv\u00e4rt och h\u00f6gkvalitativt modellmaterial som fungerar f\u00f6r dom flesta \u00f6ppna 3D-skrivare. Materialet bibeh\u00e5ller f\u00e4rgen samt krymper ej \u00f6ver tid.\" \/>\n<meta property=\"og:url\" content=\"https:\/\/www.jbnordic.se\/en\/butik\/3d-printning\/resiner-asiga\/modell-asiga\/keymodel-ultra\/\" \/>\n<meta property=\"og:site_name\" content=\"JB Nordic AB\" \/>\n<meta property=\"article:publisher\" content=\"https:\/\/www.facebook.com\/jbnordic\" \/>\n<meta property=\"article:modified_time\" content=\"2026-04-14T14:41:30+00:00\" \/>\n<meta property=\"og:image\" content=\"https:\/\/www.jbnordic.se\/wp-content\/uploads\/2021\/01\/KeyModel-Ultra.png\" \/>\n\t<meta property=\"og:image:width\" content=\"1024\" \/>\n\t<meta property=\"og:image:height\" content=\"1024\" \/>\n\t<meta property=\"og:image:type\" content=\"image\/png\" \/>\n<meta name=\"twitter:card\" content=\"summary_large_image\" \/>\n<meta name=\"twitter:label1\" content=\"Est. reading time\" \/>\n\t<meta name=\"twitter:data1\" content=\"1 minute\" \/>\n<script type=\"application\/ld+json\" class=\"yoast-schema-graph\">{\"@context\":\"https:\/\/schema.org\",\"@graph\":[{\"@type\":\"WebPage\",\"@id\":\"https:\/\/www.jbnordic.se\/butik\/3d-printning\/resiner-asiga\/modell-asiga\/keymodel-ultra\/\",\"url\":\"https:\/\/www.jbnordic.se\/butik\/3d-printning\/resiner-asiga\/modell-asiga\/keymodel-ultra\/\",\"name\":\"KeyModel Ultra - JB Nordic AB\",\"isPartOf\":{\"@id\":\"https:\/\/www.jbnordic.se\/#website\"},\"primaryImageOfPage\":{\"@id\":\"https:\/\/www.jbnordic.se\/butik\/3d-printning\/resiner-asiga\/modell-asiga\/keymodel-ultra\/#primaryimage\"},\"image\":{\"@id\":\"https:\/\/www.jbnordic.se\/butik\/3d-printning\/resiner-asiga\/modell-asiga\/keymodel-ultra\/#primaryimage\"},\"thumbnailUrl\":\"https:\/\/www.jbnordic.se\/wp-content\/uploads\/2021\/01\/KeyModel-Ultra.png\",\"datePublished\":\"2021-01-25T09:46:16+00:00\",\"dateModified\":\"2026-04-14T14:41:30+00:00\",\"description\":\"Prisv\u00e4rt och h\u00f6gkvalitativt modellmaterial som fungerar f\u00f6r dom flesta \u00f6ppna 3D-skrivare. Materialet bibeh\u00e5ller f\u00e4rgen samt krymper ej \u00f6ver tid.\",\"breadcrumb\":{\"@id\":\"https:\/\/www.jbnordic.se\/butik\/3d-printning\/resiner-asiga\/modell-asiga\/keymodel-ultra\/#breadcrumb\"},\"inLanguage\":\"en-US\",\"potentialAction\":[{\"@type\":\"ReadAction\",\"target\":[\"https:\/\/www.jbnordic.se\/butik\/3d-printning\/resiner-asiga\/modell-asiga\/keymodel-ultra\/\"]}]},{\"@type\":\"ImageObject\",\"inLanguage\":\"en-US\",\"@id\":\"https:\/\/www.jbnordic.se\/butik\/3d-printning\/resiner-asiga\/modell-asiga\/keymodel-ultra\/#primaryimage\",\"url\":\"https:\/\/www.jbnordic.se\/wp-content\/uploads\/2021\/01\/KeyModel-Ultra.png\",\"contentUrl\":\"https:\/\/www.jbnordic.se\/wp-content\/uploads\/2021\/01\/KeyModel-Ultra.png\",\"width\":1024,\"height\":1024},{\"@type\":\"BreadcrumbList\",\"@id\":\"https:\/\/www.jbnordic.se\/butik\/3d-printning\/resiner-asiga\/modell-asiga\/keymodel-ultra\/#breadcrumb\",\"itemListElement\":[{\"@type\":\"ListItem\",\"position\":1,\"name\":\"Hem\",\"item\":\"https:\/\/www.jbnordic.se\/\"},{\"@type\":\"ListItem\",\"position\":2,\"name\":\"KeyModel Ultra\"}]},{\"@type\":\"WebSite\",\"@id\":\"https:\/\/www.jbnordic.se\/#website\",\"url\":\"https:\/\/www.jbnordic.se\/\",\"name\":\"JB Nordic AB\",\"description\":\"Kunskap!\",\"publisher\":{\"@id\":\"https:\/\/www.jbnordic.se\/#organization\"},\"potentialAction\":[{\"@type\":\"SearchAction\",\"target\":{\"@type\":\"EntryPoint\",\"urlTemplate\":\"https:\/\/www.jbnordic.se\/?s={search_term_string}\"},\"query-input\":{\"@type\":\"PropertyValueSpecification\",\"valueRequired\":true,\"valueName\":\"search_term_string\"}}],\"inLanguage\":\"en-US\"},{\"@type\":\"Organization\",\"@id\":\"https:\/\/www.jbnordic.se\/#organization\",\"name\":\"JB Nordic\",\"url\":\"https:\/\/www.jbnordic.se\/\",\"logo\":{\"@type\":\"ImageObject\",\"inLanguage\":\"en-US\",\"@id\":\"https:\/\/www.jbnordic.se\/#\/schema\/logo\/image\/\",\"url\":\"https:\/\/www.jbnordic.se\/wp-content\/uploads\/2022\/02\/jb_nordic_logo_blk_h100px.png\",\"contentUrl\":\"https:\/\/www.jbnordic.se\/wp-content\/uploads\/2022\/02\/jb_nordic_logo_blk_h100px.png\",\"width\":480,\"height\":100,\"caption\":\"JB Nordic\"},\"image\":{\"@id\":\"https:\/\/www.jbnordic.se\/#\/schema\/logo\/image\/\"},\"sameAs\":[\"https:\/\/www.facebook.com\/jbnordic\",\"https:\/\/www.linkedin.com\/company\/jbnordic.se\",\"https:\/\/www.instagram.com\/jbnordic\/\"]}]}<\/script>\n<!-- \/ Yoast SEO plugin. -->","yoast_head_json":{"title":"KeyModel Ultra - JB Nordic AB","description":"Prisv\u00e4rt och h\u00f6gkvalitativt modellmaterial som fungerar f\u00f6r dom flesta \u00f6ppna 3D-skrivare. Materialet bibeh\u00e5ller f\u00e4rgen samt krymper ej \u00f6ver tid.","robots":{"index":"index","follow":"follow","max-snippet":"max-snippet:-1","max-image-preview":"max-image-preview:large","max-video-preview":"max-video-preview:-1"},"canonical":"https:\/\/www.jbnordic.se\/en\/butik\/3d-printning\/resiner-asiga\/modell-asiga\/keymodel-ultra\/","og_locale":"en_US","og_type":"article","og_title":"KeyModel Ultra - JB Nordic AB","og_description":"Prisv\u00e4rt och h\u00f6gkvalitativt modellmaterial som fungerar f\u00f6r dom flesta \u00f6ppna 3D-skrivare. Materialet bibeh\u00e5ller f\u00e4rgen samt krymper ej \u00f6ver tid.","og_url":"https:\/\/www.jbnordic.se\/en\/butik\/3d-printning\/resiner-asiga\/modell-asiga\/keymodel-ultra\/","og_site_name":"JB Nordic AB","article_publisher":"https:\/\/www.facebook.com\/jbnordic","article_modified_time":"2026-04-14T14:41:30+00:00","og_image":[{"width":1024,"height":1024,"url":"https:\/\/www.jbnordic.se\/wp-content\/uploads\/2021\/01\/KeyModel-Ultra.png","type":"image\/png"}],"twitter_card":"summary_large_image","twitter_misc":{"Est. reading time":"1 minute"},"schema":{"@context":"https:\/\/schema.org","@graph":[{"@type":"WebPage","@id":"https:\/\/www.jbnordic.se\/butik\/3d-printning\/resiner-asiga\/modell-asiga\/keymodel-ultra\/","url":"https:\/\/www.jbnordic.se\/butik\/3d-printning\/resiner-asiga\/modell-asiga\/keymodel-ultra\/","name":"KeyModel Ultra - JB Nordic AB","isPartOf":{"@id":"https:\/\/www.jbnordic.se\/#website"},"primaryImageOfPage":{"@id":"https:\/\/www.jbnordic.se\/butik\/3d-printning\/resiner-asiga\/modell-asiga\/keymodel-ultra\/#primaryimage"},"image":{"@id":"https:\/\/www.jbnordic.se\/butik\/3d-printning\/resiner-asiga\/modell-asiga\/keymodel-ultra\/#primaryimage"},"thumbnailUrl":"https:\/\/www.jbnordic.se\/wp-content\/uploads\/2021\/01\/KeyModel-Ultra.png","datePublished":"2021-01-25T09:46:16+00:00","dateModified":"2026-04-14T14:41:30+00:00","description":"Prisv\u00e4rt och h\u00f6gkvalitativt modellmaterial som fungerar f\u00f6r dom flesta \u00f6ppna 3D-skrivare. Materialet bibeh\u00e5ller f\u00e4rgen samt krymper ej \u00f6ver tid.","breadcrumb":{"@id":"https:\/\/www.jbnordic.se\/butik\/3d-printning\/resiner-asiga\/modell-asiga\/keymodel-ultra\/#breadcrumb"},"inLanguage":"en-US","potentialAction":[{"@type":"ReadAction","target":["https:\/\/www.jbnordic.se\/butik\/3d-printning\/resiner-asiga\/modell-asiga\/keymodel-ultra\/"]}]},{"@type":"ImageObject","inLanguage":"en-US","@id":"https:\/\/www.jbnordic.se\/butik\/3d-printning\/resiner-asiga\/modell-asiga\/keymodel-ultra\/#primaryimage","url":"https:\/\/www.jbnordic.se\/wp-content\/uploads\/2021\/01\/KeyModel-Ultra.png","contentUrl":"https:\/\/www.jbnordic.se\/wp-content\/uploads\/2021\/01\/KeyModel-Ultra.png","width":1024,"height":1024},{"@type":"BreadcrumbList","@id":"https:\/\/www.jbnordic.se\/butik\/3d-printning\/resiner-asiga\/modell-asiga\/keymodel-ultra\/#breadcrumb","itemListElement":[{"@type":"ListItem","position":1,"name":"Hem","item":"https:\/\/www.jbnordic.se\/"},{"@type":"ListItem","position":2,"name":"KeyModel Ultra"}]},{"@type":"WebSite","@id":"https:\/\/www.jbnordic.se\/#website","url":"https:\/\/www.jbnordic.se\/","name":"JB Nordic AB","description":"Kunskap!","publisher":{"@id":"https:\/\/www.jbnordic.se\/#organization"},"potentialAction":[{"@type":"SearchAction","target":{"@type":"EntryPoint","urlTemplate":"https:\/\/www.jbnordic.se\/?s={search_term_string}"},"query-input":{"@type":"PropertyValueSpecification","valueRequired":true,"valueName":"search_term_string"}}],"inLanguage":"en-US"},{"@type":"Organization","@id":"https:\/\/www.jbnordic.se\/#organization","name":"JB Nordic","url":"https:\/\/www.jbnordic.se\/","logo":{"@type":"ImageObject","inLanguage":"en-US","@id":"https:\/\/www.jbnordic.se\/#\/schema\/logo\/image\/","url":"https:\/\/www.jbnordic.se\/wp-content\/uploads\/2022\/02\/jb_nordic_logo_blk_h100px.png","contentUrl":"https:\/\/www.jbnordic.se\/wp-content\/uploads\/2022\/02\/jb_nordic_logo_blk_h100px.png","width":480,"height":100,"caption":"JB Nordic"},"image":{"@id":"https:\/\/www.jbnordic.se\/#\/schema\/logo\/image\/"},"sameAs":["https:\/\/www.facebook.com\/jbnordic","https:\/\/www.linkedin.com\/company\/jbnordic.se","https:\/\/www.instagram.com\/jbnordic\/"]}]}},"kroconnect":{"tax_rate":25,"price_inc_vat":{"regular_price":899},"price_ex_vat":{"regular_price":899}},"_links":{"self":[{"href":"https:\/\/www.jbnordic.se\/en\/wp-json\/wp\/v2\/product\/30089","targetHints":{"allow":["GET"]}}],"collection":[{"href":"https:\/\/www.jbnordic.se\/en\/wp-json\/wp\/v2\/product"}],"about":[{"href":"https:\/\/www.jbnordic.se\/en\/wp-json\/wp\/v2\/types\/product"}],"wp:featuredmedia":[{"embeddable":true,"href":"https:\/\/www.jbnordic.se\/en\/wp-json\/wp\/v2\/media\/271627"}],"wp:attachment":[{"href":"https:\/\/www.jbnordic.se\/en\/wp-json\/wp\/v2\/media?parent=30089"}],"wp:term":[{"taxonomy":"product_brand","embeddable":true,"href":"https:\/\/www.jbnordic.se\/en\/wp-json\/wp\/v2\/product_brand?post=30089"},{"taxonomy":"product_cat","embeddable":true,"href":"https:\/\/www.jbnordic.se\/en\/wp-json\/wp\/v2\/product_cat?post=30089"},{"taxonomy":"product_tag","embeddable":true,"href":"https:\/\/www.jbnordic.se\/en\/wp-json\/wp\/v2\/product_tag?post=30089"}],"curies":[{"name":"wp","href":"https:\/\/api.w.org\/{rel}","templated":true}]}}