{"id":259888,"date":"2025-08-27T08:10:43","date_gmt":"2025-08-27T06:10:43","guid":{"rendered":"https:\/\/www.jbnordic.se\/?post_type=product&#038;p=259888"},"modified":"2026-04-23T11:16:02","modified_gmt":"2026-04-23T09:16:02","slug":"brecam-multicom","status":"publish","type":"product","link":"https:\/\/www.jbnordic.se\/en\/butik\/frasning\/blanks\/pmma\/brecam-multicom\/","title":{"rendered":"breCAM.multiCOM+"},"content":{"rendered":"<p><a href=\"https:\/\/bredent-group.com\/brochures\/\" target=\"_blank\" rel=\"noopener\">Ladda ner broschyren h\u00e4r.<\/a><\/p>","protected":false},"excerpt":{"rendered":"<p>\u2022 F\u00f6rb\u00e4ttrad f\u00e4rgmatchning mot Vita\u00ae Classic-f\u00e4rgskalan<br data-start=\"189\" data-end=\"192\" \/>\u2022 F\u00f6rb\u00e4ttrad estetik \u2013 liknande <a href=\"https:\/\/www.jbnordic.se\/en\/butik\/frasmaskiner\/blanks\/luxor-z-true-nature\/\"><strong data-start=\"224\" data-end=\"247\">Luxor Z True Nature<\/strong><\/a><br data-start=\"247\" data-end=\"250\" \/>\u2022 Mindre mj\u00f6lkig \u2013 h\u00f6gre translucens och ljusgenomsl\u00e4pp<br data-start=\"305\" data-end=\"308\" \/>\u2022 F\u00f6rl\u00e4ngd anv\u00e4ndningstid, upp till 3 \u00e5r eller obegr\u00e4nsad f\u00f6r protest\u00e4nder<br data-start=\"359\" data-end=\"362\" \/>\u2022 Korsl\u00e4nkad PMMA<br data-start=\"383\" data-end=\"386\" \/>\u2022 \u00d6kad renhet i r\u00e5materialet<\/p>","protected":false},"featured_media":265728,"template":"","meta":[],"product_brand":[253],"product_cat":[35],"product_tag":[],"class_list":{"0":"post-259888","1":"product","2":"type-product","3":"status-publish","4":"has-post-thumbnail","6":"product_brand-bredent","7":"product_cat-pmma","9":"first","10":"instock","11":"taxable","12":"shipping-taxable","13":"purchasable","14":"product-type-variable"},"yoast_head":"<!-- This site is optimized with the Yoast SEO plugin v26.7 - https:\/\/yoast.com\/wordpress\/plugins\/seo\/ -->\n<title>breCAM.multiCOM+ - JB Nordic AB<\/title>\n<meta name=\"robots\" content=\"index, follow, max-snippet:-1, max-image-preview:large, max-video-preview:-1\" \/>\n<link rel=\"canonical\" href=\"https:\/\/www.jbnordic.se\/en\/butik\/frasning\/blanks\/pmma\/brecam-multicom\/\" \/>\n<meta property=\"og:locale\" content=\"en_US\" \/>\n<meta property=\"og:type\" content=\"article\" \/>\n<meta property=\"og:title\" content=\"breCAM.multiCOM+ - JB Nordic AB\" \/>\n<meta property=\"og:description\" content=\"\u2022 F\u00f6rb\u00e4ttrad f\u00e4rgmatchning mot Vita\u00ae Classic-f\u00e4rgskalan\u2022 F\u00f6rb\u00e4ttrad estetik \u2013 liknande Luxor Z True Nature\u2022 Mindre mj\u00f6lkig \u2013 h\u00f6gre translucens och ljusgenomsl\u00e4pp\u2022 F\u00f6rl\u00e4ngd anv\u00e4ndningstid, upp till 3 \u00e5r eller obegr\u00e4nsad f\u00f6r protest\u00e4nder\u2022 Korsl\u00e4nkad PMMA\u2022 \u00d6kad renhet i r\u00e5materialet\" \/>\n<meta property=\"og:url\" content=\"https:\/\/www.jbnordic.se\/en\/butik\/frasning\/blanks\/pmma\/brecam-multicom\/\" \/>\n<meta property=\"og:site_name\" content=\"JB Nordic AB\" \/>\n<meta property=\"article:publisher\" content=\"https:\/\/www.facebook.com\/jbnordic\" \/>\n<meta property=\"article:modified_time\" content=\"2026-04-23T09:16:02+00:00\" \/>\n<meta property=\"og:image\" content=\"https:\/\/www.jbnordic.se\/wp-content\/uploads\/2025\/12\/MCA20160-1200x1200.png\" \/>\n\t<meta property=\"og:image:width\" content=\"1200\" \/>\n\t<meta property=\"og:image:height\" content=\"1200\" \/>\n\t<meta property=\"og:image:type\" content=\"image\/png\" \/>\n<meta name=\"twitter:card\" content=\"summary_large_image\" \/>\n<meta name=\"twitter:label1\" content=\"Est. reading time\" \/>\n\t<meta name=\"twitter:data1\" content=\"1 minute\" \/>\n<script type=\"application\/ld+json\" class=\"yoast-schema-graph\">{\"@context\":\"https:\/\/schema.org\",\"@graph\":[{\"@type\":\"WebPage\",\"@id\":\"https:\/\/www.jbnordic.se\/butik\/frasning\/blanks\/pmma\/brecam-multicom\/\",\"url\":\"https:\/\/www.jbnordic.se\/butik\/frasning\/blanks\/pmma\/brecam-multicom\/\",\"name\":\"breCAM.multiCOM+ - JB Nordic AB\",\"isPartOf\":{\"@id\":\"https:\/\/www.jbnordic.se\/#website\"},\"primaryImageOfPage\":{\"@id\":\"https:\/\/www.jbnordic.se\/butik\/frasning\/blanks\/pmma\/brecam-multicom\/#primaryimage\"},\"image\":{\"@id\":\"https:\/\/www.jbnordic.se\/butik\/frasning\/blanks\/pmma\/brecam-multicom\/#primaryimage\"},\"thumbnailUrl\":\"https:\/\/www.jbnordic.se\/wp-content\/uploads\/2025\/12\/MCA20160.png\",\"datePublished\":\"2025-08-27T06:10:43+00:00\",\"dateModified\":\"2026-04-23T09:16:02+00:00\",\"breadcrumb\":{\"@id\":\"https:\/\/www.jbnordic.se\/butik\/frasning\/blanks\/pmma\/brecam-multicom\/#breadcrumb\"},\"inLanguage\":\"en-US\",\"potentialAction\":[{\"@type\":\"ReadAction\",\"target\":[\"https:\/\/www.jbnordic.se\/butik\/frasning\/blanks\/pmma\/brecam-multicom\/\"]}]},{\"@type\":\"ImageObject\",\"inLanguage\":\"en-US\",\"@id\":\"https:\/\/www.jbnordic.se\/butik\/frasning\/blanks\/pmma\/brecam-multicom\/#primaryimage\",\"url\":\"https:\/\/www.jbnordic.se\/wp-content\/uploads\/2025\/12\/MCA20160.png\",\"contentUrl\":\"https:\/\/www.jbnordic.se\/wp-content\/uploads\/2025\/12\/MCA20160.png\",\"width\":1920,\"height\":1920},{\"@type\":\"BreadcrumbList\",\"@id\":\"https:\/\/www.jbnordic.se\/butik\/frasning\/blanks\/pmma\/brecam-multicom\/#breadcrumb\",\"itemListElement\":[{\"@type\":\"ListItem\",\"position\":1,\"name\":\"Hem\",\"item\":\"https:\/\/www.jbnordic.se\/\"},{\"@type\":\"ListItem\",\"position\":2,\"name\":\"breCAM.multiCOM+\"}]},{\"@type\":\"WebSite\",\"@id\":\"https:\/\/www.jbnordic.se\/#website\",\"url\":\"https:\/\/www.jbnordic.se\/\",\"name\":\"JB Nordic AB\",\"description\":\"Kunskap!\",\"publisher\":{\"@id\":\"https:\/\/www.jbnordic.se\/#organization\"},\"potentialAction\":[{\"@type\":\"SearchAction\",\"target\":{\"@type\":\"EntryPoint\",\"urlTemplate\":\"https:\/\/www.jbnordic.se\/?s={search_term_string}\"},\"query-input\":{\"@type\":\"PropertyValueSpecification\",\"valueRequired\":true,\"valueName\":\"search_term_string\"}}],\"inLanguage\":\"en-US\"},{\"@type\":\"Organization\",\"@id\":\"https:\/\/www.jbnordic.se\/#organization\",\"name\":\"JB Nordic\",\"url\":\"https:\/\/www.jbnordic.se\/\",\"logo\":{\"@type\":\"ImageObject\",\"inLanguage\":\"en-US\",\"@id\":\"https:\/\/www.jbnordic.se\/#\/schema\/logo\/image\/\",\"url\":\"https:\/\/www.jbnordic.se\/wp-content\/uploads\/2022\/02\/jb_nordic_logo_blk_h100px.png\",\"contentUrl\":\"https:\/\/www.jbnordic.se\/wp-content\/uploads\/2022\/02\/jb_nordic_logo_blk_h100px.png\",\"width\":480,\"height\":100,\"caption\":\"JB Nordic\"},\"image\":{\"@id\":\"https:\/\/www.jbnordic.se\/#\/schema\/logo\/image\/\"},\"sameAs\":[\"https:\/\/www.facebook.com\/jbnordic\",\"https:\/\/www.linkedin.com\/company\/jbnordic.se\",\"https:\/\/www.instagram.com\/jbnordic\/\"]}]}<\/script>\n<!-- \/ Yoast SEO plugin. -->","yoast_head_json":{"title":"breCAM.multiCOM+ - JB Nordic AB","robots":{"index":"index","follow":"follow","max-snippet":"max-snippet:-1","max-image-preview":"max-image-preview:large","max-video-preview":"max-video-preview:-1"},"canonical":"https:\/\/www.jbnordic.se\/en\/butik\/frasning\/blanks\/pmma\/brecam-multicom\/","og_locale":"en_US","og_type":"article","og_title":"breCAM.multiCOM+ - JB Nordic AB","og_description":"\u2022 F\u00f6rb\u00e4ttrad f\u00e4rgmatchning mot Vita\u00ae Classic-f\u00e4rgskalan\u2022 F\u00f6rb\u00e4ttrad estetik \u2013 liknande Luxor Z True Nature\u2022 Mindre mj\u00f6lkig \u2013 h\u00f6gre translucens och ljusgenomsl\u00e4pp\u2022 F\u00f6rl\u00e4ngd anv\u00e4ndningstid, upp till 3 \u00e5r eller obegr\u00e4nsad f\u00f6r protest\u00e4nder\u2022 Korsl\u00e4nkad PMMA\u2022 \u00d6kad renhet i r\u00e5materialet","og_url":"https:\/\/www.jbnordic.se\/en\/butik\/frasning\/blanks\/pmma\/brecam-multicom\/","og_site_name":"JB Nordic AB","article_publisher":"https:\/\/www.facebook.com\/jbnordic","article_modified_time":"2026-04-23T09:16:02+00:00","og_image":[{"width":1200,"height":1200,"url":"https:\/\/www.jbnordic.se\/wp-content\/uploads\/2025\/12\/MCA20160-1200x1200.png","type":"image\/png"}],"twitter_card":"summary_large_image","twitter_misc":{"Est. reading time":"1 minute"},"schema":{"@context":"https:\/\/schema.org","@graph":[{"@type":"WebPage","@id":"https:\/\/www.jbnordic.se\/butik\/frasning\/blanks\/pmma\/brecam-multicom\/","url":"https:\/\/www.jbnordic.se\/butik\/frasning\/blanks\/pmma\/brecam-multicom\/","name":"breCAM.multiCOM+ - JB Nordic AB","isPartOf":{"@id":"https:\/\/www.jbnordic.se\/#website"},"primaryImageOfPage":{"@id":"https:\/\/www.jbnordic.se\/butik\/frasning\/blanks\/pmma\/brecam-multicom\/#primaryimage"},"image":{"@id":"https:\/\/www.jbnordic.se\/butik\/frasning\/blanks\/pmma\/brecam-multicom\/#primaryimage"},"thumbnailUrl":"https:\/\/www.jbnordic.se\/wp-content\/uploads\/2025\/12\/MCA20160.png","datePublished":"2025-08-27T06:10:43+00:00","dateModified":"2026-04-23T09:16:02+00:00","breadcrumb":{"@id":"https:\/\/www.jbnordic.se\/butik\/frasning\/blanks\/pmma\/brecam-multicom\/#breadcrumb"},"inLanguage":"en-US","potentialAction":[{"@type":"ReadAction","target":["https:\/\/www.jbnordic.se\/butik\/frasning\/blanks\/pmma\/brecam-multicom\/"]}]},{"@type":"ImageObject","inLanguage":"en-US","@id":"https:\/\/www.jbnordic.se\/butik\/frasning\/blanks\/pmma\/brecam-multicom\/#primaryimage","url":"https:\/\/www.jbnordic.se\/wp-content\/uploads\/2025\/12\/MCA20160.png","contentUrl":"https:\/\/www.jbnordic.se\/wp-content\/uploads\/2025\/12\/MCA20160.png","width":1920,"height":1920},{"@type":"BreadcrumbList","@id":"https:\/\/www.jbnordic.se\/butik\/frasning\/blanks\/pmma\/brecam-multicom\/#breadcrumb","itemListElement":[{"@type":"ListItem","position":1,"name":"Hem","item":"https:\/\/www.jbnordic.se\/"},{"@type":"ListItem","position":2,"name":"breCAM.multiCOM+"}]},{"@type":"WebSite","@id":"https:\/\/www.jbnordic.se\/#website","url":"https:\/\/www.jbnordic.se\/","name":"JB Nordic AB","description":"Kunskap!","publisher":{"@id":"https:\/\/www.jbnordic.se\/#organization"},"potentialAction":[{"@type":"SearchAction","target":{"@type":"EntryPoint","urlTemplate":"https:\/\/www.jbnordic.se\/?s={search_term_string}"},"query-input":{"@type":"PropertyValueSpecification","valueRequired":true,"valueName":"search_term_string"}}],"inLanguage":"en-US"},{"@type":"Organization","@id":"https:\/\/www.jbnordic.se\/#organization","name":"JB Nordic","url":"https:\/\/www.jbnordic.se\/","logo":{"@type":"ImageObject","inLanguage":"en-US","@id":"https:\/\/www.jbnordic.se\/#\/schema\/logo\/image\/","url":"https:\/\/www.jbnordic.se\/wp-content\/uploads\/2022\/02\/jb_nordic_logo_blk_h100px.png","contentUrl":"https:\/\/www.jbnordic.se\/wp-content\/uploads\/2022\/02\/jb_nordic_logo_blk_h100px.png","width":480,"height":100,"caption":"JB Nordic"},"image":{"@id":"https:\/\/www.jbnordic.se\/#\/schema\/logo\/image\/"},"sameAs":["https:\/\/www.facebook.com\/jbnordic","https:\/\/www.linkedin.com\/company\/jbnordic.se","https:\/\/www.instagram.com\/jbnordic\/"]}]}},"kroconnect":{"tax_rate":25,"price_inc_vat":{"regular_price":895},"price_ex_vat":{"regular_price":895}},"_links":{"self":[{"href":"https:\/\/www.jbnordic.se\/en\/wp-json\/wp\/v2\/product\/259888","targetHints":{"allow":["GET"]}}],"collection":[{"href":"https:\/\/www.jbnordic.se\/en\/wp-json\/wp\/v2\/product"}],"about":[{"href":"https:\/\/www.jbnordic.se\/en\/wp-json\/wp\/v2\/types\/product"}],"wp:featuredmedia":[{"embeddable":true,"href":"https:\/\/www.jbnordic.se\/en\/wp-json\/wp\/v2\/media\/265728"}],"wp:attachment":[{"href":"https:\/\/www.jbnordic.se\/en\/wp-json\/wp\/v2\/media?parent=259888"}],"wp:term":[{"taxonomy":"product_brand","embeddable":true,"href":"https:\/\/www.jbnordic.se\/en\/wp-json\/wp\/v2\/product_brand?post=259888"},{"taxonomy":"product_cat","embeddable":true,"href":"https:\/\/www.jbnordic.se\/en\/wp-json\/wp\/v2\/product_cat?post=259888"},{"taxonomy":"product_tag","embeddable":true,"href":"https:\/\/www.jbnordic.se\/en\/wp-json\/wp\/v2\/product_tag?post=259888"}],"curies":[{"name":"wp","href":"https:\/\/api.w.org\/{rel}","templated":true}]}}