{"id":259834,"date":"2025-08-26T10:37:44","date_gmt":"2025-08-26T08:37:44","guid":{"rendered":"https:\/\/www.jbnordic.se\/?post_type=product&#038;p=259834"},"modified":"2026-03-31T10:53:39","modified_gmt":"2026-03-31T08:53:39","slug":"brecam-base","status":"publish","type":"product","link":"https:\/\/www.jbnordic.se\/en\/butik\/frasning\/blanks\/brecam-base\/","title":{"rendered":"BreCAM.base"},"content":{"rendered":"","protected":false},"excerpt":{"rendered":"<p data-start=\"58\" data-end=\"224\"><strong data-start=\"58\" data-end=\"99\">breCAM.base \u2013 uni.lign i digitalt format<\/strong><br data-start=\"99\" data-end=\"102\" \/><br data-start=\"115\" data-end=\"118\" \/>Den redan etablerade polymeren uni.lign finns NU tillg\u00e4nglig som blank f\u00f6r ditt digitala arbetsfl\u00f6de.<\/p>\n<p data-start=\"226\" data-end=\"253\"><strong data-start=\"226\" data-end=\"251\">Fakta och egenskaper:<\/strong><\/p>\n<ul data-start=\"254\" data-end=\"567\">\n<li data-start=\"254\" data-end=\"287\">\n<p data-start=\"256\" data-end=\"287\">PMMA, &#8221;fully cross-linked&#8221;<\/p>\n<\/li>\n<li data-start=\"288\" data-end=\"353\">\n<p data-start=\"290\" data-end=\"353\">L\u00e5gt inneh\u00e5ll av restmonomer tack vare industriell tillverkningsprocess<\/p>\n<\/li>\n<li data-start=\"354\" data-end=\"371\">\n<p data-start=\"356\" data-end=\"371\">H\u00f6g biokompatibilitet<\/p>\n<\/li>\n<li data-start=\"372\" data-end=\"405\">\n<p data-start=\"374\" data-end=\"405\">Plackresistent och f\u00e4rgstabil<\/p>\n<\/li>\n<li data-start=\"406\" data-end=\"435\">\n<p data-start=\"408\" data-end=\"435\">St\u00f6tt\u00e5lig f\u00f6r l\u00e5ng h\u00e5llbarhet<\/p>\n<\/li>\n<li data-start=\"436\" data-end=\"480\">\n<p data-start=\"438\" data-end=\"480\">Naturlig f\u00e4rg\u00e5tervinning: Tillg\u00e4nglig med och utan \u00e5dring<\/p>\n<\/li>\n<li data-start=\"481\" data-end=\"567\">\n<p data-start=\"483\" data-end=\"567\">De mest popul\u00e4ra f\u00e4rgerna p\u00e5 marknaden, analogt med uni.lign PC20 och PF30 i 30\u202fmm<\/p>\n<\/li>\n<\/ul>","protected":false},"featured_media":261282,"template":"","meta":[],"product_brand":[253],"product_cat":[32,35],"product_tag":[],"class_list":{"0":"post-259834","1":"product","2":"type-product","3":"status-publish","4":"has-post-thumbnail","6":"product_brand-bredent","7":"product_cat-blanks","8":"product_cat-pmma","10":"first","11":"instock","12":"taxable","13":"shipping-taxable","14":"purchasable","15":"product-type-variable","16":"has-default-attributes"},"yoast_head":"<!-- This site is optimized with the Yoast SEO plugin v26.7 - https:\/\/yoast.com\/wordpress\/plugins\/seo\/ -->\n<title>BreCAM.base - JB Nordic AB<\/title>\n<meta name=\"robots\" content=\"index, follow, max-snippet:-1, max-image-preview:large, max-video-preview:-1\" \/>\n<link rel=\"canonical\" href=\"https:\/\/www.jbnordic.se\/en\/butik\/frasning\/blanks\/brecam-base\/\" \/>\n<meta property=\"og:locale\" content=\"en_US\" \/>\n<meta property=\"og:type\" content=\"article\" \/>\n<meta property=\"og:title\" content=\"BreCAM.base - JB Nordic AB\" \/>\n<meta property=\"og:description\" content=\"breCAM.base \u2013 uni.lign i digitalt formatDen redan etablerade polymeren uni.lign finns NU tillg\u00e4nglig som blank f\u00f6r ditt digitala arbetsfl\u00f6de. Fakta och egenskaper:     PMMA, &quot;fully cross-linked&quot;    L\u00e5gt inneh\u00e5ll av restmonomer tack vare industriell tillverkningsprocess    H\u00f6g biokompatibilitet    Plackresistent och f\u00e4rgstabil    St\u00f6tt\u00e5lig f\u00f6r l\u00e5ng h\u00e5llbarhet    Naturlig f\u00e4rg\u00e5tervinning: Tillg\u00e4nglig med och utan \u00e5dring    De mest popul\u00e4ra f\u00e4rgerna p\u00e5 marknaden, analogt med uni.lign PC20 och PF30 i 30\u202fmm\" \/>\n<meta property=\"og:url\" content=\"https:\/\/www.jbnordic.se\/en\/butik\/frasning\/blanks\/brecam-base\/\" \/>\n<meta property=\"og:site_name\" content=\"JB Nordic AB\" \/>\n<meta property=\"article:publisher\" content=\"https:\/\/www.facebook.com\/jbnordic\" \/>\n<meta property=\"article:modified_time\" content=\"2026-03-31T08:53:39+00:00\" \/>\n<meta property=\"og:image\" content=\"https:\/\/www.jbnordic.se\/wp-content\/uploads\/2025\/08\/BreCAM.basePF30.jpg\" \/>\n\t<meta property=\"og:image:width\" content=\"827\" \/>\n\t<meta property=\"og:image:height\" content=\"1024\" \/>\n\t<meta property=\"og:image:type\" content=\"image\/jpeg\" \/>\n<meta name=\"twitter:card\" content=\"summary_large_image\" \/>\n<meta name=\"twitter:label1\" content=\"Est. reading time\" \/>\n\t<meta name=\"twitter:data1\" content=\"1 minute\" \/>\n<script type=\"application\/ld+json\" class=\"yoast-schema-graph\">{\"@context\":\"https:\/\/schema.org\",\"@graph\":[{\"@type\":\"WebPage\",\"@id\":\"https:\/\/www.jbnordic.se\/butik\/frasning\/blanks\/brecam-base\/\",\"url\":\"https:\/\/www.jbnordic.se\/butik\/frasning\/blanks\/brecam-base\/\",\"name\":\"BreCAM.base - JB Nordic AB\",\"isPartOf\":{\"@id\":\"https:\/\/www.jbnordic.se\/#website\"},\"primaryImageOfPage\":{\"@id\":\"https:\/\/www.jbnordic.se\/butik\/frasning\/blanks\/brecam-base\/#primaryimage\"},\"image\":{\"@id\":\"https:\/\/www.jbnordic.se\/butik\/frasning\/blanks\/brecam-base\/#primaryimage\"},\"thumbnailUrl\":\"https:\/\/www.jbnordic.se\/wp-content\/uploads\/2025\/08\/BreCAM.basePF30.jpg\",\"datePublished\":\"2025-08-26T08:37:44+00:00\",\"dateModified\":\"2026-03-31T08:53:39+00:00\",\"breadcrumb\":{\"@id\":\"https:\/\/www.jbnordic.se\/butik\/frasning\/blanks\/brecam-base\/#breadcrumb\"},\"inLanguage\":\"en-US\",\"potentialAction\":[{\"@type\":\"ReadAction\",\"target\":[\"https:\/\/www.jbnordic.se\/butik\/frasning\/blanks\/brecam-base\/\"]}]},{\"@type\":\"ImageObject\",\"inLanguage\":\"en-US\",\"@id\":\"https:\/\/www.jbnordic.se\/butik\/frasning\/blanks\/brecam-base\/#primaryimage\",\"url\":\"https:\/\/www.jbnordic.se\/wp-content\/uploads\/2025\/08\/BreCAM.basePF30.jpg\",\"contentUrl\":\"https:\/\/www.jbnordic.se\/wp-content\/uploads\/2025\/08\/BreCAM.basePF30.jpg\",\"width\":827,\"height\":1024},{\"@type\":\"BreadcrumbList\",\"@id\":\"https:\/\/www.jbnordic.se\/butik\/frasning\/blanks\/brecam-base\/#breadcrumb\",\"itemListElement\":[{\"@type\":\"ListItem\",\"position\":1,\"name\":\"Hem\",\"item\":\"https:\/\/www.jbnordic.se\/\"},{\"@type\":\"ListItem\",\"position\":2,\"name\":\"BreCAM.base\"}]},{\"@type\":\"WebSite\",\"@id\":\"https:\/\/www.jbnordic.se\/#website\",\"url\":\"https:\/\/www.jbnordic.se\/\",\"name\":\"JB Nordic AB\",\"description\":\"Kunskap!\",\"publisher\":{\"@id\":\"https:\/\/www.jbnordic.se\/#organization\"},\"potentialAction\":[{\"@type\":\"SearchAction\",\"target\":{\"@type\":\"EntryPoint\",\"urlTemplate\":\"https:\/\/www.jbnordic.se\/?s={search_term_string}\"},\"query-input\":{\"@type\":\"PropertyValueSpecification\",\"valueRequired\":true,\"valueName\":\"search_term_string\"}}],\"inLanguage\":\"en-US\"},{\"@type\":\"Organization\",\"@id\":\"https:\/\/www.jbnordic.se\/#organization\",\"name\":\"JB Nordic\",\"url\":\"https:\/\/www.jbnordic.se\/\",\"logo\":{\"@type\":\"ImageObject\",\"inLanguage\":\"en-US\",\"@id\":\"https:\/\/www.jbnordic.se\/#\/schema\/logo\/image\/\",\"url\":\"https:\/\/www.jbnordic.se\/wp-content\/uploads\/2022\/02\/jb_nordic_logo_blk_h100px.png\",\"contentUrl\":\"https:\/\/www.jbnordic.se\/wp-content\/uploads\/2022\/02\/jb_nordic_logo_blk_h100px.png\",\"width\":480,\"height\":100,\"caption\":\"JB Nordic\"},\"image\":{\"@id\":\"https:\/\/www.jbnordic.se\/#\/schema\/logo\/image\/\"},\"sameAs\":[\"https:\/\/www.facebook.com\/jbnordic\",\"https:\/\/www.linkedin.com\/company\/jbnordic.se\",\"https:\/\/www.instagram.com\/jbnordic\/\"]}]}<\/script>\n<!-- \/ Yoast SEO plugin. -->","yoast_head_json":{"title":"BreCAM.base - JB Nordic AB","robots":{"index":"index","follow":"follow","max-snippet":"max-snippet:-1","max-image-preview":"max-image-preview:large","max-video-preview":"max-video-preview:-1"},"canonical":"https:\/\/www.jbnordic.se\/en\/butik\/frasning\/blanks\/brecam-base\/","og_locale":"en_US","og_type":"article","og_title":"BreCAM.base - JB Nordic AB","og_description":"breCAM.base \u2013 uni.lign i digitalt formatDen redan etablerade polymeren uni.lign finns NU tillg\u00e4nglig som blank f\u00f6r ditt digitala arbetsfl\u00f6de. Fakta och egenskaper:     PMMA, \"fully cross-linked\"    L\u00e5gt inneh\u00e5ll av restmonomer tack vare industriell tillverkningsprocess    H\u00f6g biokompatibilitet    Plackresistent och f\u00e4rgstabil    St\u00f6tt\u00e5lig f\u00f6r l\u00e5ng h\u00e5llbarhet    Naturlig f\u00e4rg\u00e5tervinning: Tillg\u00e4nglig med och utan \u00e5dring    De mest popul\u00e4ra f\u00e4rgerna p\u00e5 marknaden, analogt med uni.lign PC20 och PF30 i 30\u202fmm","og_url":"https:\/\/www.jbnordic.se\/en\/butik\/frasning\/blanks\/brecam-base\/","og_site_name":"JB Nordic AB","article_publisher":"https:\/\/www.facebook.com\/jbnordic","article_modified_time":"2026-03-31T08:53:39+00:00","og_image":[{"width":827,"height":1024,"url":"https:\/\/www.jbnordic.se\/wp-content\/uploads\/2025\/08\/BreCAM.basePF30.jpg","type":"image\/jpeg"}],"twitter_card":"summary_large_image","twitter_misc":{"Est. reading time":"1 minute"},"schema":{"@context":"https:\/\/schema.org","@graph":[{"@type":"WebPage","@id":"https:\/\/www.jbnordic.se\/butik\/frasning\/blanks\/brecam-base\/","url":"https:\/\/www.jbnordic.se\/butik\/frasning\/blanks\/brecam-base\/","name":"BreCAM.base - JB Nordic AB","isPartOf":{"@id":"https:\/\/www.jbnordic.se\/#website"},"primaryImageOfPage":{"@id":"https:\/\/www.jbnordic.se\/butik\/frasning\/blanks\/brecam-base\/#primaryimage"},"image":{"@id":"https:\/\/www.jbnordic.se\/butik\/frasning\/blanks\/brecam-base\/#primaryimage"},"thumbnailUrl":"https:\/\/www.jbnordic.se\/wp-content\/uploads\/2025\/08\/BreCAM.basePF30.jpg","datePublished":"2025-08-26T08:37:44+00:00","dateModified":"2026-03-31T08:53:39+00:00","breadcrumb":{"@id":"https:\/\/www.jbnordic.se\/butik\/frasning\/blanks\/brecam-base\/#breadcrumb"},"inLanguage":"en-US","potentialAction":[{"@type":"ReadAction","target":["https:\/\/www.jbnordic.se\/butik\/frasning\/blanks\/brecam-base\/"]}]},{"@type":"ImageObject","inLanguage":"en-US","@id":"https:\/\/www.jbnordic.se\/butik\/frasning\/blanks\/brecam-base\/#primaryimage","url":"https:\/\/www.jbnordic.se\/wp-content\/uploads\/2025\/08\/BreCAM.basePF30.jpg","contentUrl":"https:\/\/www.jbnordic.se\/wp-content\/uploads\/2025\/08\/BreCAM.basePF30.jpg","width":827,"height":1024},{"@type":"BreadcrumbList","@id":"https:\/\/www.jbnordic.se\/butik\/frasning\/blanks\/brecam-base\/#breadcrumb","itemListElement":[{"@type":"ListItem","position":1,"name":"Hem","item":"https:\/\/www.jbnordic.se\/"},{"@type":"ListItem","position":2,"name":"BreCAM.base"}]},{"@type":"WebSite","@id":"https:\/\/www.jbnordic.se\/#website","url":"https:\/\/www.jbnordic.se\/","name":"JB Nordic AB","description":"Kunskap!","publisher":{"@id":"https:\/\/www.jbnordic.se\/#organization"},"potentialAction":[{"@type":"SearchAction","target":{"@type":"EntryPoint","urlTemplate":"https:\/\/www.jbnordic.se\/?s={search_term_string}"},"query-input":{"@type":"PropertyValueSpecification","valueRequired":true,"valueName":"search_term_string"}}],"inLanguage":"en-US"},{"@type":"Organization","@id":"https:\/\/www.jbnordic.se\/#organization","name":"JB Nordic","url":"https:\/\/www.jbnordic.se\/","logo":{"@type":"ImageObject","inLanguage":"en-US","@id":"https:\/\/www.jbnordic.se\/#\/schema\/logo\/image\/","url":"https:\/\/www.jbnordic.se\/wp-content\/uploads\/2022\/02\/jb_nordic_logo_blk_h100px.png","contentUrl":"https:\/\/www.jbnordic.se\/wp-content\/uploads\/2022\/02\/jb_nordic_logo_blk_h100px.png","width":480,"height":100,"caption":"JB Nordic"},"image":{"@id":"https:\/\/www.jbnordic.se\/#\/schema\/logo\/image\/"},"sameAs":["https:\/\/www.facebook.com\/jbnordic","https:\/\/www.linkedin.com\/company\/jbnordic.se","https:\/\/www.instagram.com\/jbnordic\/"]}]}},"kroconnect":{"tax_rate":25,"price_inc_vat":{"regular_price":599},"price_ex_vat":{"regular_price":599}},"_links":{"self":[{"href":"https:\/\/www.jbnordic.se\/en\/wp-json\/wp\/v2\/product\/259834","targetHints":{"allow":["GET"]}}],"collection":[{"href":"https:\/\/www.jbnordic.se\/en\/wp-json\/wp\/v2\/product"}],"about":[{"href":"https:\/\/www.jbnordic.se\/en\/wp-json\/wp\/v2\/types\/product"}],"wp:featuredmedia":[{"embeddable":true,"href":"https:\/\/www.jbnordic.se\/en\/wp-json\/wp\/v2\/media\/261282"}],"wp:attachment":[{"href":"https:\/\/www.jbnordic.se\/en\/wp-json\/wp\/v2\/media?parent=259834"}],"wp:term":[{"taxonomy":"product_brand","embeddable":true,"href":"https:\/\/www.jbnordic.se\/en\/wp-json\/wp\/v2\/product_brand?post=259834"},{"taxonomy":"product_cat","embeddable":true,"href":"https:\/\/www.jbnordic.se\/en\/wp-json\/wp\/v2\/product_cat?post=259834"},{"taxonomy":"product_tag","embeddable":true,"href":"https:\/\/www.jbnordic.se\/en\/wp-json\/wp\/v2\/product_tag?post=259834"}],"curies":[{"name":"wp","href":"https:\/\/api.w.org\/{rel}","templated":true}]}}