{"id":257606,"date":"2025-07-15T21:45:23","date_gmt":"2025-07-15T19:45:23","guid":{"rendered":"https:\/\/www.jbnordic.se\/?post_type=product&#038;p=257606"},"modified":"2026-04-20T15:27:44","modified_gmt":"2026-04-20T13:27:44","slug":"eisenhammer-titan-grade-5","status":"publish","type":"product","link":"https:\/\/www.jbnordic.se\/en\/butik\/frasning\/blanks\/eisenhammer-titan-grade-5\/","title":{"rendered":"Eisenhammer Titan Grade 5"},"content":{"rendered":"<ul>\n<li data-start=\"79\" data-end=\"178\">\n<p data-start=\"81\" data-end=\"178\">H\u00f6gkvalitativ titanlegering (Grad 5 &#8211; N, C, H; Fe, O &lt;0,4\u202f%)<\/p>\n<\/li>\n<li data-start=\"179\" data-end=\"286\">\n<p data-start=\"181\" data-end=\"286\">Kan anv\u00e4ndas \u00e4ven f\u00f6r bar- och implantatst\u00f6dda suprastrukturer<\/p>\n<\/li>\n<li data-start=\"331\" data-end=\"375\">\n<p data-start=\"333\" data-end=\"375\">H\u00f6gre mekanisk h\u00e5llfasthet \u00e4n rent titan<\/p>\n<\/li>\n<li data-start=\"376\" data-end=\"432\">\n<p data-start=\"378\" data-end=\"432\">Kan anv\u00e4ndas med alla porslin \u00e4mnade f\u00f6r titan<\/p>\n<\/li>\n<\/ul>","protected":false},"excerpt":{"rendered":"<p>H\u00f6gkvalitativ titanlegering (Grad 5 &#8211; N, C, H; Fe, O &lt;0,4\u202f%) Kan anv\u00e4ndas \u00e4ven f\u00f6r bar- och implantatst\u00f6dda suprastrukturer H\u00f6gre mekanisk h\u00e5llfasthet \u00e4n rent titan Kan anv\u00e4ndas med alla porslin&#8230;<\/p>","protected":false},"featured_media":259936,"template":"","meta":[],"product_brand":[253],"product_cat":[32,78],"product_tag":[257,258],"class_list":{"0":"post-257606","1":"product","2":"type-product","3":"status-publish","4":"has-post-thumbnail","6":"product_brand-bredent","7":"product_cat-blanks","8":"product_cat-co-cr-titan","9":"product_tag-eisenhammer","10":"product_tag-titan","12":"first","13":"instock","14":"taxable","15":"shipping-taxable","16":"purchasable","17":"product-type-variable","18":"has-default-attributes"},"yoast_head":"<!-- This site is optimized with the Yoast SEO plugin v26.7 - https:\/\/yoast.com\/wordpress\/plugins\/seo\/ -->\n<title>Eisenhammer Titan Grade 5 - JB Nordic AB<\/title>\n<meta name=\"robots\" content=\"index, follow, max-snippet:-1, max-image-preview:large, max-video-preview:-1\" \/>\n<link rel=\"canonical\" href=\"https:\/\/www.jbnordic.se\/en\/butik\/frasning\/blanks\/eisenhammer-titan-grade-5\/\" \/>\n<meta property=\"og:locale\" content=\"en_US\" \/>\n<meta property=\"og:type\" content=\"article\" \/>\n<meta property=\"og:title\" content=\"Eisenhammer Titan Grade 5 - JB Nordic AB\" \/>\n<meta property=\"og:description\" content=\"H\u00f6gkvalitativ titanlegering (Grad 5 &#8211; N, C, H; Fe, O &lt;0,4\u202f%) Kan anv\u00e4ndas \u00e4ven f\u00f6r bar- och implantatst\u00f6dda suprastrukturer H\u00f6gre mekanisk h\u00e5llfasthet \u00e4n rent titan Kan anv\u00e4ndas med alla porslin...\" \/>\n<meta property=\"og:url\" content=\"https:\/\/www.jbnordic.se\/en\/butik\/frasning\/blanks\/eisenhammer-titan-grade-5\/\" \/>\n<meta property=\"og:site_name\" content=\"JB Nordic AB\" \/>\n<meta property=\"article:publisher\" content=\"https:\/\/www.facebook.com\/jbnordic\" \/>\n<meta property=\"article:modified_time\" content=\"2026-04-20T13:27:44+00:00\" \/>\n<meta property=\"og:image\" content=\"https:\/\/www.jbnordic.se\/wp-content\/uploads\/2025\/07\/Produktbild-EISENHAMMER-Ti5-ELI-bearbeitet-1192x1200.png\" \/>\n\t<meta property=\"og:image:width\" content=\"1192\" \/>\n\t<meta property=\"og:image:height\" content=\"1200\" \/>\n\t<meta property=\"og:image:type\" content=\"image\/png\" \/>\n<meta name=\"twitter:card\" content=\"summary_large_image\" \/>\n<meta name=\"twitter:label1\" content=\"Est. reading time\" \/>\n\t<meta name=\"twitter:data1\" content=\"1 minute\" \/>\n<script type=\"application\/ld+json\" class=\"yoast-schema-graph\">{\"@context\":\"https:\/\/schema.org\",\"@graph\":[{\"@type\":\"WebPage\",\"@id\":\"https:\/\/www.jbnordic.se\/butik\/frasning\/blanks\/eisenhammer-titan-grade-5\/\",\"url\":\"https:\/\/www.jbnordic.se\/butik\/frasning\/blanks\/eisenhammer-titan-grade-5\/\",\"name\":\"Eisenhammer Titan Grade 5 - JB Nordic AB\",\"isPartOf\":{\"@id\":\"https:\/\/www.jbnordic.se\/#website\"},\"primaryImageOfPage\":{\"@id\":\"https:\/\/www.jbnordic.se\/butik\/frasning\/blanks\/eisenhammer-titan-grade-5\/#primaryimage\"},\"image\":{\"@id\":\"https:\/\/www.jbnordic.se\/butik\/frasning\/blanks\/eisenhammer-titan-grade-5\/#primaryimage\"},\"thumbnailUrl\":\"https:\/\/www.jbnordic.se\/wp-content\/uploads\/2025\/07\/Produktbild-EISENHAMMER-Ti5-ELI-bearbeitet.png\",\"datePublished\":\"2025-07-15T19:45:23+00:00\",\"dateModified\":\"2026-04-20T13:27:44+00:00\",\"breadcrumb\":{\"@id\":\"https:\/\/www.jbnordic.se\/butik\/frasning\/blanks\/eisenhammer-titan-grade-5\/#breadcrumb\"},\"inLanguage\":\"en-US\",\"potentialAction\":[{\"@type\":\"ReadAction\",\"target\":[\"https:\/\/www.jbnordic.se\/butik\/frasning\/blanks\/eisenhammer-titan-grade-5\/\"]}]},{\"@type\":\"ImageObject\",\"inLanguage\":\"en-US\",\"@id\":\"https:\/\/www.jbnordic.se\/butik\/frasning\/blanks\/eisenhammer-titan-grade-5\/#primaryimage\",\"url\":\"https:\/\/www.jbnordic.se\/wp-content\/uploads\/2025\/07\/Produktbild-EISENHAMMER-Ti5-ELI-bearbeitet.png\",\"contentUrl\":\"https:\/\/www.jbnordic.se\/wp-content\/uploads\/2025\/07\/Produktbild-EISENHAMMER-Ti5-ELI-bearbeitet.png\",\"width\":2283,\"height\":2299},{\"@type\":\"BreadcrumbList\",\"@id\":\"https:\/\/www.jbnordic.se\/butik\/frasning\/blanks\/eisenhammer-titan-grade-5\/#breadcrumb\",\"itemListElement\":[{\"@type\":\"ListItem\",\"position\":1,\"name\":\"Hem\",\"item\":\"https:\/\/www.jbnordic.se\/\"},{\"@type\":\"ListItem\",\"position\":2,\"name\":\"Eisenhammer Titan Grade 5\"}]},{\"@type\":\"WebSite\",\"@id\":\"https:\/\/www.jbnordic.se\/#website\",\"url\":\"https:\/\/www.jbnordic.se\/\",\"name\":\"JB Nordic AB\",\"description\":\"Kunskap!\",\"publisher\":{\"@id\":\"https:\/\/www.jbnordic.se\/#organization\"},\"potentialAction\":[{\"@type\":\"SearchAction\",\"target\":{\"@type\":\"EntryPoint\",\"urlTemplate\":\"https:\/\/www.jbnordic.se\/?s={search_term_string}\"},\"query-input\":{\"@type\":\"PropertyValueSpecification\",\"valueRequired\":true,\"valueName\":\"search_term_string\"}}],\"inLanguage\":\"en-US\"},{\"@type\":\"Organization\",\"@id\":\"https:\/\/www.jbnordic.se\/#organization\",\"name\":\"JB Nordic\",\"url\":\"https:\/\/www.jbnordic.se\/\",\"logo\":{\"@type\":\"ImageObject\",\"inLanguage\":\"en-US\",\"@id\":\"https:\/\/www.jbnordic.se\/#\/schema\/logo\/image\/\",\"url\":\"https:\/\/www.jbnordic.se\/wp-content\/uploads\/2022\/02\/jb_nordic_logo_blk_h100px.png\",\"contentUrl\":\"https:\/\/www.jbnordic.se\/wp-content\/uploads\/2022\/02\/jb_nordic_logo_blk_h100px.png\",\"width\":480,\"height\":100,\"caption\":\"JB Nordic\"},\"image\":{\"@id\":\"https:\/\/www.jbnordic.se\/#\/schema\/logo\/image\/\"},\"sameAs\":[\"https:\/\/www.facebook.com\/jbnordic\",\"https:\/\/www.linkedin.com\/company\/jbnordic.se\",\"https:\/\/www.instagram.com\/jbnordic\/\"]}]}<\/script>\n<!-- \/ Yoast SEO plugin. -->","yoast_head_json":{"title":"Eisenhammer Titan Grade 5 - JB Nordic AB","robots":{"index":"index","follow":"follow","max-snippet":"max-snippet:-1","max-image-preview":"max-image-preview:large","max-video-preview":"max-video-preview:-1"},"canonical":"https:\/\/www.jbnordic.se\/en\/butik\/frasning\/blanks\/eisenhammer-titan-grade-5\/","og_locale":"en_US","og_type":"article","og_title":"Eisenhammer Titan Grade 5 - JB Nordic AB","og_description":"H\u00f6gkvalitativ titanlegering (Grad 5 &#8211; N, C, H; Fe, O &lt;0,4\u202f%) Kan anv\u00e4ndas \u00e4ven f\u00f6r bar- och implantatst\u00f6dda suprastrukturer H\u00f6gre mekanisk h\u00e5llfasthet \u00e4n rent titan Kan anv\u00e4ndas med alla porslin...","og_url":"https:\/\/www.jbnordic.se\/en\/butik\/frasning\/blanks\/eisenhammer-titan-grade-5\/","og_site_name":"JB Nordic AB","article_publisher":"https:\/\/www.facebook.com\/jbnordic","article_modified_time":"2026-04-20T13:27:44+00:00","og_image":[{"width":1192,"height":1200,"url":"https:\/\/www.jbnordic.se\/wp-content\/uploads\/2025\/07\/Produktbild-EISENHAMMER-Ti5-ELI-bearbeitet-1192x1200.png","type":"image\/png"}],"twitter_card":"summary_large_image","twitter_misc":{"Est. reading time":"1 minute"},"schema":{"@context":"https:\/\/schema.org","@graph":[{"@type":"WebPage","@id":"https:\/\/www.jbnordic.se\/butik\/frasning\/blanks\/eisenhammer-titan-grade-5\/","url":"https:\/\/www.jbnordic.se\/butik\/frasning\/blanks\/eisenhammer-titan-grade-5\/","name":"Eisenhammer Titan Grade 5 - JB Nordic AB","isPartOf":{"@id":"https:\/\/www.jbnordic.se\/#website"},"primaryImageOfPage":{"@id":"https:\/\/www.jbnordic.se\/butik\/frasning\/blanks\/eisenhammer-titan-grade-5\/#primaryimage"},"image":{"@id":"https:\/\/www.jbnordic.se\/butik\/frasning\/blanks\/eisenhammer-titan-grade-5\/#primaryimage"},"thumbnailUrl":"https:\/\/www.jbnordic.se\/wp-content\/uploads\/2025\/07\/Produktbild-EISENHAMMER-Ti5-ELI-bearbeitet.png","datePublished":"2025-07-15T19:45:23+00:00","dateModified":"2026-04-20T13:27:44+00:00","breadcrumb":{"@id":"https:\/\/www.jbnordic.se\/butik\/frasning\/blanks\/eisenhammer-titan-grade-5\/#breadcrumb"},"inLanguage":"en-US","potentialAction":[{"@type":"ReadAction","target":["https:\/\/www.jbnordic.se\/butik\/frasning\/blanks\/eisenhammer-titan-grade-5\/"]}]},{"@type":"ImageObject","inLanguage":"en-US","@id":"https:\/\/www.jbnordic.se\/butik\/frasning\/blanks\/eisenhammer-titan-grade-5\/#primaryimage","url":"https:\/\/www.jbnordic.se\/wp-content\/uploads\/2025\/07\/Produktbild-EISENHAMMER-Ti5-ELI-bearbeitet.png","contentUrl":"https:\/\/www.jbnordic.se\/wp-content\/uploads\/2025\/07\/Produktbild-EISENHAMMER-Ti5-ELI-bearbeitet.png","width":2283,"height":2299},{"@type":"BreadcrumbList","@id":"https:\/\/www.jbnordic.se\/butik\/frasning\/blanks\/eisenhammer-titan-grade-5\/#breadcrumb","itemListElement":[{"@type":"ListItem","position":1,"name":"Hem","item":"https:\/\/www.jbnordic.se\/"},{"@type":"ListItem","position":2,"name":"Eisenhammer Titan Grade 5"}]},{"@type":"WebSite","@id":"https:\/\/www.jbnordic.se\/#website","url":"https:\/\/www.jbnordic.se\/","name":"JB Nordic AB","description":"Kunskap!","publisher":{"@id":"https:\/\/www.jbnordic.se\/#organization"},"potentialAction":[{"@type":"SearchAction","target":{"@type":"EntryPoint","urlTemplate":"https:\/\/www.jbnordic.se\/?s={search_term_string}"},"query-input":{"@type":"PropertyValueSpecification","valueRequired":true,"valueName":"search_term_string"}}],"inLanguage":"en-US"},{"@type":"Organization","@id":"https:\/\/www.jbnordic.se\/#organization","name":"JB Nordic","url":"https:\/\/www.jbnordic.se\/","logo":{"@type":"ImageObject","inLanguage":"en-US","@id":"https:\/\/www.jbnordic.se\/#\/schema\/logo\/image\/","url":"https:\/\/www.jbnordic.se\/wp-content\/uploads\/2022\/02\/jb_nordic_logo_blk_h100px.png","contentUrl":"https:\/\/www.jbnordic.se\/wp-content\/uploads\/2022\/02\/jb_nordic_logo_blk_h100px.png","width":480,"height":100,"caption":"JB Nordic"},"image":{"@id":"https:\/\/www.jbnordic.se\/#\/schema\/logo\/image\/"},"sameAs":["https:\/\/www.facebook.com\/jbnordic","https:\/\/www.linkedin.com\/company\/jbnordic.se","https:\/\/www.instagram.com\/jbnordic\/"]}]}},"kroconnect":{"tax_rate":25,"price_inc_vat":{"regular_price":1295},"price_ex_vat":{"regular_price":1295}},"_links":{"self":[{"href":"https:\/\/www.jbnordic.se\/en\/wp-json\/wp\/v2\/product\/257606","targetHints":{"allow":["GET"]}}],"collection":[{"href":"https:\/\/www.jbnordic.se\/en\/wp-json\/wp\/v2\/product"}],"about":[{"href":"https:\/\/www.jbnordic.se\/en\/wp-json\/wp\/v2\/types\/product"}],"wp:featuredmedia":[{"embeddable":true,"href":"https:\/\/www.jbnordic.se\/en\/wp-json\/wp\/v2\/media\/259936"}],"wp:attachment":[{"href":"https:\/\/www.jbnordic.se\/en\/wp-json\/wp\/v2\/media?parent=257606"}],"wp:term":[{"taxonomy":"product_brand","embeddable":true,"href":"https:\/\/www.jbnordic.se\/en\/wp-json\/wp\/v2\/product_brand?post=257606"},{"taxonomy":"product_cat","embeddable":true,"href":"https:\/\/www.jbnordic.se\/en\/wp-json\/wp\/v2\/product_cat?post=257606"},{"taxonomy":"product_tag","embeddable":true,"href":"https:\/\/www.jbnordic.se\/en\/wp-json\/wp\/v2\/product_tag?post=257606"}],"curies":[{"name":"wp","href":"https:\/\/api.w.org\/{rel}","templated":true}]}}