{"id":257522,"date":"2025-07-14T12:55:41","date_gmt":"2025-07-14T10:55:41","guid":{"rendered":"https:\/\/www.jbnordic.se\/?post_type=product&#038;p=257522"},"modified":"2026-04-22T14:59:37","modified_gmt":"2026-04-22T12:59:37","slug":"bionicut-ace-snap","status":"publish","type":"product","link":"https:\/\/www.jbnordic.se\/en\/butik\/frasning\/blanks\/bionicut-ace-snap\/","title":{"rendered":"BioniCut ACE snap"},"content":{"rendered":"<p><a href=\"https:\/\/bredent-group.com\/brochures\/\" target=\"_blank\" rel=\"noopener\">Ladda ner broschyren h\u00e4r.<\/a><\/p>","protected":false},"excerpt":{"rendered":"<p class=\"text-text-100 mt-3 -mb-1 text-[1.375rem] font-bold\"><strong>BioniCut Snap<\/strong><\/p>\n<p class=\"font-claude-response-body break-words whitespace-normal leading-[1.7]\">BioniCut Snap \u00e4r ett estetiskt och funktionellt polymermaterial fr\u00e5n bredent. Materialet bygger p\u00e5 \u00f6ver 20 \u00e5rs erfarenhet av Bio Dentaplast i analogt presstekniksystem (Thermopress), men \u00e4r nu tillg\u00e4ngligt som blanks med f\u00f6rb\u00e4ttrade mekaniska egenskaper. Tack vare en specialutvecklad tillverkningsprocess \u00f6vertr\u00e4ffar BioniCut Snap de mekaniska egenskaperna hos traditionellt presat material.<\/p>","protected":false},"featured_media":265829,"template":"","meta":[],"product_brand":[253],"product_cat":[32,40],"product_tag":[],"class_list":{"0":"post-257522","1":"product","2":"type-product","3":"status-publish","4":"has-post-thumbnail","6":"product_brand-bredent","7":"product_cat-blanks","8":"product_cat-peek","10":"first","11":"instock","12":"taxable","13":"shipping-taxable","14":"purchasable","15":"product-type-variable"},"yoast_head":"<!-- This site is optimized with the Yoast SEO plugin v26.7 - https:\/\/yoast.com\/wordpress\/plugins\/seo\/ -->\n<title>BioniCut ACE snap - JB Nordic AB<\/title>\n<meta name=\"robots\" content=\"index, follow, max-snippet:-1, max-image-preview:large, max-video-preview:-1\" \/>\n<link rel=\"canonical\" href=\"https:\/\/www.jbnordic.se\/en\/butik\/frasning\/blanks\/bionicut-ace-snap\/\" \/>\n<meta property=\"og:locale\" content=\"en_US\" \/>\n<meta property=\"og:type\" content=\"article\" \/>\n<meta property=\"og:title\" content=\"BioniCut ACE snap - JB Nordic AB\" \/>\n<meta property=\"og:description\" content=\"BioniCut Snap BioniCut Snap \u00e4r ett estetiskt och funktionellt polymermaterial fr\u00e5n bredent. Materialet bygger p\u00e5 \u00f6ver 20 \u00e5rs erfarenhet av Bio Dentaplast i analogt presstekniksystem (Thermopress), men \u00e4r nu tillg\u00e4ngligt som blanks med f\u00f6rb\u00e4ttrade mekaniska egenskaper. Tack vare en specialutvecklad tillverkningsprocess \u00f6vertr\u00e4ffar BioniCut Snap de mekaniska egenskaperna hos traditionellt presat material.\" \/>\n<meta property=\"og:url\" content=\"https:\/\/www.jbnordic.se\/en\/butik\/frasning\/blanks\/bionicut-ace-snap\/\" \/>\n<meta property=\"og:site_name\" content=\"JB Nordic AB\" \/>\n<meta property=\"article:publisher\" content=\"https:\/\/www.facebook.com\/jbnordic\" \/>\n<meta property=\"article:modified_time\" content=\"2026-04-22T12:59:37+00:00\" \/>\n<meta property=\"og:image\" content=\"https:\/\/www.jbnordic.se\/wp-content\/uploads\/2025\/12\/54003690_20-1200x1200.png\" \/>\n\t<meta property=\"og:image:width\" content=\"1200\" \/>\n\t<meta property=\"og:image:height\" content=\"1200\" \/>\n\t<meta property=\"og:image:type\" content=\"image\/png\" \/>\n<meta name=\"twitter:card\" content=\"summary_large_image\" \/>\n<meta name=\"twitter:label1\" content=\"Est. reading time\" \/>\n\t<meta name=\"twitter:data1\" content=\"1 minute\" \/>\n<script type=\"application\/ld+json\" class=\"yoast-schema-graph\">{\"@context\":\"https:\/\/schema.org\",\"@graph\":[{\"@type\":\"WebPage\",\"@id\":\"https:\/\/www.jbnordic.se\/butik\/frasning\/blanks\/bionicut-ace-snap\/\",\"url\":\"https:\/\/www.jbnordic.se\/butik\/frasning\/blanks\/bionicut-ace-snap\/\",\"name\":\"BioniCut ACE snap - JB Nordic AB\",\"isPartOf\":{\"@id\":\"https:\/\/www.jbnordic.se\/#website\"},\"primaryImageOfPage\":{\"@id\":\"https:\/\/www.jbnordic.se\/butik\/frasning\/blanks\/bionicut-ace-snap\/#primaryimage\"},\"image\":{\"@id\":\"https:\/\/www.jbnordic.se\/butik\/frasning\/blanks\/bionicut-ace-snap\/#primaryimage\"},\"thumbnailUrl\":\"https:\/\/www.jbnordic.se\/wp-content\/uploads\/2025\/12\/54003690_20.png\",\"datePublished\":\"2025-07-14T10:55:41+00:00\",\"dateModified\":\"2026-04-22T12:59:37+00:00\",\"breadcrumb\":{\"@id\":\"https:\/\/www.jbnordic.se\/butik\/frasning\/blanks\/bionicut-ace-snap\/#breadcrumb\"},\"inLanguage\":\"en-US\",\"potentialAction\":[{\"@type\":\"ReadAction\",\"target\":[\"https:\/\/www.jbnordic.se\/butik\/frasning\/blanks\/bionicut-ace-snap\/\"]}]},{\"@type\":\"ImageObject\",\"inLanguage\":\"en-US\",\"@id\":\"https:\/\/www.jbnordic.se\/butik\/frasning\/blanks\/bionicut-ace-snap\/#primaryimage\",\"url\":\"https:\/\/www.jbnordic.se\/wp-content\/uploads\/2025\/12\/54003690_20.png\",\"contentUrl\":\"https:\/\/www.jbnordic.se\/wp-content\/uploads\/2025\/12\/54003690_20.png\",\"width\":1920,\"height\":1920},{\"@type\":\"BreadcrumbList\",\"@id\":\"https:\/\/www.jbnordic.se\/butik\/frasning\/blanks\/bionicut-ace-snap\/#breadcrumb\",\"itemListElement\":[{\"@type\":\"ListItem\",\"position\":1,\"name\":\"Hem\",\"item\":\"https:\/\/www.jbnordic.se\/\"},{\"@type\":\"ListItem\",\"position\":2,\"name\":\"BioniCut ACE snap\"}]},{\"@type\":\"WebSite\",\"@id\":\"https:\/\/www.jbnordic.se\/#website\",\"url\":\"https:\/\/www.jbnordic.se\/\",\"name\":\"JB Nordic AB\",\"description\":\"Kunskap!\",\"publisher\":{\"@id\":\"https:\/\/www.jbnordic.se\/#organization\"},\"potentialAction\":[{\"@type\":\"SearchAction\",\"target\":{\"@type\":\"EntryPoint\",\"urlTemplate\":\"https:\/\/www.jbnordic.se\/?s={search_term_string}\"},\"query-input\":{\"@type\":\"PropertyValueSpecification\",\"valueRequired\":true,\"valueName\":\"search_term_string\"}}],\"inLanguage\":\"en-US\"},{\"@type\":\"Organization\",\"@id\":\"https:\/\/www.jbnordic.se\/#organization\",\"name\":\"JB Nordic\",\"url\":\"https:\/\/www.jbnordic.se\/\",\"logo\":{\"@type\":\"ImageObject\",\"inLanguage\":\"en-US\",\"@id\":\"https:\/\/www.jbnordic.se\/#\/schema\/logo\/image\/\",\"url\":\"https:\/\/www.jbnordic.se\/wp-content\/uploads\/2022\/02\/jb_nordic_logo_blk_h100px.png\",\"contentUrl\":\"https:\/\/www.jbnordic.se\/wp-content\/uploads\/2022\/02\/jb_nordic_logo_blk_h100px.png\",\"width\":480,\"height\":100,\"caption\":\"JB Nordic\"},\"image\":{\"@id\":\"https:\/\/www.jbnordic.se\/#\/schema\/logo\/image\/\"},\"sameAs\":[\"https:\/\/www.facebook.com\/jbnordic\",\"https:\/\/www.linkedin.com\/company\/jbnordic.se\",\"https:\/\/www.instagram.com\/jbnordic\/\"]}]}<\/script>\n<!-- \/ Yoast SEO plugin. -->","yoast_head_json":{"title":"BioniCut ACE snap - JB Nordic AB","robots":{"index":"index","follow":"follow","max-snippet":"max-snippet:-1","max-image-preview":"max-image-preview:large","max-video-preview":"max-video-preview:-1"},"canonical":"https:\/\/www.jbnordic.se\/en\/butik\/frasning\/blanks\/bionicut-ace-snap\/","og_locale":"en_US","og_type":"article","og_title":"BioniCut ACE snap - JB Nordic AB","og_description":"BioniCut Snap BioniCut Snap \u00e4r ett estetiskt och funktionellt polymermaterial fr\u00e5n bredent. Materialet bygger p\u00e5 \u00f6ver 20 \u00e5rs erfarenhet av Bio Dentaplast i analogt presstekniksystem (Thermopress), men \u00e4r nu tillg\u00e4ngligt som blanks med f\u00f6rb\u00e4ttrade mekaniska egenskaper. Tack vare en specialutvecklad tillverkningsprocess \u00f6vertr\u00e4ffar BioniCut Snap de mekaniska egenskaperna hos traditionellt presat material.","og_url":"https:\/\/www.jbnordic.se\/en\/butik\/frasning\/blanks\/bionicut-ace-snap\/","og_site_name":"JB Nordic AB","article_publisher":"https:\/\/www.facebook.com\/jbnordic","article_modified_time":"2026-04-22T12:59:37+00:00","og_image":[{"width":1200,"height":1200,"url":"https:\/\/www.jbnordic.se\/wp-content\/uploads\/2025\/12\/54003690_20-1200x1200.png","type":"image\/png"}],"twitter_card":"summary_large_image","twitter_misc":{"Est. reading time":"1 minute"},"schema":{"@context":"https:\/\/schema.org","@graph":[{"@type":"WebPage","@id":"https:\/\/www.jbnordic.se\/butik\/frasning\/blanks\/bionicut-ace-snap\/","url":"https:\/\/www.jbnordic.se\/butik\/frasning\/blanks\/bionicut-ace-snap\/","name":"BioniCut ACE snap - JB Nordic AB","isPartOf":{"@id":"https:\/\/www.jbnordic.se\/#website"},"primaryImageOfPage":{"@id":"https:\/\/www.jbnordic.se\/butik\/frasning\/blanks\/bionicut-ace-snap\/#primaryimage"},"image":{"@id":"https:\/\/www.jbnordic.se\/butik\/frasning\/blanks\/bionicut-ace-snap\/#primaryimage"},"thumbnailUrl":"https:\/\/www.jbnordic.se\/wp-content\/uploads\/2025\/12\/54003690_20.png","datePublished":"2025-07-14T10:55:41+00:00","dateModified":"2026-04-22T12:59:37+00:00","breadcrumb":{"@id":"https:\/\/www.jbnordic.se\/butik\/frasning\/blanks\/bionicut-ace-snap\/#breadcrumb"},"inLanguage":"en-US","potentialAction":[{"@type":"ReadAction","target":["https:\/\/www.jbnordic.se\/butik\/frasning\/blanks\/bionicut-ace-snap\/"]}]},{"@type":"ImageObject","inLanguage":"en-US","@id":"https:\/\/www.jbnordic.se\/butik\/frasning\/blanks\/bionicut-ace-snap\/#primaryimage","url":"https:\/\/www.jbnordic.se\/wp-content\/uploads\/2025\/12\/54003690_20.png","contentUrl":"https:\/\/www.jbnordic.se\/wp-content\/uploads\/2025\/12\/54003690_20.png","width":1920,"height":1920},{"@type":"BreadcrumbList","@id":"https:\/\/www.jbnordic.se\/butik\/frasning\/blanks\/bionicut-ace-snap\/#breadcrumb","itemListElement":[{"@type":"ListItem","position":1,"name":"Hem","item":"https:\/\/www.jbnordic.se\/"},{"@type":"ListItem","position":2,"name":"BioniCut ACE snap"}]},{"@type":"WebSite","@id":"https:\/\/www.jbnordic.se\/#website","url":"https:\/\/www.jbnordic.se\/","name":"JB Nordic AB","description":"Kunskap!","publisher":{"@id":"https:\/\/www.jbnordic.se\/#organization"},"potentialAction":[{"@type":"SearchAction","target":{"@type":"EntryPoint","urlTemplate":"https:\/\/www.jbnordic.se\/?s={search_term_string}"},"query-input":{"@type":"PropertyValueSpecification","valueRequired":true,"valueName":"search_term_string"}}],"inLanguage":"en-US"},{"@type":"Organization","@id":"https:\/\/www.jbnordic.se\/#organization","name":"JB Nordic","url":"https:\/\/www.jbnordic.se\/","logo":{"@type":"ImageObject","inLanguage":"en-US","@id":"https:\/\/www.jbnordic.se\/#\/schema\/logo\/image\/","url":"https:\/\/www.jbnordic.se\/wp-content\/uploads\/2022\/02\/jb_nordic_logo_blk_h100px.png","contentUrl":"https:\/\/www.jbnordic.se\/wp-content\/uploads\/2022\/02\/jb_nordic_logo_blk_h100px.png","width":480,"height":100,"caption":"JB Nordic"},"image":{"@id":"https:\/\/www.jbnordic.se\/#\/schema\/logo\/image\/"},"sameAs":["https:\/\/www.facebook.com\/jbnordic","https:\/\/www.linkedin.com\/company\/jbnordic.se","https:\/\/www.instagram.com\/jbnordic\/"]}]}},"kroconnect":{"tax_rate":25,"price_inc_vat":{"regular_price":1095},"price_ex_vat":{"regular_price":1095}},"_links":{"self":[{"href":"https:\/\/www.jbnordic.se\/en\/wp-json\/wp\/v2\/product\/257522","targetHints":{"allow":["GET"]}}],"collection":[{"href":"https:\/\/www.jbnordic.se\/en\/wp-json\/wp\/v2\/product"}],"about":[{"href":"https:\/\/www.jbnordic.se\/en\/wp-json\/wp\/v2\/types\/product"}],"wp:featuredmedia":[{"embeddable":true,"href":"https:\/\/www.jbnordic.se\/en\/wp-json\/wp\/v2\/media\/265829"}],"wp:attachment":[{"href":"https:\/\/www.jbnordic.se\/en\/wp-json\/wp\/v2\/media?parent=257522"}],"wp:term":[{"taxonomy":"product_brand","embeddable":true,"href":"https:\/\/www.jbnordic.se\/en\/wp-json\/wp\/v2\/product_brand?post=257522"},{"taxonomy":"product_cat","embeddable":true,"href":"https:\/\/www.jbnordic.se\/en\/wp-json\/wp\/v2\/product_cat?post=257522"},{"taxonomy":"product_tag","embeddable":true,"href":"https:\/\/www.jbnordic.se\/en\/wp-json\/wp\/v2\/product_tag?post=257522"}],"curies":[{"name":"wp","href":"https:\/\/api.w.org\/{rel}","templated":true}]}}