{"id":253356,"date":"2025-05-07T14:09:56","date_gmt":"2025-05-07T12:09:56","guid":{"rendered":"https:\/\/www.jbnordic.se\/?post_type=product&#038;p=253356"},"modified":"2026-04-23T11:01:56","modified_gmt":"2026-04-23T09:01:56","slug":"luxor-z-true-nature","status":"publish","type":"product","link":"https:\/\/www.jbnordic.se\/en\/butik\/frasning\/blanks\/luxor-z-true-nature\/","title":{"rendered":"Bredent Luxor Z True Nature"},"content":{"rendered":"<p data-start=\"0\" data-end=\"286\">Efter sintring f\u00e5r du en perfekt, h\u00f6gkvalitativ opacitet i den cervikala delen, som \u00f6verg\u00e5r i en naturlig translucensgradient. Translucensen uppn\u00e5r v\u00e4rden i incisalomr\u00e5det som material tidigare inte har kunnat uppn\u00e5 utan indikationsbegr\u00e4nsningar.<\/p>\n<p data-start=\"0\" data-end=\"286\">Upplev redan fr\u00e5n b\u00f6rjan hur f\u00e4rgen p\u00e5 ett tillf\u00f6rlitligt s\u00e4tt uppn\u00e5r de klassiska VITA\u00ae-nyanserna A1\u2013D4 samt bleach.<br data-start=\"484\" data-end=\"487\" \/>En enkel glaze m\u00e5lning \u00e4r ofta tillr\u00e4cklig f\u00f6r att uppn\u00e5 den naturliga, h\u00f6gklassiga effekten. P\u00e5 detta s\u00e4tt skapar True Nature en perfekt balans mellan estetiska f\u00f6rv\u00e4ntningar och kravet p\u00e5 effektivitet.<\/p>","protected":false},"excerpt":{"rendered":"<p>Efter sintring f\u00e5r du en perfekt, h\u00f6gkvalitativ opacitet i den cervikala delen, som \u00f6verg\u00e5r i en naturlig translucensgradient. Translucensen uppn\u00e5r v\u00e4rden i incisalomr\u00e5det som material tidigare inte har kunnat uppn\u00e5&#8230;<\/p>","protected":false},"featured_media":263986,"template":"","meta":[],"product_brand":[253,254],"product_cat":[268,32,34],"product_tag":[256,30],"class_list":{"0":"post-253356","1":"product","2":"type-product","3":"status-publish","4":"has-post-thumbnail","6":"product_brand-bredent","7":"product_brand-zirkonia","8":"product_cat-nyheter","9":"product_cat-blanks","10":"product_cat-zirkonia","11":"product_tag-truenature","12":"product_tag-zirkonia","14":"first","15":"instock","16":"taxable","17":"shipping-taxable","18":"purchasable","19":"product-type-variable"},"yoast_head":"<!-- This site is optimized with the Yoast SEO plugin v26.7 - https:\/\/yoast.com\/wordpress\/plugins\/seo\/ -->\n<title>Bredent Luxor Z True Nature - JB Nordic AB<\/title>\n<meta name=\"robots\" content=\"index, follow, max-snippet:-1, max-image-preview:large, max-video-preview:-1\" \/>\n<link rel=\"canonical\" href=\"https:\/\/www.jbnordic.se\/en\/butik\/frasning\/blanks\/luxor-z-true-nature\/\" \/>\n<meta property=\"og:locale\" content=\"en_US\" \/>\n<meta property=\"og:type\" content=\"article\" \/>\n<meta property=\"og:title\" content=\"Bredent Luxor Z True Nature - JB Nordic AB\" \/>\n<meta property=\"og:description\" content=\"Efter sintring f\u00e5r du en perfekt, h\u00f6gkvalitativ opacitet i den cervikala delen, som \u00f6verg\u00e5r i en naturlig translucensgradient. Translucensen uppn\u00e5r v\u00e4rden i incisalomr\u00e5det som material tidigare inte har kunnat uppn\u00e5...\" \/>\n<meta property=\"og:url\" content=\"https:\/\/www.jbnordic.se\/en\/butik\/frasning\/blanks\/luxor-z-true-nature\/\" \/>\n<meta property=\"og:site_name\" content=\"JB Nordic AB\" \/>\n<meta property=\"article:publisher\" content=\"https:\/\/www.facebook.com\/jbnordic\" \/>\n<meta property=\"article:modified_time\" content=\"2026-04-23T09:01:56+00:00\" \/>\n<meta property=\"og:image\" content=\"https:\/\/www.jbnordic.se\/wp-content\/uploads\/2025\/05\/TN_arch5.jpg\" \/>\n\t<meta property=\"og:image:width\" content=\"900\" \/>\n\t<meta property=\"og:image:height\" content=\"600\" \/>\n\t<meta property=\"og:image:type\" content=\"image\/jpeg\" \/>\n<meta name=\"twitter:card\" content=\"summary_large_image\" \/>\n<meta name=\"twitter:label1\" content=\"Est. reading time\" \/>\n\t<meta name=\"twitter:data1\" content=\"1 minute\" \/>\n<script type=\"application\/ld+json\" class=\"yoast-schema-graph\">{\"@context\":\"https:\/\/schema.org\",\"@graph\":[{\"@type\":\"WebPage\",\"@id\":\"https:\/\/www.jbnordic.se\/butik\/frasning\/blanks\/luxor-z-true-nature\/\",\"url\":\"https:\/\/www.jbnordic.se\/butik\/frasning\/blanks\/luxor-z-true-nature\/\",\"name\":\"Bredent Luxor Z True Nature - JB Nordic AB\",\"isPartOf\":{\"@id\":\"https:\/\/www.jbnordic.se\/#website\"},\"primaryImageOfPage\":{\"@id\":\"https:\/\/www.jbnordic.se\/butik\/frasning\/blanks\/luxor-z-true-nature\/#primaryimage\"},\"image\":{\"@id\":\"https:\/\/www.jbnordic.se\/butik\/frasning\/blanks\/luxor-z-true-nature\/#primaryimage\"},\"thumbnailUrl\":\"https:\/\/www.jbnordic.se\/wp-content\/uploads\/2025\/05\/TN_arch5.jpg\",\"datePublished\":\"2025-05-07T12:09:56+00:00\",\"dateModified\":\"2026-04-23T09:01:56+00:00\",\"breadcrumb\":{\"@id\":\"https:\/\/www.jbnordic.se\/butik\/frasning\/blanks\/luxor-z-true-nature\/#breadcrumb\"},\"inLanguage\":\"en-US\",\"potentialAction\":[{\"@type\":\"ReadAction\",\"target\":[\"https:\/\/www.jbnordic.se\/butik\/frasning\/blanks\/luxor-z-true-nature\/\"]}]},{\"@type\":\"ImageObject\",\"inLanguage\":\"en-US\",\"@id\":\"https:\/\/www.jbnordic.se\/butik\/frasning\/blanks\/luxor-z-true-nature\/#primaryimage\",\"url\":\"https:\/\/www.jbnordic.se\/wp-content\/uploads\/2025\/05\/TN_arch5.jpg\",\"contentUrl\":\"https:\/\/www.jbnordic.se\/wp-content\/uploads\/2025\/05\/TN_arch5.jpg\",\"width\":900,\"height\":600},{\"@type\":\"BreadcrumbList\",\"@id\":\"https:\/\/www.jbnordic.se\/butik\/frasning\/blanks\/luxor-z-true-nature\/#breadcrumb\",\"itemListElement\":[{\"@type\":\"ListItem\",\"position\":1,\"name\":\"Hem\",\"item\":\"https:\/\/www.jbnordic.se\/\"},{\"@type\":\"ListItem\",\"position\":2,\"name\":\"Bredent Luxor Z True Nature\"}]},{\"@type\":\"WebSite\",\"@id\":\"https:\/\/www.jbnordic.se\/#website\",\"url\":\"https:\/\/www.jbnordic.se\/\",\"name\":\"JB Nordic AB\",\"description\":\"Kunskap!\",\"publisher\":{\"@id\":\"https:\/\/www.jbnordic.se\/#organization\"},\"potentialAction\":[{\"@type\":\"SearchAction\",\"target\":{\"@type\":\"EntryPoint\",\"urlTemplate\":\"https:\/\/www.jbnordic.se\/?s={search_term_string}\"},\"query-input\":{\"@type\":\"PropertyValueSpecification\",\"valueRequired\":true,\"valueName\":\"search_term_string\"}}],\"inLanguage\":\"en-US\"},{\"@type\":\"Organization\",\"@id\":\"https:\/\/www.jbnordic.se\/#organization\",\"name\":\"JB Nordic\",\"url\":\"https:\/\/www.jbnordic.se\/\",\"logo\":{\"@type\":\"ImageObject\",\"inLanguage\":\"en-US\",\"@id\":\"https:\/\/www.jbnordic.se\/#\/schema\/logo\/image\/\",\"url\":\"https:\/\/www.jbnordic.se\/wp-content\/uploads\/2022\/02\/jb_nordic_logo_blk_h100px.png\",\"contentUrl\":\"https:\/\/www.jbnordic.se\/wp-content\/uploads\/2022\/02\/jb_nordic_logo_blk_h100px.png\",\"width\":480,\"height\":100,\"caption\":\"JB Nordic\"},\"image\":{\"@id\":\"https:\/\/www.jbnordic.se\/#\/schema\/logo\/image\/\"},\"sameAs\":[\"https:\/\/www.facebook.com\/jbnordic\",\"https:\/\/www.linkedin.com\/company\/jbnordic.se\",\"https:\/\/www.instagram.com\/jbnordic\/\"]}]}<\/script>\n<!-- \/ Yoast SEO plugin. -->","yoast_head_json":{"title":"Bredent Luxor Z True Nature - JB Nordic AB","robots":{"index":"index","follow":"follow","max-snippet":"max-snippet:-1","max-image-preview":"max-image-preview:large","max-video-preview":"max-video-preview:-1"},"canonical":"https:\/\/www.jbnordic.se\/en\/butik\/frasning\/blanks\/luxor-z-true-nature\/","og_locale":"en_US","og_type":"article","og_title":"Bredent Luxor Z True Nature - JB Nordic AB","og_description":"Efter sintring f\u00e5r du en perfekt, h\u00f6gkvalitativ opacitet i den cervikala delen, som \u00f6verg\u00e5r i en naturlig translucensgradient. Translucensen uppn\u00e5r v\u00e4rden i incisalomr\u00e5det som material tidigare inte har kunnat uppn\u00e5...","og_url":"https:\/\/www.jbnordic.se\/en\/butik\/frasning\/blanks\/luxor-z-true-nature\/","og_site_name":"JB Nordic AB","article_publisher":"https:\/\/www.facebook.com\/jbnordic","article_modified_time":"2026-04-23T09:01:56+00:00","og_image":[{"width":900,"height":600,"url":"https:\/\/www.jbnordic.se\/wp-content\/uploads\/2025\/05\/TN_arch5.jpg","type":"image\/jpeg"}],"twitter_card":"summary_large_image","twitter_misc":{"Est. reading time":"1 minute"},"schema":{"@context":"https:\/\/schema.org","@graph":[{"@type":"WebPage","@id":"https:\/\/www.jbnordic.se\/butik\/frasning\/blanks\/luxor-z-true-nature\/","url":"https:\/\/www.jbnordic.se\/butik\/frasning\/blanks\/luxor-z-true-nature\/","name":"Bredent Luxor Z True Nature - JB Nordic AB","isPartOf":{"@id":"https:\/\/www.jbnordic.se\/#website"},"primaryImageOfPage":{"@id":"https:\/\/www.jbnordic.se\/butik\/frasning\/blanks\/luxor-z-true-nature\/#primaryimage"},"image":{"@id":"https:\/\/www.jbnordic.se\/butik\/frasning\/blanks\/luxor-z-true-nature\/#primaryimage"},"thumbnailUrl":"https:\/\/www.jbnordic.se\/wp-content\/uploads\/2025\/05\/TN_arch5.jpg","datePublished":"2025-05-07T12:09:56+00:00","dateModified":"2026-04-23T09:01:56+00:00","breadcrumb":{"@id":"https:\/\/www.jbnordic.se\/butik\/frasning\/blanks\/luxor-z-true-nature\/#breadcrumb"},"inLanguage":"en-US","potentialAction":[{"@type":"ReadAction","target":["https:\/\/www.jbnordic.se\/butik\/frasning\/blanks\/luxor-z-true-nature\/"]}]},{"@type":"ImageObject","inLanguage":"en-US","@id":"https:\/\/www.jbnordic.se\/butik\/frasning\/blanks\/luxor-z-true-nature\/#primaryimage","url":"https:\/\/www.jbnordic.se\/wp-content\/uploads\/2025\/05\/TN_arch5.jpg","contentUrl":"https:\/\/www.jbnordic.se\/wp-content\/uploads\/2025\/05\/TN_arch5.jpg","width":900,"height":600},{"@type":"BreadcrumbList","@id":"https:\/\/www.jbnordic.se\/butik\/frasning\/blanks\/luxor-z-true-nature\/#breadcrumb","itemListElement":[{"@type":"ListItem","position":1,"name":"Hem","item":"https:\/\/www.jbnordic.se\/"},{"@type":"ListItem","position":2,"name":"Bredent Luxor Z True Nature"}]},{"@type":"WebSite","@id":"https:\/\/www.jbnordic.se\/#website","url":"https:\/\/www.jbnordic.se\/","name":"JB Nordic AB","description":"Kunskap!","publisher":{"@id":"https:\/\/www.jbnordic.se\/#organization"},"potentialAction":[{"@type":"SearchAction","target":{"@type":"EntryPoint","urlTemplate":"https:\/\/www.jbnordic.se\/?s={search_term_string}"},"query-input":{"@type":"PropertyValueSpecification","valueRequired":true,"valueName":"search_term_string"}}],"inLanguage":"en-US"},{"@type":"Organization","@id":"https:\/\/www.jbnordic.se\/#organization","name":"JB Nordic","url":"https:\/\/www.jbnordic.se\/","logo":{"@type":"ImageObject","inLanguage":"en-US","@id":"https:\/\/www.jbnordic.se\/#\/schema\/logo\/image\/","url":"https:\/\/www.jbnordic.se\/wp-content\/uploads\/2022\/02\/jb_nordic_logo_blk_h100px.png","contentUrl":"https:\/\/www.jbnordic.se\/wp-content\/uploads\/2022\/02\/jb_nordic_logo_blk_h100px.png","width":480,"height":100,"caption":"JB Nordic"},"image":{"@id":"https:\/\/www.jbnordic.se\/#\/schema\/logo\/image\/"},"sameAs":["https:\/\/www.facebook.com\/jbnordic","https:\/\/www.linkedin.com\/company\/jbnordic.se","https:\/\/www.instagram.com\/jbnordic\/"]}]}},"kroconnect":{"tax_rate":25,"price_inc_vat":{"regular_price":1799},"price_ex_vat":{"regular_price":1799}},"_links":{"self":[{"href":"https:\/\/www.jbnordic.se\/en\/wp-json\/wp\/v2\/product\/253356","targetHints":{"allow":["GET"]}}],"collection":[{"href":"https:\/\/www.jbnordic.se\/en\/wp-json\/wp\/v2\/product"}],"about":[{"href":"https:\/\/www.jbnordic.se\/en\/wp-json\/wp\/v2\/types\/product"}],"wp:featuredmedia":[{"embeddable":true,"href":"https:\/\/www.jbnordic.se\/en\/wp-json\/wp\/v2\/media\/263986"}],"wp:attachment":[{"href":"https:\/\/www.jbnordic.se\/en\/wp-json\/wp\/v2\/media?parent=253356"}],"wp:term":[{"taxonomy":"product_brand","embeddable":true,"href":"https:\/\/www.jbnordic.se\/en\/wp-json\/wp\/v2\/product_brand?post=253356"},{"taxonomy":"product_cat","embeddable":true,"href":"https:\/\/www.jbnordic.se\/en\/wp-json\/wp\/v2\/product_cat?post=253356"},{"taxonomy":"product_tag","embeddable":true,"href":"https:\/\/www.jbnordic.se\/en\/wp-json\/wp\/v2\/product_tag?post=253356"}],"curies":[{"name":"wp","href":"https:\/\/api.w.org\/{rel}","templated":true}]}}