{"id":248680,"date":"2025-02-17T10:51:31","date_gmt":"2025-02-17T09:51:31","guid":{"rendered":"https:\/\/www.jbnordic.se\/?post_type=product&#038;p=248680"},"modified":"2026-04-23T10:30:18","modified_gmt":"2026-04-23T08:30:18","slug":"amber-mill","status":"publish","type":"product","link":"https:\/\/www.jbnordic.se\/en\/butik\/frasning\/blanks\/glaskeram\/amber-mill\/","title":{"rendered":"Amber\u00ae Mill \u2013 Lithium Disilikat"},"content":{"rendered":"","protected":false},"excerpt":{"rendered":"<p data-start=\"145\" data-end=\"366\">Amber\u00ae Mill \u00e4r lithiumdisilikatet som ger dig b\u00e5de estetisk frihet och produktionskontroll. Med fluorescens och opalescens som efterliknar naturliga t\u00e4nder skapar du levande, harmoniska restaurationer \u2013 utan kompromisser.<\/p>\n<p data-start=\"368\" data-end=\"569\">Tack vare det unika All-in-one-konceptet justerar du sj\u00e4lv translucensen genom v\u00e4rmebehandlingen. Fyra translucensniv\u00e5er i samma block inneb\u00e4r mindre lagerh\u00e5llning och st\u00f6rre flexibilitet i varje case.<\/p>\n<p data-start=\"571\" data-end=\"683\">H\u00f6g kantstabilitet och minimal chipping ger trygg fr\u00e4sning, tunnare gr\u00e4nser och ett mer f\u00f6ruts\u00e4gbart resultat.<\/p>\n<p>Storlek: C14<\/p>\n<p>&nbsp;<\/p>","protected":false},"featured_media":269734,"template":"","meta":[],"product_brand":[282,281],"product_cat":[268,93],"product_tag":[283],"class_list":{"0":"post-248680","1":"product","2":"type-product","3":"status-publish","4":"has-post-thumbnail","6":"product_brand-ambermill","7":"product_brand-hass","8":"product_cat-nyheter","9":"product_cat-glaskeram","10":"product_tag-amber","12":"first","13":"instock","14":"taxable","15":"shipping-taxable","16":"purchasable","17":"product-type-variable"},"yoast_head":"<!-- This site is optimized with the Yoast SEO plugin v26.7 - https:\/\/yoast.com\/wordpress\/plugins\/seo\/ -->\n<title>Amber\u00ae Mill \u2013 Lithium Disilikat - JB Nordic AB<\/title>\n<meta name=\"robots\" content=\"index, follow, max-snippet:-1, max-image-preview:large, max-video-preview:-1\" \/>\n<link rel=\"canonical\" href=\"https:\/\/www.jbnordic.se\/en\/butik\/frasning\/blanks\/glaskeram\/amber-mill\/\" \/>\n<meta property=\"og:locale\" content=\"en_US\" \/>\n<meta property=\"og:type\" content=\"article\" \/>\n<meta property=\"og:title\" content=\"Amber\u00ae Mill \u2013 Lithium Disilikat - JB Nordic AB\" \/>\n<meta property=\"og:description\" content=\"Amber\u00ae Mill \u00e4r lithiumdisilikatet som ger dig b\u00e5de estetisk frihet och produktionskontroll. Med fluorescens och opalescens som efterliknar naturliga t\u00e4nder skapar du levande, harmoniska restaurationer \u2013 utan kompromisser. Tack vare det unika All-in-one-konceptet justerar du sj\u00e4lv translucensen genom v\u00e4rmebehandlingen. Fyra translucensniv\u00e5er i samma block inneb\u00e4r mindre lagerh\u00e5llning och st\u00f6rre flexibilitet i varje case. H\u00f6g kantstabilitet och minimal chipping ger trygg fr\u00e4sning, tunnare gr\u00e4nser och ett mer f\u00f6ruts\u00e4gbart resultat. Storlek: C14  &nbsp;\" \/>\n<meta property=\"og:url\" content=\"https:\/\/www.jbnordic.se\/en\/butik\/frasning\/blanks\/glaskeram\/amber-mill\/\" \/>\n<meta property=\"og:site_name\" content=\"JB Nordic AB\" \/>\n<meta property=\"article:publisher\" content=\"https:\/\/www.facebook.com\/jbnordic\" \/>\n<meta property=\"article:modified_time\" content=\"2026-04-23T08:30:18+00:00\" \/>\n<meta property=\"og:image\" content=\"https:\/\/www.jbnordic.se\/wp-content\/uploads\/2025\/02\/AmberMill_set_1000x1000_white.png\" \/>\n\t<meta property=\"og:image:width\" content=\"1000\" \/>\n\t<meta property=\"og:image:height\" content=\"1000\" \/>\n\t<meta property=\"og:image:type\" content=\"image\/png\" \/>\n<meta name=\"twitter:card\" content=\"summary_large_image\" \/>\n<meta name=\"twitter:label1\" content=\"Est. reading time\" \/>\n\t<meta name=\"twitter:data1\" content=\"1 minute\" \/>\n<script type=\"application\/ld+json\" class=\"yoast-schema-graph\">{\"@context\":\"https:\/\/schema.org\",\"@graph\":[{\"@type\":\"WebPage\",\"@id\":\"https:\/\/www.jbnordic.se\/butik\/frasning\/blanks\/glaskeram\/amber-mill\/\",\"url\":\"https:\/\/www.jbnordic.se\/butik\/frasning\/blanks\/glaskeram\/amber-mill\/\",\"name\":\"Amber\u00ae Mill \u2013 Lithium Disilikat - JB Nordic AB\",\"isPartOf\":{\"@id\":\"https:\/\/www.jbnordic.se\/#website\"},\"primaryImageOfPage\":{\"@id\":\"https:\/\/www.jbnordic.se\/butik\/frasning\/blanks\/glaskeram\/amber-mill\/#primaryimage\"},\"image\":{\"@id\":\"https:\/\/www.jbnordic.se\/butik\/frasning\/blanks\/glaskeram\/amber-mill\/#primaryimage\"},\"thumbnailUrl\":\"https:\/\/www.jbnordic.se\/wp-content\/uploads\/2025\/02\/AmberMill_set_1000x1000_white.png\",\"datePublished\":\"2025-02-17T09:51:31+00:00\",\"dateModified\":\"2026-04-23T08:30:18+00:00\",\"breadcrumb\":{\"@id\":\"https:\/\/www.jbnordic.se\/butik\/frasning\/blanks\/glaskeram\/amber-mill\/#breadcrumb\"},\"inLanguage\":\"en-US\",\"potentialAction\":[{\"@type\":\"ReadAction\",\"target\":[\"https:\/\/www.jbnordic.se\/butik\/frasning\/blanks\/glaskeram\/amber-mill\/\"]}]},{\"@type\":\"ImageObject\",\"inLanguage\":\"en-US\",\"@id\":\"https:\/\/www.jbnordic.se\/butik\/frasning\/blanks\/glaskeram\/amber-mill\/#primaryimage\",\"url\":\"https:\/\/www.jbnordic.se\/wp-content\/uploads\/2025\/02\/AmberMill_set_1000x1000_white.png\",\"contentUrl\":\"https:\/\/www.jbnordic.se\/wp-content\/uploads\/2025\/02\/AmberMill_set_1000x1000_white.png\",\"width\":1000,\"height\":1000},{\"@type\":\"BreadcrumbList\",\"@id\":\"https:\/\/www.jbnordic.se\/butik\/frasning\/blanks\/glaskeram\/amber-mill\/#breadcrumb\",\"itemListElement\":[{\"@type\":\"ListItem\",\"position\":1,\"name\":\"Hem\",\"item\":\"https:\/\/www.jbnordic.se\/\"},{\"@type\":\"ListItem\",\"position\":2,\"name\":\"Amber\u00ae Mill \u2013 Lithium Disilikat\"}]},{\"@type\":\"WebSite\",\"@id\":\"https:\/\/www.jbnordic.se\/#website\",\"url\":\"https:\/\/www.jbnordic.se\/\",\"name\":\"JB Nordic AB\",\"description\":\"Kunskap!\",\"publisher\":{\"@id\":\"https:\/\/www.jbnordic.se\/#organization\"},\"potentialAction\":[{\"@type\":\"SearchAction\",\"target\":{\"@type\":\"EntryPoint\",\"urlTemplate\":\"https:\/\/www.jbnordic.se\/?s={search_term_string}\"},\"query-input\":{\"@type\":\"PropertyValueSpecification\",\"valueRequired\":true,\"valueName\":\"search_term_string\"}}],\"inLanguage\":\"en-US\"},{\"@type\":\"Organization\",\"@id\":\"https:\/\/www.jbnordic.se\/#organization\",\"name\":\"JB Nordic\",\"url\":\"https:\/\/www.jbnordic.se\/\",\"logo\":{\"@type\":\"ImageObject\",\"inLanguage\":\"en-US\",\"@id\":\"https:\/\/www.jbnordic.se\/#\/schema\/logo\/image\/\",\"url\":\"https:\/\/www.jbnordic.se\/wp-content\/uploads\/2022\/02\/jb_nordic_logo_blk_h100px.png\",\"contentUrl\":\"https:\/\/www.jbnordic.se\/wp-content\/uploads\/2022\/02\/jb_nordic_logo_blk_h100px.png\",\"width\":480,\"height\":100,\"caption\":\"JB Nordic\"},\"image\":{\"@id\":\"https:\/\/www.jbnordic.se\/#\/schema\/logo\/image\/\"},\"sameAs\":[\"https:\/\/www.facebook.com\/jbnordic\",\"https:\/\/www.linkedin.com\/company\/jbnordic.se\",\"https:\/\/www.instagram.com\/jbnordic\/\"]}]}<\/script>\n<!-- \/ Yoast SEO plugin. -->","yoast_head_json":{"title":"Amber\u00ae Mill \u2013 Lithium Disilikat - JB Nordic AB","robots":{"index":"index","follow":"follow","max-snippet":"max-snippet:-1","max-image-preview":"max-image-preview:large","max-video-preview":"max-video-preview:-1"},"canonical":"https:\/\/www.jbnordic.se\/en\/butik\/frasning\/blanks\/glaskeram\/amber-mill\/","og_locale":"en_US","og_type":"article","og_title":"Amber\u00ae Mill \u2013 Lithium Disilikat - JB Nordic AB","og_description":"Amber\u00ae Mill \u00e4r lithiumdisilikatet som ger dig b\u00e5de estetisk frihet och produktionskontroll. Med fluorescens och opalescens som efterliknar naturliga t\u00e4nder skapar du levande, harmoniska restaurationer \u2013 utan kompromisser. Tack vare det unika All-in-one-konceptet justerar du sj\u00e4lv translucensen genom v\u00e4rmebehandlingen. Fyra translucensniv\u00e5er i samma block inneb\u00e4r mindre lagerh\u00e5llning och st\u00f6rre flexibilitet i varje case. H\u00f6g kantstabilitet och minimal chipping ger trygg fr\u00e4sning, tunnare gr\u00e4nser och ett mer f\u00f6ruts\u00e4gbart resultat. Storlek: C14  &nbsp;","og_url":"https:\/\/www.jbnordic.se\/en\/butik\/frasning\/blanks\/glaskeram\/amber-mill\/","og_site_name":"JB Nordic AB","article_publisher":"https:\/\/www.facebook.com\/jbnordic","article_modified_time":"2026-04-23T08:30:18+00:00","og_image":[{"width":1000,"height":1000,"url":"https:\/\/www.jbnordic.se\/wp-content\/uploads\/2025\/02\/AmberMill_set_1000x1000_white.png","type":"image\/png"}],"twitter_card":"summary_large_image","twitter_misc":{"Est. reading time":"1 minute"},"schema":{"@context":"https:\/\/schema.org","@graph":[{"@type":"WebPage","@id":"https:\/\/www.jbnordic.se\/butik\/frasning\/blanks\/glaskeram\/amber-mill\/","url":"https:\/\/www.jbnordic.se\/butik\/frasning\/blanks\/glaskeram\/amber-mill\/","name":"Amber\u00ae Mill \u2013 Lithium Disilikat - JB Nordic AB","isPartOf":{"@id":"https:\/\/www.jbnordic.se\/#website"},"primaryImageOfPage":{"@id":"https:\/\/www.jbnordic.se\/butik\/frasning\/blanks\/glaskeram\/amber-mill\/#primaryimage"},"image":{"@id":"https:\/\/www.jbnordic.se\/butik\/frasning\/blanks\/glaskeram\/amber-mill\/#primaryimage"},"thumbnailUrl":"https:\/\/www.jbnordic.se\/wp-content\/uploads\/2025\/02\/AmberMill_set_1000x1000_white.png","datePublished":"2025-02-17T09:51:31+00:00","dateModified":"2026-04-23T08:30:18+00:00","breadcrumb":{"@id":"https:\/\/www.jbnordic.se\/butik\/frasning\/blanks\/glaskeram\/amber-mill\/#breadcrumb"},"inLanguage":"en-US","potentialAction":[{"@type":"ReadAction","target":["https:\/\/www.jbnordic.se\/butik\/frasning\/blanks\/glaskeram\/amber-mill\/"]}]},{"@type":"ImageObject","inLanguage":"en-US","@id":"https:\/\/www.jbnordic.se\/butik\/frasning\/blanks\/glaskeram\/amber-mill\/#primaryimage","url":"https:\/\/www.jbnordic.se\/wp-content\/uploads\/2025\/02\/AmberMill_set_1000x1000_white.png","contentUrl":"https:\/\/www.jbnordic.se\/wp-content\/uploads\/2025\/02\/AmberMill_set_1000x1000_white.png","width":1000,"height":1000},{"@type":"BreadcrumbList","@id":"https:\/\/www.jbnordic.se\/butik\/frasning\/blanks\/glaskeram\/amber-mill\/#breadcrumb","itemListElement":[{"@type":"ListItem","position":1,"name":"Hem","item":"https:\/\/www.jbnordic.se\/"},{"@type":"ListItem","position":2,"name":"Amber\u00ae Mill \u2013 Lithium Disilikat"}]},{"@type":"WebSite","@id":"https:\/\/www.jbnordic.se\/#website","url":"https:\/\/www.jbnordic.se\/","name":"JB Nordic AB","description":"Kunskap!","publisher":{"@id":"https:\/\/www.jbnordic.se\/#organization"},"potentialAction":[{"@type":"SearchAction","target":{"@type":"EntryPoint","urlTemplate":"https:\/\/www.jbnordic.se\/?s={search_term_string}"},"query-input":{"@type":"PropertyValueSpecification","valueRequired":true,"valueName":"search_term_string"}}],"inLanguage":"en-US"},{"@type":"Organization","@id":"https:\/\/www.jbnordic.se\/#organization","name":"JB Nordic","url":"https:\/\/www.jbnordic.se\/","logo":{"@type":"ImageObject","inLanguage":"en-US","@id":"https:\/\/www.jbnordic.se\/#\/schema\/logo\/image\/","url":"https:\/\/www.jbnordic.se\/wp-content\/uploads\/2022\/02\/jb_nordic_logo_blk_h100px.png","contentUrl":"https:\/\/www.jbnordic.se\/wp-content\/uploads\/2022\/02\/jb_nordic_logo_blk_h100px.png","width":480,"height":100,"caption":"JB Nordic"},"image":{"@id":"https:\/\/www.jbnordic.se\/#\/schema\/logo\/image\/"},"sameAs":["https:\/\/www.facebook.com\/jbnordic","https:\/\/www.linkedin.com\/company\/jbnordic.se","https:\/\/www.instagram.com\/jbnordic\/"]}]}},"kroconnect":{"tax_rate":25,"price_inc_vat":{"regular_price":995},"price_ex_vat":{"regular_price":995}},"_links":{"self":[{"href":"https:\/\/www.jbnordic.se\/en\/wp-json\/wp\/v2\/product\/248680","targetHints":{"allow":["GET"]}}],"collection":[{"href":"https:\/\/www.jbnordic.se\/en\/wp-json\/wp\/v2\/product"}],"about":[{"href":"https:\/\/www.jbnordic.se\/en\/wp-json\/wp\/v2\/types\/product"}],"wp:featuredmedia":[{"embeddable":true,"href":"https:\/\/www.jbnordic.se\/en\/wp-json\/wp\/v2\/media\/269734"}],"wp:attachment":[{"href":"https:\/\/www.jbnordic.se\/en\/wp-json\/wp\/v2\/media?parent=248680"}],"wp:term":[{"taxonomy":"product_brand","embeddable":true,"href":"https:\/\/www.jbnordic.se\/en\/wp-json\/wp\/v2\/product_brand?post=248680"},{"taxonomy":"product_cat","embeddable":true,"href":"https:\/\/www.jbnordic.se\/en\/wp-json\/wp\/v2\/product_cat?post=248680"},{"taxonomy":"product_tag","embeddable":true,"href":"https:\/\/www.jbnordic.se\/en\/wp-json\/wp\/v2\/product_tag?post=248680"}],"curies":[{"name":"wp","href":"https:\/\/api.w.org\/{rel}","templated":true}]}}