{"id":243391,"date":"2024-10-21T10:28:14","date_gmt":"2024-10-21T08:28:14","guid":{"rendered":"https:\/\/www.jbnordic.se\/?post_type=product&#038;p=243391"},"modified":"2026-05-17T14:14:45","modified_gmt":"2026-05-17T12:14:45","slug":"collet-chuck","status":"publish","type":"product","link":"https:\/\/www.jbnordic.se\/en\/butik\/frasning\/tillbehor-frasmaskin-2\/collet-chuck\/","title":{"rendered":"Chuck till vhf maskiner"},"content":{"rendered":"","protected":false},"excerpt":{"rendered":"<p class=\"translation-block\">The chuck is central to milling and <strong>needs to be both maintained and replaced regularly at 500 hours<\/strong>. use to maintain stable and continuous production. We also recommend our customers to have an <strong>extra chuck in stock<\/strong>.<\/p>\n<p>F\u00f6r vhf fr\u00e4smaskiner.<\/p>","protected":false},"featured_media":269694,"template":"","meta":[],"product_brand":[273],"product_cat":[230],"product_tag":[274,121],"class_list":{"0":"post-243391","1":"product","2":"type-product","3":"status-publish","4":"has-post-thumbnail","6":"product_brand-vhf","7":"product_cat-tillbehor-frasmaskin-2","8":"product_tag-chuck","9":"product_tag-vhf","11":"first","12":"instock","13":"taxable","14":"shipping-taxable","15":"purchasable","16":"product-type-variable"},"yoast_head":"<!-- This site is optimized with the Yoast SEO plugin v26.7 - https:\/\/yoast.com\/wordpress\/plugins\/seo\/ -->\n<title>Chuck till vhf maskiner - JB Nordic AB<\/title>\n<meta name=\"robots\" content=\"index, follow, max-snippet:-1, max-image-preview:large, max-video-preview:-1\" \/>\n<link rel=\"canonical\" href=\"https:\/\/www.jbnordic.se\/en\/butik\/frasning\/tillbehor-frasmaskin-2\/collet-chuck\/\" \/>\n<meta property=\"og:locale\" content=\"en_US\" \/>\n<meta property=\"og:type\" content=\"article\" \/>\n<meta property=\"og:title\" content=\"Chuck till vhf maskiner - JB Nordic AB\" \/>\n<meta property=\"og:description\" content=\"Chucken \u00e4r central i fr\u00e4sningen och\u00a0beh\u00f6ver b\u00e5de underh\u00e5llas samt bytas ut regelbundet vid 500 tim. anv\u00e4ndning f\u00f6r att bibeh\u00e5lla en stabil och kontinuerlig produktion. Vi rekommenderar \u00e4ven v\u00e5ra kunder att ha en\u00a0extra chuck p\u00e5 lager.  F\u00f6r vhf fr\u00e4smaskiner.\" \/>\n<meta property=\"og:url\" content=\"https:\/\/www.jbnordic.se\/en\/butik\/frasning\/tillbehor-frasmaskin-2\/collet-chuck\/\" \/>\n<meta property=\"og:site_name\" content=\"JB Nordic AB\" \/>\n<meta property=\"article:publisher\" content=\"https:\/\/www.facebook.com\/jbnordic\" \/>\n<meta property=\"article:modified_time\" content=\"2026-05-17T12:14:45+00:00\" \/>\n<meta property=\"og:image\" content=\"https:\/\/www.jbnordic.se\/wp-content\/uploads\/2026\/02\/Grupp_chuck.png\" \/>\n\t<meta property=\"og:image:width\" content=\"1536\" \/>\n\t<meta property=\"og:image:height\" content=\"1536\" \/>\n\t<meta property=\"og:image:type\" content=\"image\/png\" \/>\n<meta name=\"twitter:card\" content=\"summary_large_image\" \/>\n<script type=\"application\/ld+json\" class=\"yoast-schema-graph\">{\"@context\":\"https:\/\/schema.org\",\"@graph\":[{\"@type\":\"WebPage\",\"@id\":\"https:\/\/www.jbnordic.se\/butik\/frasning\/tillbehor-frasmaskin-2\/collet-chuck\/\",\"url\":\"https:\/\/www.jbnordic.se\/butik\/frasning\/tillbehor-frasmaskin-2\/collet-chuck\/\",\"name\":\"Chuck till vhf maskiner - JB Nordic AB\",\"isPartOf\":{\"@id\":\"https:\/\/www.jbnordic.se\/#website\"},\"primaryImageOfPage\":{\"@id\":\"https:\/\/www.jbnordic.se\/butik\/frasning\/tillbehor-frasmaskin-2\/collet-chuck\/#primaryimage\"},\"image\":{\"@id\":\"https:\/\/www.jbnordic.se\/butik\/frasning\/tillbehor-frasmaskin-2\/collet-chuck\/#primaryimage\"},\"thumbnailUrl\":\"https:\/\/www.jbnordic.se\/wp-content\/uploads\/2026\/02\/Grupp_chuck.png\",\"datePublished\":\"2024-10-21T08:28:14+00:00\",\"dateModified\":\"2026-05-17T12:14:45+00:00\",\"breadcrumb\":{\"@id\":\"https:\/\/www.jbnordic.se\/butik\/frasning\/tillbehor-frasmaskin-2\/collet-chuck\/#breadcrumb\"},\"inLanguage\":\"en-US\",\"potentialAction\":[{\"@type\":\"ReadAction\",\"target\":[\"https:\/\/www.jbnordic.se\/butik\/frasning\/tillbehor-frasmaskin-2\/collet-chuck\/\"]}]},{\"@type\":\"ImageObject\",\"inLanguage\":\"en-US\",\"@id\":\"https:\/\/www.jbnordic.se\/butik\/frasning\/tillbehor-frasmaskin-2\/collet-chuck\/#primaryimage\",\"url\":\"https:\/\/www.jbnordic.se\/wp-content\/uploads\/2026\/02\/Grupp_chuck.png\",\"contentUrl\":\"https:\/\/www.jbnordic.se\/wp-content\/uploads\/2026\/02\/Grupp_chuck.png\",\"width\":1536,\"height\":1536},{\"@type\":\"BreadcrumbList\",\"@id\":\"https:\/\/www.jbnordic.se\/butik\/frasning\/tillbehor-frasmaskin-2\/collet-chuck\/#breadcrumb\",\"itemListElement\":[{\"@type\":\"ListItem\",\"position\":1,\"name\":\"Hem\",\"item\":\"https:\/\/www.jbnordic.se\/\"},{\"@type\":\"ListItem\",\"position\":2,\"name\":\"Chuck till vhf maskiner\"}]},{\"@type\":\"WebSite\",\"@id\":\"https:\/\/www.jbnordic.se\/#website\",\"url\":\"https:\/\/www.jbnordic.se\/\",\"name\":\"JB Nordic AB\",\"description\":\"Kunskap!\",\"publisher\":{\"@id\":\"https:\/\/www.jbnordic.se\/#organization\"},\"potentialAction\":[{\"@type\":\"SearchAction\",\"target\":{\"@type\":\"EntryPoint\",\"urlTemplate\":\"https:\/\/www.jbnordic.se\/?s={search_term_string}\"},\"query-input\":{\"@type\":\"PropertyValueSpecification\",\"valueRequired\":true,\"valueName\":\"search_term_string\"}}],\"inLanguage\":\"en-US\"},{\"@type\":\"Organization\",\"@id\":\"https:\/\/www.jbnordic.se\/#organization\",\"name\":\"JB Nordic\",\"url\":\"https:\/\/www.jbnordic.se\/\",\"logo\":{\"@type\":\"ImageObject\",\"inLanguage\":\"en-US\",\"@id\":\"https:\/\/www.jbnordic.se\/#\/schema\/logo\/image\/\",\"url\":\"https:\/\/www.jbnordic.se\/wp-content\/uploads\/2022\/02\/jb_nordic_logo_blk_h100px.png\",\"contentUrl\":\"https:\/\/www.jbnordic.se\/wp-content\/uploads\/2022\/02\/jb_nordic_logo_blk_h100px.png\",\"width\":480,\"height\":100,\"caption\":\"JB Nordic\"},\"image\":{\"@id\":\"https:\/\/www.jbnordic.se\/#\/schema\/logo\/image\/\"},\"sameAs\":[\"https:\/\/www.facebook.com\/jbnordic\",\"https:\/\/www.linkedin.com\/company\/jbnordic.se\",\"https:\/\/www.instagram.com\/jbnordic\/\"]}]}<\/script>\n<!-- \/ Yoast SEO plugin. -->","yoast_head_json":{"title":"Chuck till vhf maskiner - JB Nordic AB","robots":{"index":"index","follow":"follow","max-snippet":"max-snippet:-1","max-image-preview":"max-image-preview:large","max-video-preview":"max-video-preview:-1"},"canonical":"https:\/\/www.jbnordic.se\/en\/butik\/frasning\/tillbehor-frasmaskin-2\/collet-chuck\/","og_locale":"en_US","og_type":"article","og_title":"Chuck till vhf maskiner - JB Nordic AB","og_description":"Chucken \u00e4r central i fr\u00e4sningen och\u00a0beh\u00f6ver b\u00e5de underh\u00e5llas samt bytas ut regelbundet vid 500 tim. anv\u00e4ndning f\u00f6r att bibeh\u00e5lla en stabil och kontinuerlig produktion. Vi rekommenderar \u00e4ven v\u00e5ra kunder att ha en\u00a0extra chuck p\u00e5 lager.  F\u00f6r vhf fr\u00e4smaskiner.","og_url":"https:\/\/www.jbnordic.se\/en\/butik\/frasning\/tillbehor-frasmaskin-2\/collet-chuck\/","og_site_name":"JB Nordic AB","article_publisher":"https:\/\/www.facebook.com\/jbnordic","article_modified_time":"2026-05-17T12:14:45+00:00","og_image":[{"width":1536,"height":1536,"url":"https:\/\/www.jbnordic.se\/wp-content\/uploads\/2026\/02\/Grupp_chuck.png","type":"image\/png"}],"twitter_card":"summary_large_image","schema":{"@context":"https:\/\/schema.org","@graph":[{"@type":"WebPage","@id":"https:\/\/www.jbnordic.se\/butik\/frasning\/tillbehor-frasmaskin-2\/collet-chuck\/","url":"https:\/\/www.jbnordic.se\/butik\/frasning\/tillbehor-frasmaskin-2\/collet-chuck\/","name":"Chuck till vhf maskiner - JB Nordic AB","isPartOf":{"@id":"https:\/\/www.jbnordic.se\/#website"},"primaryImageOfPage":{"@id":"https:\/\/www.jbnordic.se\/butik\/frasning\/tillbehor-frasmaskin-2\/collet-chuck\/#primaryimage"},"image":{"@id":"https:\/\/www.jbnordic.se\/butik\/frasning\/tillbehor-frasmaskin-2\/collet-chuck\/#primaryimage"},"thumbnailUrl":"https:\/\/www.jbnordic.se\/wp-content\/uploads\/2026\/02\/Grupp_chuck.png","datePublished":"2024-10-21T08:28:14+00:00","dateModified":"2026-05-17T12:14:45+00:00","breadcrumb":{"@id":"https:\/\/www.jbnordic.se\/butik\/frasning\/tillbehor-frasmaskin-2\/collet-chuck\/#breadcrumb"},"inLanguage":"en-US","potentialAction":[{"@type":"ReadAction","target":["https:\/\/www.jbnordic.se\/butik\/frasning\/tillbehor-frasmaskin-2\/collet-chuck\/"]}]},{"@type":"ImageObject","inLanguage":"en-US","@id":"https:\/\/www.jbnordic.se\/butik\/frasning\/tillbehor-frasmaskin-2\/collet-chuck\/#primaryimage","url":"https:\/\/www.jbnordic.se\/wp-content\/uploads\/2026\/02\/Grupp_chuck.png","contentUrl":"https:\/\/www.jbnordic.se\/wp-content\/uploads\/2026\/02\/Grupp_chuck.png","width":1536,"height":1536},{"@type":"BreadcrumbList","@id":"https:\/\/www.jbnordic.se\/butik\/frasning\/tillbehor-frasmaskin-2\/collet-chuck\/#breadcrumb","itemListElement":[{"@type":"ListItem","position":1,"name":"Hem","item":"https:\/\/www.jbnordic.se\/"},{"@type":"ListItem","position":2,"name":"Chuck till vhf maskiner"}]},{"@type":"WebSite","@id":"https:\/\/www.jbnordic.se\/#website","url":"https:\/\/www.jbnordic.se\/","name":"JB Nordic AB","description":"Kunskap!","publisher":{"@id":"https:\/\/www.jbnordic.se\/#organization"},"potentialAction":[{"@type":"SearchAction","target":{"@type":"EntryPoint","urlTemplate":"https:\/\/www.jbnordic.se\/?s={search_term_string}"},"query-input":{"@type":"PropertyValueSpecification","valueRequired":true,"valueName":"search_term_string"}}],"inLanguage":"en-US"},{"@type":"Organization","@id":"https:\/\/www.jbnordic.se\/#organization","name":"JB Nordic","url":"https:\/\/www.jbnordic.se\/","logo":{"@type":"ImageObject","inLanguage":"en-US","@id":"https:\/\/www.jbnordic.se\/#\/schema\/logo\/image\/","url":"https:\/\/www.jbnordic.se\/wp-content\/uploads\/2022\/02\/jb_nordic_logo_blk_h100px.png","contentUrl":"https:\/\/www.jbnordic.se\/wp-content\/uploads\/2022\/02\/jb_nordic_logo_blk_h100px.png","width":480,"height":100,"caption":"JB Nordic"},"image":{"@id":"https:\/\/www.jbnordic.se\/#\/schema\/logo\/image\/"},"sameAs":["https:\/\/www.facebook.com\/jbnordic","https:\/\/www.linkedin.com\/company\/jbnordic.se","https:\/\/www.instagram.com\/jbnordic\/"]}]}},"kroconnect":{"tax_rate":25,"price_inc_vat":{"regular_price":1995},"price_ex_vat":{"regular_price":1995}},"_links":{"self":[{"href":"https:\/\/www.jbnordic.se\/en\/wp-json\/wp\/v2\/product\/243391","targetHints":{"allow":["GET"]}}],"collection":[{"href":"https:\/\/www.jbnordic.se\/en\/wp-json\/wp\/v2\/product"}],"about":[{"href":"https:\/\/www.jbnordic.se\/en\/wp-json\/wp\/v2\/types\/product"}],"wp:featuredmedia":[{"embeddable":true,"href":"https:\/\/www.jbnordic.se\/en\/wp-json\/wp\/v2\/media\/269694"}],"wp:attachment":[{"href":"https:\/\/www.jbnordic.se\/en\/wp-json\/wp\/v2\/media?parent=243391"}],"wp:term":[{"taxonomy":"product_brand","embeddable":true,"href":"https:\/\/www.jbnordic.se\/en\/wp-json\/wp\/v2\/product_brand?post=243391"},{"taxonomy":"product_cat","embeddable":true,"href":"https:\/\/www.jbnordic.se\/en\/wp-json\/wp\/v2\/product_cat?post=243391"},{"taxonomy":"product_tag","embeddable":true,"href":"https:\/\/www.jbnordic.se\/en\/wp-json\/wp\/v2\/product_tag?post=243391"}],"curies":[{"name":"wp","href":"https:\/\/api.w.org\/{rel}","templated":true}]}}