{"id":21318,"date":"2020-04-15T15:38:27","date_gmt":"2020-04-15T13:38:27","guid":{"rendered":"https:\/\/www.jbnordic.se\/?post_type=product&#038;p=21318"},"modified":"2026-05-05T10:48:23","modified_gmt":"2026-05-05T08:48:23","slug":"keyprint-keyguide-1l","status":"publish","type":"product","link":"https:\/\/www.jbnordic.se\/en\/butik\/3d-printning\/resiner-asiga\/bio\/keyprint-keyguide-1l\/","title":{"rendered":"KeyPrint KeyGuide, 1L."},"content":{"rendered":"","protected":false},"excerpt":{"rendered":"<p>A material that produces accurate models with a firm and smooth surface. The color is especially appreciated as it is easy to see the preparation boundaries and the anatomy of the teeth. The material retains its color and does not shrink over time. Keyguide is a class 1 certified material used for the manufacture of transparent and stable guide rails. The material is easy to polish and can be autoclaved.<\/p>\n<ul>\n<li>Color and shape stable<\/li>\n<li>Can be autoclaved<\/li>\n<li>Transparent material<\/li>\n<\/ul>\n<p>\u2193 <strong><a href=\"https:\/\/keyprint.keystoneindustries.com\/wp-content\/uploads\/2019\/11\/KeyGuide-4200001_SDS-EU-SE-20191114.pdf\" target=\"_blank\" rel=\"noopener\">SDS<\/a><\/strong> \u2193\u00a0<strong><a href=\"https:\/\/keyprint.keystoneindustries.com\/wp-content\/uploads\/2022\/09\/99117029_NATLAB-0001_IFU-KeyGuide_PRINT.pdf\" target=\"_blank\" rel=\"noopener\">IFU<\/a><\/strong>\u00a0<span style=\"font-size: 10pt;\"> <a href=\"https:\/\/keyprint.keystoneindustries.com\/keyguide\/\" target=\"_blank\" rel=\"noopener\">Info in more languages<\/a><\/span><\/p>","protected":false},"featured_media":269775,"template":"","meta":[],"product_brand":[],"product_cat":[250],"product_tag":[169,146],"class_list":{"0":"post-21318","1":"product","2":"type-product","3":"status-publish","4":"has-post-thumbnail","6":"product_cat-bio","7":"product_tag-keyprint","8":"product_tag-keystone","10":"first","11":"instock","12":"taxable","13":"shipping-taxable","14":"purchasable","15":"product-type-simple"},"yoast_head":"<!-- This site is optimized with the Yoast SEO plugin v26.7 - https:\/\/yoast.com\/wordpress\/plugins\/seo\/ -->\n<title>KeyPrint KeyGuide, 1L. - JB Nordic AB<\/title>\n<meta name=\"robots\" content=\"index, follow, max-snippet:-1, max-image-preview:large, max-video-preview:-1\" \/>\n<link rel=\"canonical\" href=\"https:\/\/www.jbnordic.se\/en\/butik\/3d-printning\/resiner-asiga\/bio\/keyprint-keyguide-1l\/\" \/>\n<meta property=\"og:locale\" content=\"en_US\" \/>\n<meta property=\"og:type\" content=\"article\" \/>\n<meta property=\"og:title\" content=\"KeyPrint KeyGuide, 1L. - JB Nordic AB\" \/>\n<meta property=\"og:description\" content=\"Ett material som producerar nogranna modeller med en fast och len yta. F\u00e4rgen uppskattas extra d\u00e5 det \u00e4r enkelt att se preppgr\u00e4nser samt t\u00e4nders anatomi. Materialet bibeh\u00e5ller f\u00e4rgen samt krymper ej \u00f6ver tid. Keyguide \u00e4r ett klass 1 certifierat material som anv\u00e4nds f\u00f6r tillverkning av transparenta och stabila guide skenor. Materialet \u00e4r enkelt att polera och kan autoklaveras.   F\u00e4rg- och formstabilt  Kan autoklaveras  Transparent material  \u2193 SDS \u2193\u00a0IFU\u00a0 Info p\u00e5 fler spr\u00e5k\" \/>\n<meta property=\"og:url\" content=\"https:\/\/www.jbnordic.se\/en\/butik\/3d-printning\/resiner-asiga\/bio\/keyprint-keyguide-1l\/\" \/>\n<meta property=\"og:site_name\" content=\"JB Nordic AB\" \/>\n<meta property=\"article:publisher\" content=\"https:\/\/www.facebook.com\/jbnordic\" \/>\n<meta property=\"article:modified_time\" content=\"2026-05-05T08:48:23+00:00\" \/>\n<meta property=\"og:image\" content=\"https:\/\/www.jbnordic.se\/wp-content\/uploads\/2020\/04\/KPW_KeyGuide.Sample_WHT_Final.2026-e1770892749479.jpg\" \/>\n\t<meta property=\"og:image:width\" content=\"1536\" \/>\n\t<meta property=\"og:image:height\" content=\"1536\" \/>\n\t<meta property=\"og:image:type\" content=\"image\/jpeg\" \/>\n<meta name=\"twitter:card\" content=\"summary_large_image\" \/>\n<meta name=\"twitter:label1\" content=\"Est. reading time\" \/>\n\t<meta name=\"twitter:data1\" content=\"1 minute\" \/>\n<script type=\"application\/ld+json\" class=\"yoast-schema-graph\">{\"@context\":\"https:\/\/schema.org\",\"@graph\":[{\"@type\":\"WebPage\",\"@id\":\"https:\/\/www.jbnordic.se\/butik\/3d-printning\/resiner-asiga\/bio\/keyprint-keyguide-1l\/\",\"url\":\"https:\/\/www.jbnordic.se\/butik\/3d-printning\/resiner-asiga\/bio\/keyprint-keyguide-1l\/\",\"name\":\"KeyPrint KeyGuide, 1L. - JB Nordic AB\",\"isPartOf\":{\"@id\":\"https:\/\/www.jbnordic.se\/#website\"},\"primaryImageOfPage\":{\"@id\":\"https:\/\/www.jbnordic.se\/butik\/3d-printning\/resiner-asiga\/bio\/keyprint-keyguide-1l\/#primaryimage\"},\"image\":{\"@id\":\"https:\/\/www.jbnordic.se\/butik\/3d-printning\/resiner-asiga\/bio\/keyprint-keyguide-1l\/#primaryimage\"},\"thumbnailUrl\":\"https:\/\/www.jbnordic.se\/wp-content\/uploads\/2020\/04\/KPW_KeyGuide.Sample_WHT_Final.2026-e1770892749479.jpg\",\"datePublished\":\"2020-04-15T13:38:27+00:00\",\"dateModified\":\"2026-05-05T08:48:23+00:00\",\"breadcrumb\":{\"@id\":\"https:\/\/www.jbnordic.se\/butik\/3d-printning\/resiner-asiga\/bio\/keyprint-keyguide-1l\/#breadcrumb\"},\"inLanguage\":\"en-US\",\"potentialAction\":[{\"@type\":\"ReadAction\",\"target\":[\"https:\/\/www.jbnordic.se\/butik\/3d-printning\/resiner-asiga\/bio\/keyprint-keyguide-1l\/\"]}]},{\"@type\":\"ImageObject\",\"inLanguage\":\"en-US\",\"@id\":\"https:\/\/www.jbnordic.se\/butik\/3d-printning\/resiner-asiga\/bio\/keyprint-keyguide-1l\/#primaryimage\",\"url\":\"https:\/\/www.jbnordic.se\/wp-content\/uploads\/2020\/04\/KPW_KeyGuide.Sample_WHT_Final.2026-e1770892749479.jpg\",\"contentUrl\":\"https:\/\/www.jbnordic.se\/wp-content\/uploads\/2020\/04\/KPW_KeyGuide.Sample_WHT_Final.2026-e1770892749479.jpg\",\"width\":1536,\"height\":1536},{\"@type\":\"BreadcrumbList\",\"@id\":\"https:\/\/www.jbnordic.se\/butik\/3d-printning\/resiner-asiga\/bio\/keyprint-keyguide-1l\/#breadcrumb\",\"itemListElement\":[{\"@type\":\"ListItem\",\"position\":1,\"name\":\"Hem\",\"item\":\"https:\/\/www.jbnordic.se\/\"},{\"@type\":\"ListItem\",\"position\":2,\"name\":\"KeyPrint KeyGuide, 1L.\"}]},{\"@type\":\"WebSite\",\"@id\":\"https:\/\/www.jbnordic.se\/#website\",\"url\":\"https:\/\/www.jbnordic.se\/\",\"name\":\"JB Nordic AB\",\"description\":\"Kunskap!\",\"publisher\":{\"@id\":\"https:\/\/www.jbnordic.se\/#organization\"},\"potentialAction\":[{\"@type\":\"SearchAction\",\"target\":{\"@type\":\"EntryPoint\",\"urlTemplate\":\"https:\/\/www.jbnordic.se\/?s={search_term_string}\"},\"query-input\":{\"@type\":\"PropertyValueSpecification\",\"valueRequired\":true,\"valueName\":\"search_term_string\"}}],\"inLanguage\":\"en-US\"},{\"@type\":\"Organization\",\"@id\":\"https:\/\/www.jbnordic.se\/#organization\",\"name\":\"JB Nordic\",\"url\":\"https:\/\/www.jbnordic.se\/\",\"logo\":{\"@type\":\"ImageObject\",\"inLanguage\":\"en-US\",\"@id\":\"https:\/\/www.jbnordic.se\/#\/schema\/logo\/image\/\",\"url\":\"https:\/\/www.jbnordic.se\/wp-content\/uploads\/2022\/02\/jb_nordic_logo_blk_h100px.png\",\"contentUrl\":\"https:\/\/www.jbnordic.se\/wp-content\/uploads\/2022\/02\/jb_nordic_logo_blk_h100px.png\",\"width\":480,\"height\":100,\"caption\":\"JB Nordic\"},\"image\":{\"@id\":\"https:\/\/www.jbnordic.se\/#\/schema\/logo\/image\/\"},\"sameAs\":[\"https:\/\/www.facebook.com\/jbnordic\",\"https:\/\/www.linkedin.com\/company\/jbnordic.se\",\"https:\/\/www.instagram.com\/jbnordic\/\"]}]}<\/script>\n<!-- \/ Yoast SEO plugin. -->","yoast_head_json":{"title":"KeyPrint KeyGuide, 1L. - JB Nordic AB","robots":{"index":"index","follow":"follow","max-snippet":"max-snippet:-1","max-image-preview":"max-image-preview:large","max-video-preview":"max-video-preview:-1"},"canonical":"https:\/\/www.jbnordic.se\/en\/butik\/3d-printning\/resiner-asiga\/bio\/keyprint-keyguide-1l\/","og_locale":"en_US","og_type":"article","og_title":"KeyPrint KeyGuide, 1L. - JB Nordic AB","og_description":"Ett material som producerar nogranna modeller med en fast och len yta. F\u00e4rgen uppskattas extra d\u00e5 det \u00e4r enkelt att se preppgr\u00e4nser samt t\u00e4nders anatomi. Materialet bibeh\u00e5ller f\u00e4rgen samt krymper ej \u00f6ver tid. Keyguide \u00e4r ett klass 1 certifierat material som anv\u00e4nds f\u00f6r tillverkning av transparenta och stabila guide skenor. Materialet \u00e4r enkelt att polera och kan autoklaveras.   F\u00e4rg- och formstabilt  Kan autoklaveras  Transparent material  \u2193 SDS \u2193\u00a0IFU\u00a0 Info p\u00e5 fler spr\u00e5k","og_url":"https:\/\/www.jbnordic.se\/en\/butik\/3d-printning\/resiner-asiga\/bio\/keyprint-keyguide-1l\/","og_site_name":"JB Nordic AB","article_publisher":"https:\/\/www.facebook.com\/jbnordic","article_modified_time":"2026-05-05T08:48:23+00:00","og_image":[{"width":1536,"height":1536,"url":"https:\/\/www.jbnordic.se\/wp-content\/uploads\/2020\/04\/KPW_KeyGuide.Sample_WHT_Final.2026-e1770892749479.jpg","type":"image\/jpeg"}],"twitter_card":"summary_large_image","twitter_misc":{"Est. reading time":"1 minute"},"schema":{"@context":"https:\/\/schema.org","@graph":[{"@type":"WebPage","@id":"https:\/\/www.jbnordic.se\/butik\/3d-printning\/resiner-asiga\/bio\/keyprint-keyguide-1l\/","url":"https:\/\/www.jbnordic.se\/butik\/3d-printning\/resiner-asiga\/bio\/keyprint-keyguide-1l\/","name":"KeyPrint KeyGuide, 1L. - JB Nordic AB","isPartOf":{"@id":"https:\/\/www.jbnordic.se\/#website"},"primaryImageOfPage":{"@id":"https:\/\/www.jbnordic.se\/butik\/3d-printning\/resiner-asiga\/bio\/keyprint-keyguide-1l\/#primaryimage"},"image":{"@id":"https:\/\/www.jbnordic.se\/butik\/3d-printning\/resiner-asiga\/bio\/keyprint-keyguide-1l\/#primaryimage"},"thumbnailUrl":"https:\/\/www.jbnordic.se\/wp-content\/uploads\/2020\/04\/KPW_KeyGuide.Sample_WHT_Final.2026-e1770892749479.jpg","datePublished":"2020-04-15T13:38:27+00:00","dateModified":"2026-05-05T08:48:23+00:00","breadcrumb":{"@id":"https:\/\/www.jbnordic.se\/butik\/3d-printning\/resiner-asiga\/bio\/keyprint-keyguide-1l\/#breadcrumb"},"inLanguage":"en-US","potentialAction":[{"@type":"ReadAction","target":["https:\/\/www.jbnordic.se\/butik\/3d-printning\/resiner-asiga\/bio\/keyprint-keyguide-1l\/"]}]},{"@type":"ImageObject","inLanguage":"en-US","@id":"https:\/\/www.jbnordic.se\/butik\/3d-printning\/resiner-asiga\/bio\/keyprint-keyguide-1l\/#primaryimage","url":"https:\/\/www.jbnordic.se\/wp-content\/uploads\/2020\/04\/KPW_KeyGuide.Sample_WHT_Final.2026-e1770892749479.jpg","contentUrl":"https:\/\/www.jbnordic.se\/wp-content\/uploads\/2020\/04\/KPW_KeyGuide.Sample_WHT_Final.2026-e1770892749479.jpg","width":1536,"height":1536},{"@type":"BreadcrumbList","@id":"https:\/\/www.jbnordic.se\/butik\/3d-printning\/resiner-asiga\/bio\/keyprint-keyguide-1l\/#breadcrumb","itemListElement":[{"@type":"ListItem","position":1,"name":"Hem","item":"https:\/\/www.jbnordic.se\/"},{"@type":"ListItem","position":2,"name":"KeyPrint KeyGuide, 1L."}]},{"@type":"WebSite","@id":"https:\/\/www.jbnordic.se\/#website","url":"https:\/\/www.jbnordic.se\/","name":"JB Nordic AB","description":"Kunskap!","publisher":{"@id":"https:\/\/www.jbnordic.se\/#organization"},"potentialAction":[{"@type":"SearchAction","target":{"@type":"EntryPoint","urlTemplate":"https:\/\/www.jbnordic.se\/?s={search_term_string}"},"query-input":{"@type":"PropertyValueSpecification","valueRequired":true,"valueName":"search_term_string"}}],"inLanguage":"en-US"},{"@type":"Organization","@id":"https:\/\/www.jbnordic.se\/#organization","name":"JB Nordic","url":"https:\/\/www.jbnordic.se\/","logo":{"@type":"ImageObject","inLanguage":"en-US","@id":"https:\/\/www.jbnordic.se\/#\/schema\/logo\/image\/","url":"https:\/\/www.jbnordic.se\/wp-content\/uploads\/2022\/02\/jb_nordic_logo_blk_h100px.png","contentUrl":"https:\/\/www.jbnordic.se\/wp-content\/uploads\/2022\/02\/jb_nordic_logo_blk_h100px.png","width":480,"height":100,"caption":"JB Nordic"},"image":{"@id":"https:\/\/www.jbnordic.se\/#\/schema\/logo\/image\/"},"sameAs":["https:\/\/www.facebook.com\/jbnordic","https:\/\/www.linkedin.com\/company\/jbnordic.se","https:\/\/www.instagram.com\/jbnordic\/"]}]}},"kroconnect":{"tax_rate":25,"price_inc_vat":{"regular_price":2995},"price_ex_vat":{"regular_price":2995}},"_links":{"self":[{"href":"https:\/\/www.jbnordic.se\/en\/wp-json\/wp\/v2\/product\/21318","targetHints":{"allow":["GET"]}}],"collection":[{"href":"https:\/\/www.jbnordic.se\/en\/wp-json\/wp\/v2\/product"}],"about":[{"href":"https:\/\/www.jbnordic.se\/en\/wp-json\/wp\/v2\/types\/product"}],"wp:featuredmedia":[{"embeddable":true,"href":"https:\/\/www.jbnordic.se\/en\/wp-json\/wp\/v2\/media\/269775"}],"wp:attachment":[{"href":"https:\/\/www.jbnordic.se\/en\/wp-json\/wp\/v2\/media?parent=21318"}],"wp:term":[{"taxonomy":"product_brand","embeddable":true,"href":"https:\/\/www.jbnordic.se\/en\/wp-json\/wp\/v2\/product_brand?post=21318"},{"taxonomy":"product_cat","embeddable":true,"href":"https:\/\/www.jbnordic.se\/en\/wp-json\/wp\/v2\/product_cat?post=21318"},{"taxonomy":"product_tag","embeddable":true,"href":"https:\/\/www.jbnordic.se\/en\/wp-json\/wp\/v2\/product_tag?post=21318"}],"curies":[{"name":"wp","href":"https:\/\/api.w.org\/{rel}","templated":true}]}}