{"id":212441,"date":"2024-05-13T11:35:11","date_gmt":"2024-05-13T09:35:11","guid":{"rendered":"https:\/\/www.jbnordic.se\/?post_type=product&#038;p=212441"},"modified":"2025-05-26T14:29:29","modified_gmt":"2025-05-26T12:29:29","slug":"coprasupreme-hyperion-20mm","status":"publish","type":"product","link":"https:\/\/www.jbnordic.se\/en\/butik\/frasning\/blanks\/coprasupreme-hyperion-20mm\/","title":{"rendered":"CopraSupreme Hyperion 20mm"},"content":{"rendered":"","protected":false},"excerpt":{"rendered":"<p class=\"p1\"><b>Zirkonia | \u00d8 98mm | H\u00f6gtranslucent<span class=\"Apple-converted-space\">\u00a0 <\/span>| 600 \u2013 1100 MPa | Inf\u00e4rgat i 9 lager<\/b><\/p>\n<p><strong>Det klart b\u00e4sta valet!<\/strong> Ett 9-lagers, h\u00f6gtranslucent och flerf\u00e4rgat material, som finns i hela VITA- och bleach-skalan. N\u00e4r du fr\u00e4st ut din konstruktion beh\u00f6ver du inte, men kan om du vill, f\u00e4rga in den. Godk\u00e4nt f\u00f6r konstruktioner upp till helk\u00e4ke.<\/p>\n<p>Whitepeaks is of the highest quality and is at the forefront of aesthetics. Isostatically pressed and 100% of the material is from Tosoh in Japan. Certified to the highest standards with a lifetime guarantee and made in Germany.<\/p>","protected":false},"featured_media":0,"template":"","meta":[],"product_brand":[],"product_cat":[32,34],"product_tag":[31],"class_list":{"0":"post-212441","1":"product","2":"type-product","3":"status-publish","5":"product_cat-blanks","6":"product_cat-zirkonia","7":"product_tag-white-peaks","9":"first","10":"instock","11":"taxable","12":"shipping-taxable","13":"purchasable","14":"product-type-variable","15":"has-default-attributes"},"yoast_head":"<!-- This site is optimized with the Yoast SEO plugin v26.7 - https:\/\/yoast.com\/wordpress\/plugins\/seo\/ -->\n<title>CopraSupreme Hyperion 20mm - JB Nordic AB<\/title>\n<meta name=\"description\" content=\"\u00d8 98mm | Ett 9-lagers, h\u00f6gtranslucent och flerf\u00e4rgat material, som finns i hela VITA- och bleach-skalan. Godk\u00e4nt f\u00f6r konstruktioner upp till helk\u00e4ke.\" \/>\n<meta name=\"robots\" content=\"index, follow, max-snippet:-1, max-image-preview:large, max-video-preview:-1\" \/>\n<link rel=\"canonical\" href=\"https:\/\/www.jbnordic.se\/en\/butik\/frasning\/blanks\/coprasupreme-hyperion-20mm\/\" \/>\n<meta property=\"og:locale\" content=\"en_US\" \/>\n<meta property=\"og:type\" content=\"article\" \/>\n<meta property=\"og:title\" content=\"CopraSupreme Hyperion 20mm - JB Nordic AB\" \/>\n<meta property=\"og:description\" content=\"\u00d8 98mm | Ett 9-lagers, h\u00f6gtranslucent och flerf\u00e4rgat material, som finns i hela VITA- och bleach-skalan. Godk\u00e4nt f\u00f6r konstruktioner upp till helk\u00e4ke.\" \/>\n<meta property=\"og:url\" content=\"https:\/\/www.jbnordic.se\/en\/butik\/frasning\/blanks\/coprasupreme-hyperion-20mm\/\" \/>\n<meta property=\"og:site_name\" content=\"JB Nordic AB\" \/>\n<meta property=\"article:publisher\" content=\"https:\/\/www.facebook.com\/jbnordic\" \/>\n<meta property=\"article:modified_time\" content=\"2025-05-26T12:29:29+00:00\" \/>\n<meta property=\"og:image\" content=\"https:\/\/www.jbnordic.se\/wp-content\/uploads\/2020\/01\/coprasupreme_hyperion_01n.jpg\" \/>\n\t<meta property=\"og:image:width\" content=\"1080\" \/>\n\t<meta property=\"og:image:height\" content=\"1080\" \/>\n\t<meta property=\"og:image:type\" content=\"image\/jpeg\" \/>\n<meta name=\"twitter:card\" content=\"summary_large_image\" \/>\n<meta name=\"twitter:label1\" content=\"Est. reading time\" \/>\n\t<meta name=\"twitter:data1\" content=\"1 minute\" \/>\n<script type=\"application\/ld+json\" class=\"yoast-schema-graph\">{\"@context\":\"https:\/\/schema.org\",\"@graph\":[{\"@type\":\"WebPage\",\"@id\":\"https:\/\/www.jbnordic.se\/butik\/frasning\/blanks\/coprasupreme-hyperion-20mm\/\",\"url\":\"https:\/\/www.jbnordic.se\/butik\/frasning\/blanks\/coprasupreme-hyperion-20mm\/\",\"name\":\"CopraSupreme Hyperion 20mm - JB Nordic AB\",\"isPartOf\":{\"@id\":\"https:\/\/www.jbnordic.se\/#website\"},\"datePublished\":\"2024-05-13T09:35:11+00:00\",\"dateModified\":\"2025-05-26T12:29:29+00:00\",\"description\":\"\u00d8 98mm | Ett 9-lagers, h\u00f6gtranslucent och flerf\u00e4rgat material, som finns i hela VITA- och bleach-skalan. Godk\u00e4nt f\u00f6r konstruktioner upp till helk\u00e4ke.\",\"breadcrumb\":{\"@id\":\"https:\/\/www.jbnordic.se\/butik\/frasning\/blanks\/coprasupreme-hyperion-20mm\/#breadcrumb\"},\"inLanguage\":\"en-US\",\"potentialAction\":[{\"@type\":\"ReadAction\",\"target\":[\"https:\/\/www.jbnordic.se\/butik\/frasning\/blanks\/coprasupreme-hyperion-20mm\/\"]}]},{\"@type\":\"BreadcrumbList\",\"@id\":\"https:\/\/www.jbnordic.se\/butik\/frasning\/blanks\/coprasupreme-hyperion-20mm\/#breadcrumb\",\"itemListElement\":[{\"@type\":\"ListItem\",\"position\":1,\"name\":\"Hem\",\"item\":\"https:\/\/www.jbnordic.se\/\"},{\"@type\":\"ListItem\",\"position\":2,\"name\":\"CopraSupreme Hyperion 20mm\"}]},{\"@type\":\"WebSite\",\"@id\":\"https:\/\/www.jbnordic.se\/#website\",\"url\":\"https:\/\/www.jbnordic.se\/\",\"name\":\"JB Nordic AB\",\"description\":\"Kunskap!\",\"publisher\":{\"@id\":\"https:\/\/www.jbnordic.se\/#organization\"},\"potentialAction\":[{\"@type\":\"SearchAction\",\"target\":{\"@type\":\"EntryPoint\",\"urlTemplate\":\"https:\/\/www.jbnordic.se\/?s={search_term_string}\"},\"query-input\":{\"@type\":\"PropertyValueSpecification\",\"valueRequired\":true,\"valueName\":\"search_term_string\"}}],\"inLanguage\":\"en-US\"},{\"@type\":\"Organization\",\"@id\":\"https:\/\/www.jbnordic.se\/#organization\",\"name\":\"JB Nordic\",\"url\":\"https:\/\/www.jbnordic.se\/\",\"logo\":{\"@type\":\"ImageObject\",\"inLanguage\":\"en-US\",\"@id\":\"https:\/\/www.jbnordic.se\/#\/schema\/logo\/image\/\",\"url\":\"https:\/\/www.jbnordic.se\/wp-content\/uploads\/2022\/02\/jb_nordic_logo_blk_h100px.png\",\"contentUrl\":\"https:\/\/www.jbnordic.se\/wp-content\/uploads\/2022\/02\/jb_nordic_logo_blk_h100px.png\",\"width\":480,\"height\":100,\"caption\":\"JB Nordic\"},\"image\":{\"@id\":\"https:\/\/www.jbnordic.se\/#\/schema\/logo\/image\/\"},\"sameAs\":[\"https:\/\/www.facebook.com\/jbnordic\",\"https:\/\/www.linkedin.com\/company\/jbnordic.se\",\"https:\/\/www.instagram.com\/jbnordic\/\"]}]}<\/script>\n<!-- \/ Yoast SEO plugin. -->","yoast_head_json":{"title":"CopraSupreme Hyperion 20mm - JB Nordic AB","description":"\u00d8 98mm | Ett 9-lagers, h\u00f6gtranslucent och flerf\u00e4rgat material, som finns i hela VITA- och bleach-skalan. Godk\u00e4nt f\u00f6r konstruktioner upp till helk\u00e4ke.","robots":{"index":"index","follow":"follow","max-snippet":"max-snippet:-1","max-image-preview":"max-image-preview:large","max-video-preview":"max-video-preview:-1"},"canonical":"https:\/\/www.jbnordic.se\/en\/butik\/frasning\/blanks\/coprasupreme-hyperion-20mm\/","og_locale":"en_US","og_type":"article","og_title":"CopraSupreme Hyperion 20mm - JB Nordic AB","og_description":"\u00d8 98mm | Ett 9-lagers, h\u00f6gtranslucent och flerf\u00e4rgat material, som finns i hela VITA- och bleach-skalan. Godk\u00e4nt f\u00f6r konstruktioner upp till helk\u00e4ke.","og_url":"https:\/\/www.jbnordic.se\/en\/butik\/frasning\/blanks\/coprasupreme-hyperion-20mm\/","og_site_name":"JB Nordic AB","article_publisher":"https:\/\/www.facebook.com\/jbnordic","article_modified_time":"2025-05-26T12:29:29+00:00","og_image":[{"width":1080,"height":1080,"url":"https:\/\/www.jbnordic.se\/wp-content\/uploads\/2020\/01\/coprasupreme_hyperion_01n.jpg","type":"image\/jpeg"}],"twitter_card":"summary_large_image","twitter_misc":{"Est. reading time":"1 minute"},"schema":{"@context":"https:\/\/schema.org","@graph":[{"@type":"WebPage","@id":"https:\/\/www.jbnordic.se\/butik\/frasning\/blanks\/coprasupreme-hyperion-20mm\/","url":"https:\/\/www.jbnordic.se\/butik\/frasning\/blanks\/coprasupreme-hyperion-20mm\/","name":"CopraSupreme Hyperion 20mm - JB Nordic AB","isPartOf":{"@id":"https:\/\/www.jbnordic.se\/#website"},"datePublished":"2024-05-13T09:35:11+00:00","dateModified":"2025-05-26T12:29:29+00:00","description":"\u00d8 98mm | Ett 9-lagers, h\u00f6gtranslucent och flerf\u00e4rgat material, som finns i hela VITA- och bleach-skalan. Godk\u00e4nt f\u00f6r konstruktioner upp till helk\u00e4ke.","breadcrumb":{"@id":"https:\/\/www.jbnordic.se\/butik\/frasning\/blanks\/coprasupreme-hyperion-20mm\/#breadcrumb"},"inLanguage":"en-US","potentialAction":[{"@type":"ReadAction","target":["https:\/\/www.jbnordic.se\/butik\/frasning\/blanks\/coprasupreme-hyperion-20mm\/"]}]},{"@type":"BreadcrumbList","@id":"https:\/\/www.jbnordic.se\/butik\/frasning\/blanks\/coprasupreme-hyperion-20mm\/#breadcrumb","itemListElement":[{"@type":"ListItem","position":1,"name":"Hem","item":"https:\/\/www.jbnordic.se\/"},{"@type":"ListItem","position":2,"name":"CopraSupreme Hyperion 20mm"}]},{"@type":"WebSite","@id":"https:\/\/www.jbnordic.se\/#website","url":"https:\/\/www.jbnordic.se\/","name":"JB Nordic AB","description":"Kunskap!","publisher":{"@id":"https:\/\/www.jbnordic.se\/#organization"},"potentialAction":[{"@type":"SearchAction","target":{"@type":"EntryPoint","urlTemplate":"https:\/\/www.jbnordic.se\/?s={search_term_string}"},"query-input":{"@type":"PropertyValueSpecification","valueRequired":true,"valueName":"search_term_string"}}],"inLanguage":"en-US"},{"@type":"Organization","@id":"https:\/\/www.jbnordic.se\/#organization","name":"JB Nordic","url":"https:\/\/www.jbnordic.se\/","logo":{"@type":"ImageObject","inLanguage":"en-US","@id":"https:\/\/www.jbnordic.se\/#\/schema\/logo\/image\/","url":"https:\/\/www.jbnordic.se\/wp-content\/uploads\/2022\/02\/jb_nordic_logo_blk_h100px.png","contentUrl":"https:\/\/www.jbnordic.se\/wp-content\/uploads\/2022\/02\/jb_nordic_logo_blk_h100px.png","width":480,"height":100,"caption":"JB Nordic"},"image":{"@id":"https:\/\/www.jbnordic.se\/#\/schema\/logo\/image\/"},"sameAs":["https:\/\/www.facebook.com\/jbnordic","https:\/\/www.linkedin.com\/company\/jbnordic.se","https:\/\/www.instagram.com\/jbnordic\/"]}]}},"kroconnect":{"tax_rate":25,"price_inc_vat":{"regular_price":2249},"price_ex_vat":{"regular_price":2249}},"_links":{"self":[{"href":"https:\/\/www.jbnordic.se\/en\/wp-json\/wp\/v2\/product\/212441","targetHints":{"allow":["GET"]}}],"collection":[{"href":"https:\/\/www.jbnordic.se\/en\/wp-json\/wp\/v2\/product"}],"about":[{"href":"https:\/\/www.jbnordic.se\/en\/wp-json\/wp\/v2\/types\/product"}],"wp:attachment":[{"href":"https:\/\/www.jbnordic.se\/en\/wp-json\/wp\/v2\/media?parent=212441"}],"wp:term":[{"taxonomy":"product_brand","embeddable":true,"href":"https:\/\/www.jbnordic.se\/en\/wp-json\/wp\/v2\/product_brand?post=212441"},{"taxonomy":"product_cat","embeddable":true,"href":"https:\/\/www.jbnordic.se\/en\/wp-json\/wp\/v2\/product_cat?post=212441"},{"taxonomy":"product_tag","embeddable":true,"href":"https:\/\/www.jbnordic.se\/en\/wp-json\/wp\/v2\/product_tag?post=212441"}],"curies":[{"name":"wp","href":"https:\/\/api.w.org\/{rel}","templated":true}]}}