{"id":189970,"date":"2024-02-21T10:37:01","date_gmt":"2024-02-21T09:37:01","guid":{"rendered":"https:\/\/www.jbnordic.se\/?post_type=product&#038;p=189970"},"modified":"2026-04-30T14:48:51","modified_gmt":"2026-04-30T12:48:51","slug":"3d-printer-max-2","status":"publish","type":"product","link":"https:\/\/www.jbnordic.se\/en\/butik\/3d-printning\/3d-skrivare\/3d-printer-max-2\/","title":{"rendered":"3D-printer Asiga MAX 2"},"content":{"rendered":"<div id=\"footage\"  data-column-margin=\"default\" data-midnight=\"dark\" data-top-percent=\"3%\" data-bottom-percent=\"5%\"  class=\"wpb_row vc_row-fluid vc_row full-width-section\"  style=\"padding-top: calc(100vw * 0.03); padding-bottom: calc(100vw * 0.05); \"><div class=\"row-bg-wrap\" data-bg-animation=\"none\" data-bg-animation-delay=\"\" data-bg-overlay=\"false\"><div class=\"inner-wrap row-bg-layer\" ><div class=\"row-bg viewport-desktop using-bg-color\"  style=\"background-color: #f2f2f2; \"><\/div><\/div><\/div><div class=\"row_col_wrap_12 col span_12 dark left\">\n\t<div  class=\"vc_col-sm-12 wpb_column column_container vc_column_container col no-extra-padding inherit_tablet inherit_phone\"  data-padding-pos=\"all\" data-has-bg-color=\"false\" data-bg-color=\"\" data-bg-opacity=\"1\" data-animation=\"\" data-delay=\"0\" >\n\t\t<div class=\"vc_column-inner\" >\n\t\t\t<div class=\"wpb_wrapper\">\n\t\t\t\t<div id=\"fws_6a02736c49ef0\" data-midnight=\"\" data-column-margin=\"default\" class=\"wpb_row vc_row-fluid vc_row inner_row\"  style=\"\"><div class=\"row-bg-wrap\"> <div class=\"row-bg\" ><\/div> <\/div><div class=\"row_col_wrap_12_inner col span_12  left\">\n\t<div  class=\"vc_col-sm-4 wpb_column column_container vc_column_container col child_column padding-1-percent inherit_tablet inherit_phone\"   data-padding-pos=\"all\" data-has-bg-color=\"false\" data-bg-color=\"\" data-bg-opacity=\"1\" data-animation=\"\" data-delay=\"0\" >\n\t\t<div class=\"vc_column-inner\" >\n\t\t<div class=\"wpb_wrapper\">\n\t\t\t<div class=\"nectar_video_player_self_hosted wpb_video_widget wpb_content_element vc_clearfix vc_video-aspect-ratio-43 vc_video-el-width-100 vc_video-align-left\" data-border-radius=\"none\" data-shadow=\"none\">\n<div class=\"wpb_wrapper\"><div class=\"wpb_video_wrapper\"><video width=\"1280\" height=\"720\" class=\"nectar-video-self-hosted\" preload=\"auto\" loop autoplay muted playsinline><source src=\"https:\/\/www.jbnordic.se\/wp-content\/uploads\/2024\/02\/Max-2-UI-final.mp4\"  type=\"video\/mp4\"><\/video><\/div><\/div><\/div>\n<div class=\"wpb_text_column wpb_content_element  vc_custom_1708593351775\" >\n\t<div class=\"wpb_wrapper\">\n\t\t<h4>User-friendly<\/h4>\n<p>Step by step. The simple interface guides you through the process.<\/p>\n\t<\/div>\n<\/div>\n\n\n\n\n\t\t<\/div> \n\t<\/div>\n\t<\/div> \n\n\t<div  class=\"vc_col-sm-4 wpb_column column_container vc_column_container col child_column padding-1-percent inherit_tablet inherit_phone\"   data-padding-pos=\"all\" data-has-bg-color=\"false\" data-bg-color=\"\" data-bg-opacity=\"1\" data-animation=\"\" data-delay=\"0\" >\n\t\t<div class=\"vc_column-inner\" >\n\t\t<div class=\"wpb_wrapper\">\n\t\t\t<div class=\"nectar_video_player_self_hosted wpb_video_widget wpb_content_element vc_clearfix vc_video-aspect-ratio-43 vc_video-el-width-100 vc_video-align-left\" data-border-radius=\"none\" data-shadow=\"none\">\n<div class=\"wpb_wrapper\"><div class=\"wpb_video_wrapper\"><video width=\"1280\" height=\"720\" class=\"nectar-video-self-hosted\" preload=\"auto\" loop autoplay muted playsinline><source src=\"https:\/\/www.jbnordic.se\/wp-content\/uploads\/2024\/02\/Ultra-Transparent-mode-web.mp4\"  type=\"video\/mp4\"><\/video><\/div><\/div><\/div>\n<div class=\"wpb_text_column wpb_content_element  vc_custom_1708593341592\" >\n\t<div class=\"wpb_wrapper\">\n\t\t<h4>Transparent Mode<\/h4>\n<p>Clear materials can now be printed with extreme precision. No risk of over-curing.<\/p>\n\t<\/div>\n<\/div>\n\n\n\n\n\t\t<\/div> \n\t<\/div>\n\t<\/div> \n\n\t<div  class=\"vc_col-sm-4 wpb_column column_container vc_column_container col child_column padding-1-percent inherit_tablet inherit_phone\"   data-padding-pos=\"all\" data-has-bg-color=\"false\" data-bg-color=\"\" data-bg-opacity=\"1\" data-animation=\"\" data-delay=\"0\" >\n\t\t<div class=\"vc_column-inner\" >\n\t\t<div class=\"wpb_wrapper\">\n\t\t\t<div class=\"nectar_video_player_self_hosted wpb_video_widget wpb_content_element vc_clearfix vc_video-aspect-ratio-43 vc_video-el-width-100 vc_video-align-left\" data-border-radius=\"none\" data-shadow=\"none\">\n<div class=\"wpb_wrapper\"><div class=\"wpb_video_wrapper\"><video width=\"1280\" height=\"720\" class=\"nectar-video-self-hosted\" preload=\"auto\" loop autoplay muted playsinline><source src=\"https:\/\/www.jbnordic.se\/wp-content\/uploads\/2024\/02\/Max-2-chamber-heating-4-web.mp4\"  type=\"video\/mp4\"><\/video><\/div><\/div><\/div>\n<div class=\"wpb_text_column wpb_content_element  vc_custom_1708593453177\" >\n\t<div class=\"wpb_wrapper\">\n\t\t<h4>Heating<\/h4>\n<p>Chamber heating system for heating temperature-sensitive materials ready for printing.<\/p>\n\t<\/div>\n<\/div>\n\n\n\n\n\t\t<\/div> \n\t<\/div>\n\t<\/div> \n<\/div><\/div>\n\t\t\t<\/div> \n\t\t<\/div>\n\t<\/div> \n<\/div><\/div>\n\t\t<div id=\"fws_6a02736c4a79b\"  data-column-margin=\"default\" data-midnight=\"dark\"  class=\"wpb_row vc_row-fluid vc_row full-width-section parallax_section\"  style=\"padding-top: 0px; padding-bottom: 0px; \"><div class=\"row-bg-wrap\" data-bg-animation=\"none\" data-bg-animation-delay=\"\" data-bg-overlay=\"false\"><div class=\"inner-wrap row-bg-layer\" ><div class=\"row-bg viewport-desktop\" data-parallax-speed=\"fast\" style=\"\"><\/div><\/div><\/div><div class=\"row_col_wrap_12 col span_12 dark left\">\n\t<div  class=\"vc_col-sm-12 wpb_column column_container vc_column_container col no-extra-padding inherit_tablet inherit_phone\"  data-padding-pos=\"all\" data-has-bg-color=\"false\" data-bg-color=\"\" data-bg-opacity=\"1\" data-animation=\"\" data-delay=\"0\" >\n\t\t<div class=\"vc_column-inner\" >\n\t\t\t<div class=\"wpb_wrapper\">\n\t\t\t\t<div id=\"fws_6a02736c4aa42\" data-midnight=\"\" data-column-margin=\"40px\" class=\"wpb_row vc_row-fluid vc_row inner_row vc_row-o-equal-height vc_row-flex vc_row-o-content-middle\"  style=\"\"><div class=\"row-bg-wrap\"> <div class=\"row-bg\" ><\/div> <\/div><div class=\"row_col_wrap_12_inner col span_12  left\">\n\t<div  class=\"vc_col-sm-8 wpb_column column_container vc_column_container col child_column no-extra-padding inherit_tablet inherit_phone\"   data-padding-pos=\"all\" data-has-bg-color=\"false\" data-bg-color=\"\" data-bg-opacity=\"1\" data-animation=\"\" data-delay=\"0\" >\n\t\t<div class=\"vc_column-inner\" >\n\t\t<div class=\"wpb_wrapper\">\n\t\t\t<div class=\"img-with-aniamtion-wrap\" data-max-width=\"100%\" data-max-width-mobile=\"default\" data-shadow=\"none\" data-animation=\"none\" >\n      <div class=\"inner\">\n        <div class=\"hover-wrap\"> \n          <div class=\"hover-wrap-inner\">\n            <img decoding=\"async\" class=\"img-with-animation skip-lazy\" data-delay=\"0\" height=\"568\" width=\"960\" data-animation=\"none\" src=\"https:\/\/www.jbnordic.se\/wp-content\/uploads\/2024\/02\/Asiga_materials.jpg\" alt=\"Asiga MAX material\" srcset=\"https:\/\/www.jbnordic.se\/wp-content\/uploads\/2024\/02\/Asiga_materials.jpg 960w, https:\/\/www.jbnordic.se\/wp-content\/uploads\/2024\/02\/Asiga_materials-300x178.jpg 300w, https:\/\/www.jbnordic.se\/wp-content\/uploads\/2024\/02\/Asiga_materials-768x454.jpg 768w, https:\/\/www.jbnordic.se\/wp-content\/uploads\/2024\/02\/Asiga_materials-18x12.jpg 18w\" sizes=\"(max-width: 960px) 100vw, 960px\" \/>\n          <\/div>\n        <\/div>\n      <\/div>\n    <\/div>\n\t\t<\/div> \n\t<\/div>\n\t<\/div> \n\n\t<div  class=\"vc_col-sm-4 wpb_column column_container vc_column_container col child_column no-extra-padding inherit_tablet inherit_phone\"   data-padding-pos=\"all\" data-has-bg-color=\"false\" data-bg-color=\"\" data-bg-opacity=\"1\" data-animation=\"\" data-delay=\"0\" >\n\t\t<div class=\"vc_column-inner\" >\n\t\t<div class=\"wpb_wrapper\">\n\t\t\t<h2 style=\"line-height: 0.9;text-align: left\" class=\"vc_custom_heading vc_custom_1708507337929\" >Print in the best materials<\/h2>\n<div class=\"wpb_text_column wpb_content_element\" style=\" max-width: 500px; display: inline-block;\">\n\t<div class=\"wpb_wrapper\">\n\t\t<p class=\"translation-block\">With an <strong>open system<\/strong> you have the opportunity to choose from the best materials with the highest quality. With us you will find materials from market leaders <strong>Keystone, Asiga and Detax.<\/strong><\/p>\n\t<\/div>\n<\/div>\n\n\n\n<a class=\"nectar-button medium see-through accent-color has-icon\"  style=\"margin-top: 40px; \"  href=\"https:\/\/www.jbnordic.se\/en\/product-category\/3d-printing\/resiner-asiga\/\" data-color-override=\"false\" data-hover-color-override=\"false\" data-hover-text-color-override=\"#fff\"><span>See our materials<\/span><i  class=\"icon-button-arrow\"><\/i><\/a>\n\t\t<\/div> \n\t<\/div>\n\t<\/div> \n<\/div><\/div>\n\t\t\t<\/div> \n\t\t<\/div>\n\t<\/div> \n<\/div><\/div>\n\t\t<div id=\"fws_6a02736c4b3b6\"  data-column-margin=\"default\" data-midnight=\"light\" data-top-percent=\"11%\" data-bottom-percent=\"11%\"  class=\"wpb_row vc_row-fluid vc_row full-width-section parallax_section\"  style=\"padding-top: calc(100vw * 0.11); padding-bottom: calc(100vw * 0.11); \"><div class=\"row-bg-wrap\" data-bg-animation=\"none\" data-bg-animation-delay=\"\" data-bg-overlay=\"false\"><div class=\"inner-wrap row-bg-layer using-image\" ><div class=\"row-bg viewport-desktop using-image lazyload\" data-parallax-speed=\"fast\" style=\"background-image:inherit; background-position: center center; background-repeat: no-repeat; \" data-bg-image=\"url(https:\/\/www.jbnordic.se\/wp-content\/uploads\/2021\/12\/3D_bg_02-2.jpg)\"><\/div><\/div><div class=\"row-bg-overlay row-bg-layer\" style=\"background:linear-gradient(104deg, rgba(0,0,0,0.417) 10%, rgba(243,243,243,0) 90%);\"><\/div><\/div><div class=\"row_col_wrap_12 col span_12 light left\">\n\t<div  class=\"vc_col-sm-12 wpb_column column_container vc_column_container col no-extra-padding inherit_tablet inherit_phone\"  data-padding-pos=\"all\" data-has-bg-color=\"false\" data-bg-color=\"\" data-bg-opacity=\"1\" data-animation=\"\" data-delay=\"0\" >\n\t\t<div class=\"vc_column-inner\" >\n\t\t\t<div class=\"wpb_wrapper\">\n\t\t\t\t<div id=\"fws_6a02736c4b638\" data-midnight=\"\" data-column-margin=\"default\" class=\"wpb_row vc_row-fluid vc_row inner_row vc_row-o-content-middle\"  style=\"\"><div class=\"row-bg-wrap\"> <div class=\"row-bg\" ><\/div> <\/div><div class=\"row_col_wrap_12_inner col span_12  left\">\n\t<div  class=\"vc_col-sm-6 wpb_column column_container vc_column_container col child_column no-extra-padding inherit_tablet inherit_phone\"   data-padding-pos=\"all\" data-has-bg-color=\"false\" data-bg-color=\"\" data-bg-opacity=\"1\" data-animation=\"\" data-delay=\"0\" >\n\t\t<div class=\"vc_column-inner\" >\n\t\t<div class=\"wpb_wrapper\">\n\t\t\t<h2 style=\"line-height: 0.9;text-align: left\" class=\"vc_custom_heading vc_custom_1708507346592 translation-block\" >Structured and<br>\nfast production<\/h2>\n<div class=\"wpb_text_column wpb_content_element\" style=\" max-width: 500px; display: inline-block;\">\n\t<div class=\"wpb_wrapper\">\n\t\t<p>Asiga Ultra 50 has <strong>high production capacity and powerful software<\/strong> that makes your workflow <strong>smooth and efficient.<\/strong><\/p>\n\t<\/div>\n<\/div>\n\n\n\n\n\t\t<\/div> \n\t<\/div>\n\t<\/div> \n\n\t<div  class=\"vc_col-sm-6 wpb_column column_container vc_column_container col child_column no-extra-padding inherit_tablet inherit_phone\"   data-padding-pos=\"all\" data-has-bg-color=\"false\" data-bg-color=\"\" data-bg-opacity=\"1\" data-animation=\"\" data-delay=\"0\" >\n\t\t<div class=\"vc_column-inner\" >\n\t\t<div class=\"wpb_wrapper\">\n\t\t\t\n\t\t<\/div> \n\t<\/div>\n\t<\/div> \n<\/div><\/div>\n\t\t\t<\/div> \n\t\t<\/div>\n\t<\/div> \n<\/div><\/div>","protected":false},"excerpt":{"rendered":"<p><strong>Affordable <\/strong>open 3D printer that works with most resins, from different manufacturers. Produces fast and incredibly precise results. Special <strong>Transparent Mode<\/strong> for transparent materials. You get a <strong>system with really high quality<\/strong>, which is <strong>easy to use<\/strong> and with good opportunities to advance as a user<\/p>\n<p><strong>This is included:<\/strong><\/p>\n<ul>\n<li>Asiga MAX 2<\/li>\n<li>1st. Universal tr\u00e5g &amp; 1L modell material<\/li>\n<li>Tray storage box<\/li>\n<li>Calibration and starter kit<\/li>\n<li>Composer software<\/li>\n<\/ul>\n<p>Leveranstiden \u00e4r f\u00f6r n\u00e4rvarande ca. 2-4 veckor. Har du fr\u00e5gor \u00e4r du alltid v\u00e4lkommen att h\u00f6ra av dig.<\/p>","protected":false},"featured_media":189296,"template":"","meta":[],"product_brand":[266],"product_cat":[122,260],"product_tag":[276],"class_list":{"0":"post-189970","1":"product","2":"type-product","3":"status-publish","4":"has-post-thumbnail","6":"product_brand-asiga","7":"product_cat-3d-printning","8":"product_cat-3d-skrivare","9":"product_tag-3d-printer","11":"first","12":"instock","13":"taxable","14":"shipping-taxable","15":"product-type-simple"},"yoast_head":"<!-- This site is optimized with the Yoast SEO plugin v26.7 - https:\/\/yoast.com\/wordpress\/plugins\/seo\/ -->\n<title>3D-printer Asiga MAX 2 - JB Nordic AB<\/title>\n<meta name=\"description\" content=\"\u00d6ppen 3D-skrivare med stor byggvolym och som fungerar med de flesta resiner p\u00e5 marknaden. Ett system med riktigt h\u00f6g kvalitet, som \u00e4r l\u00e4tt att anv\u00e4nda.\" \/>\n<meta name=\"robots\" content=\"index, follow, max-snippet:-1, max-image-preview:large, max-video-preview:-1\" \/>\n<link rel=\"canonical\" href=\"https:\/\/www.jbnordic.se\/en\/butik\/3d-printning\/3d-skrivare\/3d-printer-max-2\/\" \/>\n<meta property=\"og:locale\" content=\"en_US\" \/>\n<meta property=\"og:type\" content=\"article\" \/>\n<meta property=\"og:title\" content=\"3D-printer Asiga MAX 2 - JB Nordic AB\" \/>\n<meta property=\"og:description\" content=\"\u00d6ppen 3D-skrivare med stor byggvolym och som fungerar med de flesta resiner p\u00e5 marknaden. Ett system med riktigt h\u00f6g kvalitet, som \u00e4r l\u00e4tt att anv\u00e4nda.\" \/>\n<meta property=\"og:url\" content=\"https:\/\/www.jbnordic.se\/en\/butik\/3d-printning\/3d-skrivare\/3d-printer-max-2\/\" \/>\n<meta property=\"og:site_name\" content=\"JB Nordic AB\" \/>\n<meta property=\"article:publisher\" content=\"https:\/\/www.facebook.com\/jbnordic\" \/>\n<meta property=\"article:modified_time\" content=\"2026-04-30T12:48:51+00:00\" \/>\n<meta property=\"og:image\" content=\"https:\/\/www.jbnordic.se\/wp-content\/uploads\/2024\/02\/Asiga_MAX-2_02.jpg\" \/>\n\t<meta property=\"og:image:width\" content=\"1080\" \/>\n\t<meta property=\"og:image:height\" content=\"1080\" \/>\n\t<meta property=\"og:image:type\" content=\"image\/jpeg\" \/>\n<meta name=\"twitter:card\" content=\"summary_large_image\" \/>\n<meta name=\"twitter:label1\" content=\"Est. reading time\" \/>\n\t<meta name=\"twitter:data1\" content=\"4 minutes\" \/>\n<script type=\"application\/ld+json\" class=\"yoast-schema-graph\">{\"@context\":\"https:\/\/schema.org\",\"@graph\":[{\"@type\":\"WebPage\",\"@id\":\"https:\/\/www.jbnordic.se\/butik\/3d-printning\/3d-skrivare\/3d-printer-max-2\/\",\"url\":\"https:\/\/www.jbnordic.se\/butik\/3d-printning\/3d-skrivare\/3d-printer-max-2\/\",\"name\":\"3D-printer Asiga MAX 2 - JB Nordic AB\",\"isPartOf\":{\"@id\":\"https:\/\/www.jbnordic.se\/#website\"},\"primaryImageOfPage\":{\"@id\":\"https:\/\/www.jbnordic.se\/butik\/3d-printning\/3d-skrivare\/3d-printer-max-2\/#primaryimage\"},\"image\":{\"@id\":\"https:\/\/www.jbnordic.se\/butik\/3d-printning\/3d-skrivare\/3d-printer-max-2\/#primaryimage\"},\"thumbnailUrl\":\"https:\/\/www.jbnordic.se\/wp-content\/uploads\/2024\/02\/Asiga_MAX-2_02.jpg\",\"datePublished\":\"2024-02-21T09:37:01+00:00\",\"dateModified\":\"2026-04-30T12:48:51+00:00\",\"description\":\"\u00d6ppen 3D-skrivare med stor byggvolym och som fungerar med de flesta resiner p\u00e5 marknaden. Ett system med riktigt h\u00f6g kvalitet, som \u00e4r l\u00e4tt att anv\u00e4nda.\",\"breadcrumb\":{\"@id\":\"https:\/\/www.jbnordic.se\/butik\/3d-printning\/3d-skrivare\/3d-printer-max-2\/#breadcrumb\"},\"inLanguage\":\"en-US\",\"potentialAction\":[{\"@type\":\"ReadAction\",\"target\":[\"https:\/\/www.jbnordic.se\/butik\/3d-printning\/3d-skrivare\/3d-printer-max-2\/\"]}]},{\"@type\":\"ImageObject\",\"inLanguage\":\"en-US\",\"@id\":\"https:\/\/www.jbnordic.se\/butik\/3d-printning\/3d-skrivare\/3d-printer-max-2\/#primaryimage\",\"url\":\"https:\/\/www.jbnordic.se\/wp-content\/uploads\/2024\/02\/Asiga_MAX-2_02.jpg\",\"contentUrl\":\"https:\/\/www.jbnordic.se\/wp-content\/uploads\/2024\/02\/Asiga_MAX-2_02.jpg\",\"width\":1080,\"height\":1080,\"caption\":\"Asiga MAX 2\"},{\"@type\":\"BreadcrumbList\",\"@id\":\"https:\/\/www.jbnordic.se\/butik\/3d-printning\/3d-skrivare\/3d-printer-max-2\/#breadcrumb\",\"itemListElement\":[{\"@type\":\"ListItem\",\"position\":1,\"name\":\"Hem\",\"item\":\"https:\/\/www.jbnordic.se\/\"},{\"@type\":\"ListItem\",\"position\":2,\"name\":\"3D-printer Asiga MAX 2\"}]},{\"@type\":\"WebSite\",\"@id\":\"https:\/\/www.jbnordic.se\/#website\",\"url\":\"https:\/\/www.jbnordic.se\/\",\"name\":\"JB Nordic AB\",\"description\":\"Kunskap!\",\"publisher\":{\"@id\":\"https:\/\/www.jbnordic.se\/#organization\"},\"potentialAction\":[{\"@type\":\"SearchAction\",\"target\":{\"@type\":\"EntryPoint\",\"urlTemplate\":\"https:\/\/www.jbnordic.se\/?s={search_term_string}\"},\"query-input\":{\"@type\":\"PropertyValueSpecification\",\"valueRequired\":true,\"valueName\":\"search_term_string\"}}],\"inLanguage\":\"en-US\"},{\"@type\":\"Organization\",\"@id\":\"https:\/\/www.jbnordic.se\/#organization\",\"name\":\"JB Nordic\",\"url\":\"https:\/\/www.jbnordic.se\/\",\"logo\":{\"@type\":\"ImageObject\",\"inLanguage\":\"en-US\",\"@id\":\"https:\/\/www.jbnordic.se\/#\/schema\/logo\/image\/\",\"url\":\"https:\/\/www.jbnordic.se\/wp-content\/uploads\/2022\/02\/jb_nordic_logo_blk_h100px.png\",\"contentUrl\":\"https:\/\/www.jbnordic.se\/wp-content\/uploads\/2022\/02\/jb_nordic_logo_blk_h100px.png\",\"width\":480,\"height\":100,\"caption\":\"JB Nordic\"},\"image\":{\"@id\":\"https:\/\/www.jbnordic.se\/#\/schema\/logo\/image\/\"},\"sameAs\":[\"https:\/\/www.facebook.com\/jbnordic\",\"https:\/\/www.linkedin.com\/company\/jbnordic.se\",\"https:\/\/www.instagram.com\/jbnordic\/\"]}]}<\/script>\n<!-- \/ Yoast SEO plugin. -->","yoast_head_json":{"title":"3D-printer Asiga MAX 2 - JB Nordic AB","description":"\u00d6ppen 3D-skrivare med stor byggvolym och som fungerar med de flesta resiner p\u00e5 marknaden. Ett system med riktigt h\u00f6g kvalitet, som \u00e4r l\u00e4tt att anv\u00e4nda.","robots":{"index":"index","follow":"follow","max-snippet":"max-snippet:-1","max-image-preview":"max-image-preview:large","max-video-preview":"max-video-preview:-1"},"canonical":"https:\/\/www.jbnordic.se\/en\/butik\/3d-printning\/3d-skrivare\/3d-printer-max-2\/","og_locale":"en_US","og_type":"article","og_title":"3D-printer Asiga MAX 2 - JB Nordic AB","og_description":"\u00d6ppen 3D-skrivare med stor byggvolym och som fungerar med de flesta resiner p\u00e5 marknaden. Ett system med riktigt h\u00f6g kvalitet, som \u00e4r l\u00e4tt att anv\u00e4nda.","og_url":"https:\/\/www.jbnordic.se\/en\/butik\/3d-printning\/3d-skrivare\/3d-printer-max-2\/","og_site_name":"JB Nordic AB","article_publisher":"https:\/\/www.facebook.com\/jbnordic","article_modified_time":"2026-04-30T12:48:51+00:00","og_image":[{"width":1080,"height":1080,"url":"https:\/\/www.jbnordic.se\/wp-content\/uploads\/2024\/02\/Asiga_MAX-2_02.jpg","type":"image\/jpeg"}],"twitter_card":"summary_large_image","twitter_misc":{"Est. reading time":"4 minutes"},"schema":{"@context":"https:\/\/schema.org","@graph":[{"@type":"WebPage","@id":"https:\/\/www.jbnordic.se\/butik\/3d-printning\/3d-skrivare\/3d-printer-max-2\/","url":"https:\/\/www.jbnordic.se\/butik\/3d-printning\/3d-skrivare\/3d-printer-max-2\/","name":"3D-printer Asiga MAX 2 - JB Nordic AB","isPartOf":{"@id":"https:\/\/www.jbnordic.se\/#website"},"primaryImageOfPage":{"@id":"https:\/\/www.jbnordic.se\/butik\/3d-printning\/3d-skrivare\/3d-printer-max-2\/#primaryimage"},"image":{"@id":"https:\/\/www.jbnordic.se\/butik\/3d-printning\/3d-skrivare\/3d-printer-max-2\/#primaryimage"},"thumbnailUrl":"https:\/\/www.jbnordic.se\/wp-content\/uploads\/2024\/02\/Asiga_MAX-2_02.jpg","datePublished":"2024-02-21T09:37:01+00:00","dateModified":"2026-04-30T12:48:51+00:00","description":"\u00d6ppen 3D-skrivare med stor byggvolym och som fungerar med de flesta resiner p\u00e5 marknaden. Ett system med riktigt h\u00f6g kvalitet, som \u00e4r l\u00e4tt att anv\u00e4nda.","breadcrumb":{"@id":"https:\/\/www.jbnordic.se\/butik\/3d-printning\/3d-skrivare\/3d-printer-max-2\/#breadcrumb"},"inLanguage":"en-US","potentialAction":[{"@type":"ReadAction","target":["https:\/\/www.jbnordic.se\/butik\/3d-printning\/3d-skrivare\/3d-printer-max-2\/"]}]},{"@type":"ImageObject","inLanguage":"en-US","@id":"https:\/\/www.jbnordic.se\/butik\/3d-printning\/3d-skrivare\/3d-printer-max-2\/#primaryimage","url":"https:\/\/www.jbnordic.se\/wp-content\/uploads\/2024\/02\/Asiga_MAX-2_02.jpg","contentUrl":"https:\/\/www.jbnordic.se\/wp-content\/uploads\/2024\/02\/Asiga_MAX-2_02.jpg","width":1080,"height":1080,"caption":"Asiga MAX 2"},{"@type":"BreadcrumbList","@id":"https:\/\/www.jbnordic.se\/butik\/3d-printning\/3d-skrivare\/3d-printer-max-2\/#breadcrumb","itemListElement":[{"@type":"ListItem","position":1,"name":"Hem","item":"https:\/\/www.jbnordic.se\/"},{"@type":"ListItem","position":2,"name":"3D-printer Asiga MAX 2"}]},{"@type":"WebSite","@id":"https:\/\/www.jbnordic.se\/#website","url":"https:\/\/www.jbnordic.se\/","name":"JB Nordic AB","description":"Kunskap!","publisher":{"@id":"https:\/\/www.jbnordic.se\/#organization"},"potentialAction":[{"@type":"SearchAction","target":{"@type":"EntryPoint","urlTemplate":"https:\/\/www.jbnordic.se\/?s={search_term_string}"},"query-input":{"@type":"PropertyValueSpecification","valueRequired":true,"valueName":"search_term_string"}}],"inLanguage":"en-US"},{"@type":"Organization","@id":"https:\/\/www.jbnordic.se\/#organization","name":"JB Nordic","url":"https:\/\/www.jbnordic.se\/","logo":{"@type":"ImageObject","inLanguage":"en-US","@id":"https:\/\/www.jbnordic.se\/#\/schema\/logo\/image\/","url":"https:\/\/www.jbnordic.se\/wp-content\/uploads\/2022\/02\/jb_nordic_logo_blk_h100px.png","contentUrl":"https:\/\/www.jbnordic.se\/wp-content\/uploads\/2022\/02\/jb_nordic_logo_blk_h100px.png","width":480,"height":100,"caption":"JB Nordic"},"image":{"@id":"https:\/\/www.jbnordic.se\/#\/schema\/logo\/image\/"},"sameAs":["https:\/\/www.facebook.com\/jbnordic","https:\/\/www.linkedin.com\/company\/jbnordic.se","https:\/\/www.instagram.com\/jbnordic\/"]}]}},"kroconnect":{"tax_rate":25,"price_inc_vat":{"regular_price":0},"price_ex_vat":{"regular_price":0}},"_links":{"self":[{"href":"https:\/\/www.jbnordic.se\/en\/wp-json\/wp\/v2\/product\/189970","targetHints":{"allow":["GET"]}}],"collection":[{"href":"https:\/\/www.jbnordic.se\/en\/wp-json\/wp\/v2\/product"}],"about":[{"href":"https:\/\/www.jbnordic.se\/en\/wp-json\/wp\/v2\/types\/product"}],"wp:featuredmedia":[{"embeddable":true,"href":"https:\/\/www.jbnordic.se\/en\/wp-json\/wp\/v2\/media\/189296"}],"wp:attachment":[{"href":"https:\/\/www.jbnordic.se\/en\/wp-json\/wp\/v2\/media?parent=189970"}],"wp:term":[{"taxonomy":"product_brand","embeddable":true,"href":"https:\/\/www.jbnordic.se\/en\/wp-json\/wp\/v2\/product_brand?post=189970"},{"taxonomy":"product_cat","embeddable":true,"href":"https:\/\/www.jbnordic.se\/en\/wp-json\/wp\/v2\/product_cat?post=189970"},{"taxonomy":"product_tag","embeddable":true,"href":"https:\/\/www.jbnordic.se\/en\/wp-json\/wp\/v2\/product_tag?post=189970"}],"curies":[{"name":"wp","href":"https:\/\/api.w.org\/{rel}","templated":true}]}}