{"id":18776,"date":"2020-01-29T16:28:37","date_gmt":"2020-01-29T15:28:37","guid":{"rendered":"https:\/\/www.jbnordic.se\/produkt\/import-placeholder-for-14112\/"},"modified":"2026-03-24T10:54:44","modified_gmt":"2026-03-24T09:54:44","slug":"asiga-dentagum-500ml","status":"publish","type":"product","link":"https:\/\/www.jbnordic.se\/en\/butik\/3d-printning\/resiner-asiga\/ovrigt\/asiga-dentagum-500ml\/","title":{"rendered":"Asiga DentaGUM 1L"},"content":{"rendered":"","protected":false},"excerpt":{"rendered":"<p>For the production of gum material\/gingiva.<\/p>\n<ul>\n<li>Indication: Gingiva<\/li>\n<li>Color: Pink<\/li>\n<li>Wavelength: 385nm and 405nm<\/li>\n<\/ul>","protected":false},"featured_media":132323,"template":"","meta":[],"product_brand":[],"product_cat":[125,251],"product_tag":[147],"class_list":{"0":"post-18776","1":"product","2":"type-product","3":"status-publish","4":"has-post-thumbnail","6":"product_cat-resiner-asiga","7":"product_cat-ovrigt","8":"product_tag-asiga","10":"first","11":"instock","12":"taxable","13":"shipping-taxable","14":"purchasable","15":"product-type-simple"},"yoast_head":"<!-- This site is optimized with the Yoast SEO plugin v26.7 - https:\/\/yoast.com\/wordpress\/plugins\/seo\/ -->\n<title>Asiga DentaGUM 1L - JB Nordic AB<\/title>\n<meta name=\"description\" content=\"F\u00f6r tillverkning av tandk\u00f6ttmaterial och gingiva. V\u00e5gl\u00e4ngd: 385nm och 405nm.\" \/>\n<meta name=\"robots\" content=\"index, follow, max-snippet:-1, max-image-preview:large, max-video-preview:-1\" \/>\n<link rel=\"canonical\" href=\"https:\/\/www.jbnordic.se\/en\/butik\/3d-printning\/resiner-asiga\/ovrigt\/asiga-dentagum-500ml\/\" \/>\n<meta property=\"og:locale\" content=\"en_US\" \/>\n<meta property=\"og:type\" content=\"article\" \/>\n<meta property=\"og:title\" content=\"Asiga DentaGUM 1L - JB Nordic AB\" \/>\n<meta property=\"og:description\" content=\"F\u00f6r tillverkning av tandk\u00f6ttmaterial och gingiva. V\u00e5gl\u00e4ngd: 385nm och 405nm.\" \/>\n<meta property=\"og:url\" content=\"https:\/\/www.jbnordic.se\/en\/butik\/3d-printning\/resiner-asiga\/ovrigt\/asiga-dentagum-500ml\/\" \/>\n<meta property=\"og:site_name\" content=\"JB Nordic AB\" \/>\n<meta property=\"article:publisher\" content=\"https:\/\/www.facebook.com\/jbnordic\" \/>\n<meta property=\"article:modified_time\" content=\"2026-03-24T09:54:44+00:00\" \/>\n<meta property=\"og:image\" content=\"https:\/\/www.jbnordic.se\/wp-content\/uploads\/2020\/01\/DentaGUM_bottle_01.jpg\" \/>\n\t<meta property=\"og:image:width\" content=\"1080\" \/>\n\t<meta property=\"og:image:height\" content=\"1080\" \/>\n\t<meta property=\"og:image:type\" content=\"image\/jpeg\" \/>\n<meta name=\"twitter:card\" content=\"summary_large_image\" \/>\n<meta name=\"twitter:label1\" content=\"Est. reading time\" \/>\n\t<meta name=\"twitter:data1\" content=\"1 minute\" \/>\n<script type=\"application\/ld+json\" class=\"yoast-schema-graph\">{\"@context\":\"https:\/\/schema.org\",\"@graph\":[{\"@type\":\"WebPage\",\"@id\":\"https:\/\/www.jbnordic.se\/butik\/3d-printning\/resiner-asiga\/ovrigt\/asiga-dentagum-500ml\/\",\"url\":\"https:\/\/www.jbnordic.se\/butik\/3d-printning\/resiner-asiga\/ovrigt\/asiga-dentagum-500ml\/\",\"name\":\"Asiga DentaGUM 1L - JB Nordic AB\",\"isPartOf\":{\"@id\":\"https:\/\/www.jbnordic.se\/#website\"},\"primaryImageOfPage\":{\"@id\":\"https:\/\/www.jbnordic.se\/butik\/3d-printning\/resiner-asiga\/ovrigt\/asiga-dentagum-500ml\/#primaryimage\"},\"image\":{\"@id\":\"https:\/\/www.jbnordic.se\/butik\/3d-printning\/resiner-asiga\/ovrigt\/asiga-dentagum-500ml\/#primaryimage\"},\"thumbnailUrl\":\"https:\/\/www.jbnordic.se\/wp-content\/uploads\/2020\/01\/DentaGUM_bottle_01.jpg\",\"datePublished\":\"2020-01-29T15:28:37+00:00\",\"dateModified\":\"2026-03-24T09:54:44+00:00\",\"description\":\"F\u00f6r tillverkning av tandk\u00f6ttmaterial och gingiva. V\u00e5gl\u00e4ngd: 385nm och 405nm.\",\"breadcrumb\":{\"@id\":\"https:\/\/www.jbnordic.se\/butik\/3d-printning\/resiner-asiga\/ovrigt\/asiga-dentagum-500ml\/#breadcrumb\"},\"inLanguage\":\"en-US\",\"potentialAction\":[{\"@type\":\"ReadAction\",\"target\":[\"https:\/\/www.jbnordic.se\/butik\/3d-printning\/resiner-asiga\/ovrigt\/asiga-dentagum-500ml\/\"]}]},{\"@type\":\"ImageObject\",\"inLanguage\":\"en-US\",\"@id\":\"https:\/\/www.jbnordic.se\/butik\/3d-printning\/resiner-asiga\/ovrigt\/asiga-dentagum-500ml\/#primaryimage\",\"url\":\"https:\/\/www.jbnordic.se\/wp-content\/uploads\/2020\/01\/DentaGUM_bottle_01.jpg\",\"contentUrl\":\"https:\/\/www.jbnordic.se\/wp-content\/uploads\/2020\/01\/DentaGUM_bottle_01.jpg\",\"width\":1080,\"height\":1080,\"caption\":\"Asiga DentaGum\"},{\"@type\":\"BreadcrumbList\",\"@id\":\"https:\/\/www.jbnordic.se\/butik\/3d-printning\/resiner-asiga\/ovrigt\/asiga-dentagum-500ml\/#breadcrumb\",\"itemListElement\":[{\"@type\":\"ListItem\",\"position\":1,\"name\":\"Hem\",\"item\":\"https:\/\/www.jbnordic.se\/\"},{\"@type\":\"ListItem\",\"position\":2,\"name\":\"Asiga DentaGUM 1L\"}]},{\"@type\":\"WebSite\",\"@id\":\"https:\/\/www.jbnordic.se\/#website\",\"url\":\"https:\/\/www.jbnordic.se\/\",\"name\":\"JB Nordic AB\",\"description\":\"Kunskap!\",\"publisher\":{\"@id\":\"https:\/\/www.jbnordic.se\/#organization\"},\"potentialAction\":[{\"@type\":\"SearchAction\",\"target\":{\"@type\":\"EntryPoint\",\"urlTemplate\":\"https:\/\/www.jbnordic.se\/?s={search_term_string}\"},\"query-input\":{\"@type\":\"PropertyValueSpecification\",\"valueRequired\":true,\"valueName\":\"search_term_string\"}}],\"inLanguage\":\"en-US\"},{\"@type\":\"Organization\",\"@id\":\"https:\/\/www.jbnordic.se\/#organization\",\"name\":\"JB Nordic\",\"url\":\"https:\/\/www.jbnordic.se\/\",\"logo\":{\"@type\":\"ImageObject\",\"inLanguage\":\"en-US\",\"@id\":\"https:\/\/www.jbnordic.se\/#\/schema\/logo\/image\/\",\"url\":\"https:\/\/www.jbnordic.se\/wp-content\/uploads\/2022\/02\/jb_nordic_logo_blk_h100px.png\",\"contentUrl\":\"https:\/\/www.jbnordic.se\/wp-content\/uploads\/2022\/02\/jb_nordic_logo_blk_h100px.png\",\"width\":480,\"height\":100,\"caption\":\"JB Nordic\"},\"image\":{\"@id\":\"https:\/\/www.jbnordic.se\/#\/schema\/logo\/image\/\"},\"sameAs\":[\"https:\/\/www.facebook.com\/jbnordic\",\"https:\/\/www.linkedin.com\/company\/jbnordic.se\",\"https:\/\/www.instagram.com\/jbnordic\/\"]}]}<\/script>\n<!-- \/ Yoast SEO plugin. -->","yoast_head_json":{"title":"Asiga DentaGUM 1L - JB Nordic AB","description":"F\u00f6r tillverkning av tandk\u00f6ttmaterial och gingiva. V\u00e5gl\u00e4ngd: 385nm och 405nm.","robots":{"index":"index","follow":"follow","max-snippet":"max-snippet:-1","max-image-preview":"max-image-preview:large","max-video-preview":"max-video-preview:-1"},"canonical":"https:\/\/www.jbnordic.se\/en\/butik\/3d-printning\/resiner-asiga\/ovrigt\/asiga-dentagum-500ml\/","og_locale":"en_US","og_type":"article","og_title":"Asiga DentaGUM 1L - JB Nordic AB","og_description":"F\u00f6r tillverkning av tandk\u00f6ttmaterial och gingiva. V\u00e5gl\u00e4ngd: 385nm och 405nm.","og_url":"https:\/\/www.jbnordic.se\/en\/butik\/3d-printning\/resiner-asiga\/ovrigt\/asiga-dentagum-500ml\/","og_site_name":"JB Nordic AB","article_publisher":"https:\/\/www.facebook.com\/jbnordic","article_modified_time":"2026-03-24T09:54:44+00:00","og_image":[{"width":1080,"height":1080,"url":"https:\/\/www.jbnordic.se\/wp-content\/uploads\/2020\/01\/DentaGUM_bottle_01.jpg","type":"image\/jpeg"}],"twitter_card":"summary_large_image","twitter_misc":{"Est. reading time":"1 minute"},"schema":{"@context":"https:\/\/schema.org","@graph":[{"@type":"WebPage","@id":"https:\/\/www.jbnordic.se\/butik\/3d-printning\/resiner-asiga\/ovrigt\/asiga-dentagum-500ml\/","url":"https:\/\/www.jbnordic.se\/butik\/3d-printning\/resiner-asiga\/ovrigt\/asiga-dentagum-500ml\/","name":"Asiga DentaGUM 1L - JB Nordic AB","isPartOf":{"@id":"https:\/\/www.jbnordic.se\/#website"},"primaryImageOfPage":{"@id":"https:\/\/www.jbnordic.se\/butik\/3d-printning\/resiner-asiga\/ovrigt\/asiga-dentagum-500ml\/#primaryimage"},"image":{"@id":"https:\/\/www.jbnordic.se\/butik\/3d-printning\/resiner-asiga\/ovrigt\/asiga-dentagum-500ml\/#primaryimage"},"thumbnailUrl":"https:\/\/www.jbnordic.se\/wp-content\/uploads\/2020\/01\/DentaGUM_bottle_01.jpg","datePublished":"2020-01-29T15:28:37+00:00","dateModified":"2026-03-24T09:54:44+00:00","description":"F\u00f6r tillverkning av tandk\u00f6ttmaterial och gingiva. V\u00e5gl\u00e4ngd: 385nm och 405nm.","breadcrumb":{"@id":"https:\/\/www.jbnordic.se\/butik\/3d-printning\/resiner-asiga\/ovrigt\/asiga-dentagum-500ml\/#breadcrumb"},"inLanguage":"en-US","potentialAction":[{"@type":"ReadAction","target":["https:\/\/www.jbnordic.se\/butik\/3d-printning\/resiner-asiga\/ovrigt\/asiga-dentagum-500ml\/"]}]},{"@type":"ImageObject","inLanguage":"en-US","@id":"https:\/\/www.jbnordic.se\/butik\/3d-printning\/resiner-asiga\/ovrigt\/asiga-dentagum-500ml\/#primaryimage","url":"https:\/\/www.jbnordic.se\/wp-content\/uploads\/2020\/01\/DentaGUM_bottle_01.jpg","contentUrl":"https:\/\/www.jbnordic.se\/wp-content\/uploads\/2020\/01\/DentaGUM_bottle_01.jpg","width":1080,"height":1080,"caption":"Asiga DentaGum"},{"@type":"BreadcrumbList","@id":"https:\/\/www.jbnordic.se\/butik\/3d-printning\/resiner-asiga\/ovrigt\/asiga-dentagum-500ml\/#breadcrumb","itemListElement":[{"@type":"ListItem","position":1,"name":"Hem","item":"https:\/\/www.jbnordic.se\/"},{"@type":"ListItem","position":2,"name":"Asiga DentaGUM 1L"}]},{"@type":"WebSite","@id":"https:\/\/www.jbnordic.se\/#website","url":"https:\/\/www.jbnordic.se\/","name":"JB Nordic AB","description":"Kunskap!","publisher":{"@id":"https:\/\/www.jbnordic.se\/#organization"},"potentialAction":[{"@type":"SearchAction","target":{"@type":"EntryPoint","urlTemplate":"https:\/\/www.jbnordic.se\/?s={search_term_string}"},"query-input":{"@type":"PropertyValueSpecification","valueRequired":true,"valueName":"search_term_string"}}],"inLanguage":"en-US"},{"@type":"Organization","@id":"https:\/\/www.jbnordic.se\/#organization","name":"JB Nordic","url":"https:\/\/www.jbnordic.se\/","logo":{"@type":"ImageObject","inLanguage":"en-US","@id":"https:\/\/www.jbnordic.se\/#\/schema\/logo\/image\/","url":"https:\/\/www.jbnordic.se\/wp-content\/uploads\/2022\/02\/jb_nordic_logo_blk_h100px.png","contentUrl":"https:\/\/www.jbnordic.se\/wp-content\/uploads\/2022\/02\/jb_nordic_logo_blk_h100px.png","width":480,"height":100,"caption":"JB Nordic"},"image":{"@id":"https:\/\/www.jbnordic.se\/#\/schema\/logo\/image\/"},"sameAs":["https:\/\/www.facebook.com\/jbnordic","https:\/\/www.linkedin.com\/company\/jbnordic.se","https:\/\/www.instagram.com\/jbnordic\/"]}]}},"kroconnect":{"tax_rate":25,"price_inc_vat":{"regular_price":1845},"price_ex_vat":{"regular_price":1845}},"_links":{"self":[{"href":"https:\/\/www.jbnordic.se\/en\/wp-json\/wp\/v2\/product\/18776","targetHints":{"allow":["GET"]}}],"collection":[{"href":"https:\/\/www.jbnordic.se\/en\/wp-json\/wp\/v2\/product"}],"about":[{"href":"https:\/\/www.jbnordic.se\/en\/wp-json\/wp\/v2\/types\/product"}],"wp:featuredmedia":[{"embeddable":true,"href":"https:\/\/www.jbnordic.se\/en\/wp-json\/wp\/v2\/media\/132323"}],"wp:attachment":[{"href":"https:\/\/www.jbnordic.se\/en\/wp-json\/wp\/v2\/media?parent=18776"}],"wp:term":[{"taxonomy":"product_brand","embeddable":true,"href":"https:\/\/www.jbnordic.se\/en\/wp-json\/wp\/v2\/product_brand?post=18776"},{"taxonomy":"product_cat","embeddable":true,"href":"https:\/\/www.jbnordic.se\/en\/wp-json\/wp\/v2\/product_cat?post=18776"},{"taxonomy":"product_tag","embeddable":true,"href":"https:\/\/www.jbnordic.se\/en\/wp-json\/wp\/v2\/product_tag?post=18776"}],"curies":[{"name":"wp","href":"https:\/\/api.w.org\/{rel}","templated":true}]}}