{"id":186143,"date":"2024-02-07T11:38:08","date_gmt":"2024-02-07T10:38:08","guid":{"rendered":"https:\/\/www.jbnordic.se\/?post_type=product&#038;p=186143"},"modified":"2024-02-12T13:34:40","modified_gmt":"2024-02-12T12:34:40","slug":"frasmaskin-vhf-e3","status":"publish","type":"product","link":"https:\/\/www.jbnordic.se\/en\/butik\/frasning\/vhf\/frasmaskin-vhf-e3\/","title":{"rendered":"Milling machine, vhf E3"},"content":{"rendered":"<div id=\"fws_69e9eecb01367\"  data-column-margin=\"default\" data-midnight=\"dark\"  class=\"wpb_row vc_row-fluid vc_row full-width-section\"  style=\"padding-top: 0px; padding-bottom: 0px; \"><div class=\"row-bg-wrap\" data-bg-animation=\"none\" data-bg-animation-delay=\"\" data-bg-overlay=\"false\"><div class=\"inner-wrap row-bg-layer\" ><div class=\"row-bg viewport-desktop\"  style=\"\"><\/div><\/div><\/div><div class=\"row_col_wrap_12 col span_12 dark left\">\n\t<div  class=\"vc_col-sm-12 wpb_column column_container vc_column_container col no-extra-padding inherit_tablet inherit_phone\"  data-padding-pos=\"all\" data-has-bg-color=\"false\" data-bg-color=\"\" data-bg-opacity=\"1\" data-animation=\"\" data-delay=\"0\" >\n\t\t<div class=\"vc_column-inner\" >\n\t\t\t<div class=\"wpb_wrapper\">\n\t\t\t\t\n\t\t<div id=\"fws_69e9eecb0199f\"  data-column-margin=\"default\" data-midnight=\"dark\" data-top-percent=\"4%\" data-bottom-percent=\"2%\"  class=\"wpb_row vc_row-fluid vc_row full-width-section  bottom_padding_tablet_30pct\"  style=\"padding-top: calc(100vw * 0.04); padding-bottom: calc(100vw * 0.02); \"><div class=\"row-bg-wrap\" data-bg-animation=\"none\" data-bg-animation-delay=\"\" data-bg-overlay=\"false\"><div class=\"inner-wrap row-bg-layer\" ><div class=\"row-bg viewport-desktop\"  style=\"\"><\/div><\/div><\/div><div class=\"row_col_wrap_12 col span_12 dark left\">\n\t<div  class=\"vc_col-sm-12 wpb_column column_container vc_column_container col no-extra-padding inherit_tablet inherit_phone\"  data-padding-pos=\"all\" data-has-bg-color=\"false\" data-bg-color=\"\" data-bg-opacity=\"1\" data-animation=\"\" data-delay=\"0\" >\n\t\t<div class=\"vc_column-inner\" >\n\t\t\t<div class=\"wpb_wrapper\">\n\t\t\t\t<div id=\"fws_69e9eecb01c9c\" data-midnight=\"\" data-column-margin=\"default\" class=\"wpb_row vc_row-fluid vc_row inner_row  vc_custom_1706537454798\"  style=\"\"><div class=\"row-bg-wrap\"> <div class=\"row-bg\" ><\/div> <\/div><div class=\"row_col_wrap_12_inner col span_12  left\">\n\t<div  class=\"vc_col-sm-12 wpb_column column_container vc_column_container col child_column no-extra-padding inherit_tablet inherit_phone\"   data-padding-pos=\"all\" data-has-bg-color=\"false\" data-bg-color=\"\" data-bg-opacity=\"1\" data-animation=\"\" data-delay=\"0\" >\n\t\t<div class=\"vc_column-inner\" >\n\t\t<div class=\"wpb_wrapper\">\n\t\t\t<div class=\"nectar-responsive-text font_size_desktop_2-4vw font_size_phone_6vw\"><h2 style=\"text-align: center;\">Machines for every need<\/h2>\n<\/div>\n\t\t<\/div> \n\t<\/div>\n\t<\/div> \n<\/div><\/div><div id=\"fws_69e9eecb01fa6\" data-midnight=\"\" data-column-margin=\"100px\" class=\"wpb_row vc_row-fluid vc_row inner_row vc_row-o-equal-height vc_row-flex\"  style=\"\"><div class=\"row-bg-wrap\"> <div class=\"row-bg\" ><\/div> <\/div><div class=\"row_col_wrap_12_inner col span_12  left\">\n\t<div  class=\"vc_col-sm-4 wpb_column column_container vc_column_container col child_column centered-text no-extra-padding el_spacing_0px inherit_tablet inherit_phone\"   data-padding-pos=\"all\" data-has-bg-color=\"false\" data-bg-color=\"\" data-bg-opacity=\"1\" data-animation=\"\" data-delay=\"0\" >\n\t\t<div class=\"vc_column-inner\" >\n\t\t<div class=\"wpb_wrapper\">\n\t\t\t<div class=\"img-with-aniamtion-wrap\" data-max-width=\"100%\" data-max-width-mobile=\"default\" data-shadow=\"none\" data-animation=\"none\" >\n      <div class=\"inner\">\n        <div class=\"hover-wrap\"> \n          <div class=\"hover-wrap-inner\">\n            <a href=\"#ease_class\" target=\"_self\" class=\"\">\n              <img decoding=\"async\" class=\"img-with-animation skip-lazy\" data-delay=\"0\" height=\"568\" width=\"960\" data-animation=\"none\" src=\"https:\/\/www.jbnordic.se\/wp-content\/uploads\/2024\/01\/dental-ease-class.jpg\" alt=\"vhf Ease class milling machines\" srcset=\"https:\/\/www.jbnordic.se\/wp-content\/uploads\/2024\/01\/dental-ease-class.jpg 960w, https:\/\/www.jbnordic.se\/wp-content\/uploads\/2024\/01\/dental-ease-class-300x178.jpg 300w, https:\/\/www.jbnordic.se\/wp-content\/uploads\/2024\/01\/dental-ease-class-768x454.jpg 768w, https:\/\/www.jbnordic.se\/wp-content\/uploads\/2024\/01\/dental-ease-class-18x12.jpg 18w\" sizes=\"(max-width: 960px) 100vw, 960px\" \/>\n            <\/a>\n          <\/div>\n        <\/div>\n      <\/div>\n      <\/div>\n<div class=\"wpb_text_column wpb_content_element\" style=\" max-width: 350px; display: inline-block;\">\n\t<div class=\"wpb_wrapper\">\n\t\t<h4>Ease Class<\/h4>\n\t<\/div>\n<\/div>\n\n\n\n<div class=\"divider-wrap\" data-alignment=\"default\"><div style=\"height: 15px;\" class=\"divider\"><\/div><\/div>\n<div class=\"wpb_text_column wpb_content_element\" style=\" max-width: 350px; display: inline-block;\">\n\t<div class=\"wpb_wrapper\">\n\t\t<p class=\"translation-block\">Common to these machines is <strong>low initial cost<\/strong> because they <strong>do not require a compressor<\/strong>. They have a <strong>compact design, low weight<\/strong> and are <strong>very easy to service<\/strong> with their modular system.<\/p>\n\t<\/div>\n<\/div>\n\n\n\n\n\t\t<\/div> \n\t<\/div>\n\t<\/div> \n\n\t<div  class=\"vc_col-sm-4 wpb_column column_container vc_column_container col child_column centered-text no-extra-padding el_spacing_0px top_margin_tablet_50px top_margin_phone_30px bottom_margin_tablet_50px bottom_margin_phone_30px inherit_tablet inherit_phone\"   data-padding-pos=\"all\" data-has-bg-color=\"false\" data-bg-color=\"\" data-bg-opacity=\"1\" data-animation=\"\" data-delay=\"0\" >\n\t\t<div class=\"vc_column-inner\" >\n\t\t<div class=\"wpb_wrapper\">\n\t\t\t<div class=\"img-with-aniamtion-wrap\" data-max-width=\"100%\" data-max-width-mobile=\"default\" data-shadow=\"none\" data-animation=\"none\" >\n      <div class=\"inner\">\n        <div class=\"hover-wrap\"> \n          <div class=\"hover-wrap-inner\">\n            <a href=\"#performance_class\" target=\"_self\" class=\"\">\n              <img decoding=\"async\" class=\"img-with-animation skip-lazy\" data-delay=\"0\" height=\"568\" width=\"960\" data-animation=\"none\" src=\"https:\/\/www.jbnordic.se\/wp-content\/uploads\/2024\/01\/dental-performance-class_new.jpg\" alt=\"vhf Performance class milling machines\" srcset=\"https:\/\/www.jbnordic.se\/wp-content\/uploads\/2024\/01\/dental-performance-class_new.jpg 960w, https:\/\/www.jbnordic.se\/wp-content\/uploads\/2024\/01\/dental-performance-class_new-300x178.jpg 300w, https:\/\/www.jbnordic.se\/wp-content\/uploads\/2024\/01\/dental-performance-class_new-768x454.jpg 768w, https:\/\/www.jbnordic.se\/wp-content\/uploads\/2024\/01\/dental-performance-class_new-18x12.jpg 18w\" sizes=\"(max-width: 960px) 100vw, 960px\" \/>\n            <\/a>\n          <\/div>\n        <\/div>\n      <\/div>\n      <\/div>\n<div class=\"wpb_text_column wpb_content_element\" style=\" max-width: 350px; display: inline-block;\">\n\t<div class=\"wpb_wrapper\">\n\t\t<h4>Performance Class<\/h4>\n\t<\/div>\n<\/div>\n\n\n\n<div class=\"divider-wrap\" data-alignment=\"default\"><div style=\"height: 15px;\" class=\"divider\"><\/div><\/div>\n<div class=\"wpb_text_column wpb_content_element\" style=\" max-width: 350px; display: inline-block;\">\n\t<div class=\"wpb_wrapper\">\n\t\t<p class=\"translation-block\">Our <strong>Performance<\/strong> Class machines are specially designed for <strong>dental labs<\/strong>. <strong>High performance<\/strong> and <strong>very efficient<\/strong> machines for both dry and wet milling.<\/p>\n\t<\/div>\n<\/div>\n\n\n\n\n\t\t<\/div> \n\t<\/div>\n\t<\/div> \n\n\t<div  class=\"vc_col-sm-4 wpb_column column_container vc_column_container col child_column centered-text no-extra-padding el_spacing_0px top_margin_tablet_20px inherit_tablet inherit_phone\"   data-padding-pos=\"all\" data-has-bg-color=\"false\" data-bg-color=\"\" data-bg-opacity=\"1\" data-animation=\"\" data-delay=\"0\" >\n\t\t<div class=\"vc_column-inner\" >\n\t\t<div class=\"wpb_wrapper\">\n\t\t\t<div class=\"img-with-aniamtion-wrap\" data-max-width=\"100%\" data-max-width-mobile=\"default\" data-shadow=\"none\" data-animation=\"none\" >\n      <div class=\"inner\">\n        <div class=\"hover-wrap\"> \n          <div class=\"hover-wrap-inner\">\n            <img decoding=\"async\" class=\"img-with-animation skip-lazy\" data-delay=\"0\" height=\"568\" width=\"960\" data-animation=\"none\" src=\"https:\/\/www.jbnordic.se\/wp-content\/uploads\/2024\/01\/dental-high-end-class.jpg\" alt=\"vhf Hi End class milling machines\" srcset=\"https:\/\/www.jbnordic.se\/wp-content\/uploads\/2024\/01\/dental-high-end-class.jpg 960w, https:\/\/www.jbnordic.se\/wp-content\/uploads\/2024\/01\/dental-high-end-class-300x178.jpg 300w, https:\/\/www.jbnordic.se\/wp-content\/uploads\/2024\/01\/dental-high-end-class-768x454.jpg 768w, https:\/\/www.jbnordic.se\/wp-content\/uploads\/2024\/01\/dental-high-end-class-18x12.jpg 18w\" sizes=\"(max-width: 960px) 100vw, 960px\" \/>\n          <\/div>\n        <\/div>\n      <\/div>\n    <\/div>\n<div class=\"wpb_text_column wpb_content_element\" style=\" max-width: 350px; display: inline-block;\">\n\t<div class=\"wpb_wrapper\">\n\t\t<h4>High End Class<\/h4>\n\t<\/div>\n<\/div>\n\n\n\n<div class=\"divider-wrap\" data-alignment=\"default\"><div style=\"height: 15px;\" class=\"divider\"><\/div><\/div>\n<div class=\"wpb_text_column wpb_content_element\" style=\" max-width: 350px; display: inline-block;\">\n\t<div class=\"wpb_wrapper\">\n\t\t<p class=\"translation-block\">The machines in the <strong>High End<\/strong> Class are fully <strong>automated<\/strong> and super efficient. These are user-friendly <strong>top models<\/strong>.<\/p>\n\t<\/div>\n<\/div>\n\n\n\n\n\t\t<\/div> \n\t<\/div>\n\t<\/div> \n<\/div><\/div><div id=\"fws_69e9eecb02d57\" data-midnight=\"\" data-column-margin=\"default\" class=\"wpb_row vc_row-fluid vc_row inner_row\"  style=\"\"><div class=\"row-bg-wrap\"> <div class=\"row-bg\" ><\/div> <\/div><div class=\"row_col_wrap_12_inner col span_12  center\">\n\t<div  class=\"vc_col-sm-12 wpb_column column_container vc_column_container col child_column no-extra-padding inherit_tablet inherit_phone\"   data-padding-pos=\"all\" data-has-bg-color=\"false\" data-bg-color=\"\" data-bg-opacity=\"1\" data-animation=\"\" data-delay=\"0\" >\n\t\t<div class=\"vc_column-inner\" >\n\t\t<div class=\"wpb_wrapper\">\n\t\t\t<a class=\"nectar-button medium regular accent-color has-icon  regular-button\"  style=\"\"  href=\"https:\/\/www.jbnordic.se\/en\/frasmaskin\/\" data-color-override=\"false\" data-hover-color-override=\"false\" data-hover-text-color-override=\"#fff\"><span>Read more<\/span><i  class=\"icon-button-arrow\"><\/i><\/a>\n\t\t<\/div> \n\t<\/div>\n\t<\/div> \n<\/div><\/div>\n\t\t\t<\/div> \n\t\t<\/div>\n\t<\/div> \n<\/div><\/div>\n<style type=\"text\/css\" data-type=\"vc_shortcodes-custom-css\">.vc_custom_1706537454798{margin-bottom: 6% !important;}<\/style>\n\t\t\t<\/div> \n\t\t<\/div>\n\t<\/div> \n<\/div><\/div>","protected":false},"excerpt":{"rendered":"<p class=\"p1 translation-block\"><strong><span style=\"color: #00b9a3\">Dry milling<\/span> | <\/strong><b>User-friendly and easy to maintain.<\/b> Low initial cost because <b>no compressor required.<\/b> E3 a <b>fast machine for aligners and soft bite splints.<\/b> Well suited for clinics.<\/p>\n<p><strong>Advantages:<\/strong><\/p>\n<ul>\n<li><strong>No compressor needed<\/strong><\/li>\n<li class=\"p1\">CAM software included (DentalCAM)<\/li>\n<li class=\"p1\">Takes up to 3 blocks<\/li>\n<li class=\"p1\">12 month warranty<\/li>\n<\/ul>\n<p><strong>Technical data:<\/strong><\/p>\n<ul>\n<li>3+1 axles<\/li>\n<li class=\"p1\">60.000 rpm\/800 W<\/li>\n<li class=\"p1\">Dimensions W\/D\/H 360\/370\/490 mm<\/li>\n<li class=\"p1\">Weight 25kg<\/li>\n<\/ul>","protected":false},"featured_media":185343,"template":"","meta":[],"product_brand":[],"product_cat":[229,239],"product_tag":[121],"class_list":{"0":"post-186143","1":"product","2":"type-product","3":"status-publish","4":"has-post-thumbnail","6":"product_cat-frasning","7":"product_cat-vhf","8":"product_tag-vhf","10":"first","11":"instock","12":"taxable","13":"shipping-taxable","14":"product-type-simple"},"yoast_head":"<!-- This site is optimized with the Yoast SEO plugin v26.7 - https:\/\/yoast.com\/wordpress\/plugins\/seo\/ -->\n<title>Fr\u00e4smaskin, vhf E3 - JB Nordic AB<\/title>\n<meta name=\"description\" content=\"Torr fr\u00e4sning | Liten initial kostnad eftersom ingen kompressor kr\u00e4vs. E3 en snabb maskin f\u00f6r aligners och mjukbettskenor. Passar bra till klinik.\" \/>\n<meta name=\"robots\" content=\"index, follow, max-snippet:-1, max-image-preview:large, max-video-preview:-1\" \/>\n<link rel=\"canonical\" href=\"https:\/\/www.jbnordic.se\/en\/butik\/frasning\/vhf\/frasmaskin-vhf-e3\/\" \/>\n<meta property=\"og:locale\" content=\"en_US\" \/>\n<meta property=\"og:type\" content=\"article\" \/>\n<meta property=\"og:title\" content=\"Fr\u00e4smaskin, vhf E3 - JB Nordic AB\" \/>\n<meta property=\"og:description\" content=\"Torr fr\u00e4sning | Liten initial kostnad eftersom ingen kompressor kr\u00e4vs. E3 en snabb maskin f\u00f6r aligners och mjukbettskenor. Passar bra till klinik.\" \/>\n<meta property=\"og:url\" content=\"https:\/\/www.jbnordic.se\/en\/butik\/frasning\/vhf\/frasmaskin-vhf-e3\/\" \/>\n<meta property=\"og:site_name\" content=\"JB Nordic AB\" \/>\n<meta property=\"article:publisher\" content=\"https:\/\/www.facebook.com\/jbnordic\" \/>\n<meta property=\"article:modified_time\" content=\"2024-02-12T12:34:40+00:00\" \/>\n<meta property=\"og:image\" content=\"https:\/\/www.jbnordic.se\/wp-content\/uploads\/2024\/01\/vhf_E3_01.jpg\" \/>\n\t<meta property=\"og:image:width\" content=\"1080\" \/>\n\t<meta property=\"og:image:height\" content=\"1080\" \/>\n\t<meta property=\"og:image:type\" content=\"image\/jpeg\" \/>\n<meta name=\"twitter:card\" content=\"summary_large_image\" \/>\n<meta name=\"twitter:label1\" content=\"Est. reading time\" \/>\n\t<meta name=\"twitter:data1\" content=\"1 minute\" \/>\n<script type=\"application\/ld+json\" class=\"yoast-schema-graph\">{\"@context\":\"https:\/\/schema.org\",\"@graph\":[{\"@type\":\"WebPage\",\"@id\":\"https:\/\/www.jbnordic.se\/butik\/frasning\/vhf\/frasmaskin-vhf-e3\/\",\"url\":\"https:\/\/www.jbnordic.se\/butik\/frasning\/vhf\/frasmaskin-vhf-e3\/\",\"name\":\"Fr\u00e4smaskin, vhf E3 - JB Nordic AB\",\"isPartOf\":{\"@id\":\"https:\/\/www.jbnordic.se\/#website\"},\"primaryImageOfPage\":{\"@id\":\"https:\/\/www.jbnordic.se\/butik\/frasning\/vhf\/frasmaskin-vhf-e3\/#primaryimage\"},\"image\":{\"@id\":\"https:\/\/www.jbnordic.se\/butik\/frasning\/vhf\/frasmaskin-vhf-e3\/#primaryimage\"},\"thumbnailUrl\":\"https:\/\/www.jbnordic.se\/wp-content\/uploads\/2024\/01\/vhf_E3_01.jpg\",\"datePublished\":\"2024-02-07T10:38:08+00:00\",\"dateModified\":\"2024-02-12T12:34:40+00:00\",\"description\":\"Torr fr\u00e4sning | Liten initial kostnad eftersom ingen kompressor kr\u00e4vs. E3 en snabb maskin f\u00f6r aligners och mjukbettskenor. Passar bra till klinik.\",\"breadcrumb\":{\"@id\":\"https:\/\/www.jbnordic.se\/butik\/frasning\/vhf\/frasmaskin-vhf-e3\/#breadcrumb\"},\"inLanguage\":\"en-US\",\"potentialAction\":[{\"@type\":\"ReadAction\",\"target\":[\"https:\/\/www.jbnordic.se\/butik\/frasning\/vhf\/frasmaskin-vhf-e3\/\"]}]},{\"@type\":\"ImageObject\",\"inLanguage\":\"en-US\",\"@id\":\"https:\/\/www.jbnordic.se\/butik\/frasning\/vhf\/frasmaskin-vhf-e3\/#primaryimage\",\"url\":\"https:\/\/www.jbnordic.se\/wp-content\/uploads\/2024\/01\/vhf_E3_01.jpg\",\"contentUrl\":\"https:\/\/www.jbnordic.se\/wp-content\/uploads\/2024\/01\/vhf_E3_01.jpg\",\"width\":1080,\"height\":1080,\"caption\":\"vhf E3 milling machine\"},{\"@type\":\"BreadcrumbList\",\"@id\":\"https:\/\/www.jbnordic.se\/butik\/frasning\/vhf\/frasmaskin-vhf-e3\/#breadcrumb\",\"itemListElement\":[{\"@type\":\"ListItem\",\"position\":1,\"name\":\"Hem\",\"item\":\"https:\/\/www.jbnordic.se\/\"},{\"@type\":\"ListItem\",\"position\":2,\"name\":\"Fr\u00e4smaskin, vhf E3\"}]},{\"@type\":\"WebSite\",\"@id\":\"https:\/\/www.jbnordic.se\/#website\",\"url\":\"https:\/\/www.jbnordic.se\/\",\"name\":\"JB Nordic AB\",\"description\":\"Kunskap!\",\"publisher\":{\"@id\":\"https:\/\/www.jbnordic.se\/#organization\"},\"potentialAction\":[{\"@type\":\"SearchAction\",\"target\":{\"@type\":\"EntryPoint\",\"urlTemplate\":\"https:\/\/www.jbnordic.se\/?s={search_term_string}\"},\"query-input\":{\"@type\":\"PropertyValueSpecification\",\"valueRequired\":true,\"valueName\":\"search_term_string\"}}],\"inLanguage\":\"en-US\"},{\"@type\":\"Organization\",\"@id\":\"https:\/\/www.jbnordic.se\/#organization\",\"name\":\"JB Nordic\",\"url\":\"https:\/\/www.jbnordic.se\/\",\"logo\":{\"@type\":\"ImageObject\",\"inLanguage\":\"en-US\",\"@id\":\"https:\/\/www.jbnordic.se\/#\/schema\/logo\/image\/\",\"url\":\"https:\/\/www.jbnordic.se\/wp-content\/uploads\/2022\/02\/jb_nordic_logo_blk_h100px.png\",\"contentUrl\":\"https:\/\/www.jbnordic.se\/wp-content\/uploads\/2022\/02\/jb_nordic_logo_blk_h100px.png\",\"width\":480,\"height\":100,\"caption\":\"JB Nordic\"},\"image\":{\"@id\":\"https:\/\/www.jbnordic.se\/#\/schema\/logo\/image\/\"},\"sameAs\":[\"https:\/\/www.facebook.com\/jbnordic\",\"https:\/\/www.linkedin.com\/company\/jbnordic.se\",\"https:\/\/www.instagram.com\/jbnordic\/\"]}]}<\/script>\n<!-- \/ Yoast SEO plugin. -->","yoast_head_json":{"title":"Fr\u00e4smaskin, vhf E3 - JB Nordic AB","description":"Torr fr\u00e4sning | Liten initial kostnad eftersom ingen kompressor kr\u00e4vs. E3 en snabb maskin f\u00f6r aligners och mjukbettskenor. Passar bra till klinik.","robots":{"index":"index","follow":"follow","max-snippet":"max-snippet:-1","max-image-preview":"max-image-preview:large","max-video-preview":"max-video-preview:-1"},"canonical":"https:\/\/www.jbnordic.se\/en\/butik\/frasning\/vhf\/frasmaskin-vhf-e3\/","og_locale":"en_US","og_type":"article","og_title":"Fr\u00e4smaskin, vhf E3 - JB Nordic AB","og_description":"Torr fr\u00e4sning | Liten initial kostnad eftersom ingen kompressor kr\u00e4vs. E3 en snabb maskin f\u00f6r aligners och mjukbettskenor. Passar bra till klinik.","og_url":"https:\/\/www.jbnordic.se\/en\/butik\/frasning\/vhf\/frasmaskin-vhf-e3\/","og_site_name":"JB Nordic AB","article_publisher":"https:\/\/www.facebook.com\/jbnordic","article_modified_time":"2024-02-12T12:34:40+00:00","og_image":[{"width":1080,"height":1080,"url":"https:\/\/www.jbnordic.se\/wp-content\/uploads\/2024\/01\/vhf_E3_01.jpg","type":"image\/jpeg"}],"twitter_card":"summary_large_image","twitter_misc":{"Est. reading time":"1 minute"},"schema":{"@context":"https:\/\/schema.org","@graph":[{"@type":"WebPage","@id":"https:\/\/www.jbnordic.se\/butik\/frasning\/vhf\/frasmaskin-vhf-e3\/","url":"https:\/\/www.jbnordic.se\/butik\/frasning\/vhf\/frasmaskin-vhf-e3\/","name":"Fr\u00e4smaskin, vhf E3 - JB Nordic AB","isPartOf":{"@id":"https:\/\/www.jbnordic.se\/#website"},"primaryImageOfPage":{"@id":"https:\/\/www.jbnordic.se\/butik\/frasning\/vhf\/frasmaskin-vhf-e3\/#primaryimage"},"image":{"@id":"https:\/\/www.jbnordic.se\/butik\/frasning\/vhf\/frasmaskin-vhf-e3\/#primaryimage"},"thumbnailUrl":"https:\/\/www.jbnordic.se\/wp-content\/uploads\/2024\/01\/vhf_E3_01.jpg","datePublished":"2024-02-07T10:38:08+00:00","dateModified":"2024-02-12T12:34:40+00:00","description":"Torr fr\u00e4sning | Liten initial kostnad eftersom ingen kompressor kr\u00e4vs. E3 en snabb maskin f\u00f6r aligners och mjukbettskenor. Passar bra till klinik.","breadcrumb":{"@id":"https:\/\/www.jbnordic.se\/butik\/frasning\/vhf\/frasmaskin-vhf-e3\/#breadcrumb"},"inLanguage":"en-US","potentialAction":[{"@type":"ReadAction","target":["https:\/\/www.jbnordic.se\/butik\/frasning\/vhf\/frasmaskin-vhf-e3\/"]}]},{"@type":"ImageObject","inLanguage":"en-US","@id":"https:\/\/www.jbnordic.se\/butik\/frasning\/vhf\/frasmaskin-vhf-e3\/#primaryimage","url":"https:\/\/www.jbnordic.se\/wp-content\/uploads\/2024\/01\/vhf_E3_01.jpg","contentUrl":"https:\/\/www.jbnordic.se\/wp-content\/uploads\/2024\/01\/vhf_E3_01.jpg","width":1080,"height":1080,"caption":"vhf E3 milling machine"},{"@type":"BreadcrumbList","@id":"https:\/\/www.jbnordic.se\/butik\/frasning\/vhf\/frasmaskin-vhf-e3\/#breadcrumb","itemListElement":[{"@type":"ListItem","position":1,"name":"Hem","item":"https:\/\/www.jbnordic.se\/"},{"@type":"ListItem","position":2,"name":"Fr\u00e4smaskin, vhf E3"}]},{"@type":"WebSite","@id":"https:\/\/www.jbnordic.se\/#website","url":"https:\/\/www.jbnordic.se\/","name":"JB Nordic AB","description":"Kunskap!","publisher":{"@id":"https:\/\/www.jbnordic.se\/#organization"},"potentialAction":[{"@type":"SearchAction","target":{"@type":"EntryPoint","urlTemplate":"https:\/\/www.jbnordic.se\/?s={search_term_string}"},"query-input":{"@type":"PropertyValueSpecification","valueRequired":true,"valueName":"search_term_string"}}],"inLanguage":"en-US"},{"@type":"Organization","@id":"https:\/\/www.jbnordic.se\/#organization","name":"JB Nordic","url":"https:\/\/www.jbnordic.se\/","logo":{"@type":"ImageObject","inLanguage":"en-US","@id":"https:\/\/www.jbnordic.se\/#\/schema\/logo\/image\/","url":"https:\/\/www.jbnordic.se\/wp-content\/uploads\/2022\/02\/jb_nordic_logo_blk_h100px.png","contentUrl":"https:\/\/www.jbnordic.se\/wp-content\/uploads\/2022\/02\/jb_nordic_logo_blk_h100px.png","width":480,"height":100,"caption":"JB Nordic"},"image":{"@id":"https:\/\/www.jbnordic.se\/#\/schema\/logo\/image\/"},"sameAs":["https:\/\/www.facebook.com\/jbnordic","https:\/\/www.linkedin.com\/company\/jbnordic.se","https:\/\/www.instagram.com\/jbnordic\/"]}]}},"kroconnect":{"tax_rate":25,"price_inc_vat":{"regular_price":0},"price_ex_vat":{"regular_price":0}},"_links":{"self":[{"href":"https:\/\/www.jbnordic.se\/en\/wp-json\/wp\/v2\/product\/186143","targetHints":{"allow":["GET"]}}],"collection":[{"href":"https:\/\/www.jbnordic.se\/en\/wp-json\/wp\/v2\/product"}],"about":[{"href":"https:\/\/www.jbnordic.se\/en\/wp-json\/wp\/v2\/types\/product"}],"wp:featuredmedia":[{"embeddable":true,"href":"https:\/\/www.jbnordic.se\/en\/wp-json\/wp\/v2\/media\/185343"}],"wp:attachment":[{"href":"https:\/\/www.jbnordic.se\/en\/wp-json\/wp\/v2\/media?parent=186143"}],"wp:term":[{"taxonomy":"product_brand","embeddable":true,"href":"https:\/\/www.jbnordic.se\/en\/wp-json\/wp\/v2\/product_brand?post=186143"},{"taxonomy":"product_cat","embeddable":true,"href":"https:\/\/www.jbnordic.se\/en\/wp-json\/wp\/v2\/product_cat?post=186143"},{"taxonomy":"product_tag","embeddable":true,"href":"https:\/\/www.jbnordic.se\/en\/wp-json\/wp\/v2\/product_tag?post=186143"}],"curies":[{"name":"wp","href":"https:\/\/api.w.org\/{rel}","templated":true}]}}