{"id":185392,"date":"2024-03-04T11:56:11","date_gmt":"2024-03-04T10:56:11","guid":{"rendered":"https:\/\/www.jbnordic.se\/?post_type=product&#038;p=185392"},"modified":"2026-04-20T17:14:27","modified_gmt":"2026-04-20T15:14:27","slug":"keymill-diamond-d-hi-acrylic-30mm","status":"publish","type":"product","link":"https:\/\/www.jbnordic.se\/en\/butik\/frasning\/blanks\/keymill-diamond-d-hi-acrylic-30mm\/","title":{"rendered":"KeyMill Diamond D &#8211; 30mm"},"content":{"rendered":"","protected":false},"excerpt":{"rendered":"<p>Diamond-D high-impact material fr\u00e5n KeyStone anv\u00e4nds vid framst\u00e4llning av <strong>protesbaser. Ett frakturbest\u00e4ndigt och mycket t\u00e5ligt material<\/strong> som g\u00f6r att proteser h\u00e5ller l\u00e4ngre \u00e4n vanligt. <strong>Very aesthetic<\/strong> och kr\u00e4ver v\u00e4ldigt <strong>lite efterbehandling och polering.<\/strong> Bioklass 2A och CE certifierat. 30mm tjocklek med blod\u00e5dror.<\/p>\n<p><strong>Advantages:<\/strong><\/p>\n<ul>\n<li>Very durable<\/li>\n<li>Aesthetic<\/li>\n<li>Minimal post-processing required<\/li>\n<li>Compatible with 4-axis and 5-axis milling machines<\/li>\n<\/ul>\n<p>&nbsp;<\/p>","protected":false},"featured_media":191941,"template":"","meta":[],"product_brand":[],"product_cat":[32,35,259],"product_tag":[241,146],"class_list":{"0":"post-185392","1":"product","2":"type-product","3":"status-publish","4":"has-post-thumbnail","6":"product_cat-blanks","7":"product_cat-pmma","8":"product_cat-rea","9":"product_tag-keymill","10":"product_tag-keystone","12":"first","13":"instock","14":"sale","15":"taxable","16":"shipping-taxable","17":"purchasable","18":"product-type-simple"},"yoast_head":"<!-- This site is optimized with the Yoast SEO plugin v26.7 - https:\/\/yoast.com\/wordpress\/plugins\/seo\/ -->\n<title>KeyMill Diamond D - 30mm - JB Nordic AB<\/title>\n<meta name=\"description\" content=\"KeyMill anv\u00e4nds till protesbaser. Ett frakturbest\u00e4ndigt, mycket t\u00e5ligt och estetiskt material som kr\u00e4ver lite efterbehandling. Klass 2A och CE certifierat.\" \/>\n<meta name=\"robots\" content=\"index, follow, max-snippet:-1, max-image-preview:large, max-video-preview:-1\" \/>\n<link rel=\"canonical\" href=\"https:\/\/www.jbnordic.se\/en\/butik\/frasning\/blanks\/keymill-diamond-d-hi-acrylic-30mm\/\" \/>\n<meta property=\"og:locale\" content=\"en_US\" \/>\n<meta property=\"og:type\" content=\"article\" \/>\n<meta property=\"og:title\" content=\"KeyMill Diamond D - 30mm - JB Nordic AB\" \/>\n<meta property=\"og:description\" content=\"KeyMill anv\u00e4nds till protesbaser. Ett frakturbest\u00e4ndigt, mycket t\u00e5ligt och estetiskt material som kr\u00e4ver lite efterbehandling. Klass 2A och CE certifierat.\" \/>\n<meta property=\"og:url\" content=\"https:\/\/www.jbnordic.se\/en\/butik\/frasning\/blanks\/keymill-diamond-d-hi-acrylic-30mm\/\" \/>\n<meta property=\"og:site_name\" content=\"JB Nordic AB\" \/>\n<meta property=\"article:publisher\" content=\"https:\/\/www.facebook.com\/jbnordic\" \/>\n<meta property=\"article:modified_time\" content=\"2026-04-20T15:14:27+00:00\" \/>\n<meta property=\"og:image\" content=\"https:\/\/www.jbnordic.se\/wp-content\/uploads\/2024\/02\/KeyMill_01.jpg\" \/>\n\t<meta property=\"og:image:width\" content=\"1080\" \/>\n\t<meta property=\"og:image:height\" content=\"1080\" \/>\n\t<meta property=\"og:image:type\" content=\"image\/jpeg\" \/>\n<meta name=\"twitter:card\" content=\"summary_large_image\" \/>\n<meta name=\"twitter:label1\" content=\"Est. reading time\" \/>\n\t<meta name=\"twitter:data1\" content=\"1 minute\" \/>\n<script type=\"application\/ld+json\" class=\"yoast-schema-graph\">{\"@context\":\"https:\/\/schema.org\",\"@graph\":[{\"@type\":\"WebPage\",\"@id\":\"https:\/\/www.jbnordic.se\/butik\/frasning\/blanks\/keymill-diamond-d-hi-acrylic-30mm\/\",\"url\":\"https:\/\/www.jbnordic.se\/butik\/frasning\/blanks\/keymill-diamond-d-hi-acrylic-30mm\/\",\"name\":\"KeyMill Diamond D - 30mm - JB Nordic AB\",\"isPartOf\":{\"@id\":\"https:\/\/www.jbnordic.se\/#website\"},\"primaryImageOfPage\":{\"@id\":\"https:\/\/www.jbnordic.se\/butik\/frasning\/blanks\/keymill-diamond-d-hi-acrylic-30mm\/#primaryimage\"},\"image\":{\"@id\":\"https:\/\/www.jbnordic.se\/butik\/frasning\/blanks\/keymill-diamond-d-hi-acrylic-30mm\/#primaryimage\"},\"thumbnailUrl\":\"https:\/\/www.jbnordic.se\/wp-content\/uploads\/2024\/02\/KeyMill_01.jpg\",\"datePublished\":\"2024-03-04T10:56:11+00:00\",\"dateModified\":\"2026-04-20T15:14:27+00:00\",\"description\":\"KeyMill anv\u00e4nds till protesbaser. Ett frakturbest\u00e4ndigt, mycket t\u00e5ligt och estetiskt material som kr\u00e4ver lite efterbehandling. Klass 2A och CE certifierat.\",\"breadcrumb\":{\"@id\":\"https:\/\/www.jbnordic.se\/butik\/frasning\/blanks\/keymill-diamond-d-hi-acrylic-30mm\/#breadcrumb\"},\"inLanguage\":\"en-US\",\"potentialAction\":[{\"@type\":\"ReadAction\",\"target\":[\"https:\/\/www.jbnordic.se\/butik\/frasning\/blanks\/keymill-diamond-d-hi-acrylic-30mm\/\"]}]},{\"@type\":\"ImageObject\",\"inLanguage\":\"en-US\",\"@id\":\"https:\/\/www.jbnordic.se\/butik\/frasning\/blanks\/keymill-diamond-d-hi-acrylic-30mm\/#primaryimage\",\"url\":\"https:\/\/www.jbnordic.se\/wp-content\/uploads\/2024\/02\/KeyMill_01.jpg\",\"contentUrl\":\"https:\/\/www.jbnordic.se\/wp-content\/uploads\/2024\/02\/KeyMill_01.jpg\",\"width\":1080,\"height\":1080,\"caption\":\"KeyMill\"},{\"@type\":\"BreadcrumbList\",\"@id\":\"https:\/\/www.jbnordic.se\/butik\/frasning\/blanks\/keymill-diamond-d-hi-acrylic-30mm\/#breadcrumb\",\"itemListElement\":[{\"@type\":\"ListItem\",\"position\":1,\"name\":\"Hem\",\"item\":\"https:\/\/www.jbnordic.se\/\"},{\"@type\":\"ListItem\",\"position\":2,\"name\":\"KeyMill Diamond D &#8211; 30mm\"}]},{\"@type\":\"WebSite\",\"@id\":\"https:\/\/www.jbnordic.se\/#website\",\"url\":\"https:\/\/www.jbnordic.se\/\",\"name\":\"JB Nordic AB\",\"description\":\"Kunskap!\",\"publisher\":{\"@id\":\"https:\/\/www.jbnordic.se\/#organization\"},\"potentialAction\":[{\"@type\":\"SearchAction\",\"target\":{\"@type\":\"EntryPoint\",\"urlTemplate\":\"https:\/\/www.jbnordic.se\/?s={search_term_string}\"},\"query-input\":{\"@type\":\"PropertyValueSpecification\",\"valueRequired\":true,\"valueName\":\"search_term_string\"}}],\"inLanguage\":\"en-US\"},{\"@type\":\"Organization\",\"@id\":\"https:\/\/www.jbnordic.se\/#organization\",\"name\":\"JB Nordic\",\"url\":\"https:\/\/www.jbnordic.se\/\",\"logo\":{\"@type\":\"ImageObject\",\"inLanguage\":\"en-US\",\"@id\":\"https:\/\/www.jbnordic.se\/#\/schema\/logo\/image\/\",\"url\":\"https:\/\/www.jbnordic.se\/wp-content\/uploads\/2022\/02\/jb_nordic_logo_blk_h100px.png\",\"contentUrl\":\"https:\/\/www.jbnordic.se\/wp-content\/uploads\/2022\/02\/jb_nordic_logo_blk_h100px.png\",\"width\":480,\"height\":100,\"caption\":\"JB Nordic\"},\"image\":{\"@id\":\"https:\/\/www.jbnordic.se\/#\/schema\/logo\/image\/\"},\"sameAs\":[\"https:\/\/www.facebook.com\/jbnordic\",\"https:\/\/www.linkedin.com\/company\/jbnordic.se\",\"https:\/\/www.instagram.com\/jbnordic\/\"]}]}<\/script>\n<!-- \/ Yoast SEO plugin. -->","yoast_head_json":{"title":"KeyMill Diamond D - 30mm - JB Nordic AB","description":"KeyMill anv\u00e4nds till protesbaser. Ett frakturbest\u00e4ndigt, mycket t\u00e5ligt och estetiskt material som kr\u00e4ver lite efterbehandling. Klass 2A och CE certifierat.","robots":{"index":"index","follow":"follow","max-snippet":"max-snippet:-1","max-image-preview":"max-image-preview:large","max-video-preview":"max-video-preview:-1"},"canonical":"https:\/\/www.jbnordic.se\/en\/butik\/frasning\/blanks\/keymill-diamond-d-hi-acrylic-30mm\/","og_locale":"en_US","og_type":"article","og_title":"KeyMill Diamond D - 30mm - JB Nordic AB","og_description":"KeyMill anv\u00e4nds till protesbaser. Ett frakturbest\u00e4ndigt, mycket t\u00e5ligt och estetiskt material som kr\u00e4ver lite efterbehandling. Klass 2A och CE certifierat.","og_url":"https:\/\/www.jbnordic.se\/en\/butik\/frasning\/blanks\/keymill-diamond-d-hi-acrylic-30mm\/","og_site_name":"JB Nordic AB","article_publisher":"https:\/\/www.facebook.com\/jbnordic","article_modified_time":"2026-04-20T15:14:27+00:00","og_image":[{"width":1080,"height":1080,"url":"https:\/\/www.jbnordic.se\/wp-content\/uploads\/2024\/02\/KeyMill_01.jpg","type":"image\/jpeg"}],"twitter_card":"summary_large_image","twitter_misc":{"Est. reading time":"1 minute"},"schema":{"@context":"https:\/\/schema.org","@graph":[{"@type":"WebPage","@id":"https:\/\/www.jbnordic.se\/butik\/frasning\/blanks\/keymill-diamond-d-hi-acrylic-30mm\/","url":"https:\/\/www.jbnordic.se\/butik\/frasning\/blanks\/keymill-diamond-d-hi-acrylic-30mm\/","name":"KeyMill Diamond D - 30mm - JB Nordic AB","isPartOf":{"@id":"https:\/\/www.jbnordic.se\/#website"},"primaryImageOfPage":{"@id":"https:\/\/www.jbnordic.se\/butik\/frasning\/blanks\/keymill-diamond-d-hi-acrylic-30mm\/#primaryimage"},"image":{"@id":"https:\/\/www.jbnordic.se\/butik\/frasning\/blanks\/keymill-diamond-d-hi-acrylic-30mm\/#primaryimage"},"thumbnailUrl":"https:\/\/www.jbnordic.se\/wp-content\/uploads\/2024\/02\/KeyMill_01.jpg","datePublished":"2024-03-04T10:56:11+00:00","dateModified":"2026-04-20T15:14:27+00:00","description":"KeyMill anv\u00e4nds till protesbaser. Ett frakturbest\u00e4ndigt, mycket t\u00e5ligt och estetiskt material som kr\u00e4ver lite efterbehandling. Klass 2A och CE certifierat.","breadcrumb":{"@id":"https:\/\/www.jbnordic.se\/butik\/frasning\/blanks\/keymill-diamond-d-hi-acrylic-30mm\/#breadcrumb"},"inLanguage":"en-US","potentialAction":[{"@type":"ReadAction","target":["https:\/\/www.jbnordic.se\/butik\/frasning\/blanks\/keymill-diamond-d-hi-acrylic-30mm\/"]}]},{"@type":"ImageObject","inLanguage":"en-US","@id":"https:\/\/www.jbnordic.se\/butik\/frasning\/blanks\/keymill-diamond-d-hi-acrylic-30mm\/#primaryimage","url":"https:\/\/www.jbnordic.se\/wp-content\/uploads\/2024\/02\/KeyMill_01.jpg","contentUrl":"https:\/\/www.jbnordic.se\/wp-content\/uploads\/2024\/02\/KeyMill_01.jpg","width":1080,"height":1080,"caption":"KeyMill"},{"@type":"BreadcrumbList","@id":"https:\/\/www.jbnordic.se\/butik\/frasning\/blanks\/keymill-diamond-d-hi-acrylic-30mm\/#breadcrumb","itemListElement":[{"@type":"ListItem","position":1,"name":"Hem","item":"https:\/\/www.jbnordic.se\/"},{"@type":"ListItem","position":2,"name":"KeyMill Diamond D &#8211; 30mm"}]},{"@type":"WebSite","@id":"https:\/\/www.jbnordic.se\/#website","url":"https:\/\/www.jbnordic.se\/","name":"JB Nordic AB","description":"Kunskap!","publisher":{"@id":"https:\/\/www.jbnordic.se\/#organization"},"potentialAction":[{"@type":"SearchAction","target":{"@type":"EntryPoint","urlTemplate":"https:\/\/www.jbnordic.se\/?s={search_term_string}"},"query-input":{"@type":"PropertyValueSpecification","valueRequired":true,"valueName":"search_term_string"}}],"inLanguage":"en-US"},{"@type":"Organization","@id":"https:\/\/www.jbnordic.se\/#organization","name":"JB Nordic","url":"https:\/\/www.jbnordic.se\/","logo":{"@type":"ImageObject","inLanguage":"en-US","@id":"https:\/\/www.jbnordic.se\/#\/schema\/logo\/image\/","url":"https:\/\/www.jbnordic.se\/wp-content\/uploads\/2022\/02\/jb_nordic_logo_blk_h100px.png","contentUrl":"https:\/\/www.jbnordic.se\/wp-content\/uploads\/2022\/02\/jb_nordic_logo_blk_h100px.png","width":480,"height":100,"caption":"JB Nordic"},"image":{"@id":"https:\/\/www.jbnordic.se\/#\/schema\/logo\/image\/"},"sameAs":["https:\/\/www.facebook.com\/jbnordic","https:\/\/www.linkedin.com\/company\/jbnordic.se","https:\/\/www.instagram.com\/jbnordic\/"]}]}},"kroconnect":{"tax_rate":25,"price_inc_vat":{"regular_price":825,"sale_price":660},"price_ex_vat":{"regular_price":825,"sale_price":660}},"_links":{"self":[{"href":"https:\/\/www.jbnordic.se\/en\/wp-json\/wp\/v2\/product\/185392","targetHints":{"allow":["GET"]}}],"collection":[{"href":"https:\/\/www.jbnordic.se\/en\/wp-json\/wp\/v2\/product"}],"about":[{"href":"https:\/\/www.jbnordic.se\/en\/wp-json\/wp\/v2\/types\/product"}],"wp:featuredmedia":[{"embeddable":true,"href":"https:\/\/www.jbnordic.se\/en\/wp-json\/wp\/v2\/media\/191941"}],"wp:attachment":[{"href":"https:\/\/www.jbnordic.se\/en\/wp-json\/wp\/v2\/media?parent=185392"}],"wp:term":[{"taxonomy":"product_brand","embeddable":true,"href":"https:\/\/www.jbnordic.se\/en\/wp-json\/wp\/v2\/product_brand?post=185392"},{"taxonomy":"product_cat","embeddable":true,"href":"https:\/\/www.jbnordic.se\/en\/wp-json\/wp\/v2\/product_cat?post=185392"},{"taxonomy":"product_tag","embeddable":true,"href":"https:\/\/www.jbnordic.se\/en\/wp-json\/wp\/v2\/product_tag?post=185392"}],"curies":[{"name":"wp","href":"https:\/\/api.w.org\/{rel}","templated":true}]}}