{"id":157791,"date":"2024-01-24T14:39:56","date_gmt":"2024-01-24T13:39:56","guid":{"rendered":"https:\/\/www.jbnordic.se\/?post_type=product&#038;p=157791"},"modified":"2026-04-20T15:08:25","modified_gmt":"2026-04-20T13:08:25","slug":"vax","status":"publish","type":"product","link":"https:\/\/www.jbnordic.se\/en\/butik\/frasning\/blanks\/vax\/vax\/","title":{"rendered":"Wax"},"content":{"rendered":"","protected":false},"excerpt":{"rendered":"<p class=\"translation-block\"><strong>\u00d8 98mm | <\/strong>Colored wax from Huge with good milling properties. Does not melt or crumble when milling. Used for both ceramic pressing and metal casting. Burns out without leaving residue. Available in the colors <strong>Blue<\/strong> and <strong>White<\/strong><\/p>\n<p class=\"translation-block\">Thickness: <strong>16mm<\/strong><\/p>\n<p>\u2193 <strong><a href=\"https:\/\/www.hugedental.com\/uploads\/file\/sds-casting-wax.pdf\" target=\"_blank\" rel=\"noopener\">SDS<\/a><\/strong> \u2193\u00a0<strong><a href=\"https:\/\/www.voco.dental\/en\/portaldata\/1\/resources\/products\/instructions-for-use\/e1\/grandio-disc_ifu_e1.pdf\" target=\"_blank\" rel=\"noopener\">IFU<\/a> <\/strong><span style=\"font-size: 10pt;\">\u00a0<a href=\"https:\/\/www.hugedental.com\/products\/dental-casting-wax\/\" target=\"_blank\" rel=\"noopener\">Info in more languages<\/a><\/span><\/p>","protected":false},"featured_media":191817,"template":"","meta":[],"product_brand":[],"product_cat":[49],"product_tag":[236],"class_list":{"0":"post-157791","1":"product","2":"type-product","3":"status-publish","4":"has-post-thumbnail","6":"product_cat-vax","7":"product_tag-huge","9":"first","10":"instock","11":"taxable","12":"shipping-taxable","13":"purchasable","14":"product-type-variable","15":"has-default-attributes"},"yoast_head":"<!-- This site is optimized with the Yoast SEO plugin v26.7 - https:\/\/yoast.com\/wordpress\/plugins\/seo\/ -->\n<title>Vax - JB Nordic AB<\/title>\n<meta name=\"description\" content=\"F\u00e4rgad vax fr\u00e5n Huge med goda fr\u00e4segenskaper. Sm\u00e4lter eller smular inte vid fr\u00e4sning. Anv\u00e4nds f\u00f6r b\u00e5de keram pressning och f\u00f6r att gjuta metall.\" \/>\n<meta name=\"robots\" content=\"index, follow, max-snippet:-1, max-image-preview:large, max-video-preview:-1\" \/>\n<link rel=\"canonical\" href=\"https:\/\/www.jbnordic.se\/en\/butik\/frasning\/blanks\/vax\/vax\/\" \/>\n<meta property=\"og:locale\" content=\"en_US\" \/>\n<meta property=\"og:type\" content=\"article\" \/>\n<meta property=\"og:title\" content=\"Vax - JB Nordic AB\" \/>\n<meta property=\"og:description\" content=\"F\u00e4rgad vax fr\u00e5n Huge med goda fr\u00e4segenskaper. Sm\u00e4lter eller smular inte vid fr\u00e4sning. Anv\u00e4nds f\u00f6r b\u00e5de keram pressning och f\u00f6r att gjuta metall.\" \/>\n<meta property=\"og:url\" content=\"https:\/\/www.jbnordic.se\/en\/butik\/frasning\/blanks\/vax\/vax\/\" \/>\n<meta property=\"og:site_name\" content=\"JB Nordic AB\" \/>\n<meta property=\"article:publisher\" content=\"https:\/\/www.facebook.com\/jbnordic\" \/>\n<meta property=\"article:modified_time\" content=\"2026-04-20T13:08:25+00:00\" \/>\n<meta property=\"og:image\" content=\"https:\/\/www.jbnordic.se\/wp-content\/uploads\/2024\/01\/Huge_blue_white_wax_blank.jpg\" \/>\n\t<meta property=\"og:image:width\" content=\"1080\" \/>\n\t<meta property=\"og:image:height\" content=\"1080\" \/>\n\t<meta property=\"og:image:type\" content=\"image\/jpeg\" \/>\n<meta name=\"twitter:card\" content=\"summary_large_image\" \/>\n<meta name=\"twitter:label1\" content=\"Est. reading time\" \/>\n\t<meta name=\"twitter:data1\" content=\"1 minute\" \/>\n<script type=\"application\/ld+json\" class=\"yoast-schema-graph\">{\"@context\":\"https:\/\/schema.org\",\"@graph\":[{\"@type\":\"WebPage\",\"@id\":\"https:\/\/www.jbnordic.se\/butik\/frasning\/blanks\/vax\/vax\/\",\"url\":\"https:\/\/www.jbnordic.se\/butik\/frasning\/blanks\/vax\/vax\/\",\"name\":\"Vax - JB Nordic AB\",\"isPartOf\":{\"@id\":\"https:\/\/www.jbnordic.se\/#website\"},\"primaryImageOfPage\":{\"@id\":\"https:\/\/www.jbnordic.se\/butik\/frasning\/blanks\/vax\/vax\/#primaryimage\"},\"image\":{\"@id\":\"https:\/\/www.jbnordic.se\/butik\/frasning\/blanks\/vax\/vax\/#primaryimage\"},\"thumbnailUrl\":\"https:\/\/www.jbnordic.se\/wp-content\/uploads\/2024\/01\/Huge_blue_white_wax_blank.jpg\",\"datePublished\":\"2024-01-24T13:39:56+00:00\",\"dateModified\":\"2026-04-20T13:08:25+00:00\",\"description\":\"F\u00e4rgad vax fr\u00e5n Huge med goda fr\u00e4segenskaper. Sm\u00e4lter eller smular inte vid fr\u00e4sning. Anv\u00e4nds f\u00f6r b\u00e5de keram pressning och f\u00f6r att gjuta metall.\",\"breadcrumb\":{\"@id\":\"https:\/\/www.jbnordic.se\/butik\/frasning\/blanks\/vax\/vax\/#breadcrumb\"},\"inLanguage\":\"en-US\",\"potentialAction\":[{\"@type\":\"ReadAction\",\"target\":[\"https:\/\/www.jbnordic.se\/butik\/frasning\/blanks\/vax\/vax\/\"]}]},{\"@type\":\"ImageObject\",\"inLanguage\":\"en-US\",\"@id\":\"https:\/\/www.jbnordic.se\/butik\/frasning\/blanks\/vax\/vax\/#primaryimage\",\"url\":\"https:\/\/www.jbnordic.se\/wp-content\/uploads\/2024\/01\/Huge_blue_white_wax_blank.jpg\",\"contentUrl\":\"https:\/\/www.jbnordic.se\/wp-content\/uploads\/2024\/01\/Huge_blue_white_wax_blank.jpg\",\"width\":1080,\"height\":1080,\"caption\":\"Huge blue and white wax\"},{\"@type\":\"BreadcrumbList\",\"@id\":\"https:\/\/www.jbnordic.se\/butik\/frasning\/blanks\/vax\/vax\/#breadcrumb\",\"itemListElement\":[{\"@type\":\"ListItem\",\"position\":1,\"name\":\"Hem\",\"item\":\"https:\/\/www.jbnordic.se\/\"},{\"@type\":\"ListItem\",\"position\":2,\"name\":\"Vax\"}]},{\"@type\":\"WebSite\",\"@id\":\"https:\/\/www.jbnordic.se\/#website\",\"url\":\"https:\/\/www.jbnordic.se\/\",\"name\":\"JB Nordic AB\",\"description\":\"Kunskap!\",\"publisher\":{\"@id\":\"https:\/\/www.jbnordic.se\/#organization\"},\"potentialAction\":[{\"@type\":\"SearchAction\",\"target\":{\"@type\":\"EntryPoint\",\"urlTemplate\":\"https:\/\/www.jbnordic.se\/?s={search_term_string}\"},\"query-input\":{\"@type\":\"PropertyValueSpecification\",\"valueRequired\":true,\"valueName\":\"search_term_string\"}}],\"inLanguage\":\"en-US\"},{\"@type\":\"Organization\",\"@id\":\"https:\/\/www.jbnordic.se\/#organization\",\"name\":\"JB Nordic\",\"url\":\"https:\/\/www.jbnordic.se\/\",\"logo\":{\"@type\":\"ImageObject\",\"inLanguage\":\"en-US\",\"@id\":\"https:\/\/www.jbnordic.se\/#\/schema\/logo\/image\/\",\"url\":\"https:\/\/www.jbnordic.se\/wp-content\/uploads\/2022\/02\/jb_nordic_logo_blk_h100px.png\",\"contentUrl\":\"https:\/\/www.jbnordic.se\/wp-content\/uploads\/2022\/02\/jb_nordic_logo_blk_h100px.png\",\"width\":480,\"height\":100,\"caption\":\"JB Nordic\"},\"image\":{\"@id\":\"https:\/\/www.jbnordic.se\/#\/schema\/logo\/image\/\"},\"sameAs\":[\"https:\/\/www.facebook.com\/jbnordic\",\"https:\/\/www.linkedin.com\/company\/jbnordic.se\",\"https:\/\/www.instagram.com\/jbnordic\/\"]}]}<\/script>\n<!-- \/ Yoast SEO plugin. -->","yoast_head_json":{"title":"Vax - JB Nordic AB","description":"F\u00e4rgad vax fr\u00e5n Huge med goda fr\u00e4segenskaper. Sm\u00e4lter eller smular inte vid fr\u00e4sning. Anv\u00e4nds f\u00f6r b\u00e5de keram pressning och f\u00f6r att gjuta metall.","robots":{"index":"index","follow":"follow","max-snippet":"max-snippet:-1","max-image-preview":"max-image-preview:large","max-video-preview":"max-video-preview:-1"},"canonical":"https:\/\/www.jbnordic.se\/en\/butik\/frasning\/blanks\/vax\/vax\/","og_locale":"en_US","og_type":"article","og_title":"Vax - JB Nordic AB","og_description":"F\u00e4rgad vax fr\u00e5n Huge med goda fr\u00e4segenskaper. Sm\u00e4lter eller smular inte vid fr\u00e4sning. Anv\u00e4nds f\u00f6r b\u00e5de keram pressning och f\u00f6r att gjuta metall.","og_url":"https:\/\/www.jbnordic.se\/en\/butik\/frasning\/blanks\/vax\/vax\/","og_site_name":"JB Nordic AB","article_publisher":"https:\/\/www.facebook.com\/jbnordic","article_modified_time":"2026-04-20T13:08:25+00:00","og_image":[{"width":1080,"height":1080,"url":"https:\/\/www.jbnordic.se\/wp-content\/uploads\/2024\/01\/Huge_blue_white_wax_blank.jpg","type":"image\/jpeg"}],"twitter_card":"summary_large_image","twitter_misc":{"Est. reading time":"1 minute"},"schema":{"@context":"https:\/\/schema.org","@graph":[{"@type":"WebPage","@id":"https:\/\/www.jbnordic.se\/butik\/frasning\/blanks\/vax\/vax\/","url":"https:\/\/www.jbnordic.se\/butik\/frasning\/blanks\/vax\/vax\/","name":"Vax - JB Nordic AB","isPartOf":{"@id":"https:\/\/www.jbnordic.se\/#website"},"primaryImageOfPage":{"@id":"https:\/\/www.jbnordic.se\/butik\/frasning\/blanks\/vax\/vax\/#primaryimage"},"image":{"@id":"https:\/\/www.jbnordic.se\/butik\/frasning\/blanks\/vax\/vax\/#primaryimage"},"thumbnailUrl":"https:\/\/www.jbnordic.se\/wp-content\/uploads\/2024\/01\/Huge_blue_white_wax_blank.jpg","datePublished":"2024-01-24T13:39:56+00:00","dateModified":"2026-04-20T13:08:25+00:00","description":"F\u00e4rgad vax fr\u00e5n Huge med goda fr\u00e4segenskaper. Sm\u00e4lter eller smular inte vid fr\u00e4sning. Anv\u00e4nds f\u00f6r b\u00e5de keram pressning och f\u00f6r att gjuta metall.","breadcrumb":{"@id":"https:\/\/www.jbnordic.se\/butik\/frasning\/blanks\/vax\/vax\/#breadcrumb"},"inLanguage":"en-US","potentialAction":[{"@type":"ReadAction","target":["https:\/\/www.jbnordic.se\/butik\/frasning\/blanks\/vax\/vax\/"]}]},{"@type":"ImageObject","inLanguage":"en-US","@id":"https:\/\/www.jbnordic.se\/butik\/frasning\/blanks\/vax\/vax\/#primaryimage","url":"https:\/\/www.jbnordic.se\/wp-content\/uploads\/2024\/01\/Huge_blue_white_wax_blank.jpg","contentUrl":"https:\/\/www.jbnordic.se\/wp-content\/uploads\/2024\/01\/Huge_blue_white_wax_blank.jpg","width":1080,"height":1080,"caption":"Huge blue and white wax"},{"@type":"BreadcrumbList","@id":"https:\/\/www.jbnordic.se\/butik\/frasning\/blanks\/vax\/vax\/#breadcrumb","itemListElement":[{"@type":"ListItem","position":1,"name":"Hem","item":"https:\/\/www.jbnordic.se\/"},{"@type":"ListItem","position":2,"name":"Vax"}]},{"@type":"WebSite","@id":"https:\/\/www.jbnordic.se\/#website","url":"https:\/\/www.jbnordic.se\/","name":"JB Nordic AB","description":"Kunskap!","publisher":{"@id":"https:\/\/www.jbnordic.se\/#organization"},"potentialAction":[{"@type":"SearchAction","target":{"@type":"EntryPoint","urlTemplate":"https:\/\/www.jbnordic.se\/?s={search_term_string}"},"query-input":{"@type":"PropertyValueSpecification","valueRequired":true,"valueName":"search_term_string"}}],"inLanguage":"en-US"},{"@type":"Organization","@id":"https:\/\/www.jbnordic.se\/#organization","name":"JB Nordic","url":"https:\/\/www.jbnordic.se\/","logo":{"@type":"ImageObject","inLanguage":"en-US","@id":"https:\/\/www.jbnordic.se\/#\/schema\/logo\/image\/","url":"https:\/\/www.jbnordic.se\/wp-content\/uploads\/2022\/02\/jb_nordic_logo_blk_h100px.png","contentUrl":"https:\/\/www.jbnordic.se\/wp-content\/uploads\/2022\/02\/jb_nordic_logo_blk_h100px.png","width":480,"height":100,"caption":"JB Nordic"},"image":{"@id":"https:\/\/www.jbnordic.se\/#\/schema\/logo\/image\/"},"sameAs":["https:\/\/www.facebook.com\/jbnordic","https:\/\/www.linkedin.com\/company\/jbnordic.se","https:\/\/www.instagram.com\/jbnordic\/"]}]}},"kroconnect":{"tax_rate":25,"price_inc_vat":{"regular_price":229},"price_ex_vat":{"regular_price":229}},"_links":{"self":[{"href":"https:\/\/www.jbnordic.se\/en\/wp-json\/wp\/v2\/product\/157791","targetHints":{"allow":["GET"]}}],"collection":[{"href":"https:\/\/www.jbnordic.se\/en\/wp-json\/wp\/v2\/product"}],"about":[{"href":"https:\/\/www.jbnordic.se\/en\/wp-json\/wp\/v2\/types\/product"}],"wp:featuredmedia":[{"embeddable":true,"href":"https:\/\/www.jbnordic.se\/en\/wp-json\/wp\/v2\/media\/191817"}],"wp:attachment":[{"href":"https:\/\/www.jbnordic.se\/en\/wp-json\/wp\/v2\/media?parent=157791"}],"wp:term":[{"taxonomy":"product_brand","embeddable":true,"href":"https:\/\/www.jbnordic.se\/en\/wp-json\/wp\/v2\/product_brand?post=157791"},{"taxonomy":"product_cat","embeddable":true,"href":"https:\/\/www.jbnordic.se\/en\/wp-json\/wp\/v2\/product_cat?post=157791"},{"taxonomy":"product_tag","embeddable":true,"href":"https:\/\/www.jbnordic.se\/en\/wp-json\/wp\/v2\/product_tag?post=157791"}],"curies":[{"name":"wp","href":"https:\/\/api.w.org\/{rel}","templated":true}]}}