{"id":135659,"date":"2023-08-28T13:39:27","date_gmt":"2023-08-28T11:39:27","guid":{"rendered":"https:\/\/www.jbnordic.se\/?post_type=product&#038;p=135659"},"modified":"2026-05-11T10:46:56","modified_gmt":"2026-05-11T08:46:56","slug":"asiga-ultra-50","status":"publish","type":"product","link":"https:\/\/www.jbnordic.se\/en\/butik\/3d-printning\/3d-skrivare\/asiga-ultra-50\/","title":{"rendered":"3D-printer Asiga Ultra 50"},"content":{"rendered":"","protected":false},"excerpt":{"rendered":"<p class=\"translation-block\">Open 3D printer with <strong>large build volume<\/strong> and works with most resins on the market. <strong>Magnetic build plate<\/strong> that simplifies removal and insertion. Special <strong>Transparent Mode<\/strong> for transparent materials and an extra <strong>powerful heater, &lt;70\u00b0C<\/strong>. Produces fast and incredibly precise results. You get <strong>a really high quality system<\/strong> that is <strong>easy to use. <\/strong><\/p>\n<p><strong>This is included:<\/strong><\/p>\n<ul>\n<li>Asiga Ultra 50<\/li>\n<li>Tray Endurance<\/li>\n<li>Tray storage box<\/li>\n<li>Calibration and starter kit<\/li>\n<li>Composer software<\/li>\n<li>Material, KeyModel Ultra 1L<\/li>\n<\/ul>\n<p>Leveranstiden ca. 2 veckor. Har du fr\u00e5gor \u00e4r du alltid v\u00e4lkommen att h\u00f6ra av dig.<\/p>","protected":false},"featured_media":189303,"template":"","meta":[],"product_brand":[266],"product_cat":[122,260],"product_tag":[147],"class_list":{"0":"post-135659","1":"product","2":"type-product","3":"status-publish","4":"has-post-thumbnail","6":"product_brand-asiga","7":"product_cat-3d-printning","8":"product_cat-3d-skrivare","9":"product_tag-asiga","11":"first","12":"instock","13":"taxable","14":"shipping-taxable","15":"product-type-simple"},"yoast_head":"<!-- This site is optimized with the Yoast SEO plugin v26.7 - https:\/\/yoast.com\/wordpress\/plugins\/seo\/ -->\n<title>3D-printer Asiga Ultra 50 - JB Nordic AB<\/title>\n<meta name=\"description\" content=\"\u00d6ppen 3D-skrivare med stor byggvolym och som fungerar med de flesta resiner p\u00e5 marknaden. Ett system med riktigt h\u00f6g kvalitet, som \u00e4r l\u00e4tt att anv\u00e4nda.\" \/>\n<meta name=\"robots\" content=\"index, follow, max-snippet:-1, max-image-preview:large, max-video-preview:-1\" \/>\n<link rel=\"canonical\" href=\"https:\/\/www.jbnordic.se\/en\/butik\/3d-printning\/3d-skrivare\/asiga-ultra-50\/\" \/>\n<meta property=\"og:locale\" content=\"en_US\" \/>\n<meta property=\"og:type\" content=\"article\" \/>\n<meta property=\"og:title\" content=\"3D-printer Asiga Ultra 50 - JB Nordic AB\" \/>\n<meta property=\"og:description\" content=\"\u00d6ppen 3D-skrivare med stor byggvolym och som fungerar med de flesta resiner p\u00e5 marknaden. Ett system med riktigt h\u00f6g kvalitet, som \u00e4r l\u00e4tt att anv\u00e4nda.\" \/>\n<meta property=\"og:url\" content=\"https:\/\/www.jbnordic.se\/en\/butik\/3d-printning\/3d-skrivare\/asiga-ultra-50\/\" \/>\n<meta property=\"og:site_name\" content=\"JB Nordic AB\" \/>\n<meta property=\"article:publisher\" content=\"https:\/\/www.facebook.com\/jbnordic\" \/>\n<meta property=\"article:modified_time\" content=\"2026-05-11T08:46:56+00:00\" \/>\n<meta property=\"og:image\" content=\"https:\/\/www.jbnordic.se\/wp-content\/uploads\/2024\/02\/Asiga_Ultra_01.jpg\" \/>\n\t<meta property=\"og:image:width\" content=\"1080\" \/>\n\t<meta property=\"og:image:height\" content=\"1080\" \/>\n\t<meta property=\"og:image:type\" content=\"image\/jpeg\" \/>\n<meta name=\"twitter:card\" content=\"summary_large_image\" \/>\n<meta name=\"twitter:label1\" content=\"Est. reading time\" \/>\n\t<meta name=\"twitter:data1\" content=\"1 minute\" \/>\n<script type=\"application\/ld+json\" class=\"yoast-schema-graph\">{\"@context\":\"https:\/\/schema.org\",\"@graph\":[{\"@type\":\"WebPage\",\"@id\":\"https:\/\/www.jbnordic.se\/butik\/3d-printning\/3d-skrivare\/asiga-ultra-50\/\",\"url\":\"https:\/\/www.jbnordic.se\/butik\/3d-printning\/3d-skrivare\/asiga-ultra-50\/\",\"name\":\"3D-printer Asiga Ultra 50 - JB Nordic AB\",\"isPartOf\":{\"@id\":\"https:\/\/www.jbnordic.se\/#website\"},\"primaryImageOfPage\":{\"@id\":\"https:\/\/www.jbnordic.se\/butik\/3d-printning\/3d-skrivare\/asiga-ultra-50\/#primaryimage\"},\"image\":{\"@id\":\"https:\/\/www.jbnordic.se\/butik\/3d-printning\/3d-skrivare\/asiga-ultra-50\/#primaryimage\"},\"thumbnailUrl\":\"https:\/\/www.jbnordic.se\/wp-content\/uploads\/2024\/02\/Asiga_Ultra_01.jpg\",\"datePublished\":\"2023-08-28T11:39:27+00:00\",\"dateModified\":\"2026-05-11T08:46:56+00:00\",\"description\":\"\u00d6ppen 3D-skrivare med stor byggvolym och som fungerar med de flesta resiner p\u00e5 marknaden. Ett system med riktigt h\u00f6g kvalitet, som \u00e4r l\u00e4tt att anv\u00e4nda.\",\"breadcrumb\":{\"@id\":\"https:\/\/www.jbnordic.se\/butik\/3d-printning\/3d-skrivare\/asiga-ultra-50\/#breadcrumb\"},\"inLanguage\":\"en-US\",\"potentialAction\":[{\"@type\":\"ReadAction\",\"target\":[\"https:\/\/www.jbnordic.se\/butik\/3d-printning\/3d-skrivare\/asiga-ultra-50\/\"]}]},{\"@type\":\"ImageObject\",\"inLanguage\":\"en-US\",\"@id\":\"https:\/\/www.jbnordic.se\/butik\/3d-printning\/3d-skrivare\/asiga-ultra-50\/#primaryimage\",\"url\":\"https:\/\/www.jbnordic.se\/wp-content\/uploads\/2024\/02\/Asiga_Ultra_01.jpg\",\"contentUrl\":\"https:\/\/www.jbnordic.se\/wp-content\/uploads\/2024\/02\/Asiga_Ultra_01.jpg\",\"width\":1080,\"height\":1080,\"caption\":\"Asiga Ultra\"},{\"@type\":\"BreadcrumbList\",\"@id\":\"https:\/\/www.jbnordic.se\/butik\/3d-printning\/3d-skrivare\/asiga-ultra-50\/#breadcrumb\",\"itemListElement\":[{\"@type\":\"ListItem\",\"position\":1,\"name\":\"Hem\",\"item\":\"https:\/\/www.jbnordic.se\/\"},{\"@type\":\"ListItem\",\"position\":2,\"name\":\"3D-printer Asiga Ultra 50\"}]},{\"@type\":\"WebSite\",\"@id\":\"https:\/\/www.jbnordic.se\/#website\",\"url\":\"https:\/\/www.jbnordic.se\/\",\"name\":\"JB Nordic AB\",\"description\":\"Kunskap!\",\"publisher\":{\"@id\":\"https:\/\/www.jbnordic.se\/#organization\"},\"potentialAction\":[{\"@type\":\"SearchAction\",\"target\":{\"@type\":\"EntryPoint\",\"urlTemplate\":\"https:\/\/www.jbnordic.se\/?s={search_term_string}\"},\"query-input\":{\"@type\":\"PropertyValueSpecification\",\"valueRequired\":true,\"valueName\":\"search_term_string\"}}],\"inLanguage\":\"en-US\"},{\"@type\":\"Organization\",\"@id\":\"https:\/\/www.jbnordic.se\/#organization\",\"name\":\"JB Nordic\",\"url\":\"https:\/\/www.jbnordic.se\/\",\"logo\":{\"@type\":\"ImageObject\",\"inLanguage\":\"en-US\",\"@id\":\"https:\/\/www.jbnordic.se\/#\/schema\/logo\/image\/\",\"url\":\"https:\/\/www.jbnordic.se\/wp-content\/uploads\/2022\/02\/jb_nordic_logo_blk_h100px.png\",\"contentUrl\":\"https:\/\/www.jbnordic.se\/wp-content\/uploads\/2022\/02\/jb_nordic_logo_blk_h100px.png\",\"width\":480,\"height\":100,\"caption\":\"JB Nordic\"},\"image\":{\"@id\":\"https:\/\/www.jbnordic.se\/#\/schema\/logo\/image\/\"},\"sameAs\":[\"https:\/\/www.facebook.com\/jbnordic\",\"https:\/\/www.linkedin.com\/company\/jbnordic.se\",\"https:\/\/www.instagram.com\/jbnordic\/\"]}]}<\/script>\n<!-- \/ Yoast SEO plugin. -->","yoast_head_json":{"title":"3D-printer Asiga Ultra 50 - JB Nordic AB","description":"\u00d6ppen 3D-skrivare med stor byggvolym och som fungerar med de flesta resiner p\u00e5 marknaden. Ett system med riktigt h\u00f6g kvalitet, som \u00e4r l\u00e4tt att anv\u00e4nda.","robots":{"index":"index","follow":"follow","max-snippet":"max-snippet:-1","max-image-preview":"max-image-preview:large","max-video-preview":"max-video-preview:-1"},"canonical":"https:\/\/www.jbnordic.se\/en\/butik\/3d-printning\/3d-skrivare\/asiga-ultra-50\/","og_locale":"en_US","og_type":"article","og_title":"3D-printer Asiga Ultra 50 - JB Nordic AB","og_description":"\u00d6ppen 3D-skrivare med stor byggvolym och som fungerar med de flesta resiner p\u00e5 marknaden. Ett system med riktigt h\u00f6g kvalitet, som \u00e4r l\u00e4tt att anv\u00e4nda.","og_url":"https:\/\/www.jbnordic.se\/en\/butik\/3d-printning\/3d-skrivare\/asiga-ultra-50\/","og_site_name":"JB Nordic AB","article_publisher":"https:\/\/www.facebook.com\/jbnordic","article_modified_time":"2026-05-11T08:46:56+00:00","og_image":[{"width":1080,"height":1080,"url":"https:\/\/www.jbnordic.se\/wp-content\/uploads\/2024\/02\/Asiga_Ultra_01.jpg","type":"image\/jpeg"}],"twitter_card":"summary_large_image","twitter_misc":{"Est. reading time":"1 minute"},"schema":{"@context":"https:\/\/schema.org","@graph":[{"@type":"WebPage","@id":"https:\/\/www.jbnordic.se\/butik\/3d-printning\/3d-skrivare\/asiga-ultra-50\/","url":"https:\/\/www.jbnordic.se\/butik\/3d-printning\/3d-skrivare\/asiga-ultra-50\/","name":"3D-printer Asiga Ultra 50 - JB Nordic AB","isPartOf":{"@id":"https:\/\/www.jbnordic.se\/#website"},"primaryImageOfPage":{"@id":"https:\/\/www.jbnordic.se\/butik\/3d-printning\/3d-skrivare\/asiga-ultra-50\/#primaryimage"},"image":{"@id":"https:\/\/www.jbnordic.se\/butik\/3d-printning\/3d-skrivare\/asiga-ultra-50\/#primaryimage"},"thumbnailUrl":"https:\/\/www.jbnordic.se\/wp-content\/uploads\/2024\/02\/Asiga_Ultra_01.jpg","datePublished":"2023-08-28T11:39:27+00:00","dateModified":"2026-05-11T08:46:56+00:00","description":"\u00d6ppen 3D-skrivare med stor byggvolym och som fungerar med de flesta resiner p\u00e5 marknaden. Ett system med riktigt h\u00f6g kvalitet, som \u00e4r l\u00e4tt att anv\u00e4nda.","breadcrumb":{"@id":"https:\/\/www.jbnordic.se\/butik\/3d-printning\/3d-skrivare\/asiga-ultra-50\/#breadcrumb"},"inLanguage":"en-US","potentialAction":[{"@type":"ReadAction","target":["https:\/\/www.jbnordic.se\/butik\/3d-printning\/3d-skrivare\/asiga-ultra-50\/"]}]},{"@type":"ImageObject","inLanguage":"en-US","@id":"https:\/\/www.jbnordic.se\/butik\/3d-printning\/3d-skrivare\/asiga-ultra-50\/#primaryimage","url":"https:\/\/www.jbnordic.se\/wp-content\/uploads\/2024\/02\/Asiga_Ultra_01.jpg","contentUrl":"https:\/\/www.jbnordic.se\/wp-content\/uploads\/2024\/02\/Asiga_Ultra_01.jpg","width":1080,"height":1080,"caption":"Asiga Ultra"},{"@type":"BreadcrumbList","@id":"https:\/\/www.jbnordic.se\/butik\/3d-printning\/3d-skrivare\/asiga-ultra-50\/#breadcrumb","itemListElement":[{"@type":"ListItem","position":1,"name":"Hem","item":"https:\/\/www.jbnordic.se\/"},{"@type":"ListItem","position":2,"name":"3D-printer Asiga Ultra 50"}]},{"@type":"WebSite","@id":"https:\/\/www.jbnordic.se\/#website","url":"https:\/\/www.jbnordic.se\/","name":"JB Nordic AB","description":"Kunskap!","publisher":{"@id":"https:\/\/www.jbnordic.se\/#organization"},"potentialAction":[{"@type":"SearchAction","target":{"@type":"EntryPoint","urlTemplate":"https:\/\/www.jbnordic.se\/?s={search_term_string}"},"query-input":{"@type":"PropertyValueSpecification","valueRequired":true,"valueName":"search_term_string"}}],"inLanguage":"en-US"},{"@type":"Organization","@id":"https:\/\/www.jbnordic.se\/#organization","name":"JB Nordic","url":"https:\/\/www.jbnordic.se\/","logo":{"@type":"ImageObject","inLanguage":"en-US","@id":"https:\/\/www.jbnordic.se\/#\/schema\/logo\/image\/","url":"https:\/\/www.jbnordic.se\/wp-content\/uploads\/2022\/02\/jb_nordic_logo_blk_h100px.png","contentUrl":"https:\/\/www.jbnordic.se\/wp-content\/uploads\/2022\/02\/jb_nordic_logo_blk_h100px.png","width":480,"height":100,"caption":"JB Nordic"},"image":{"@id":"https:\/\/www.jbnordic.se\/#\/schema\/logo\/image\/"},"sameAs":["https:\/\/www.facebook.com\/jbnordic","https:\/\/www.linkedin.com\/company\/jbnordic.se","https:\/\/www.instagram.com\/jbnordic\/"]}]}},"kroconnect":{"tax_rate":25,"price_inc_vat":{"regular_price":0},"price_ex_vat":{"regular_price":0}},"_links":{"self":[{"href":"https:\/\/www.jbnordic.se\/en\/wp-json\/wp\/v2\/product\/135659","targetHints":{"allow":["GET"]}}],"collection":[{"href":"https:\/\/www.jbnordic.se\/en\/wp-json\/wp\/v2\/product"}],"about":[{"href":"https:\/\/www.jbnordic.se\/en\/wp-json\/wp\/v2\/types\/product"}],"wp:featuredmedia":[{"embeddable":true,"href":"https:\/\/www.jbnordic.se\/en\/wp-json\/wp\/v2\/media\/189303"}],"wp:attachment":[{"href":"https:\/\/www.jbnordic.se\/en\/wp-json\/wp\/v2\/media?parent=135659"}],"wp:term":[{"taxonomy":"product_brand","embeddable":true,"href":"https:\/\/www.jbnordic.se\/en\/wp-json\/wp\/v2\/product_brand?post=135659"},{"taxonomy":"product_cat","embeddable":true,"href":"https:\/\/www.jbnordic.se\/en\/wp-json\/wp\/v2\/product_cat?post=135659"},{"taxonomy":"product_tag","embeddable":true,"href":"https:\/\/www.jbnordic.se\/en\/wp-json\/wp\/v2\/product_tag?post=135659"}],"curies":[{"name":"wp","href":"https:\/\/api.w.org\/{rel}","templated":true}]}}