{"id":122791,"date":"2023-05-10T15:29:22","date_gmt":"2023-05-10T13:29:22","guid":{"rendered":"https:\/\/www.jbnordic.se\/?post_type=product&#038;p=122791"},"modified":"2025-09-25T15:42:05","modified_gmt":"2025-09-25T13:42:05","slug":"verktyg-for-sintrad-zirconia","status":"publish","type":"product","link":"https:\/\/www.jbnordic.se\/en\/butik\/efterbearbetning\/verktyg-till-handstycke\/verktyg-for-sintrad-zirconia\/","title":{"rendered":"Tools for sintered zirconia"},"content":{"rendered":"","protected":false},"excerpt":{"rendered":"<p class=\"translation-block\"><strong>Tools for processing sintered zirconia. Avoid overheating the material, use water cooling or low speeds.<\/strong> Highest quality from German Sunshine.<\/p>\n<p><span style=\"font-size: 10pt;\">\u00d816mm, thickness 0.17mm. Shank length 20mm, \u00d81.6mm \/ \u00d819mm, thickness 0.17mm. Shank length 45mm, \u00d82.35mm<\/span><\/p>\n<p class=\"translation-block\"><span style=\"font-size: 10pt\"><strong><span style=\"color: #00b9a3\">FG355080 | FG355F080 | H355F190<\/span><br>\nRecommended speed 10,000 RPM.<\/strong> Diamond-coated disc\/cap wheel for characterization and adjustment. Can be used before and after sintering.<\/span><\/p>\n<p class=\"translation-block\"><span style=\"font-size: 10pt\"><strong><span style=\"color: #00b9a3\">H355VF190<\/span><br>\nRecommended speed 10,000 RPM.<\/strong> Diamond-coated disc\/pulley for leveling and separating between joints.<\/span><\/p>","protected":false},"featured_media":122792,"template":"","meta":[],"product_brand":[],"product_cat":[212,217,259],"product_tag":[210],"class_list":{"0":"post-122791","1":"product","2":"type-product","3":"status-publish","4":"has-post-thumbnail","6":"product_cat-verktyg-till-handstycke","7":"product_cat-sintrad-zirkonia","8":"product_cat-rea","9":"product_tag-sunshine","11":"first","12":"instock","13":"sale","14":"taxable","15":"shipping-taxable","16":"product-type-grouped"},"yoast_head":"<!-- This site is optimized with the Yoast SEO plugin v26.7 - https:\/\/yoast.com\/wordpress\/plugins\/seo\/ -->\n<title>Verktyg f\u00f6r sintrad zirkonia - JB Nordic AB<\/title>\n<meta name=\"description\" content=\"Fr\u00e4sverktyg till handstycke f\u00f6r bearbetning av sintrat zirkonia. Undvik att materialet \u00f6verhettas, anv\u00e4nds vattenkylning eller l\u00e5ga varvtal.\" \/>\n<meta name=\"robots\" content=\"index, follow, max-snippet:-1, max-image-preview:large, max-video-preview:-1\" \/>\n<link rel=\"canonical\" href=\"https:\/\/www.jbnordic.se\/en\/butik\/efterbearbetning\/verktyg-till-handstycke\/verktyg-for-sintrad-zirconia\/\" \/>\n<meta property=\"og:locale\" content=\"en_US\" \/>\n<meta property=\"og:type\" content=\"article\" \/>\n<meta property=\"og:title\" content=\"Verktyg f\u00f6r sintrad zirkonia - JB Nordic AB\" \/>\n<meta property=\"og:description\" content=\"Fr\u00e4sverktyg till handstycke f\u00f6r bearbetning av sintrat zirkonia. Undvik att materialet \u00f6verhettas, anv\u00e4nds vattenkylning eller l\u00e5ga varvtal.\" \/>\n<meta property=\"og:url\" content=\"https:\/\/www.jbnordic.se\/en\/butik\/efterbearbetning\/verktyg-till-handstycke\/verktyg-for-sintrad-zirconia\/\" \/>\n<meta property=\"og:site_name\" content=\"JB Nordic AB\" \/>\n<meta property=\"article:publisher\" content=\"https:\/\/www.facebook.com\/jbnordic\" \/>\n<meta property=\"article:modified_time\" content=\"2025-09-25T13:42:05+00:00\" \/>\n<meta property=\"og:image\" content=\"https:\/\/www.jbnordic.se\/wp-content\/uploads\/2023\/05\/hand_piece_tools_sintered_zirconia_01.jpg\" \/>\n\t<meta property=\"og:image:width\" content=\"1080\" \/>\n\t<meta property=\"og:image:height\" content=\"1080\" \/>\n\t<meta property=\"og:image:type\" content=\"image\/jpeg\" \/>\n<meta name=\"twitter:card\" content=\"summary_large_image\" \/>\n<meta name=\"twitter:label1\" content=\"Est. reading time\" \/>\n\t<meta name=\"twitter:data1\" content=\"1 minute\" \/>\n<script type=\"application\/ld+json\" class=\"yoast-schema-graph\">{\"@context\":\"https:\/\/schema.org\",\"@graph\":[{\"@type\":\"WebPage\",\"@id\":\"https:\/\/www.jbnordic.se\/butik\/efterbearbetning\/verktyg-till-handstycke\/verktyg-for-sintrad-zirconia\/\",\"url\":\"https:\/\/www.jbnordic.se\/butik\/efterbearbetning\/verktyg-till-handstycke\/verktyg-for-sintrad-zirconia\/\",\"name\":\"Verktyg f\u00f6r sintrad zirkonia - JB Nordic AB\",\"isPartOf\":{\"@id\":\"https:\/\/www.jbnordic.se\/#website\"},\"primaryImageOfPage\":{\"@id\":\"https:\/\/www.jbnordic.se\/butik\/efterbearbetning\/verktyg-till-handstycke\/verktyg-for-sintrad-zirconia\/#primaryimage\"},\"image\":{\"@id\":\"https:\/\/www.jbnordic.se\/butik\/efterbearbetning\/verktyg-till-handstycke\/verktyg-for-sintrad-zirconia\/#primaryimage\"},\"thumbnailUrl\":\"https:\/\/www.jbnordic.se\/wp-content\/uploads\/2023\/05\/hand_piece_tools_sintered_zirconia_01.jpg\",\"datePublished\":\"2023-05-10T13:29:22+00:00\",\"dateModified\":\"2025-09-25T13:42:05+00:00\",\"description\":\"Fr\u00e4sverktyg till handstycke f\u00f6r bearbetning av sintrat zirkonia. Undvik att materialet \u00f6verhettas, anv\u00e4nds vattenkylning eller l\u00e5ga varvtal.\",\"breadcrumb\":{\"@id\":\"https:\/\/www.jbnordic.se\/butik\/efterbearbetning\/verktyg-till-handstycke\/verktyg-for-sintrad-zirconia\/#breadcrumb\"},\"inLanguage\":\"en-US\",\"potentialAction\":[{\"@type\":\"ReadAction\",\"target\":[\"https:\/\/www.jbnordic.se\/butik\/efterbearbetning\/verktyg-till-handstycke\/verktyg-for-sintrad-zirconia\/\"]}]},{\"@type\":\"ImageObject\",\"inLanguage\":\"en-US\",\"@id\":\"https:\/\/www.jbnordic.se\/butik\/efterbearbetning\/verktyg-till-handstycke\/verktyg-for-sintrad-zirconia\/#primaryimage\",\"url\":\"https:\/\/www.jbnordic.se\/wp-content\/uploads\/2023\/05\/hand_piece_tools_sintered_zirconia_01.jpg\",\"contentUrl\":\"https:\/\/www.jbnordic.se\/wp-content\/uploads\/2023\/05\/hand_piece_tools_sintered_zirconia_01.jpg\",\"width\":1080,\"height\":1080,\"caption\":\"Hand piece tools sintered Zieconia\"},{\"@type\":\"BreadcrumbList\",\"@id\":\"https:\/\/www.jbnordic.se\/butik\/efterbearbetning\/verktyg-till-handstycke\/verktyg-for-sintrad-zirconia\/#breadcrumb\",\"itemListElement\":[{\"@type\":\"ListItem\",\"position\":1,\"name\":\"Hem\",\"item\":\"https:\/\/www.jbnordic.se\/\"},{\"@type\":\"ListItem\",\"position\":2,\"name\":\"Verktyg f\u00f6r sintrad zirkonia\"}]},{\"@type\":\"WebSite\",\"@id\":\"https:\/\/www.jbnordic.se\/#website\",\"url\":\"https:\/\/www.jbnordic.se\/\",\"name\":\"JB Nordic AB\",\"description\":\"Kunskap!\",\"publisher\":{\"@id\":\"https:\/\/www.jbnordic.se\/#organization\"},\"potentialAction\":[{\"@type\":\"SearchAction\",\"target\":{\"@type\":\"EntryPoint\",\"urlTemplate\":\"https:\/\/www.jbnordic.se\/?s={search_term_string}\"},\"query-input\":{\"@type\":\"PropertyValueSpecification\",\"valueRequired\":true,\"valueName\":\"search_term_string\"}}],\"inLanguage\":\"en-US\"},{\"@type\":\"Organization\",\"@id\":\"https:\/\/www.jbnordic.se\/#organization\",\"name\":\"JB Nordic\",\"url\":\"https:\/\/www.jbnordic.se\/\",\"logo\":{\"@type\":\"ImageObject\",\"inLanguage\":\"en-US\",\"@id\":\"https:\/\/www.jbnordic.se\/#\/schema\/logo\/image\/\",\"url\":\"https:\/\/www.jbnordic.se\/wp-content\/uploads\/2022\/02\/jb_nordic_logo_blk_h100px.png\",\"contentUrl\":\"https:\/\/www.jbnordic.se\/wp-content\/uploads\/2022\/02\/jb_nordic_logo_blk_h100px.png\",\"width\":480,\"height\":100,\"caption\":\"JB Nordic\"},\"image\":{\"@id\":\"https:\/\/www.jbnordic.se\/#\/schema\/logo\/image\/\"},\"sameAs\":[\"https:\/\/www.facebook.com\/jbnordic\",\"https:\/\/www.linkedin.com\/company\/jbnordic.se\",\"https:\/\/www.instagram.com\/jbnordic\/\"]}]}<\/script>\n<!-- \/ Yoast SEO plugin. -->","yoast_head_json":{"title":"Verktyg f\u00f6r sintrad zirkonia - JB Nordic AB","description":"Fr\u00e4sverktyg till handstycke f\u00f6r bearbetning av sintrat zirkonia. Undvik att materialet \u00f6verhettas, anv\u00e4nds vattenkylning eller l\u00e5ga varvtal.","robots":{"index":"index","follow":"follow","max-snippet":"max-snippet:-1","max-image-preview":"max-image-preview:large","max-video-preview":"max-video-preview:-1"},"canonical":"https:\/\/www.jbnordic.se\/en\/butik\/efterbearbetning\/verktyg-till-handstycke\/verktyg-for-sintrad-zirconia\/","og_locale":"en_US","og_type":"article","og_title":"Verktyg f\u00f6r sintrad zirkonia - JB Nordic AB","og_description":"Fr\u00e4sverktyg till handstycke f\u00f6r bearbetning av sintrat zirkonia. Undvik att materialet \u00f6verhettas, anv\u00e4nds vattenkylning eller l\u00e5ga varvtal.","og_url":"https:\/\/www.jbnordic.se\/en\/butik\/efterbearbetning\/verktyg-till-handstycke\/verktyg-for-sintrad-zirconia\/","og_site_name":"JB Nordic AB","article_publisher":"https:\/\/www.facebook.com\/jbnordic","article_modified_time":"2025-09-25T13:42:05+00:00","og_image":[{"width":1080,"height":1080,"url":"https:\/\/www.jbnordic.se\/wp-content\/uploads\/2023\/05\/hand_piece_tools_sintered_zirconia_01.jpg","type":"image\/jpeg"}],"twitter_card":"summary_large_image","twitter_misc":{"Est. reading time":"1 minute"},"schema":{"@context":"https:\/\/schema.org","@graph":[{"@type":"WebPage","@id":"https:\/\/www.jbnordic.se\/butik\/efterbearbetning\/verktyg-till-handstycke\/verktyg-for-sintrad-zirconia\/","url":"https:\/\/www.jbnordic.se\/butik\/efterbearbetning\/verktyg-till-handstycke\/verktyg-for-sintrad-zirconia\/","name":"Verktyg f\u00f6r sintrad zirkonia - JB Nordic AB","isPartOf":{"@id":"https:\/\/www.jbnordic.se\/#website"},"primaryImageOfPage":{"@id":"https:\/\/www.jbnordic.se\/butik\/efterbearbetning\/verktyg-till-handstycke\/verktyg-for-sintrad-zirconia\/#primaryimage"},"image":{"@id":"https:\/\/www.jbnordic.se\/butik\/efterbearbetning\/verktyg-till-handstycke\/verktyg-for-sintrad-zirconia\/#primaryimage"},"thumbnailUrl":"https:\/\/www.jbnordic.se\/wp-content\/uploads\/2023\/05\/hand_piece_tools_sintered_zirconia_01.jpg","datePublished":"2023-05-10T13:29:22+00:00","dateModified":"2025-09-25T13:42:05+00:00","description":"Fr\u00e4sverktyg till handstycke f\u00f6r bearbetning av sintrat zirkonia. Undvik att materialet \u00f6verhettas, anv\u00e4nds vattenkylning eller l\u00e5ga varvtal.","breadcrumb":{"@id":"https:\/\/www.jbnordic.se\/butik\/efterbearbetning\/verktyg-till-handstycke\/verktyg-for-sintrad-zirconia\/#breadcrumb"},"inLanguage":"en-US","potentialAction":[{"@type":"ReadAction","target":["https:\/\/www.jbnordic.se\/butik\/efterbearbetning\/verktyg-till-handstycke\/verktyg-for-sintrad-zirconia\/"]}]},{"@type":"ImageObject","inLanguage":"en-US","@id":"https:\/\/www.jbnordic.se\/butik\/efterbearbetning\/verktyg-till-handstycke\/verktyg-for-sintrad-zirconia\/#primaryimage","url":"https:\/\/www.jbnordic.se\/wp-content\/uploads\/2023\/05\/hand_piece_tools_sintered_zirconia_01.jpg","contentUrl":"https:\/\/www.jbnordic.se\/wp-content\/uploads\/2023\/05\/hand_piece_tools_sintered_zirconia_01.jpg","width":1080,"height":1080,"caption":"Hand piece tools sintered Zieconia"},{"@type":"BreadcrumbList","@id":"https:\/\/www.jbnordic.se\/butik\/efterbearbetning\/verktyg-till-handstycke\/verktyg-for-sintrad-zirconia\/#breadcrumb","itemListElement":[{"@type":"ListItem","position":1,"name":"Hem","item":"https:\/\/www.jbnordic.se\/"},{"@type":"ListItem","position":2,"name":"Verktyg f\u00f6r sintrad zirkonia"}]},{"@type":"WebSite","@id":"https:\/\/www.jbnordic.se\/#website","url":"https:\/\/www.jbnordic.se\/","name":"JB Nordic AB","description":"Kunskap!","publisher":{"@id":"https:\/\/www.jbnordic.se\/#organization"},"potentialAction":[{"@type":"SearchAction","target":{"@type":"EntryPoint","urlTemplate":"https:\/\/www.jbnordic.se\/?s={search_term_string}"},"query-input":{"@type":"PropertyValueSpecification","valueRequired":true,"valueName":"search_term_string"}}],"inLanguage":"en-US"},{"@type":"Organization","@id":"https:\/\/www.jbnordic.se\/#organization","name":"JB Nordic","url":"https:\/\/www.jbnordic.se\/","logo":{"@type":"ImageObject","inLanguage":"en-US","@id":"https:\/\/www.jbnordic.se\/#\/schema\/logo\/image\/","url":"https:\/\/www.jbnordic.se\/wp-content\/uploads\/2022\/02\/jb_nordic_logo_blk_h100px.png","contentUrl":"https:\/\/www.jbnordic.se\/wp-content\/uploads\/2022\/02\/jb_nordic_logo_blk_h100px.png","width":480,"height":100,"caption":"JB Nordic"},"image":{"@id":"https:\/\/www.jbnordic.se\/#\/schema\/logo\/image\/"},"sameAs":["https:\/\/www.facebook.com\/jbnordic","https:\/\/www.linkedin.com\/company\/jbnordic.se","https:\/\/www.instagram.com\/jbnordic\/"]}]}},"kroconnect":{"tax_rate":25,"price_inc_vat":{"regular_price":83,"sale_price":83},"price_ex_vat":{"regular_price":83,"sale_price":83}},"_links":{"self":[{"href":"https:\/\/www.jbnordic.se\/en\/wp-json\/wp\/v2\/product\/122791","targetHints":{"allow":["GET"]}}],"collection":[{"href":"https:\/\/www.jbnordic.se\/en\/wp-json\/wp\/v2\/product"}],"about":[{"href":"https:\/\/www.jbnordic.se\/en\/wp-json\/wp\/v2\/types\/product"}],"wp:featuredmedia":[{"embeddable":true,"href":"https:\/\/www.jbnordic.se\/en\/wp-json\/wp\/v2\/media\/122792"}],"wp:attachment":[{"href":"https:\/\/www.jbnordic.se\/en\/wp-json\/wp\/v2\/media?parent=122791"}],"wp:term":[{"taxonomy":"product_brand","embeddable":true,"href":"https:\/\/www.jbnordic.se\/en\/wp-json\/wp\/v2\/product_brand?post=122791"},{"taxonomy":"product_cat","embeddable":true,"href":"https:\/\/www.jbnordic.se\/en\/wp-json\/wp\/v2\/product_cat?post=122791"},{"taxonomy":"product_tag","embeddable":true,"href":"https:\/\/www.jbnordic.se\/en\/wp-json\/wp\/v2\/product_tag?post=122791"}],"curies":[{"name":"wp","href":"https:\/\/api.w.org\/{rel}","templated":true}]}}