{"id":122683,"date":"2023-05-10T14:29:48","date_gmt":"2023-05-10T12:29:48","guid":{"rendered":"https:\/\/www.jbnordic.se\/?post_type=product&#038;p=122683"},"modified":"2025-09-25T15:51:09","modified_gmt":"2025-09-25T13:51:09","slug":"verktyg-for-metall","status":"publish","type":"product","link":"https:\/\/www.jbnordic.se\/en\/butik\/efterbearbetning\/verktyg-till-handstycke\/verktyg-for-metall\/","title":{"rendered":"Tools for metal"},"content":{"rendered":"","protected":false},"excerpt":{"rendered":"<p class=\"translation-block\"><strong>Tools for processing various types of metal.<\/strong>Highest quality from German Sunshine.<\/p>\n<p>Length 44mm\/45mm\/50mm, \u00d82.35mm (shaft)<\/p>\n<p class=\"translation-block\"><span style=\"font-size: 10pt\"><strong><span style=\"color: #00b9a3\">C257E104023 | S200134023<\/span><br>\nRecommended speed 15,000 RPM.<\/strong> Used for cutting out blanks, minor adjustments and for fissures. <\/span><\/p>\n<p class=\"translation-block\"><span style=\"font-size: 10pt\"><strong><span style=\"color: #00b9a3\">C1104006<br>\n<\/span>Recommended speed 15,000 RPM.<\/strong> For fissures. <\/span><\/p>\n<p class=\"translation-block\"><span style=\"font-size: 10pt\"><strong><span style=\"color: #00b9a3\">C137EF104023 | S289NE023 | S277NE014<\/span><br>\nRecommended speed 15,000 RPM.<br>\n<\/strong><\/span><span style=\"font-size: 10pt\"><strong><span style=\"color: #00b9a3\">S194NE040<\/span><br>\nRecommended speed 10,000 RPM.<br>\n<\/strong><\/span><span style=\"font-size: 10pt\"><strong><span style=\"color: #00b9a3\">10UM2203M<\/span><br>\nRecommended speed 25,000 RPM.<\/strong><\/span><br>\n<span style=\"font-size: 10pt\">For adjustments.<\/span><\/p>","protected":false},"featured_media":122692,"template":"","meta":[],"product_brand":[],"product_cat":[212,214,259],"product_tag":[210],"class_list":{"0":"post-122683","1":"product","2":"type-product","3":"status-publish","4":"has-post-thumbnail","6":"product_cat-verktyg-till-handstycke","7":"product_cat-metall-verktyg-till-handstycke","8":"product_cat-rea","9":"product_tag-sunshine","11":"first","12":"instock","13":"sale","14":"taxable","15":"shipping-taxable","16":"product-type-grouped"},"yoast_head":"<!-- This site is optimized with the Yoast SEO plugin v26.7 - https:\/\/yoast.com\/wordpress\/plugins\/seo\/ -->\n<title>Verktyg f\u00f6r metall - JB Nordic AB<\/title>\n<meta name=\"description\" content=\"Fr\u00e4sverktyg till handstycke f\u00f6r bearbetning av olika typer av metall.\u00a0\u00a0L\u00e4ngd 44mm\/45mm\/50mm, \u00d82,35mm (skaft)\" \/>\n<meta name=\"robots\" content=\"index, follow, max-snippet:-1, max-image-preview:large, max-video-preview:-1\" \/>\n<link rel=\"canonical\" href=\"https:\/\/www.jbnordic.se\/en\/butik\/efterbearbetning\/verktyg-till-handstycke\/verktyg-for-metall\/\" \/>\n<meta property=\"og:locale\" content=\"en_US\" \/>\n<meta property=\"og:type\" content=\"article\" \/>\n<meta property=\"og:title\" content=\"Verktyg f\u00f6r metall - JB Nordic AB\" \/>\n<meta property=\"og:description\" content=\"Fr\u00e4sverktyg till handstycke f\u00f6r bearbetning av olika typer av metall.\u00a0\u00a0L\u00e4ngd 44mm\/45mm\/50mm, \u00d82,35mm (skaft)\" \/>\n<meta property=\"og:url\" content=\"https:\/\/www.jbnordic.se\/en\/butik\/efterbearbetning\/verktyg-till-handstycke\/verktyg-for-metall\/\" \/>\n<meta property=\"og:site_name\" content=\"JB Nordic AB\" \/>\n<meta property=\"article:publisher\" content=\"https:\/\/www.facebook.com\/jbnordic\" \/>\n<meta property=\"article:modified_time\" content=\"2025-09-25T13:51:09+00:00\" \/>\n<meta property=\"og:image\" content=\"https:\/\/www.jbnordic.se\/wp-content\/uploads\/2023\/05\/hand_piece_tools_metall_01-1.jpg\" \/>\n\t<meta property=\"og:image:width\" content=\"1080\" \/>\n\t<meta property=\"og:image:height\" content=\"1080\" \/>\n\t<meta property=\"og:image:type\" content=\"image\/jpeg\" \/>\n<meta name=\"twitter:card\" content=\"summary_large_image\" \/>\n<meta name=\"twitter:label1\" content=\"Est. reading time\" \/>\n\t<meta name=\"twitter:data1\" content=\"1 minute\" \/>\n<script type=\"application\/ld+json\" class=\"yoast-schema-graph\">{\"@context\":\"https:\/\/schema.org\",\"@graph\":[{\"@type\":\"WebPage\",\"@id\":\"https:\/\/www.jbnordic.se\/butik\/efterbearbetning\/verktyg-till-handstycke\/verktyg-for-metall\/\",\"url\":\"https:\/\/www.jbnordic.se\/butik\/efterbearbetning\/verktyg-till-handstycke\/verktyg-for-metall\/\",\"name\":\"Verktyg f\u00f6r metall - JB Nordic AB\",\"isPartOf\":{\"@id\":\"https:\/\/www.jbnordic.se\/#website\"},\"primaryImageOfPage\":{\"@id\":\"https:\/\/www.jbnordic.se\/butik\/efterbearbetning\/verktyg-till-handstycke\/verktyg-for-metall\/#primaryimage\"},\"image\":{\"@id\":\"https:\/\/www.jbnordic.se\/butik\/efterbearbetning\/verktyg-till-handstycke\/verktyg-for-metall\/#primaryimage\"},\"thumbnailUrl\":\"https:\/\/www.jbnordic.se\/wp-content\/uploads\/2023\/05\/hand_piece_tools_metall_01-1.jpg\",\"datePublished\":\"2023-05-10T12:29:48+00:00\",\"dateModified\":\"2025-09-25T13:51:09+00:00\",\"description\":\"Fr\u00e4sverktyg till handstycke f\u00f6r bearbetning av olika typer av metall.\u00a0\u00a0L\u00e4ngd 44mm\/45mm\/50mm, \u00d82,35mm (skaft)\",\"breadcrumb\":{\"@id\":\"https:\/\/www.jbnordic.se\/butik\/efterbearbetning\/verktyg-till-handstycke\/verktyg-for-metall\/#breadcrumb\"},\"inLanguage\":\"en-US\",\"potentialAction\":[{\"@type\":\"ReadAction\",\"target\":[\"https:\/\/www.jbnordic.se\/butik\/efterbearbetning\/verktyg-till-handstycke\/verktyg-for-metall\/\"]}]},{\"@type\":\"ImageObject\",\"inLanguage\":\"en-US\",\"@id\":\"https:\/\/www.jbnordic.se\/butik\/efterbearbetning\/verktyg-till-handstycke\/verktyg-for-metall\/#primaryimage\",\"url\":\"https:\/\/www.jbnordic.se\/wp-content\/uploads\/2023\/05\/hand_piece_tools_metall_01-1.jpg\",\"contentUrl\":\"https:\/\/www.jbnordic.se\/wp-content\/uploads\/2023\/05\/hand_piece_tools_metall_01-1.jpg\",\"width\":1080,\"height\":1080,\"caption\":\"Hand piece tools metal\"},{\"@type\":\"BreadcrumbList\",\"@id\":\"https:\/\/www.jbnordic.se\/butik\/efterbearbetning\/verktyg-till-handstycke\/verktyg-for-metall\/#breadcrumb\",\"itemListElement\":[{\"@type\":\"ListItem\",\"position\":1,\"name\":\"Hem\",\"item\":\"https:\/\/www.jbnordic.se\/\"},{\"@type\":\"ListItem\",\"position\":2,\"name\":\"Verktyg f\u00f6r metall\"}]},{\"@type\":\"WebSite\",\"@id\":\"https:\/\/www.jbnordic.se\/#website\",\"url\":\"https:\/\/www.jbnordic.se\/\",\"name\":\"JB Nordic AB\",\"description\":\"Kunskap!\",\"publisher\":{\"@id\":\"https:\/\/www.jbnordic.se\/#organization\"},\"potentialAction\":[{\"@type\":\"SearchAction\",\"target\":{\"@type\":\"EntryPoint\",\"urlTemplate\":\"https:\/\/www.jbnordic.se\/?s={search_term_string}\"},\"query-input\":{\"@type\":\"PropertyValueSpecification\",\"valueRequired\":true,\"valueName\":\"search_term_string\"}}],\"inLanguage\":\"en-US\"},{\"@type\":\"Organization\",\"@id\":\"https:\/\/www.jbnordic.se\/#organization\",\"name\":\"JB Nordic\",\"url\":\"https:\/\/www.jbnordic.se\/\",\"logo\":{\"@type\":\"ImageObject\",\"inLanguage\":\"en-US\",\"@id\":\"https:\/\/www.jbnordic.se\/#\/schema\/logo\/image\/\",\"url\":\"https:\/\/www.jbnordic.se\/wp-content\/uploads\/2022\/02\/jb_nordic_logo_blk_h100px.png\",\"contentUrl\":\"https:\/\/www.jbnordic.se\/wp-content\/uploads\/2022\/02\/jb_nordic_logo_blk_h100px.png\",\"width\":480,\"height\":100,\"caption\":\"JB Nordic\"},\"image\":{\"@id\":\"https:\/\/www.jbnordic.se\/#\/schema\/logo\/image\/\"},\"sameAs\":[\"https:\/\/www.facebook.com\/jbnordic\",\"https:\/\/www.linkedin.com\/company\/jbnordic.se\",\"https:\/\/www.instagram.com\/jbnordic\/\"]}]}<\/script>\n<!-- \/ Yoast SEO plugin. -->","yoast_head_json":{"title":"Verktyg f\u00f6r metall - JB Nordic AB","description":"Fr\u00e4sverktyg till handstycke f\u00f6r bearbetning av olika typer av metall.\u00a0\u00a0L\u00e4ngd 44mm\/45mm\/50mm, \u00d82,35mm (skaft)","robots":{"index":"index","follow":"follow","max-snippet":"max-snippet:-1","max-image-preview":"max-image-preview:large","max-video-preview":"max-video-preview:-1"},"canonical":"https:\/\/www.jbnordic.se\/en\/butik\/efterbearbetning\/verktyg-till-handstycke\/verktyg-for-metall\/","og_locale":"en_US","og_type":"article","og_title":"Verktyg f\u00f6r metall - JB Nordic AB","og_description":"Fr\u00e4sverktyg till handstycke f\u00f6r bearbetning av olika typer av metall.\u00a0\u00a0L\u00e4ngd 44mm\/45mm\/50mm, \u00d82,35mm (skaft)","og_url":"https:\/\/www.jbnordic.se\/en\/butik\/efterbearbetning\/verktyg-till-handstycke\/verktyg-for-metall\/","og_site_name":"JB Nordic AB","article_publisher":"https:\/\/www.facebook.com\/jbnordic","article_modified_time":"2025-09-25T13:51:09+00:00","og_image":[{"width":1080,"height":1080,"url":"https:\/\/www.jbnordic.se\/wp-content\/uploads\/2023\/05\/hand_piece_tools_metall_01-1.jpg","type":"image\/jpeg"}],"twitter_card":"summary_large_image","twitter_misc":{"Est. reading time":"1 minute"},"schema":{"@context":"https:\/\/schema.org","@graph":[{"@type":"WebPage","@id":"https:\/\/www.jbnordic.se\/butik\/efterbearbetning\/verktyg-till-handstycke\/verktyg-for-metall\/","url":"https:\/\/www.jbnordic.se\/butik\/efterbearbetning\/verktyg-till-handstycke\/verktyg-for-metall\/","name":"Verktyg f\u00f6r metall - JB Nordic AB","isPartOf":{"@id":"https:\/\/www.jbnordic.se\/#website"},"primaryImageOfPage":{"@id":"https:\/\/www.jbnordic.se\/butik\/efterbearbetning\/verktyg-till-handstycke\/verktyg-for-metall\/#primaryimage"},"image":{"@id":"https:\/\/www.jbnordic.se\/butik\/efterbearbetning\/verktyg-till-handstycke\/verktyg-for-metall\/#primaryimage"},"thumbnailUrl":"https:\/\/www.jbnordic.se\/wp-content\/uploads\/2023\/05\/hand_piece_tools_metall_01-1.jpg","datePublished":"2023-05-10T12:29:48+00:00","dateModified":"2025-09-25T13:51:09+00:00","description":"Fr\u00e4sverktyg till handstycke f\u00f6r bearbetning av olika typer av metall.\u00a0\u00a0L\u00e4ngd 44mm\/45mm\/50mm, \u00d82,35mm (skaft)","breadcrumb":{"@id":"https:\/\/www.jbnordic.se\/butik\/efterbearbetning\/verktyg-till-handstycke\/verktyg-for-metall\/#breadcrumb"},"inLanguage":"en-US","potentialAction":[{"@type":"ReadAction","target":["https:\/\/www.jbnordic.se\/butik\/efterbearbetning\/verktyg-till-handstycke\/verktyg-for-metall\/"]}]},{"@type":"ImageObject","inLanguage":"en-US","@id":"https:\/\/www.jbnordic.se\/butik\/efterbearbetning\/verktyg-till-handstycke\/verktyg-for-metall\/#primaryimage","url":"https:\/\/www.jbnordic.se\/wp-content\/uploads\/2023\/05\/hand_piece_tools_metall_01-1.jpg","contentUrl":"https:\/\/www.jbnordic.se\/wp-content\/uploads\/2023\/05\/hand_piece_tools_metall_01-1.jpg","width":1080,"height":1080,"caption":"Hand piece tools metal"},{"@type":"BreadcrumbList","@id":"https:\/\/www.jbnordic.se\/butik\/efterbearbetning\/verktyg-till-handstycke\/verktyg-for-metall\/#breadcrumb","itemListElement":[{"@type":"ListItem","position":1,"name":"Hem","item":"https:\/\/www.jbnordic.se\/"},{"@type":"ListItem","position":2,"name":"Verktyg f\u00f6r metall"}]},{"@type":"WebSite","@id":"https:\/\/www.jbnordic.se\/#website","url":"https:\/\/www.jbnordic.se\/","name":"JB Nordic AB","description":"Kunskap!","publisher":{"@id":"https:\/\/www.jbnordic.se\/#organization"},"potentialAction":[{"@type":"SearchAction","target":{"@type":"EntryPoint","urlTemplate":"https:\/\/www.jbnordic.se\/?s={search_term_string}"},"query-input":{"@type":"PropertyValueSpecification","valueRequired":true,"valueName":"search_term_string"}}],"inLanguage":"en-US"},{"@type":"Organization","@id":"https:\/\/www.jbnordic.se\/#organization","name":"JB Nordic","url":"https:\/\/www.jbnordic.se\/","logo":{"@type":"ImageObject","inLanguage":"en-US","@id":"https:\/\/www.jbnordic.se\/#\/schema\/logo\/image\/","url":"https:\/\/www.jbnordic.se\/wp-content\/uploads\/2022\/02\/jb_nordic_logo_blk_h100px.png","contentUrl":"https:\/\/www.jbnordic.se\/wp-content\/uploads\/2022\/02\/jb_nordic_logo_blk_h100px.png","width":480,"height":100,"caption":"JB Nordic"},"image":{"@id":"https:\/\/www.jbnordic.se\/#\/schema\/logo\/image\/"},"sameAs":["https:\/\/www.facebook.com\/jbnordic","https:\/\/www.linkedin.com\/company\/jbnordic.se","https:\/\/www.instagram.com\/jbnordic\/"]}]}},"kroconnect":{"tax_rate":25,"price_inc_vat":{"regular_price":108,"sale_price":108},"price_ex_vat":{"regular_price":108,"sale_price":108}},"_links":{"self":[{"href":"https:\/\/www.jbnordic.se\/en\/wp-json\/wp\/v2\/product\/122683","targetHints":{"allow":["GET"]}}],"collection":[{"href":"https:\/\/www.jbnordic.se\/en\/wp-json\/wp\/v2\/product"}],"about":[{"href":"https:\/\/www.jbnordic.se\/en\/wp-json\/wp\/v2\/types\/product"}],"wp:featuredmedia":[{"embeddable":true,"href":"https:\/\/www.jbnordic.se\/en\/wp-json\/wp\/v2\/media\/122692"}],"wp:attachment":[{"href":"https:\/\/www.jbnordic.se\/en\/wp-json\/wp\/v2\/media?parent=122683"}],"wp:term":[{"taxonomy":"product_brand","embeddable":true,"href":"https:\/\/www.jbnordic.se\/en\/wp-json\/wp\/v2\/product_brand?post=122683"},{"taxonomy":"product_cat","embeddable":true,"href":"https:\/\/www.jbnordic.se\/en\/wp-json\/wp\/v2\/product_cat?post=122683"},{"taxonomy":"product_tag","embeddable":true,"href":"https:\/\/www.jbnordic.se\/en\/wp-json\/wp\/v2\/product_tag?post=122683"}],"curies":[{"name":"wp","href":"https:\/\/api.w.org\/{rel}","templated":true}]}}