{"id":113252,"date":"2023-04-17T16:23:13","date_gmt":"2023-04-17T14:23:13","guid":{"rendered":"https:\/\/www.jbnordic.se\/?post_type=product&#038;p=113252"},"modified":"2026-03-31T10:32:25","modified_gmt":"2026-03-31T08:32:25","slug":"keycast","status":"publish","type":"product","link":"https:\/\/www.jbnordic.se\/en\/butik\/3d-printning\/resiner-asiga\/ovrigt\/keycast\/","title":{"rendered":"KeyCast, 1L"},"content":{"rendered":"","protected":false},"excerpt":{"rendered":"<p class=\"translation-block\">KeyCast is designed to be <strong>burned out quickly<\/strong> and <strong>has no residual ash<\/strong>. Used for CoCr, gold and silver. Material with <strong>low shrinkage that gives pore-free and precise results<\/strong>.<\/p>\n<ul>\n<li>Used for CoCr, gold and silver<\/li>\n<li>Low shrinkage results in pore-free castings<\/li>\n<li>Fast printing<\/li>\n<\/ul>\n<p>\u2193 <strong><a href=\"https:\/\/keyprint.keystoneindustries.com\/wp-content\/uploads\/2019\/11\/KeyCast-4220000_SDS-EU-SE-20191114.pdf\" target=\"_blank\" rel=\"noopener\">SDS<\/a><\/strong> \u2193\u00a0<a href=\"https:\/\/keyprint.keystoneindustries.com\/wp-content\/uploads\/2019\/04\/IFU-KeyCast_EN_99117031_OUT.pdf\" target=\"_blank\" rel=\"noopener\"><strong>IFU<\/strong><\/a> \u00a0<span style=\"font-size: 10pt;\"> <a href=\"https:\/\/keyprint.keystoneindustries.com\/keycast\/\" target=\"_blank\" rel=\"noopener\">Info in more languages<\/a><\/span><\/p>","protected":false},"featured_media":269784,"template":"","meta":[],"product_brand":[],"product_cat":[251],"product_tag":[169,146],"class_list":{"0":"post-113252","1":"product","2":"type-product","3":"status-publish","4":"has-post-thumbnail","6":"product_cat-ovrigt","7":"product_tag-keyprint","8":"product_tag-keystone","10":"first","11":"instock","12":"taxable","13":"shipping-taxable","14":"purchasable","15":"product-type-simple"},"yoast_head":"<!-- This site is optimized with the Yoast SEO plugin v26.7 - https:\/\/yoast.com\/wordpress\/plugins\/seo\/ -->\n<title>KeyCast, 1L - JB Nordic AB<\/title>\n<meta name=\"description\" content=\"KeyCast \u00e4r gjort f\u00f6r att snabbt kunna br\u00e4nnas ur och har ingen restaska. Anv\u00e4nds till CoCr, guld och silver. Material med l\u00e5g krympning som ger por-fritt och exakt resultat.\" \/>\n<meta name=\"robots\" content=\"index, follow, max-snippet:-1, max-image-preview:large, max-video-preview:-1\" \/>\n<link rel=\"canonical\" href=\"https:\/\/www.jbnordic.se\/en\/butik\/3d-printning\/resiner-asiga\/ovrigt\/keycast\/\" \/>\n<meta property=\"og:locale\" content=\"en_US\" \/>\n<meta property=\"og:type\" content=\"article\" \/>\n<meta property=\"og:title\" content=\"KeyCast, 1L - JB Nordic AB\" \/>\n<meta property=\"og:description\" content=\"KeyCast \u00e4r gjort f\u00f6r att snabbt kunna br\u00e4nnas ur och har ingen restaska. Anv\u00e4nds till CoCr, guld och silver. Material med l\u00e5g krympning som ger por-fritt och exakt resultat.\" \/>\n<meta property=\"og:url\" content=\"https:\/\/www.jbnordic.se\/en\/butik\/3d-printning\/resiner-asiga\/ovrigt\/keycast\/\" \/>\n<meta property=\"og:site_name\" content=\"JB Nordic AB\" \/>\n<meta property=\"article:publisher\" content=\"https:\/\/www.facebook.com\/jbnordic\" \/>\n<meta property=\"article:modified_time\" content=\"2026-03-31T08:32:25+00:00\" \/>\n<meta property=\"og:image\" content=\"https:\/\/www.jbnordic.se\/wp-content\/uploads\/2023\/04\/KPW_KeyCast.Sample_WHT_Final.2026-e1770894592666.jpg\" \/>\n\t<meta property=\"og:image:width\" content=\"1536\" \/>\n\t<meta property=\"og:image:height\" content=\"1536\" \/>\n\t<meta property=\"og:image:type\" content=\"image\/jpeg\" \/>\n<meta name=\"twitter:card\" content=\"summary_large_image\" \/>\n<meta name=\"twitter:label1\" content=\"Est. reading time\" \/>\n\t<meta name=\"twitter:data1\" content=\"1 minute\" \/>\n<script type=\"application\/ld+json\" class=\"yoast-schema-graph\">{\"@context\":\"https:\/\/schema.org\",\"@graph\":[{\"@type\":\"WebPage\",\"@id\":\"https:\/\/www.jbnordic.se\/butik\/3d-printning\/resiner-asiga\/ovrigt\/keycast\/\",\"url\":\"https:\/\/www.jbnordic.se\/butik\/3d-printning\/resiner-asiga\/ovrigt\/keycast\/\",\"name\":\"KeyCast, 1L - JB Nordic AB\",\"isPartOf\":{\"@id\":\"https:\/\/www.jbnordic.se\/#website\"},\"primaryImageOfPage\":{\"@id\":\"https:\/\/www.jbnordic.se\/butik\/3d-printning\/resiner-asiga\/ovrigt\/keycast\/#primaryimage\"},\"image\":{\"@id\":\"https:\/\/www.jbnordic.se\/butik\/3d-printning\/resiner-asiga\/ovrigt\/keycast\/#primaryimage\"},\"thumbnailUrl\":\"https:\/\/www.jbnordic.se\/wp-content\/uploads\/2023\/04\/KPW_KeyCast.Sample_WHT_Final.2026-e1770894592666.jpg\",\"datePublished\":\"2023-04-17T14:23:13+00:00\",\"dateModified\":\"2026-03-31T08:32:25+00:00\",\"description\":\"KeyCast \u00e4r gjort f\u00f6r att snabbt kunna br\u00e4nnas ur och har ingen restaska. Anv\u00e4nds till CoCr, guld och silver. Material med l\u00e5g krympning som ger por-fritt och exakt resultat.\",\"breadcrumb\":{\"@id\":\"https:\/\/www.jbnordic.se\/butik\/3d-printning\/resiner-asiga\/ovrigt\/keycast\/#breadcrumb\"},\"inLanguage\":\"en-US\",\"potentialAction\":[{\"@type\":\"ReadAction\",\"target\":[\"https:\/\/www.jbnordic.se\/butik\/3d-printning\/resiner-asiga\/ovrigt\/keycast\/\"]}]},{\"@type\":\"ImageObject\",\"inLanguage\":\"en-US\",\"@id\":\"https:\/\/www.jbnordic.se\/butik\/3d-printning\/resiner-asiga\/ovrigt\/keycast\/#primaryimage\",\"url\":\"https:\/\/www.jbnordic.se\/wp-content\/uploads\/2023\/04\/KPW_KeyCast.Sample_WHT_Final.2026-e1770894592666.jpg\",\"contentUrl\":\"https:\/\/www.jbnordic.se\/wp-content\/uploads\/2023\/04\/KPW_KeyCast.Sample_WHT_Final.2026-e1770894592666.jpg\",\"width\":1536,\"height\":1536},{\"@type\":\"BreadcrumbList\",\"@id\":\"https:\/\/www.jbnordic.se\/butik\/3d-printning\/resiner-asiga\/ovrigt\/keycast\/#breadcrumb\",\"itemListElement\":[{\"@type\":\"ListItem\",\"position\":1,\"name\":\"Hem\",\"item\":\"https:\/\/www.jbnordic.se\/\"},{\"@type\":\"ListItem\",\"position\":2,\"name\":\"KeyCast, 1L\"}]},{\"@type\":\"WebSite\",\"@id\":\"https:\/\/www.jbnordic.se\/#website\",\"url\":\"https:\/\/www.jbnordic.se\/\",\"name\":\"JB Nordic AB\",\"description\":\"Kunskap!\",\"publisher\":{\"@id\":\"https:\/\/www.jbnordic.se\/#organization\"},\"potentialAction\":[{\"@type\":\"SearchAction\",\"target\":{\"@type\":\"EntryPoint\",\"urlTemplate\":\"https:\/\/www.jbnordic.se\/?s={search_term_string}\"},\"query-input\":{\"@type\":\"PropertyValueSpecification\",\"valueRequired\":true,\"valueName\":\"search_term_string\"}}],\"inLanguage\":\"en-US\"},{\"@type\":\"Organization\",\"@id\":\"https:\/\/www.jbnordic.se\/#organization\",\"name\":\"JB Nordic\",\"url\":\"https:\/\/www.jbnordic.se\/\",\"logo\":{\"@type\":\"ImageObject\",\"inLanguage\":\"en-US\",\"@id\":\"https:\/\/www.jbnordic.se\/#\/schema\/logo\/image\/\",\"url\":\"https:\/\/www.jbnordic.se\/wp-content\/uploads\/2022\/02\/jb_nordic_logo_blk_h100px.png\",\"contentUrl\":\"https:\/\/www.jbnordic.se\/wp-content\/uploads\/2022\/02\/jb_nordic_logo_blk_h100px.png\",\"width\":480,\"height\":100,\"caption\":\"JB Nordic\"},\"image\":{\"@id\":\"https:\/\/www.jbnordic.se\/#\/schema\/logo\/image\/\"},\"sameAs\":[\"https:\/\/www.facebook.com\/jbnordic\",\"https:\/\/www.linkedin.com\/company\/jbnordic.se\",\"https:\/\/www.instagram.com\/jbnordic\/\"]}]}<\/script>\n<!-- \/ Yoast SEO plugin. -->","yoast_head_json":{"title":"KeyCast, 1L - JB Nordic AB","description":"KeyCast \u00e4r gjort f\u00f6r att snabbt kunna br\u00e4nnas ur och har ingen restaska. Anv\u00e4nds till CoCr, guld och silver. Material med l\u00e5g krympning som ger por-fritt och exakt resultat.","robots":{"index":"index","follow":"follow","max-snippet":"max-snippet:-1","max-image-preview":"max-image-preview:large","max-video-preview":"max-video-preview:-1"},"canonical":"https:\/\/www.jbnordic.se\/en\/butik\/3d-printning\/resiner-asiga\/ovrigt\/keycast\/","og_locale":"en_US","og_type":"article","og_title":"KeyCast, 1L - JB Nordic AB","og_description":"KeyCast \u00e4r gjort f\u00f6r att snabbt kunna br\u00e4nnas ur och har ingen restaska. Anv\u00e4nds till CoCr, guld och silver. Material med l\u00e5g krympning som ger por-fritt och exakt resultat.","og_url":"https:\/\/www.jbnordic.se\/en\/butik\/3d-printning\/resiner-asiga\/ovrigt\/keycast\/","og_site_name":"JB Nordic AB","article_publisher":"https:\/\/www.facebook.com\/jbnordic","article_modified_time":"2026-03-31T08:32:25+00:00","og_image":[{"width":1536,"height":1536,"url":"https:\/\/www.jbnordic.se\/wp-content\/uploads\/2023\/04\/KPW_KeyCast.Sample_WHT_Final.2026-e1770894592666.jpg","type":"image\/jpeg"}],"twitter_card":"summary_large_image","twitter_misc":{"Est. reading time":"1 minute"},"schema":{"@context":"https:\/\/schema.org","@graph":[{"@type":"WebPage","@id":"https:\/\/www.jbnordic.se\/butik\/3d-printning\/resiner-asiga\/ovrigt\/keycast\/","url":"https:\/\/www.jbnordic.se\/butik\/3d-printning\/resiner-asiga\/ovrigt\/keycast\/","name":"KeyCast, 1L - JB Nordic AB","isPartOf":{"@id":"https:\/\/www.jbnordic.se\/#website"},"primaryImageOfPage":{"@id":"https:\/\/www.jbnordic.se\/butik\/3d-printning\/resiner-asiga\/ovrigt\/keycast\/#primaryimage"},"image":{"@id":"https:\/\/www.jbnordic.se\/butik\/3d-printning\/resiner-asiga\/ovrigt\/keycast\/#primaryimage"},"thumbnailUrl":"https:\/\/www.jbnordic.se\/wp-content\/uploads\/2023\/04\/KPW_KeyCast.Sample_WHT_Final.2026-e1770894592666.jpg","datePublished":"2023-04-17T14:23:13+00:00","dateModified":"2026-03-31T08:32:25+00:00","description":"KeyCast \u00e4r gjort f\u00f6r att snabbt kunna br\u00e4nnas ur och har ingen restaska. Anv\u00e4nds till CoCr, guld och silver. Material med l\u00e5g krympning som ger por-fritt och exakt resultat.","breadcrumb":{"@id":"https:\/\/www.jbnordic.se\/butik\/3d-printning\/resiner-asiga\/ovrigt\/keycast\/#breadcrumb"},"inLanguage":"en-US","potentialAction":[{"@type":"ReadAction","target":["https:\/\/www.jbnordic.se\/butik\/3d-printning\/resiner-asiga\/ovrigt\/keycast\/"]}]},{"@type":"ImageObject","inLanguage":"en-US","@id":"https:\/\/www.jbnordic.se\/butik\/3d-printning\/resiner-asiga\/ovrigt\/keycast\/#primaryimage","url":"https:\/\/www.jbnordic.se\/wp-content\/uploads\/2023\/04\/KPW_KeyCast.Sample_WHT_Final.2026-e1770894592666.jpg","contentUrl":"https:\/\/www.jbnordic.se\/wp-content\/uploads\/2023\/04\/KPW_KeyCast.Sample_WHT_Final.2026-e1770894592666.jpg","width":1536,"height":1536},{"@type":"BreadcrumbList","@id":"https:\/\/www.jbnordic.se\/butik\/3d-printning\/resiner-asiga\/ovrigt\/keycast\/#breadcrumb","itemListElement":[{"@type":"ListItem","position":1,"name":"Hem","item":"https:\/\/www.jbnordic.se\/"},{"@type":"ListItem","position":2,"name":"KeyCast, 1L"}]},{"@type":"WebSite","@id":"https:\/\/www.jbnordic.se\/#website","url":"https:\/\/www.jbnordic.se\/","name":"JB Nordic AB","description":"Kunskap!","publisher":{"@id":"https:\/\/www.jbnordic.se\/#organization"},"potentialAction":[{"@type":"SearchAction","target":{"@type":"EntryPoint","urlTemplate":"https:\/\/www.jbnordic.se\/?s={search_term_string}"},"query-input":{"@type":"PropertyValueSpecification","valueRequired":true,"valueName":"search_term_string"}}],"inLanguage":"en-US"},{"@type":"Organization","@id":"https:\/\/www.jbnordic.se\/#organization","name":"JB Nordic","url":"https:\/\/www.jbnordic.se\/","logo":{"@type":"ImageObject","inLanguage":"en-US","@id":"https:\/\/www.jbnordic.se\/#\/schema\/logo\/image\/","url":"https:\/\/www.jbnordic.se\/wp-content\/uploads\/2022\/02\/jb_nordic_logo_blk_h100px.png","contentUrl":"https:\/\/www.jbnordic.se\/wp-content\/uploads\/2022\/02\/jb_nordic_logo_blk_h100px.png","width":480,"height":100,"caption":"JB Nordic"},"image":{"@id":"https:\/\/www.jbnordic.se\/#\/schema\/logo\/image\/"},"sameAs":["https:\/\/www.facebook.com\/jbnordic","https:\/\/www.linkedin.com\/company\/jbnordic.se","https:\/\/www.instagram.com\/jbnordic\/"]}]}},"kroconnect":{"tax_rate":25,"price_inc_vat":{"regular_price":2495},"price_ex_vat":{"regular_price":2495}},"_links":{"self":[{"href":"https:\/\/www.jbnordic.se\/en\/wp-json\/wp\/v2\/product\/113252","targetHints":{"allow":["GET"]}}],"collection":[{"href":"https:\/\/www.jbnordic.se\/en\/wp-json\/wp\/v2\/product"}],"about":[{"href":"https:\/\/www.jbnordic.se\/en\/wp-json\/wp\/v2\/types\/product"}],"wp:featuredmedia":[{"embeddable":true,"href":"https:\/\/www.jbnordic.se\/en\/wp-json\/wp\/v2\/media\/269784"}],"wp:attachment":[{"href":"https:\/\/www.jbnordic.se\/en\/wp-json\/wp\/v2\/media?parent=113252"}],"wp:term":[{"taxonomy":"product_brand","embeddable":true,"href":"https:\/\/www.jbnordic.se\/en\/wp-json\/wp\/v2\/product_brand?post=113252"},{"taxonomy":"product_cat","embeddable":true,"href":"https:\/\/www.jbnordic.se\/en\/wp-json\/wp\/v2\/product_cat?post=113252"},{"taxonomy":"product_tag","embeddable":true,"href":"https:\/\/www.jbnordic.se\/en\/wp-json\/wp\/v2\/product_tag?post=113252"}],"curies":[{"name":"wp","href":"https:\/\/api.w.org\/{rel}","templated":true}]}}