{"id":113244,"date":"2023-04-25T11:04:48","date_gmt":"2023-04-25T09:04:48","guid":{"rendered":"https:\/\/www.jbnordic.se\/?post_type=product&#038;p=113244"},"modified":"2026-04-14T08:44:46","modified_gmt":"2026-04-14T06:44:46","slug":"keymask","status":"publish","type":"product","link":"https:\/\/www.jbnordic.se\/en\/butik\/3d-printning\/resiner-asiga\/ovrigt\/keymask\/","title":{"rendered":"KeyMask, 0,5L"},"content":{"rendered":"","protected":false},"excerpt":{"rendered":"<p>Prisv\u00e4rt och h\u00f6gkvalitativt gingivamaterial som fungerar f\u00f6r de flesta \u00f6ppna 3D-skrivare. Ett <strong>flexibelt<\/strong> material med <strong>h\u00f6g precision och liten krympningsfaktor<\/strong>.<br \/>\nKommer i 0,5L f\u00f6rpackning.<\/p>\n<ul>\n<li>Flexibel<\/li>\n<li>Very good accuracy<\/li>\n<li>Low shrinkage<\/li>\n<\/ul>\n<p>\u2193 <strong><a href=\"https:\/\/keyprint.keystoneindustries.com\/wp-content\/uploads\/2019\/11\/KeyMask-4220002_SDS-EU-SE-20191114.pdf\" target=\"_blank\" rel=\"noopener\">SDS<\/a><\/strong> \u2193\u00a0<a href=\"https:\/\/keyprint.keystoneindustries.com\/wp-content\/uploads\/2019\/04\/IFU-KeyMask_EN_99117033_OUT.pdf\" target=\"_blank\" rel=\"noopener\"><strong>IFU<\/strong><\/a>\u00a0<span style=\"font-size: 10pt;\"> <a href=\"https:\/\/keyprint.keystoneindustries.com\/keyguide\/\" target=\"_blank\" rel=\"noopener\">Info in more languages<\/a><\/span><\/p>","protected":false},"featured_media":269785,"template":"","meta":[],"product_brand":[263],"product_cat":[251],"product_tag":[169,146],"class_list":{"0":"post-113244","1":"product","2":"type-product","3":"status-publish","4":"has-post-thumbnail","6":"product_brand-keystone","7":"product_cat-ovrigt","8":"product_tag-keyprint","9":"product_tag-keystone","11":"first","12":"instock","13":"taxable","14":"shipping-taxable","15":"purchasable","16":"product-type-simple"},"yoast_head":"<!-- This site is optimized with the Yoast SEO plugin v26.7 - https:\/\/yoast.com\/wordpress\/plugins\/seo\/ -->\n<title>KeyMask, 0,5L - JB Nordic AB<\/title>\n<meta name=\"description\" content=\"Prisv\u00e4rt och h\u00f6gkvalitativt gingivamaterial som fungerar f\u00f6r de flesta \u00f6ppna 3D-skrivare. Ett flexibelt material med h\u00f6g precision och liten krympningsfaktor.\" \/>\n<meta name=\"robots\" content=\"index, follow, max-snippet:-1, max-image-preview:large, max-video-preview:-1\" \/>\n<link rel=\"canonical\" href=\"https:\/\/www.jbnordic.se\/en\/butik\/3d-printning\/resiner-asiga\/ovrigt\/keymask\/\" \/>\n<meta property=\"og:locale\" content=\"en_US\" \/>\n<meta property=\"og:type\" content=\"article\" \/>\n<meta property=\"og:title\" content=\"KeyMask, 0,5L - JB Nordic AB\" \/>\n<meta property=\"og:description\" content=\"Prisv\u00e4rt och h\u00f6gkvalitativt gingivamaterial som fungerar f\u00f6r de flesta \u00f6ppna 3D-skrivare. Ett flexibelt material med h\u00f6g precision och liten krympningsfaktor.\" \/>\n<meta property=\"og:url\" content=\"https:\/\/www.jbnordic.se\/en\/butik\/3d-printning\/resiner-asiga\/ovrigt\/keymask\/\" \/>\n<meta property=\"og:site_name\" content=\"JB Nordic AB\" \/>\n<meta property=\"article:publisher\" content=\"https:\/\/www.facebook.com\/jbnordic\" \/>\n<meta property=\"article:modified_time\" content=\"2026-04-14T06:44:46+00:00\" \/>\n<meta property=\"og:image\" content=\"https:\/\/www.jbnordic.se\/wp-content\/uploads\/2023\/04\/KPW_KeyMask_HalfKGSample_WHT_Final.2026-e1770894675415.jpg\" \/>\n\t<meta property=\"og:image:width\" content=\"1536\" \/>\n\t<meta property=\"og:image:height\" content=\"1536\" \/>\n\t<meta property=\"og:image:type\" content=\"image\/jpeg\" \/>\n<meta name=\"twitter:card\" content=\"summary_large_image\" \/>\n<meta name=\"twitter:label1\" content=\"Est. reading time\" \/>\n\t<meta name=\"twitter:data1\" content=\"1 minute\" \/>\n<script type=\"application\/ld+json\" class=\"yoast-schema-graph\">{\"@context\":\"https:\/\/schema.org\",\"@graph\":[{\"@type\":\"WebPage\",\"@id\":\"https:\/\/www.jbnordic.se\/butik\/3d-printning\/resiner-asiga\/ovrigt\/keymask\/\",\"url\":\"https:\/\/www.jbnordic.se\/butik\/3d-printning\/resiner-asiga\/ovrigt\/keymask\/\",\"name\":\"KeyMask, 0,5L - JB Nordic AB\",\"isPartOf\":{\"@id\":\"https:\/\/www.jbnordic.se\/#website\"},\"primaryImageOfPage\":{\"@id\":\"https:\/\/www.jbnordic.se\/butik\/3d-printning\/resiner-asiga\/ovrigt\/keymask\/#primaryimage\"},\"image\":{\"@id\":\"https:\/\/www.jbnordic.se\/butik\/3d-printning\/resiner-asiga\/ovrigt\/keymask\/#primaryimage\"},\"thumbnailUrl\":\"https:\/\/www.jbnordic.se\/wp-content\/uploads\/2023\/04\/KPW_KeyMask_HalfKGSample_WHT_Final.2026-e1770894675415.jpg\",\"datePublished\":\"2023-04-25T09:04:48+00:00\",\"dateModified\":\"2026-04-14T06:44:46+00:00\",\"description\":\"Prisv\u00e4rt och h\u00f6gkvalitativt gingivamaterial som fungerar f\u00f6r de flesta \u00f6ppna 3D-skrivare. Ett flexibelt material med h\u00f6g precision och liten krympningsfaktor.\",\"breadcrumb\":{\"@id\":\"https:\/\/www.jbnordic.se\/butik\/3d-printning\/resiner-asiga\/ovrigt\/keymask\/#breadcrumb\"},\"inLanguage\":\"en-US\",\"potentialAction\":[{\"@type\":\"ReadAction\",\"target\":[\"https:\/\/www.jbnordic.se\/butik\/3d-printning\/resiner-asiga\/ovrigt\/keymask\/\"]}]},{\"@type\":\"ImageObject\",\"inLanguage\":\"en-US\",\"@id\":\"https:\/\/www.jbnordic.se\/butik\/3d-printning\/resiner-asiga\/ovrigt\/keymask\/#primaryimage\",\"url\":\"https:\/\/www.jbnordic.se\/wp-content\/uploads\/2023\/04\/KPW_KeyMask_HalfKGSample_WHT_Final.2026-e1770894675415.jpg\",\"contentUrl\":\"https:\/\/www.jbnordic.se\/wp-content\/uploads\/2023\/04\/KPW_KeyMask_HalfKGSample_WHT_Final.2026-e1770894675415.jpg\",\"width\":1536,\"height\":1536},{\"@type\":\"BreadcrumbList\",\"@id\":\"https:\/\/www.jbnordic.se\/butik\/3d-printning\/resiner-asiga\/ovrigt\/keymask\/#breadcrumb\",\"itemListElement\":[{\"@type\":\"ListItem\",\"position\":1,\"name\":\"Hem\",\"item\":\"https:\/\/www.jbnordic.se\/\"},{\"@type\":\"ListItem\",\"position\":2,\"name\":\"KeyMask, 0,5L\"}]},{\"@type\":\"WebSite\",\"@id\":\"https:\/\/www.jbnordic.se\/#website\",\"url\":\"https:\/\/www.jbnordic.se\/\",\"name\":\"JB Nordic AB\",\"description\":\"Kunskap!\",\"publisher\":{\"@id\":\"https:\/\/www.jbnordic.se\/#organization\"},\"potentialAction\":[{\"@type\":\"SearchAction\",\"target\":{\"@type\":\"EntryPoint\",\"urlTemplate\":\"https:\/\/www.jbnordic.se\/?s={search_term_string}\"},\"query-input\":{\"@type\":\"PropertyValueSpecification\",\"valueRequired\":true,\"valueName\":\"search_term_string\"}}],\"inLanguage\":\"en-US\"},{\"@type\":\"Organization\",\"@id\":\"https:\/\/www.jbnordic.se\/#organization\",\"name\":\"JB Nordic\",\"url\":\"https:\/\/www.jbnordic.se\/\",\"logo\":{\"@type\":\"ImageObject\",\"inLanguage\":\"en-US\",\"@id\":\"https:\/\/www.jbnordic.se\/#\/schema\/logo\/image\/\",\"url\":\"https:\/\/www.jbnordic.se\/wp-content\/uploads\/2022\/02\/jb_nordic_logo_blk_h100px.png\",\"contentUrl\":\"https:\/\/www.jbnordic.se\/wp-content\/uploads\/2022\/02\/jb_nordic_logo_blk_h100px.png\",\"width\":480,\"height\":100,\"caption\":\"JB Nordic\"},\"image\":{\"@id\":\"https:\/\/www.jbnordic.se\/#\/schema\/logo\/image\/\"},\"sameAs\":[\"https:\/\/www.facebook.com\/jbnordic\",\"https:\/\/www.linkedin.com\/company\/jbnordic.se\",\"https:\/\/www.instagram.com\/jbnordic\/\"]}]}<\/script>\n<!-- \/ Yoast SEO plugin. -->","yoast_head_json":{"title":"KeyMask, 0,5L - JB Nordic AB","description":"Prisv\u00e4rt och h\u00f6gkvalitativt gingivamaterial som fungerar f\u00f6r de flesta \u00f6ppna 3D-skrivare. Ett flexibelt material med h\u00f6g precision och liten krympningsfaktor.","robots":{"index":"index","follow":"follow","max-snippet":"max-snippet:-1","max-image-preview":"max-image-preview:large","max-video-preview":"max-video-preview:-1"},"canonical":"https:\/\/www.jbnordic.se\/en\/butik\/3d-printning\/resiner-asiga\/ovrigt\/keymask\/","og_locale":"en_US","og_type":"article","og_title":"KeyMask, 0,5L - JB Nordic AB","og_description":"Prisv\u00e4rt och h\u00f6gkvalitativt gingivamaterial som fungerar f\u00f6r de flesta \u00f6ppna 3D-skrivare. Ett flexibelt material med h\u00f6g precision och liten krympningsfaktor.","og_url":"https:\/\/www.jbnordic.se\/en\/butik\/3d-printning\/resiner-asiga\/ovrigt\/keymask\/","og_site_name":"JB Nordic AB","article_publisher":"https:\/\/www.facebook.com\/jbnordic","article_modified_time":"2026-04-14T06:44:46+00:00","og_image":[{"width":1536,"height":1536,"url":"https:\/\/www.jbnordic.se\/wp-content\/uploads\/2023\/04\/KPW_KeyMask_HalfKGSample_WHT_Final.2026-e1770894675415.jpg","type":"image\/jpeg"}],"twitter_card":"summary_large_image","twitter_misc":{"Est. reading time":"1 minute"},"schema":{"@context":"https:\/\/schema.org","@graph":[{"@type":"WebPage","@id":"https:\/\/www.jbnordic.se\/butik\/3d-printning\/resiner-asiga\/ovrigt\/keymask\/","url":"https:\/\/www.jbnordic.se\/butik\/3d-printning\/resiner-asiga\/ovrigt\/keymask\/","name":"KeyMask, 0,5L - JB Nordic AB","isPartOf":{"@id":"https:\/\/www.jbnordic.se\/#website"},"primaryImageOfPage":{"@id":"https:\/\/www.jbnordic.se\/butik\/3d-printning\/resiner-asiga\/ovrigt\/keymask\/#primaryimage"},"image":{"@id":"https:\/\/www.jbnordic.se\/butik\/3d-printning\/resiner-asiga\/ovrigt\/keymask\/#primaryimage"},"thumbnailUrl":"https:\/\/www.jbnordic.se\/wp-content\/uploads\/2023\/04\/KPW_KeyMask_HalfKGSample_WHT_Final.2026-e1770894675415.jpg","datePublished":"2023-04-25T09:04:48+00:00","dateModified":"2026-04-14T06:44:46+00:00","description":"Prisv\u00e4rt och h\u00f6gkvalitativt gingivamaterial som fungerar f\u00f6r de flesta \u00f6ppna 3D-skrivare. Ett flexibelt material med h\u00f6g precision och liten krympningsfaktor.","breadcrumb":{"@id":"https:\/\/www.jbnordic.se\/butik\/3d-printning\/resiner-asiga\/ovrigt\/keymask\/#breadcrumb"},"inLanguage":"en-US","potentialAction":[{"@type":"ReadAction","target":["https:\/\/www.jbnordic.se\/butik\/3d-printning\/resiner-asiga\/ovrigt\/keymask\/"]}]},{"@type":"ImageObject","inLanguage":"en-US","@id":"https:\/\/www.jbnordic.se\/butik\/3d-printning\/resiner-asiga\/ovrigt\/keymask\/#primaryimage","url":"https:\/\/www.jbnordic.se\/wp-content\/uploads\/2023\/04\/KPW_KeyMask_HalfKGSample_WHT_Final.2026-e1770894675415.jpg","contentUrl":"https:\/\/www.jbnordic.se\/wp-content\/uploads\/2023\/04\/KPW_KeyMask_HalfKGSample_WHT_Final.2026-e1770894675415.jpg","width":1536,"height":1536},{"@type":"BreadcrumbList","@id":"https:\/\/www.jbnordic.se\/butik\/3d-printning\/resiner-asiga\/ovrigt\/keymask\/#breadcrumb","itemListElement":[{"@type":"ListItem","position":1,"name":"Hem","item":"https:\/\/www.jbnordic.se\/"},{"@type":"ListItem","position":2,"name":"KeyMask, 0,5L"}]},{"@type":"WebSite","@id":"https:\/\/www.jbnordic.se\/#website","url":"https:\/\/www.jbnordic.se\/","name":"JB Nordic AB","description":"Kunskap!","publisher":{"@id":"https:\/\/www.jbnordic.se\/#organization"},"potentialAction":[{"@type":"SearchAction","target":{"@type":"EntryPoint","urlTemplate":"https:\/\/www.jbnordic.se\/?s={search_term_string}"},"query-input":{"@type":"PropertyValueSpecification","valueRequired":true,"valueName":"search_term_string"}}],"inLanguage":"en-US"},{"@type":"Organization","@id":"https:\/\/www.jbnordic.se\/#organization","name":"JB Nordic","url":"https:\/\/www.jbnordic.se\/","logo":{"@type":"ImageObject","inLanguage":"en-US","@id":"https:\/\/www.jbnordic.se\/#\/schema\/logo\/image\/","url":"https:\/\/www.jbnordic.se\/wp-content\/uploads\/2022\/02\/jb_nordic_logo_blk_h100px.png","contentUrl":"https:\/\/www.jbnordic.se\/wp-content\/uploads\/2022\/02\/jb_nordic_logo_blk_h100px.png","width":480,"height":100,"caption":"JB Nordic"},"image":{"@id":"https:\/\/www.jbnordic.se\/#\/schema\/logo\/image\/"},"sameAs":["https:\/\/www.facebook.com\/jbnordic","https:\/\/www.linkedin.com\/company\/jbnordic.se","https:\/\/www.instagram.com\/jbnordic\/"]}]}},"kroconnect":{"tax_rate":25,"price_inc_vat":{"regular_price":2175},"price_ex_vat":{"regular_price":2175}},"_links":{"self":[{"href":"https:\/\/www.jbnordic.se\/en\/wp-json\/wp\/v2\/product\/113244","targetHints":{"allow":["GET"]}}],"collection":[{"href":"https:\/\/www.jbnordic.se\/en\/wp-json\/wp\/v2\/product"}],"about":[{"href":"https:\/\/www.jbnordic.se\/en\/wp-json\/wp\/v2\/types\/product"}],"wp:featuredmedia":[{"embeddable":true,"href":"https:\/\/www.jbnordic.se\/en\/wp-json\/wp\/v2\/media\/269785"}],"wp:attachment":[{"href":"https:\/\/www.jbnordic.se\/en\/wp-json\/wp\/v2\/media?parent=113244"}],"wp:term":[{"taxonomy":"product_brand","embeddable":true,"href":"https:\/\/www.jbnordic.se\/en\/wp-json\/wp\/v2\/product_brand?post=113244"},{"taxonomy":"product_cat","embeddable":true,"href":"https:\/\/www.jbnordic.se\/en\/wp-json\/wp\/v2\/product_cat?post=113244"},{"taxonomy":"product_tag","embeddable":true,"href":"https:\/\/www.jbnordic.se\/en\/wp-json\/wp\/v2\/product_tag?post=113244"}],"curies":[{"name":"wp","href":"https:\/\/api.w.org\/{rel}","templated":true}]}}