{"id":100229,"date":"2023-02-15T13:24:57","date_gmt":"2023-02-15T12:24:57","guid":{"rendered":"https:\/\/www.jbnordic.se\/?post_type=product&#038;p=100229"},"modified":"2026-02-11T11:07:22","modified_gmt":"2026-02-11T10:07:22","slug":"frasverktyg-for-prefab-vhf","status":"publish","type":"product","link":"https:\/\/www.jbnordic.se\/en\/butik\/frasning\/frasverktyg\/frasverktyg-for-prefab-vhf\/","title":{"rendered":"Milling tools for N4\/N4+ for prefab \u2013 vhf"},"content":{"rendered":"","protected":false},"excerpt":{"rendered":"<p class=\"translation-block\"><strong><span style=\"color: #00b9a3\">These tools are intended for prefab abutments for vhfs N4\/N4+.<\/span> Optimized for milling in Co-Cr (dry) or Titanium (requires water cooling). Total length 32mm.<\/strong><\/p>\n<p class=\"translation-block\"><strong><span style=\"color: #00b9a3\">M200-R4-32<\/span><br>\n2mm<\/strong> is used for most of the milling job.<\/p>\n<p class=\"translation-block\"><strong><span style=\"color: #00b9a3\">M100-R2-32<\/span><br>\n<\/strong><strong>1mm<\/strong> is used for the final finer details.<\/p>","protected":false},"featured_media":100328,"template":"","meta":[],"product_brand":[273],"product_cat":[50,206],"product_tag":[121],"class_list":{"0":"post-100229","1":"product","2":"type-product","3":"status-publish","4":"has-post-thumbnail","6":"product_brand-vhf","7":"product_cat-frasverktyg","8":"product_cat-prefab-abutment","9":"product_tag-vhf","11":"first","12":"instock","13":"taxable","14":"shipping-taxable","15":"product-type-grouped"},"yoast_head":"<!-- This site is optimized with the Yoast SEO plugin v26.7 - https:\/\/yoast.com\/wordpress\/plugins\/seo\/ -->\n<title>Fr\u00e4sverktyg till N4\/N4+ f\u00f6r prefab - vhf - JB Nordic AB<\/title>\n<meta name=\"description\" content=\"Dessa verktyg \u00e4r avsedda f\u00f6r prefab abutment till vhfs N4\/N4+. Optimerade f\u00f6r fr\u00e4sning i Co-Cr (torrt) eller Titan (kr\u00e4ver vattenkylning). Totall\u00e4ngd 32mm.\" \/>\n<meta name=\"robots\" content=\"index, follow, max-snippet:-1, max-image-preview:large, max-video-preview:-1\" \/>\n<link rel=\"canonical\" href=\"https:\/\/www.jbnordic.se\/en\/butik\/frasning\/frasverktyg\/frasverktyg-for-prefab-vhf\/\" \/>\n<meta property=\"og:locale\" content=\"en_US\" \/>\n<meta property=\"og:type\" content=\"article\" \/>\n<meta property=\"og:title\" content=\"Fr\u00e4sverktyg till N4\/N4+ f\u00f6r prefab - vhf - JB Nordic AB\" \/>\n<meta property=\"og:description\" content=\"Dessa verktyg \u00e4r avsedda f\u00f6r prefab abutment till vhfs N4\/N4+. Optimerade f\u00f6r fr\u00e4sning i Co-Cr (torrt) eller Titan (kr\u00e4ver vattenkylning). Totall\u00e4ngd 32mm.\" \/>\n<meta property=\"og:url\" content=\"https:\/\/www.jbnordic.se\/en\/butik\/frasning\/frasverktyg\/frasverktyg-for-prefab-vhf\/\" \/>\n<meta property=\"og:site_name\" content=\"JB Nordic AB\" \/>\n<meta property=\"article:publisher\" content=\"https:\/\/www.facebook.com\/jbnordic\" \/>\n<meta property=\"article:modified_time\" content=\"2026-02-11T10:07:22+00:00\" \/>\n<meta property=\"og:image\" content=\"https:\/\/www.jbnordic.se\/wp-content\/uploads\/2023\/02\/VHF_tools_prefab_01.jpg\" \/>\n\t<meta property=\"og:image:width\" content=\"1080\" \/>\n\t<meta property=\"og:image:height\" content=\"1080\" \/>\n\t<meta property=\"og:image:type\" content=\"image\/jpeg\" \/>\n<meta name=\"twitter:card\" content=\"summary_large_image\" \/>\n<meta name=\"twitter:label1\" content=\"Est. reading time\" \/>\n\t<meta name=\"twitter:data1\" content=\"1 minute\" \/>\n<script type=\"application\/ld+json\" class=\"yoast-schema-graph\">{\"@context\":\"https:\/\/schema.org\",\"@graph\":[{\"@type\":\"WebPage\",\"@id\":\"https:\/\/www.jbnordic.se\/butik\/frasning\/frasverktyg\/frasverktyg-for-prefab-vhf\/\",\"url\":\"https:\/\/www.jbnordic.se\/butik\/frasning\/frasverktyg\/frasverktyg-for-prefab-vhf\/\",\"name\":\"Fr\u00e4sverktyg till N4\/N4+ f\u00f6r prefab - vhf - JB Nordic AB\",\"isPartOf\":{\"@id\":\"https:\/\/www.jbnordic.se\/#website\"},\"primaryImageOfPage\":{\"@id\":\"https:\/\/www.jbnordic.se\/butik\/frasning\/frasverktyg\/frasverktyg-for-prefab-vhf\/#primaryimage\"},\"image\":{\"@id\":\"https:\/\/www.jbnordic.se\/butik\/frasning\/frasverktyg\/frasverktyg-for-prefab-vhf\/#primaryimage\"},\"thumbnailUrl\":\"https:\/\/www.jbnordic.se\/wp-content\/uploads\/2023\/02\/VHF_tools_prefab_01.jpg\",\"datePublished\":\"2023-02-15T12:24:57+00:00\",\"dateModified\":\"2026-02-11T10:07:22+00:00\",\"description\":\"Dessa verktyg \u00e4r avsedda f\u00f6r prefab abutment till vhfs N4\/N4+. Optimerade f\u00f6r fr\u00e4sning i Co-Cr (torrt) eller Titan (kr\u00e4ver vattenkylning). Totall\u00e4ngd 32mm.\",\"breadcrumb\":{\"@id\":\"https:\/\/www.jbnordic.se\/butik\/frasning\/frasverktyg\/frasverktyg-for-prefab-vhf\/#breadcrumb\"},\"inLanguage\":\"en-US\",\"potentialAction\":[{\"@type\":\"ReadAction\",\"target\":[\"https:\/\/www.jbnordic.se\/butik\/frasning\/frasverktyg\/frasverktyg-for-prefab-vhf\/\"]}]},{\"@type\":\"ImageObject\",\"inLanguage\":\"en-US\",\"@id\":\"https:\/\/www.jbnordic.se\/butik\/frasning\/frasverktyg\/frasverktyg-for-prefab-vhf\/#primaryimage\",\"url\":\"https:\/\/www.jbnordic.se\/wp-content\/uploads\/2023\/02\/VHF_tools_prefab_01.jpg\",\"contentUrl\":\"https:\/\/www.jbnordic.se\/wp-content\/uploads\/2023\/02\/VHF_tools_prefab_01.jpg\",\"width\":1080,\"height\":1080,\"caption\":\"VHF tools for prefab abutment\"},{\"@type\":\"BreadcrumbList\",\"@id\":\"https:\/\/www.jbnordic.se\/butik\/frasning\/frasverktyg\/frasverktyg-for-prefab-vhf\/#breadcrumb\",\"itemListElement\":[{\"@type\":\"ListItem\",\"position\":1,\"name\":\"Hem\",\"item\":\"https:\/\/www.jbnordic.se\/\"},{\"@type\":\"ListItem\",\"position\":2,\"name\":\"Fr\u00e4sverktyg till N4\/N4+ f\u00f6r prefab &#8211; vhf\"}]},{\"@type\":\"WebSite\",\"@id\":\"https:\/\/www.jbnordic.se\/#website\",\"url\":\"https:\/\/www.jbnordic.se\/\",\"name\":\"JB Nordic AB\",\"description\":\"Kunskap!\",\"publisher\":{\"@id\":\"https:\/\/www.jbnordic.se\/#organization\"},\"potentialAction\":[{\"@type\":\"SearchAction\",\"target\":{\"@type\":\"EntryPoint\",\"urlTemplate\":\"https:\/\/www.jbnordic.se\/?s={search_term_string}\"},\"query-input\":{\"@type\":\"PropertyValueSpecification\",\"valueRequired\":true,\"valueName\":\"search_term_string\"}}],\"inLanguage\":\"en-US\"},{\"@type\":\"Organization\",\"@id\":\"https:\/\/www.jbnordic.se\/#organization\",\"name\":\"JB Nordic\",\"url\":\"https:\/\/www.jbnordic.se\/\",\"logo\":{\"@type\":\"ImageObject\",\"inLanguage\":\"en-US\",\"@id\":\"https:\/\/www.jbnordic.se\/#\/schema\/logo\/image\/\",\"url\":\"https:\/\/www.jbnordic.se\/wp-content\/uploads\/2022\/02\/jb_nordic_logo_blk_h100px.png\",\"contentUrl\":\"https:\/\/www.jbnordic.se\/wp-content\/uploads\/2022\/02\/jb_nordic_logo_blk_h100px.png\",\"width\":480,\"height\":100,\"caption\":\"JB Nordic\"},\"image\":{\"@id\":\"https:\/\/www.jbnordic.se\/#\/schema\/logo\/image\/\"},\"sameAs\":[\"https:\/\/www.facebook.com\/jbnordic\",\"https:\/\/www.linkedin.com\/company\/jbnordic.se\",\"https:\/\/www.instagram.com\/jbnordic\/\"]}]}<\/script>\n<!-- \/ Yoast SEO plugin. -->","yoast_head_json":{"title":"Fr\u00e4sverktyg till N4\/N4+ f\u00f6r prefab - vhf - JB Nordic AB","description":"Dessa verktyg \u00e4r avsedda f\u00f6r prefab abutment till vhfs N4\/N4+. Optimerade f\u00f6r fr\u00e4sning i Co-Cr (torrt) eller Titan (kr\u00e4ver vattenkylning). Totall\u00e4ngd 32mm.","robots":{"index":"index","follow":"follow","max-snippet":"max-snippet:-1","max-image-preview":"max-image-preview:large","max-video-preview":"max-video-preview:-1"},"canonical":"https:\/\/www.jbnordic.se\/en\/butik\/frasning\/frasverktyg\/frasverktyg-for-prefab-vhf\/","og_locale":"en_US","og_type":"article","og_title":"Fr\u00e4sverktyg till N4\/N4+ f\u00f6r prefab - vhf - JB Nordic AB","og_description":"Dessa verktyg \u00e4r avsedda f\u00f6r prefab abutment till vhfs N4\/N4+. Optimerade f\u00f6r fr\u00e4sning i Co-Cr (torrt) eller Titan (kr\u00e4ver vattenkylning). Totall\u00e4ngd 32mm.","og_url":"https:\/\/www.jbnordic.se\/en\/butik\/frasning\/frasverktyg\/frasverktyg-for-prefab-vhf\/","og_site_name":"JB Nordic AB","article_publisher":"https:\/\/www.facebook.com\/jbnordic","article_modified_time":"2026-02-11T10:07:22+00:00","og_image":[{"width":1080,"height":1080,"url":"https:\/\/www.jbnordic.se\/wp-content\/uploads\/2023\/02\/VHF_tools_prefab_01.jpg","type":"image\/jpeg"}],"twitter_card":"summary_large_image","twitter_misc":{"Est. reading time":"1 minute"},"schema":{"@context":"https:\/\/schema.org","@graph":[{"@type":"WebPage","@id":"https:\/\/www.jbnordic.se\/butik\/frasning\/frasverktyg\/frasverktyg-for-prefab-vhf\/","url":"https:\/\/www.jbnordic.se\/butik\/frasning\/frasverktyg\/frasverktyg-for-prefab-vhf\/","name":"Fr\u00e4sverktyg till N4\/N4+ f\u00f6r prefab - vhf - JB Nordic AB","isPartOf":{"@id":"https:\/\/www.jbnordic.se\/#website"},"primaryImageOfPage":{"@id":"https:\/\/www.jbnordic.se\/butik\/frasning\/frasverktyg\/frasverktyg-for-prefab-vhf\/#primaryimage"},"image":{"@id":"https:\/\/www.jbnordic.se\/butik\/frasning\/frasverktyg\/frasverktyg-for-prefab-vhf\/#primaryimage"},"thumbnailUrl":"https:\/\/www.jbnordic.se\/wp-content\/uploads\/2023\/02\/VHF_tools_prefab_01.jpg","datePublished":"2023-02-15T12:24:57+00:00","dateModified":"2026-02-11T10:07:22+00:00","description":"Dessa verktyg \u00e4r avsedda f\u00f6r prefab abutment till vhfs N4\/N4+. Optimerade f\u00f6r fr\u00e4sning i Co-Cr (torrt) eller Titan (kr\u00e4ver vattenkylning). Totall\u00e4ngd 32mm.","breadcrumb":{"@id":"https:\/\/www.jbnordic.se\/butik\/frasning\/frasverktyg\/frasverktyg-for-prefab-vhf\/#breadcrumb"},"inLanguage":"en-US","potentialAction":[{"@type":"ReadAction","target":["https:\/\/www.jbnordic.se\/butik\/frasning\/frasverktyg\/frasverktyg-for-prefab-vhf\/"]}]},{"@type":"ImageObject","inLanguage":"en-US","@id":"https:\/\/www.jbnordic.se\/butik\/frasning\/frasverktyg\/frasverktyg-for-prefab-vhf\/#primaryimage","url":"https:\/\/www.jbnordic.se\/wp-content\/uploads\/2023\/02\/VHF_tools_prefab_01.jpg","contentUrl":"https:\/\/www.jbnordic.se\/wp-content\/uploads\/2023\/02\/VHF_tools_prefab_01.jpg","width":1080,"height":1080,"caption":"VHF tools for prefab abutment"},{"@type":"BreadcrumbList","@id":"https:\/\/www.jbnordic.se\/butik\/frasning\/frasverktyg\/frasverktyg-for-prefab-vhf\/#breadcrumb","itemListElement":[{"@type":"ListItem","position":1,"name":"Hem","item":"https:\/\/www.jbnordic.se\/"},{"@type":"ListItem","position":2,"name":"Fr\u00e4sverktyg till N4\/N4+ f\u00f6r prefab &#8211; vhf"}]},{"@type":"WebSite","@id":"https:\/\/www.jbnordic.se\/#website","url":"https:\/\/www.jbnordic.se\/","name":"JB Nordic AB","description":"Kunskap!","publisher":{"@id":"https:\/\/www.jbnordic.se\/#organization"},"potentialAction":[{"@type":"SearchAction","target":{"@type":"EntryPoint","urlTemplate":"https:\/\/www.jbnordic.se\/?s={search_term_string}"},"query-input":{"@type":"PropertyValueSpecification","valueRequired":true,"valueName":"search_term_string"}}],"inLanguage":"en-US"},{"@type":"Organization","@id":"https:\/\/www.jbnordic.se\/#organization","name":"JB Nordic","url":"https:\/\/www.jbnordic.se\/","logo":{"@type":"ImageObject","inLanguage":"en-US","@id":"https:\/\/www.jbnordic.se\/#\/schema\/logo\/image\/","url":"https:\/\/www.jbnordic.se\/wp-content\/uploads\/2022\/02\/jb_nordic_logo_blk_h100px.png","contentUrl":"https:\/\/www.jbnordic.se\/wp-content\/uploads\/2022\/02\/jb_nordic_logo_blk_h100px.png","width":480,"height":100,"caption":"JB Nordic"},"image":{"@id":"https:\/\/www.jbnordic.se\/#\/schema\/logo\/image\/"},"sameAs":["https:\/\/www.facebook.com\/jbnordic","https:\/\/www.linkedin.com\/company\/jbnordic.se","https:\/\/www.instagram.com\/jbnordic\/"]}]}},"kroconnect":{"tax_rate":25,"price_inc_vat":{"regular_price":405},"price_ex_vat":{"regular_price":405}},"_links":{"self":[{"href":"https:\/\/www.jbnordic.se\/en\/wp-json\/wp\/v2\/product\/100229","targetHints":{"allow":["GET"]}}],"collection":[{"href":"https:\/\/www.jbnordic.se\/en\/wp-json\/wp\/v2\/product"}],"about":[{"href":"https:\/\/www.jbnordic.se\/en\/wp-json\/wp\/v2\/types\/product"}],"wp:featuredmedia":[{"embeddable":true,"href":"https:\/\/www.jbnordic.se\/en\/wp-json\/wp\/v2\/media\/100328"}],"wp:attachment":[{"href":"https:\/\/www.jbnordic.se\/en\/wp-json\/wp\/v2\/media?parent=100229"}],"wp:term":[{"taxonomy":"product_brand","embeddable":true,"href":"https:\/\/www.jbnordic.se\/en\/wp-json\/wp\/v2\/product_brand?post=100229"},{"taxonomy":"product_cat","embeddable":true,"href":"https:\/\/www.jbnordic.se\/en\/wp-json\/wp\/v2\/product_cat?post=100229"},{"taxonomy":"product_tag","embeddable":true,"href":"https:\/\/www.jbnordic.se\/en\/wp-json\/wp\/v2\/product_tag?post=100229"}],"curies":[{"name":"wp","href":"https:\/\/api.w.org\/{rel}","templated":true}]}}