{"id":6808,"date":"2019-08-15T11:21:42","date_gmt":"2019-08-15T09:21:42","guid":{"rendered":"https:\/\/www.jbnordic.se\/?page_id=6808"},"modified":"2024-01-26T09:05:55","modified_gmt":"2024-01-26T08:05:55","slug":"kundcase","status":"publish","type":"page","link":"https:\/\/www.jbnordic.se\/en\/kundcase\/","title":{"rendered":"Customer case"},"content":{"rendered":"<div id=\"fws_69f76e07ba7d7\"  data-column-margin=\"default\" data-midnight=\"light\" data-top-percent=\"5%\" data-bottom-percent=\"5%\"  class=\"wpb_row vc_row-fluid vc_row full-width-section  top_padding_tablet_10pct top_padding_phone_16pct bottom_padding_tablet_10pct bottom_padding_phone_4pct\"  style=\"padding-top: calc(100vw * 0.05); padding-bottom: calc(100vw * 0.05); \"><div class=\"row-bg-wrap\" data-bg-animation=\"none\" data-bg-animation-delay=\"\" data-bg-overlay=\"false\"><div class=\"inner-wrap row-bg-layer\" ><div class=\"row-bg viewport-desktop using-bg-color\"  style=\"background-color: #212122; \"><\/div><\/div><\/div><div class=\"row_col_wrap_12 col span_12 light left\">\n\t<div  class=\"vc_col-sm-12 wpb_column column_container vc_column_container col no-extra-padding inherit_tablet inherit_phone\"  data-padding-pos=\"all\" data-has-bg-color=\"false\" data-bg-color=\"\" data-bg-opacity=\"1\" data-animation=\"\" data-delay=\"0\" >\n\t\t<div class=\"vc_column-inner\" >\n\t\t\t<div class=\"wpb_wrapper\">\n\t\t\t\t<div id=\"fws_69f76e07bab3e\" data-midnight=\"\" data-column-margin=\"default\" class=\"wpb_row vc_row-fluid vc_row inner_row  right_padding_25pct left_padding_25pct bottom_padding_tablet_0px bottom_padding_phone_0px right_padding_tablet_10pct right_padding_phone_2pct left_padding_tablet_10pct left_padding_phone_2pct\"  style=\"padding-bottom: 30px; \"><div class=\"row-bg-wrap\"> <div class=\"row-bg\" ><\/div> <\/div><div class=\"row_col_wrap_12_inner col span_12  left\">\n\t<div  class=\"vc_col-sm-12 wpb_column column_container vc_column_container col child_column centered-text no-extra-padding inherit_tablet inherit_phone\"   data-padding-pos=\"all\" data-has-bg-color=\"false\" data-bg-color=\"\" data-bg-opacity=\"1\" data-animation=\"\" data-delay=\"0\" >\n\t\t<div class=\"vc_column-inner\" >\n\t\t<div class=\"wpb_wrapper\">\n\t\t\t<div class=\"nectar-split-heading  font_size_phone_30px font_line_height_1px\" data-align=\"default\" data-m-align=\"inherit\" data-text-effect=\"none\" data-animation-type=\"line-reveal-by-space\" data-animation-delay=\"0\" data-animation-offset=\"\" data-m-rm-animation=\"\" data-stagger=\"\" data-custom-font-size=\"false\" ><h2 style=\" color: #00b9a3;\">This is how we have helped other companies to develop.<\/h2><\/div>\n\t\t<\/div> \n\t<\/div>\n\t<\/div> \n<\/div><\/div><div class='nectar-post-grid-wrap text-color-light spacing-15px' data-el-settings='{\"post_type\":\"portfolio\",\"pagination\":\"none\",\"image_size\":\"large\",\"aspect_ratio_image_size\":\"yes\",\"display_categories\":\"yes\",\"display_excerpt\":\"yes\",\"display_date\":\"0\",\"color_overlay\":\"\",\"color_overlay_opacity\":\"\",\"color_overlay_hover_opacity\":\"\",\"card_bg_color\":\"\",\"grid_style\":\"content_under_image\",\"hover_effect\":\"animated_underline\",\"post_title_overlay\":\"\",\"heading_tag\":\"h4\",\"enable_gallery_lightbox\":\"0\",\"overlay_secondary_project_image\":\"\",\"vertical_list_hover_effect\":\"none\",\"vertical_list_read_more\":\"\"}' data-style='content_under_image' data-query='{\"post_type\":\"portfolio\",\"posts_per_page\":\"8\",\"order\":\"DESC\",\"orderby\":\"date\",\"offset\":\"0\",\"cpt_name\":\"post\",\"custom_query_tax\":\"\",\"ignore_sticky_posts\":\"\"}' data-load-more-color='black' data-load-more-text='Load More'><div class=\"nectar-post-grid-filters\" data-active-color=\"default\" data-align=\"default\" data-animation=\"none\" data-sortable=\"\"><h4>Filter<\/h4><div><a href=\"#\" data-filter=\"kundcase\" data-total-count=\"5\">Customer case<\/a><\/div><\/div><div class=\"nectar-post-grid\" data-indicator=\"\" data-indicator-style=\"default\" data-indicator-text-color=\"#fff\" data-indicator-color=\"#000\" data-indicator-text=\"View\" data-columns=\"2\" data-hover-effect=\"animated_underline\" data-text-style=\"default\" data-border-radius=\"none\" data-grid-item-height=\"30vh\" data-grid-spacing=\"15px\" data-text-layout=\"top_left\" data-text-color=\"light\" data-text-hover-color=\"light\" data-shadow-hover=\"\" data-masonry=\"false\" data-animation=\"none\" data-cat-click=\"static\" data-lock-aspect=\"yes\"  data-text-align=\"left\" data-card=\"\"><div class=\"nectar-post-grid-item nectar-underline\" data-post-id=\"104733\" data-has-img=\"true\"> <div class=\"inner\"><div class=\"nectar-post-grid-item-bg-wrap\"><div class=\"nectar-post-grid-item-bg-wrap-inner\"><a class=\"bg-wrap-link\" aria-label=\"Our close collaboration with JB Nordic means we always feel safe.\" href=\"https:\/\/www.jbnordic.se\/en\/portfolio\/vart-tata-samarbetet-med-jb-nordic-gor-att-vi-alltid-kanner-oss-trygga\/\"><\/a><div class=\"nectar-post-grid-item-bg\"><img decoding=\"async\" class=\"skip-lazy\" src=\"https:\/\/www.jbnordic.se\/wp-content\/uploads\/2023\/03\/cox_dental-1.jpg\" alt=\"V\u00e5rt t\u00e4ta samarbete med JB Nordic g\u00f6r att vi alltid k\u00e4nner oss trygga.\" \/><\/div><\/div><\/div><div class=\"content\"><a class=\"nectar-post-grid-link\" href=\"https:\/\/www.jbnordic.se\/en\/portfolio\/vart-tata-samarbetet-med-jb-nordic-gor-att-vi-alltid-kanner-oss-trygga\/\" aria-label=\"Our close collaboration with JB Nordic means we always feel safe.\"><\/a><span class=\"meta-category\"><a class=\"kundcase\" href=\"https:\/\/www.jbnordic.se\/en\/project-type\/kundcase\/\">Customer case<\/a><\/span><div class=\"item-main\"><h4 class=\"post-heading\"><a href=\"https:\/\/www.jbnordic.se\/en\/portfolio\/vart-tata-samarbetet-med-jb-nordic-gor-att-vi-alltid-kanner-oss-trygga\/\"><span>Our close collaboration with JB Nordic means we always feel safe.<\/span><\/a><\/h4><div class=\"item-meta-extra\"><span class=\"meta-excerpt\"><strong><span style=\"color:#00b9a3\">Brendan Cox | Cox Dental<\/span><\/strong> Both we and our customers have high demands and JB Nordic always meets them. Thanks to our close cooperation, we always feel safe...<\/span><\/div><\/div><\/div><\/div><\/div><div class=\"nectar-post-grid-item nectar-underline\" data-post-id=\"83855\" data-has-img=\"true\"> <div class=\"inner\"><div class=\"nectar-post-grid-item-bg-wrap\"><div class=\"nectar-post-grid-item-bg-wrap-inner\"><a class=\"bg-wrap-link\" aria-label=\"A really good solution and a safe setup.\" href=\"https:\/\/www.jbnordic.se\/en\/portfolio\/en-riktigt-bra-losning-och-ett-tryggt-upplagg\/\"><\/a><div class=\"nectar-post-grid-item-bg\"><img decoding=\"async\" class=\"skip-lazy\" src=\"https:\/\/www.jbnordic.se\/wp-content\/uploads\/2022\/11\/Kim_Rix_03.jpg\" alt=\"En riktigt bra l\u00f6sning och ett tryggt uppl\u00e4gg.\" \/><\/div><\/div><\/div><div class=\"content\"><a class=\"nectar-post-grid-link\" href=\"https:\/\/www.jbnordic.se\/en\/portfolio\/en-riktigt-bra-losning-och-ett-tryggt-upplagg\/\" aria-label=\"A really good solution and a safe setup.\"><\/a><span class=\"meta-category\"><a class=\"kundcase\" href=\"https:\/\/www.jbnordic.se\/en\/project-type\/kundcase\/\">Customer case<\/a><\/span><div class=\"item-main\"><h4 class=\"post-heading\"><a href=\"https:\/\/www.jbnordic.se\/en\/portfolio\/en-riktigt-bra-losning-och-ett-tryggt-upplagg\/\"><span>A really good solution and a safe setup.<\/span><\/a><\/h4><div class=\"item-meta-extra\"><span class=\"meta-excerpt\"><strong><span style=\"color:#00b9a3\">Kim Rix | RixTANDteknik<\/span><\/strong> I wanted to mill dentures of the highest quality and had heard that JB Nordic could have a solution...<\/span><\/div><\/div><\/div><\/div><\/div><div class=\"nectar-post-grid-item nectar-underline\" data-post-id=\"88291\" data-has-img=\"true\"> <div class=\"inner\"><div class=\"nectar-post-grid-item-bg-wrap\"><div class=\"nectar-post-grid-item-bg-wrap-inner\"><a class=\"bg-wrap-link\" aria-label=\"JB Nordic is knowledgeable, provides relevant information but does not exaggerate.\" href=\"https:\/\/www.jbnordic.se\/en\/portfolio\/jb-nordic-ar-kunniga-ger-relevant-information-men-overdriver-inte\/\"><\/a><div class=\"nectar-post-grid-item-bg\"><img decoding=\"async\" class=\"skip-lazy\" src=\"https:\/\/www.jbnordic.se\/wp-content\/uploads\/2022\/12\/din_tanntekniker.jpg\" alt=\"JB Nordic \u00e4r kunniga, ger relevant information men \u00f6verdriver inte.\" \/><\/div><\/div><\/div><div class=\"content\"><a class=\"nectar-post-grid-link\" href=\"https:\/\/www.jbnordic.se\/en\/portfolio\/jb-nordic-ar-kunniga-ger-relevant-information-men-overdriver-inte\/\" aria-label=\"JB Nordic is knowledgeable, provides relevant information but does not exaggerate.\"><\/a><span class=\"meta-category\"><a class=\"kundcase\" href=\"https:\/\/www.jbnordic.se\/en\/project-type\/kundcase\/\">Customer case<\/a><\/span><div class=\"item-main\"><h4 class=\"post-heading\"><a href=\"https:\/\/www.jbnordic.se\/en\/portfolio\/jb-nordic-ar-kunniga-ger-relevant-information-men-overdriver-inte\/\"><span>JB Nordic is knowledgeable, provides relevant information but does not exaggerate.<\/span><\/a><\/h4><div class=\"item-meta-extra\"><span class=\"meta-excerpt\"><strong><span style=\"color:#00b9a3\">Vilhemina Magnusdottir | Din Tanntekniker<\/span><\/strong> With good guidance, it feels easy to invest in new equipment and materials. The recommendations we received have matched our needs well...<\/span><\/div><\/div><\/div><\/div><\/div><div class=\"nectar-post-grid-item nectar-underline\" data-post-id=\"85414\" data-has-img=\"true\"> <div class=\"inner\"><div class=\"nectar-post-grid-item-bg-wrap\"><div class=\"nectar-post-grid-item-bg-wrap-inner\"><a class=\"bg-wrap-link\" aria-label=\"To keep production rolling, you need good and knowledgeable support. Fast!\" href=\"https:\/\/www.jbnordic.se\/en\/portfolio\/projekt-kundcase\/\"><\/a><div class=\"nectar-post-grid-item-bg\"><img decoding=\"async\" class=\"skip-lazy\" src=\"https:\/\/www.jbnordic.se\/wp-content\/uploads\/2022\/12\/przemek_seweryniak_cosmodent.jpg\" alt=\"F\u00f6r att produktionen ska rulla p\u00e5 beh\u00f6ver du bra och kunnig support. Snabbt!\" \/><\/div><\/div><\/div><div class=\"content\"><a class=\"nectar-post-grid-link\" href=\"https:\/\/www.jbnordic.se\/en\/portfolio\/projekt-kundcase\/\" aria-label=\"To keep production rolling, you need good and knowledgeable support. Fast!\"><\/a><span class=\"meta-category\"><a class=\"kundcase\" href=\"https:\/\/www.jbnordic.se\/en\/project-type\/kundcase\/\">Customer case<\/a><\/span><div class=\"item-main\"><h4 class=\"post-heading\"><a href=\"https:\/\/www.jbnordic.se\/en\/portfolio\/projekt-kundcase\/\"><span>To keep production rolling, you need good and knowledgeable support. Fast!<\/span><\/a><\/h4><div class=\"item-meta-extra\"><span class=\"meta-excerpt\"><strong><span style=\"color:#00b9a3\">Przemek Seweryniak | Cosmodent<\/span><\/strong> Because quality is so important, we chose VHF milling machines and zirconia from WhitePeaks. We want to be at the forefront and have very high standards...<\/span><\/div><\/div><\/div><\/div><\/div><div class=\"nectar-post-grid-item nectar-underline\" data-post-id=\"85385\" data-has-img=\"true\"> <div class=\"inner\"><div class=\"nectar-post-grid-item-bg-wrap\"><div class=\"nectar-post-grid-item-bg-wrap-inner\"><a class=\"bg-wrap-link\" aria-label=\"Despite all the experience, experts are needed.\" href=\"https:\/\/www.jbnordic.se\/en\/portfolio\/trots-all-erfarenhet-behovs-experter\/\"><\/a><div class=\"nectar-post-grid-item-bg\"><img decoding=\"async\" class=\"skip-lazy\" src=\"https:\/\/www.jbnordic.se\/wp-content\/uploads\/2022\/12\/Olle_WillaDental.jpg\" alt=\"Trots all erfarenhet beh\u00f6vs experter.\" \/><\/div><\/div><\/div><div class=\"content\"><a class=\"nectar-post-grid-link\" href=\"https:\/\/www.jbnordic.se\/en\/portfolio\/trots-all-erfarenhet-behovs-experter\/\" aria-label=\"Despite all the experience, experts are needed.\"><\/a><span class=\"meta-category\"><a class=\"kundcase\" href=\"https:\/\/www.jbnordic.se\/en\/project-type\/kundcase\/\">Customer case<\/a><\/span><div class=\"item-main\"><h4 class=\"post-heading\"><a href=\"https:\/\/www.jbnordic.se\/en\/portfolio\/trots-all-erfarenhet-behovs-experter\/\"><span>Despite all the experience, experts are needed.<\/span><\/a><\/h4><div class=\"item-meta-extra\"><span class=\"meta-excerpt\"><strong><span style=\"color:#00b9a3\">Olle Gr\u00f6nberg | Willa Dental<\/span><\/strong> For everything to work, we needed a supplier who was truly an expert in dental 3D printing and who knew what was required...<\/span><\/div><\/div><\/div><\/div><\/div><\/div><\/div>\n\t\t\t<\/div> \n\t\t<\/div>\n\t<\/div> \n<\/div><\/div>\n\t\t<div id=\"kunder\"  data-column-margin=\"default\" data-midnight=\"light\" data-top-percent=\"7%\" data-bottom-percent=\"7%\"  class=\"wpb_row vc_row-fluid vc_row full-width-section\"  style=\"padding-top: calc(100vw * 0.07); padding-bottom: calc(100vw * 0.07); \"><div class=\"row-bg-wrap\" data-bg-animation=\"none\" data-bg-animation-delay=\"\" data-bg-overlay=\"false\"><div class=\"inner-wrap row-bg-layer\" ><div class=\"row-bg viewport-desktop using-bg-color\"  style=\"background-color: #212122; \"><\/div><\/div><\/div><div class=\"row_col_wrap_12 col span_12 light left\">\n\t<div  class=\"vc_col-sm-12 wpb_column column_container vc_column_container col no-extra-padding inherit_tablet inherit_phone\"  data-padding-pos=\"all\" data-has-bg-color=\"false\" data-bg-color=\"\" data-bg-opacity=\"1\" data-animation=\"\" data-delay=\"0\" >\n\t\t<div class=\"vc_column-inner\" >\n\t\t\t<div class=\"wpb_wrapper\">\n\t\t\t\t<h2 style=\"color: #00b9a3;text-align: center\" class=\"vc_custom_heading\" >Some of our customers<\/h2><div class=\"divider-wrap\" data-alignment=\"default\"><div style=\"height: 30px;\" class=\"divider\"><\/div><\/div>\t\n\t\t\n\t<div class=\"clients no-carousel four-cols\" data-he=\"opacity\" data-additional_padding=\"2\">\n\t\t\t<div class=\"no-link\">\n\t\t<img decoding=\"async\" data-src=\"https:\/\/www.jbnordic.se\/wp-content\/uploads\/2019\/08\/logo_kund_0000_Smart-vektorobjekt.png\" alt=\"Tandea logo\" width=\"600\" height=\"450\" src=\"data:image\/svg+xml;base64,PHN2ZyB3aWR0aD0iMSIgaGVpZ2h0PSIxIiB4bWxucz0iaHR0cDovL3d3dy53My5vcmcvMjAwMC9zdmciPjwvc3ZnPg==\" class=\"lazyload\" style=\"--smush-placeholder-width: 600px; --smush-placeholder-aspect-ratio: 600\/450;\" \/>\t<\/div>\n\t<div class=\"no-link\">\n\t\t<img decoding=\"async\" data-src=\"https:\/\/www.jbnordic.se\/wp-content\/uploads\/2019\/08\/niom.png\" alt=\"niom\" width=\"600\" height=\"450\" src=\"data:image\/svg+xml;base64,PHN2ZyB3aWR0aD0iMSIgaGVpZ2h0PSIxIiB4bWxucz0iaHR0cDovL3d3dy53My5vcmcvMjAwMC9zdmciPjwvc3ZnPg==\" class=\"lazyload\" style=\"--smush-placeholder-width: 600px; --smush-placeholder-aspect-ratio: 600\/450;\" \/>\t<\/div>\n\t<div class=\"no-link\">\n\t\t<img decoding=\"async\" data-src=\"https:\/\/www.jbnordic.se\/wp-content\/uploads\/2019\/08\/logo_kund_0006_Smart-vektorobjekt.png\" alt=\"Tandl\u00e4karna Stora Gungan\" width=\"600\" height=\"450\" src=\"data:image\/svg+xml;base64,PHN2ZyB3aWR0aD0iMSIgaGVpZ2h0PSIxIiB4bWxucz0iaHR0cDovL3d3dy53My5vcmcvMjAwMC9zdmciPjwvc3ZnPg==\" class=\"lazyload\" style=\"--smush-placeholder-width: 600px; --smush-placeholder-aspect-ratio: 600\/450;\" \/>\t<\/div>\n\t<div class=\"no-link\">\n\t\t<img decoding=\"async\" data-src=\"https:\/\/www.jbnordic.se\/wp-content\/uploads\/2019\/08\/logo_kund_0008_Smart-vektorobjekt.png\" alt=\"Elanders Dental Lab\" width=\"600\" height=\"450\" src=\"data:image\/svg+xml;base64,PHN2ZyB3aWR0aD0iMSIgaGVpZ2h0PSIxIiB4bWxucz0iaHR0cDovL3d3dy53My5vcmcvMjAwMC9zdmciPjwvc3ZnPg==\" class=\"lazyload\" style=\"--smush-placeholder-width: 600px; --smush-placeholder-aspect-ratio: 600\/450;\" \/>\t<\/div>\n\t<div class=\"no-link\">\n\t\t<img decoding=\"async\" data-src=\"https:\/\/www.jbnordic.se\/wp-content\/uploads\/2019\/08\/logo_kund_0009_Smart-vektorobjekt.png\" alt=\"Lule\u00e5 Dental\" width=\"600\" height=\"450\" src=\"data:image\/svg+xml;base64,PHN2ZyB3aWR0aD0iMSIgaGVpZ2h0PSIxIiB4bWxucz0iaHR0cDovL3d3dy53My5vcmcvMjAwMC9zdmciPjwvc3ZnPg==\" class=\"lazyload\" style=\"--smush-placeholder-width: 600px; --smush-placeholder-aspect-ratio: 600\/450;\" \/>\t<\/div>\n\t<div class=\"no-link\">\n\t\t<img decoding=\"async\" data-src=\"https:\/\/www.jbnordic.se\/wp-content\/uploads\/2019\/08\/logo_0002_Kth_logo.svg_.png\" alt=\"KTH\" width=\"600\" height=\"450\" src=\"data:image\/svg+xml;base64,PHN2ZyB3aWR0aD0iMSIgaGVpZ2h0PSIxIiB4bWxucz0iaHR0cDovL3d3dy53My5vcmcvMjAwMC9zdmciPjwvc3ZnPg==\" class=\"lazyload\" style=\"--smush-placeholder-width: 600px; --smush-placeholder-aspect-ratio: 600\/450;\" \/>\t<\/div>\n\t<div class=\"no-link\">\n\t\t<img decoding=\"async\" data-src=\"https:\/\/www.jbnordic.se\/wp-content\/uploads\/2023\/11\/logo_capio.png\" alt=\"Capio Specialisttandl\u00e4karna\" width=\"600\" height=\"450\" src=\"data:image\/svg+xml;base64,PHN2ZyB3aWR0aD0iMSIgaGVpZ2h0PSIxIiB4bWxucz0iaHR0cDovL3d3dy53My5vcmcvMjAwMC9zdmciPjwvc3ZnPg==\" class=\"lazyload\" style=\"--smush-placeholder-width: 600px; --smush-placeholder-aspect-ratio: 600\/450;\" \/>\t<\/div>\n\t<div class=\"no-link\">\n\t\t<img decoding=\"async\" data-src=\"https:\/\/www.jbnordic.se\/wp-content\/uploads\/2019\/08\/logo_0000_midtNorge_logo.png\" alt=\"Midt Norge Dental\" width=\"600\" height=\"450\" src=\"data:image\/svg+xml;base64,PHN2ZyB3aWR0aD0iMSIgaGVpZ2h0PSIxIiB4bWxucz0iaHR0cDovL3d3dy53My5vcmcvMjAwMC9zdmciPjwvc3ZnPg==\" class=\"lazyload\" style=\"--smush-placeholder-width: 600px; --smush-placeholder-aspect-ratio: 600\/450;\" \/>\t<\/div>\n\t<div class=\"no-link\">\n\t\t<img decoding=\"async\" data-src=\"https:\/\/www.jbnordic.se\/wp-content\/uploads\/2019\/08\/logo_0004_Lager-1.png\" alt=\"G\u00f6teborgs universitet\" width=\"600\" height=\"450\" src=\"data:image\/svg+xml;base64,PHN2ZyB3aWR0aD0iMSIgaGVpZ2h0PSIxIiB4bWxucz0iaHR0cDovL3d3dy53My5vcmcvMjAwMC9zdmciPjwvc3ZnPg==\" class=\"lazyload\" style=\"--smush-placeholder-width: 600px; --smush-placeholder-aspect-ratio: 600\/450;\" \/>\t<\/div>\n\t<div class=\"no-link\">\n\t\t<img decoding=\"async\" data-src=\"https:\/\/www.jbnordic.se\/wp-content\/uploads\/2019\/08\/logo_0003_logo_finnmark_topp.png\" alt=\"Finnmark\" width=\"600\" height=\"450\" src=\"data:image\/svg+xml;base64,PHN2ZyB3aWR0aD0iMSIgaGVpZ2h0PSIxIiB4bWxucz0iaHR0cDovL3d3dy53My5vcmcvMjAwMC9zdmciPjwvc3ZnPg==\" class=\"lazyload\" style=\"--smush-placeholder-width: 600px; --smush-placeholder-aspect-ratio: 600\/450;\" \/>\t<\/div>\n\t<div class=\"no-link\">\n\t\t<img decoding=\"async\" data-src=\"https:\/\/www.jbnordic.se\/wp-content\/uploads\/2023\/11\/logo_willa_dental.png\" alt=\"Willa Dental\" width=\"600\" height=\"450\" src=\"data:image\/svg+xml;base64,PHN2ZyB3aWR0aD0iMSIgaGVpZ2h0PSIxIiB4bWxucz0iaHR0cDovL3d3dy53My5vcmcvMjAwMC9zdmciPjwvc3ZnPg==\" class=\"lazyload\" style=\"--smush-placeholder-width: 600px; --smush-placeholder-aspect-ratio: 600\/450;\" \/>\t<\/div>\n\t<\/div>\n\t\n\n\t\t\t<\/div> \n\t\t<\/div>\n\t<\/div> \n<\/div><\/div>","protected":false},"excerpt":{"rendered":"","protected":false},"author":1,"featured_media":0,"parent":0,"menu_order":0,"comment_status":"closed","ping_status":"closed","template":"","meta":{"footnotes":""},"class_list":["post-6808","page","type-page","status-publish"],"yoast_head":"<!-- This site is optimized with the Yoast SEO plugin v26.7 - https:\/\/yoast.com\/wordpress\/plugins\/seo\/ -->\n<title>Kundcase - JB Nordic AB<\/title>\n<meta name=\"robots\" content=\"index, follow, max-snippet:-1, max-image-preview:large, max-video-preview:-1\" \/>\n<link rel=\"canonical\" href=\"https:\/\/www.jbnordic.se\/en\/kundcase\/\" \/>\n<meta property=\"og:locale\" content=\"en_US\" \/>\n<meta property=\"og:type\" content=\"article\" \/>\n<meta property=\"og:title\" content=\"Kundcase - JB Nordic AB\" \/>\n<meta property=\"og:url\" content=\"https:\/\/www.jbnordic.se\/en\/kundcase\/\" \/>\n<meta property=\"og:site_name\" content=\"JB Nordic AB\" \/>\n<meta property=\"article:publisher\" content=\"https:\/\/www.facebook.com\/jbnordic\" \/>\n<meta property=\"article:modified_time\" content=\"2024-01-26T08:05:55+00:00\" \/>\n<meta name=\"twitter:card\" content=\"summary_large_image\" \/>\n<meta name=\"twitter:label1\" content=\"Est. reading time\" \/>\n\t<meta name=\"twitter:data1\" content=\"5 minutes\" \/>\n<script type=\"application\/ld+json\" class=\"yoast-schema-graph\">{\"@context\":\"https:\/\/schema.org\",\"@graph\":[{\"@type\":\"WebPage\",\"@id\":\"https:\/\/www.jbnordic.se\/kundcase\/\",\"url\":\"https:\/\/www.jbnordic.se\/kundcase\/\",\"name\":\"Kundcase - JB Nordic AB\",\"isPartOf\":{\"@id\":\"https:\/\/www.jbnordic.se\/#website\"},\"datePublished\":\"2019-08-15T09:21:42+00:00\",\"dateModified\":\"2024-01-26T08:05:55+00:00\",\"breadcrumb\":{\"@id\":\"https:\/\/www.jbnordic.se\/kundcase\/#breadcrumb\"},\"inLanguage\":\"en-US\",\"potentialAction\":[{\"@type\":\"ReadAction\",\"target\":[\"https:\/\/www.jbnordic.se\/kundcase\/\"]}]},{\"@type\":\"BreadcrumbList\",\"@id\":\"https:\/\/www.jbnordic.se\/kundcase\/#breadcrumb\",\"itemListElement\":[{\"@type\":\"ListItem\",\"position\":1,\"name\":\"Hem\",\"item\":\"https:\/\/www.jbnordic.se\/\"},{\"@type\":\"ListItem\",\"position\":2,\"name\":\"Kundcase\"}]},{\"@type\":\"WebSite\",\"@id\":\"https:\/\/www.jbnordic.se\/#website\",\"url\":\"https:\/\/www.jbnordic.se\/\",\"name\":\"JB Nordic AB\",\"description\":\"Kunskap!\",\"publisher\":{\"@id\":\"https:\/\/www.jbnordic.se\/#organization\"},\"potentialAction\":[{\"@type\":\"SearchAction\",\"target\":{\"@type\":\"EntryPoint\",\"urlTemplate\":\"https:\/\/www.jbnordic.se\/?s={search_term_string}\"},\"query-input\":{\"@type\":\"PropertyValueSpecification\",\"valueRequired\":true,\"valueName\":\"search_term_string\"}}],\"inLanguage\":\"en-US\"},{\"@type\":\"Organization\",\"@id\":\"https:\/\/www.jbnordic.se\/#organization\",\"name\":\"JB Nordic\",\"url\":\"https:\/\/www.jbnordic.se\/\",\"logo\":{\"@type\":\"ImageObject\",\"inLanguage\":\"en-US\",\"@id\":\"https:\/\/www.jbnordic.se\/#\/schema\/logo\/image\/\",\"url\":\"https:\/\/www.jbnordic.se\/wp-content\/uploads\/2022\/02\/jb_nordic_logo_blk_h100px.png\",\"contentUrl\":\"https:\/\/www.jbnordic.se\/wp-content\/uploads\/2022\/02\/jb_nordic_logo_blk_h100px.png\",\"width\":480,\"height\":100,\"caption\":\"JB Nordic\"},\"image\":{\"@id\":\"https:\/\/www.jbnordic.se\/#\/schema\/logo\/image\/\"},\"sameAs\":[\"https:\/\/www.facebook.com\/jbnordic\",\"https:\/\/www.linkedin.com\/company\/jbnordic.se\",\"https:\/\/www.instagram.com\/jbnordic\/\"]}]}<\/script>\n<!-- \/ Yoast SEO plugin. -->","yoast_head_json":{"title":"Kundcase - JB Nordic AB","robots":{"index":"index","follow":"follow","max-snippet":"max-snippet:-1","max-image-preview":"max-image-preview:large","max-video-preview":"max-video-preview:-1"},"canonical":"https:\/\/www.jbnordic.se\/en\/kundcase\/","og_locale":"en_US","og_type":"article","og_title":"Kundcase - JB Nordic AB","og_url":"https:\/\/www.jbnordic.se\/en\/kundcase\/","og_site_name":"JB Nordic AB","article_publisher":"https:\/\/www.facebook.com\/jbnordic","article_modified_time":"2024-01-26T08:05:55+00:00","twitter_card":"summary_large_image","twitter_misc":{"Est. reading time":"5 minutes"},"schema":{"@context":"https:\/\/schema.org","@graph":[{"@type":"WebPage","@id":"https:\/\/www.jbnordic.se\/kundcase\/","url":"https:\/\/www.jbnordic.se\/kundcase\/","name":"Kundcase - JB Nordic AB","isPartOf":{"@id":"https:\/\/www.jbnordic.se\/#website"},"datePublished":"2019-08-15T09:21:42+00:00","dateModified":"2024-01-26T08:05:55+00:00","breadcrumb":{"@id":"https:\/\/www.jbnordic.se\/kundcase\/#breadcrumb"},"inLanguage":"en-US","potentialAction":[{"@type":"ReadAction","target":["https:\/\/www.jbnordic.se\/kundcase\/"]}]},{"@type":"BreadcrumbList","@id":"https:\/\/www.jbnordic.se\/kundcase\/#breadcrumb","itemListElement":[{"@type":"ListItem","position":1,"name":"Hem","item":"https:\/\/www.jbnordic.se\/"},{"@type":"ListItem","position":2,"name":"Kundcase"}]},{"@type":"WebSite","@id":"https:\/\/www.jbnordic.se\/#website","url":"https:\/\/www.jbnordic.se\/","name":"JB Nordic AB","description":"Kunskap!","publisher":{"@id":"https:\/\/www.jbnordic.se\/#organization"},"potentialAction":[{"@type":"SearchAction","target":{"@type":"EntryPoint","urlTemplate":"https:\/\/www.jbnordic.se\/?s={search_term_string}"},"query-input":{"@type":"PropertyValueSpecification","valueRequired":true,"valueName":"search_term_string"}}],"inLanguage":"en-US"},{"@type":"Organization","@id":"https:\/\/www.jbnordic.se\/#organization","name":"JB Nordic","url":"https:\/\/www.jbnordic.se\/","logo":{"@type":"ImageObject","inLanguage":"en-US","@id":"https:\/\/www.jbnordic.se\/#\/schema\/logo\/image\/","url":"https:\/\/www.jbnordic.se\/wp-content\/uploads\/2022\/02\/jb_nordic_logo_blk_h100px.png","contentUrl":"https:\/\/www.jbnordic.se\/wp-content\/uploads\/2022\/02\/jb_nordic_logo_blk_h100px.png","width":480,"height":100,"caption":"JB Nordic"},"image":{"@id":"https:\/\/www.jbnordic.se\/#\/schema\/logo\/image\/"},"sameAs":["https:\/\/www.facebook.com\/jbnordic","https:\/\/www.linkedin.com\/company\/jbnordic.se","https:\/\/www.instagram.com\/jbnordic\/"]}]}},"_links":{"self":[{"href":"https:\/\/www.jbnordic.se\/en\/wp-json\/wp\/v2\/pages\/6808","targetHints":{"allow":["GET"]}}],"collection":[{"href":"https:\/\/www.jbnordic.se\/en\/wp-json\/wp\/v2\/pages"}],"about":[{"href":"https:\/\/www.jbnordic.se\/en\/wp-json\/wp\/v2\/types\/page"}],"author":[{"embeddable":true,"href":"https:\/\/www.jbnordic.se\/en\/wp-json\/wp\/v2\/users\/1"}],"replies":[{"embeddable":true,"href":"https:\/\/www.jbnordic.se\/en\/wp-json\/wp\/v2\/comments?post=6808"}],"version-history":[{"count":7,"href":"https:\/\/www.jbnordic.se\/en\/wp-json\/wp\/v2\/pages\/6808\/revisions"}],"predecessor-version":[{"id":182532,"href":"https:\/\/www.jbnordic.se\/en\/wp-json\/wp\/v2\/pages\/6808\/revisions\/182532"}],"wp:attachment":[{"href":"https:\/\/www.jbnordic.se\/en\/wp-json\/wp\/v2\/media?parent=6808"}],"curies":[{"name":"wp","href":"https:\/\/api.w.org\/{rel}","templated":true}]}}