{"id":2442,"date":"2019-02-04T20:48:06","date_gmt":"2019-02-04T19:48:06","guid":{"rendered":"https:\/\/www.jbnordic.se\/mitt-konto\/"},"modified":"2022-12-01T09:09:33","modified_gmt":"2022-12-01T08:09:33","slug":"mitt-konto","status":"publish","type":"page","link":"https:\/\/www.jbnordic.se\/en\/mitt-konto\/","title":{"rendered":"Mitt konto"},"content":{"rendered":"<div id=\"fws_69fedcff547b5\"  data-column-margin=\"default\" data-midnight=\"dark\"  class=\"wpb_row vc_row-fluid vc_row  bottom_margin_40px\"  style=\"padding-top: 0px; padding-bottom: 0px; \"><div class=\"row-bg-wrap\" data-bg-animation=\"none\" data-bg-animation-delay=\"\" data-bg-overlay=\"false\"><div class=\"inner-wrap row-bg-layer\" ><div class=\"row-bg viewport-desktop\"  style=\"\"><\/div><\/div><\/div><div class=\"row_col_wrap_12 col span_12 dark left\">\n\t<div  class=\"vc_col-sm-12 wpb_column column_container vc_column_container col no-extra-padding inherit_tablet inherit_phone\"  data-padding-pos=\"right\" data-has-bg-color=\"false\" data-bg-color=\"\" data-bg-opacity=\"1\" data-animation=\"\" data-delay=\"0\" >\n\t\t<div class=\"vc_column-inner\" >\n\t\t\t<div class=\"wpb_wrapper\">\n\t\t\t\t<div class=\"img-with-aniamtion-wrap  custom-width-65pct custom-width-phone-150pct\" data-max-width=\"custom\" data-max-width-mobile=\"default\" data-shadow=\"none\" data-animation=\"none\" >\n      <div class=\"inner\">\n        <div class=\"hover-wrap\"> \n          <div class=\"hover-wrap-inner\">\n            <img decoding=\"async\" class=\"img-with-animation skip-lazy\" data-delay=\"0\" height=\"258\" width=\"1200\" data-animation=\"none\" src=\"https:\/\/www.jbnordic.se\/wp-content\/uploads\/2022\/03\/image_footer_01_w1200px.png\" alt=\"Like you, we&#039;re experts.\" srcset=\"https:\/\/www.jbnordic.se\/wp-content\/uploads\/2022\/03\/image_footer_01_w1200px.png 1200w, https:\/\/www.jbnordic.se\/wp-content\/uploads\/2022\/03\/image_footer_01_w1200px-300x65.png 300w, https:\/\/www.jbnordic.se\/wp-content\/uploads\/2022\/03\/image_footer_01_w1200px-768x165.png 768w\" sizes=\"(max-width: 1200px) 100vw, 1200px\" \/>\n          <\/div>\n        <\/div>\n      <\/div>\n    <\/div>\n\t\t\t<\/div> \n\t\t<\/div>\n\t<\/div> \n<\/div><\/div>\n\t\t<div id=\"fws_69fedcff54de7\"  data-column-margin=\"default\" data-midnight=\"dark\"  class=\"wpb_row vc_row-fluid vc_row\"  style=\"padding-top: 0px; padding-bottom: 0px; \"><div class=\"row-bg-wrap\" data-bg-animation=\"none\" data-bg-animation-delay=\"\" data-bg-overlay=\"false\"><div class=\"inner-wrap row-bg-layer\" ><div class=\"row-bg viewport-desktop\"  style=\"\"><\/div><\/div><\/div><div class=\"row_col_wrap_12 col span_12 dark left\">\n\t<div  class=\"vc_col-sm-12 wpb_column column_container vc_column_container col no-extra-padding inherit_tablet inherit_phone\"  data-padding-pos=\"all\" data-has-bg-color=\"false\" data-bg-color=\"\" data-bg-opacity=\"1\" data-animation=\"\" data-delay=\"0\" >\n\t\t<div class=\"vc_column-inner\" >\n\t\t\t<div class=\"wpb_wrapper\">\n\t\t\t\t<div class=\"woocommerce\"><\/div>\n\t\t\t<\/div> \n\t\t<\/div>\n\t<\/div> \n<\/div><\/div>\n\t\t<div id=\"fws_69fedcff5518d\"  data-column-margin=\"default\" data-midnight=\"dark\"  class=\"wpb_row vc_row-fluid vc_row\"  style=\"padding-top: 0px; padding-bottom: 0px; \"><div class=\"row-bg-wrap\" data-bg-animation=\"none\" data-bg-animation-delay=\"\" data-bg-overlay=\"false\"><div class=\"inner-wrap row-bg-layer\" ><div class=\"row-bg viewport-desktop\"  style=\"\"><\/div><\/div><\/div><div class=\"row_col_wrap_12 col span_12 dark left\">\n\t<div  class=\"vc_col-sm-12 wpb_column column_container vc_column_container col no-extra-padding inherit_tablet inherit_phone\"  data-padding-pos=\"all\" data-has-bg-color=\"false\" data-bg-color=\"\" data-bg-opacity=\"1\" data-animation=\"\" data-delay=\"0\" >\n\t\t<div class=\"vc_column-inner\" >\n\t\t\t<div class=\"wpb_wrapper\">\n\t\t\t\t\n\t\t<div id=\"fws_69fedcff5580d\"  data-column-margin=\"default\" data-midnight=\"dark\" data-top-percent=\"5%\" data-bottom-percent=\"5%\"  class=\"wpb_row vc_row-fluid vc_row full-width-section vc_row-o-equal-height vc_row-flex vc_row-o-content-top\"  style=\"padding-top: calc(100vw * 0.05); padding-bottom: calc(100vw * 0.05); \"><div class=\"row-bg-wrap\" data-bg-animation=\"none\" data-bg-animation-delay=\"\" data-bg-overlay=\"false\"><div class=\"inner-wrap row-bg-layer\" ><div class=\"row-bg viewport-desktop\"  style=\"\"><\/div><\/div><\/div><div class=\"row_col_wrap_12 col span_12 dark left\">\n\t<div  class=\"vc_col-sm-12 wpb_column column_container vc_column_container col no-extra-padding inherit_tablet inherit_phone\"  data-padding-pos=\"all\" data-has-bg-color=\"false\" data-bg-color=\"\" data-bg-opacity=\"1\" data-animation=\"\" data-delay=\"0\" >\n\t\t<div class=\"vc_column-inner\" >\n\t\t\t<div class=\"wpb_wrapper\">\n\t\t\t\t<div id=\"fws_69fedcff55a5d\" data-midnight=\"\" data-column-margin=\"default\" class=\"wpb_row vc_row-fluid vc_row inner_row\"  style=\"padding-bottom: 20px; \"><div class=\"row-bg-wrap\"> <div class=\"row-bg\" ><\/div> <\/div><div class=\"row_col_wrap_12_inner col span_12  left\">\n\t<div  class=\"vc_col-sm-1\/5 wpb_column column_container vc_column_container col child_column no-extra-padding inherit_tablet inherit_phone\"   data-padding-pos=\"all\" data-has-bg-color=\"false\" data-bg-color=\"\" data-bg-opacity=\"1\" data-animation=\"\" data-delay=\"0\" >\n\t\t<div class=\"vc_column-inner\" >\n\t\t<div class=\"wpb_wrapper\">\n\t\t\t\n\t\t<\/div> \n\t<\/div>\n\t<\/div> \n\n\t<div  class=\"vc_col-sm-3\/5 wpb_column column_container vc_column_container col child_column centered-text no-extra-padding inherit_tablet inherit_phone\"   data-padding-pos=\"all\" data-has-bg-color=\"false\" data-bg-color=\"\" data-bg-opacity=\"1\" data-animation=\"\" data-delay=\"0\" >\n\t\t<div class=\"vc_column-inner\" >\n\t\t<div class=\"wpb_wrapper\">\n\t\t\t\n<div class=\"wpb_text_column wpb_content_element\" >\n\t<div class=\"wpb_wrapper\">\n\t\t<h2><span style=\"font-family: proxima_nova_bold;\">Simple and safe!<\/span><\/h2>\n\t<\/div>\n<\/div>\n\n\n\n\n\t\t<\/div> \n\t<\/div>\n\t<\/div> \n\n\t<div  class=\"vc_col-sm-1\/5 wpb_column column_container vc_column_container col child_column no-extra-padding inherit_tablet inherit_phone\"   data-padding-pos=\"all\" data-has-bg-color=\"false\" data-bg-color=\"\" data-bg-opacity=\"1\" data-animation=\"\" data-delay=\"0\" >\n\t\t<div class=\"vc_column-inner\" >\n\t\t<div class=\"wpb_wrapper\">\n\t\t\t\n\t\t<\/div> \n\t<\/div>\n\t<\/div> \n<\/div><\/div><div id=\"fws_69fedcff55f86\" data-midnight=\"\" data-column-margin=\"default\" class=\"wpb_row vc_row-fluid vc_row inner_row vc_row-o-equal-height vc_row-flex\"  style=\"\"><div class=\"row-bg-wrap\"> <div class=\"row-bg\" ><\/div> <\/div><div class=\"row_col_wrap_12_inner col span_12  left\">\n\t<div style=\"\" class=\"vc_col-sm-4 wpb_column column_container vc_column_container col child_column centered-text padding-2-percent inherit_tablet inherit_phone\"  data-using-bg=\"true\" data-padding-pos=\"all\" data-has-bg-color=\"true\" data-bg-color=\"#f7f7f7\" data-bg-opacity=\"1\" data-hover-bg=\"#e5f8f1\" data-hover-bg-opacity=\"1\" data-animation=\"\" data-delay=\"0\" >\n\t\t<div class=\"vc_column-inner\" ><div class=\"column-bg-overlay-wrap column-bg-layer\" data-bg-animation=\"none\"><div class=\"column-bg-overlay\" style=\"opacity: 1; background-color: #f7f7f7;\"><\/div><\/div>\n\t\t<div class=\"wpb_wrapper\">\n\t\t\t<div class=\"img-with-aniamtion-wrap center custom-width-25pct\" data-max-width=\"custom\" data-max-width-mobile=\"default\" data-shadow=\"none\" data-animation=\"none\" >\n      <div class=\"inner\">\n        <div class=\"hover-wrap\"> \n          <div class=\"hover-wrap-inner\">\n            <img decoding=\"async\" class=\"img-with-animation skip-lazy\" data-delay=\"0\" height=\"400\" width=\"400\" data-animation=\"none\" src=\"https:\/\/www.jbnordic.se\/wp-content\/uploads\/2021\/12\/edu_green.png\" alt=\"JB Nordic utbildning\" srcset=\"https:\/\/www.jbnordic.se\/wp-content\/uploads\/2021\/12\/edu_green.png 400w, https:\/\/www.jbnordic.se\/wp-content\/uploads\/2021\/12\/edu_green-150x150.png 150w, https:\/\/www.jbnordic.se\/wp-content\/uploads\/2021\/12\/edu_green-300x300.png 300w, https:\/\/www.jbnordic.se\/wp-content\/uploads\/2021\/12\/edu_green-100x100.png 100w, https:\/\/www.jbnordic.se\/wp-content\/uploads\/2021\/12\/edu_green-140x140.png 140w, https:\/\/www.jbnordic.se\/wp-content\/uploads\/2021\/12\/edu_green-350x350.png 350w\" sizes=\"(max-width: 400px) 100vw, 400px\" \/>\n          <\/div>\n        <\/div>\n      <\/div>\n    <\/div><h4 style=\"text-align: center\" class=\"vc_custom_heading\" >Training<\/h4>\n<div class=\"wpb_text_column wpb_content_element  vc_custom_1639556080931\" >\n\t<div class=\"wpb_wrapper\">\n\t\t<p class=\"p1 translation-block\" style=\"text-align: left;\"><span style=\"font-family: proxima_nova_bold\">We get you started<\/span> and assist with continuing education whenever you need it. A training plan is always drawn up together with you before the training starts.<\/p>\n\t<\/div>\n<\/div>\n\n\n\n\n\t\t<\/div> \n\t<\/div>\n\t<\/div> \n\n\t<div style=\"\" class=\"vc_col-sm-4 wpb_column column_container vc_column_container col child_column centered-text padding-2-percent inherit_tablet inherit_phone\"  data-using-bg=\"true\" data-padding-pos=\"all\" data-has-bg-color=\"true\" data-bg-color=\"#f7f7f7\" data-bg-opacity=\"1\" data-hover-bg=\"#e5f8f1\" data-hover-bg-opacity=\"1\" data-animation=\"\" data-delay=\"0\" >\n\t\t<div class=\"vc_column-inner\" ><div class=\"column-bg-overlay-wrap column-bg-layer\" data-bg-animation=\"none\"><div class=\"column-bg-overlay\" style=\"opacity: 1; background-color: #f7f7f7;\"><\/div><\/div>\n\t\t<div class=\"wpb_wrapper\">\n\t\t\t<div class=\"img-with-aniamtion-wrap center custom-width-25pct\" data-max-width=\"custom\" data-max-width-mobile=\"default\" data-shadow=\"none\" data-animation=\"none\" >\n      <div class=\"inner\">\n        <div class=\"hover-wrap\"> \n          <div class=\"hover-wrap-inner\">\n            <img decoding=\"async\" class=\"img-with-animation skip-lazy\" data-delay=\"0\" height=\"400\" width=\"400\" data-animation=\"none\" src=\"https:\/\/www.jbnordic.se\/wp-content\/uploads\/2021\/09\/chat-400px.png\" alt=\"JB Nordic\" srcset=\"https:\/\/www.jbnordic.se\/wp-content\/uploads\/2021\/09\/chat-400px.png 400w, https:\/\/www.jbnordic.se\/wp-content\/uploads\/2021\/09\/chat-400px-150x150.png 150w, https:\/\/www.jbnordic.se\/wp-content\/uploads\/2021\/09\/chat-400px-300x300.png 300w, https:\/\/www.jbnordic.se\/wp-content\/uploads\/2021\/09\/chat-400px-100x100.png 100w, https:\/\/www.jbnordic.se\/wp-content\/uploads\/2021\/09\/chat-400px-140x140.png 140w, https:\/\/www.jbnordic.se\/wp-content\/uploads\/2021\/09\/chat-400px-350x350.png 350w\" sizes=\"(max-width: 400px) 100vw, 400px\" \/>\n          <\/div>\n        <\/div>\n      <\/div>\n    <\/div><h4 style=\"text-align: center\" class=\"vc_custom_heading\" >Support<\/h4>\n<div class=\"wpb_text_column wpb_content_element  vc_custom_1671438306608\" >\n\t<div class=\"wpb_wrapper\">\n\t\t<p class=\"p1 translation-block\" style=\"text-align: left;\">Whether you have the training fresh in your mind and are ready to start, or are already in full swing, we know that support is needed.<span class=\"Apple-converted-space\">\u00a0<\/span>Our support agreement includes a dedicated advisor and you get access to the expertise of our <span style=\"font-family: proxima_nova_bold\">certified staff.<\/span> You can <span style=\"font-family: proxima_nova_bold\"><a href=\"\/en\/window.$chatwoot.toggle();\/\" target=\"_self\">Chat<\/a> or <a href=\"mailto:support@jbnordic.se\" target=\"_blank\" rel=\"noopener\">email<\/a> us!<\/span><\/p>\n\t<\/div>\n<\/div>\n\n\n\n\n\t\t<\/div> \n\t<\/div>\n\t<\/div> \n\n\t<div style=\"\" class=\"vc_col-sm-4 wpb_column column_container vc_column_container col child_column centered-text padding-2-percent inherit_tablet inherit_phone\"  data-using-bg=\"true\" data-padding-pos=\"all\" data-has-bg-color=\"true\" data-bg-color=\"#f7f7f7\" data-bg-opacity=\"1\" data-hover-bg=\"#e5f8f1\" data-hover-bg-opacity=\"1\" data-animation=\"\" data-delay=\"0\" >\n\t\t<div class=\"vc_column-inner\" ><div class=\"column-bg-overlay-wrap column-bg-layer\" data-bg-animation=\"none\"><div class=\"column-bg-overlay\" style=\"opacity: 1; background-color: #f7f7f7;\"><\/div><\/div>\n\t\t<div class=\"wpb_wrapper\">\n\t\t\t<div class=\"img-with-aniamtion-wrap center custom-width-25pct\" data-max-width=\"custom\" data-max-width-mobile=\"default\" data-shadow=\"none\" data-animation=\"none\" >\n      <div class=\"inner\">\n        <div class=\"hover-wrap\"> \n          <div class=\"hover-wrap-inner\">\n            <img decoding=\"async\" class=\"img-with-animation skip-lazy\" data-delay=\"0\" height=\"400\" width=\"400\" data-animation=\"none\" src=\"https:\/\/www.jbnordic.se\/wp-content\/uploads\/2021\/12\/service_green.png\" alt=\"JB Nordic service\" srcset=\"https:\/\/www.jbnordic.se\/wp-content\/uploads\/2021\/12\/service_green.png 400w, https:\/\/www.jbnordic.se\/wp-content\/uploads\/2021\/12\/service_green-150x150.png 150w, https:\/\/www.jbnordic.se\/wp-content\/uploads\/2021\/12\/service_green-300x300.png 300w, https:\/\/www.jbnordic.se\/wp-content\/uploads\/2021\/12\/service_green-100x100.png 100w, https:\/\/www.jbnordic.se\/wp-content\/uploads\/2021\/12\/service_green-140x140.png 140w, https:\/\/www.jbnordic.se\/wp-content\/uploads\/2021\/12\/service_green-350x350.png 350w\" sizes=\"(max-width: 400px) 100vw, 400px\" \/>\n          <\/div>\n        <\/div>\n      <\/div>\n    <\/div><h4 style=\"text-align: center\" class=\"vc_custom_heading\" >Service<\/h4>\n<div class=\"wpb_text_column wpb_content_element  vc_custom_1639565610023\" >\n\t<div class=\"wpb_wrapper\">\n\t\t<p class=\"p1 translation-block\" style=\"text-align: left;\">Our service technicians are <span style=\"font-family: proxima_nova_bold\">authorized<\/span> and know the machines we sell inside and out. This allows us to troubleshoot and fix problems quickly.<\/p>\n\t<\/div>\n<\/div>\n\n\n\n\n\t\t<\/div> \n\t<\/div>\n\t<\/div> \n<\/div><\/div><div id=\"fws_69fedcff56d28\" data-midnight=\"\" data-column-margin=\"default\" class=\"wpb_row vc_row-fluid vc_row inner_row\"  style=\"padding-top: 5px; \"><div class=\"row-bg-wrap\"> <div class=\"row-bg\" ><\/div> <\/div><div class=\"row_col_wrap_12_inner col span_12  left\">\n\t<div  class=\"vc_col-sm-12 wpb_column column_container vc_column_container col child_column centered-text no-extra-padding inherit_tablet inherit_phone\"   data-padding-pos=\"all\" data-has-bg-color=\"false\" data-bg-color=\"\" data-bg-opacity=\"1\" data-animation=\"\" data-delay=\"0\" >\n\t\t<div class=\"vc_column-inner\" >\n\t\t<div class=\"wpb_wrapper\">\n\t\t\t<h4 style=\"font-size: 24px;color: #00b9a3;text-align: center\" class=\"vc_custom_heading vc_custom_1641896658424\" >Contact us and we will review your needs!<\/h4><a class=\"nectar-button large see-through accent-color has-icon\"  style=\"margin-right: 10px; margin-left: 10px;\"  href=\"mailto: info@jbnordic.se\" data-color-override=\"false\" data-hover-color-override=\"false\" data-hover-text-color-override=\"#fff\"><span>Email us<\/span><i  class=\"icon-button-arrow\"><\/i><\/a><a class=\"nectar-button large see-through accent-color has-icon\"  style=\"margin-right: 10px; margin-left: 10px;\"  href=\"tel: +4610-1012455\" data-color-override=\"false\" data-hover-color-override=\"false\" data-hover-text-color-override=\"#fff\"><span>Give us a call<\/span><i  class=\"icon-button-arrow\"><\/i><\/a>\n\t\t<\/div> \n\t<\/div>\n\t<\/div> \n<\/div><\/div>\n\t\t\t<\/div> \n\t\t<\/div>\n\t<\/div> \n<\/div><\/div>\n<style type=\"text\/css\" data-type=\"vc_shortcodes-custom-css\">.vc_custom_1526379233921{padding-bottom: 20px !important;}.vc_custom_1530692209244{margin-top: 20px !important;margin-bottom: 30px !important;}.vc_custom_1530691898887{margin-top: 15px !important;margin-bottom: 40px !important;}.vc_custom_1526379051296{margin-top: -20px !important;}.vc_custom_1530691962485{margin-top: 15px !important;margin-bottom: 40px !important;}.vc_custom_1526379056835{margin-top: -20px !important;}.vc_custom_1536055050813{margin-top: 15px !important;margin-bottom: 40px !important;}.vc_custom_1526379061862{margin-top: -20px !important;}.vc_custom_1639556080931{margin-bottom: 15px !important;}.vc_custom_1671438306608{margin-bottom: 15px !important;}.vc_custom_1639565610023{margin-bottom: 15px !important;}.vc_custom_1641896658424{margin-bottom: 20px !important;}<\/style>\n\t\t\t<\/div> \n\t\t<\/div>\n\t<\/div> \n<\/div><\/div>","protected":false},"excerpt":{"rendered":"Enkelt och tryggt! Utbildning Vi g\u00f6r dig startklar och bist\u00e5r med forts\u00e4ttningsutbildningar n\u00e4r du \u00e4n beh\u00f6ver. En utbildningsplan utarbetas alltid tillsammans med dig innan utbildningens start. Support Oavs\u00e4tt om du...","protected":false},"author":1,"featured_media":0,"parent":0,"menu_order":0,"comment_status":"closed","ping_status":"closed","template":"","meta":{"footnotes":""},"class_list":["post-2442","page","type-page","status-publish"],"yoast_head":"<!-- This site is optimized with the Yoast SEO plugin v26.7 - https:\/\/yoast.com\/wordpress\/plugins\/seo\/ -->\n<title>Mitt konto - JB Nordic AB<\/title>\n<meta name=\"description\" content=\"JB Nordic sida f\u00f6r Mitt konto\" \/>\n<meta name=\"robots\" content=\"index, follow, max-snippet:-1, max-image-preview:large, max-video-preview:-1\" \/>\n<link rel=\"canonical\" href=\"https:\/\/www.jbnordic.se\/en\/mitt-konto\/\" \/>\n<meta property=\"og:locale\" content=\"en_US\" \/>\n<meta property=\"og:type\" content=\"article\" \/>\n<meta property=\"og:title\" content=\"Mitt konto - JB Nordic AB\" \/>\n<meta property=\"og:description\" content=\"JB Nordic sida f\u00f6r Mitt konto\" \/>\n<meta property=\"og:url\" content=\"https:\/\/www.jbnordic.se\/en\/mitt-konto\/\" \/>\n<meta property=\"og:site_name\" content=\"JB Nordic AB\" \/>\n<meta property=\"article:publisher\" content=\"https:\/\/www.facebook.com\/jbnordic\" \/>\n<meta property=\"article:modified_time\" content=\"2022-12-01T08:09:33+00:00\" \/>\n<meta name=\"twitter:card\" content=\"summary_large_image\" \/>\n<meta name=\"twitter:label1\" content=\"Est. reading time\" \/>\n\t<meta name=\"twitter:data1\" content=\"1 minute\" \/>\n<script type=\"application\/ld+json\" class=\"yoast-schema-graph\">{\"@context\":\"https:\/\/schema.org\",\"@graph\":[{\"@type\":\"WebPage\",\"@id\":\"https:\/\/www.jbnordic.se\/mitt-konto\/\",\"url\":\"https:\/\/www.jbnordic.se\/mitt-konto\/\",\"name\":\"Mitt konto - JB Nordic AB\",\"isPartOf\":{\"@id\":\"https:\/\/www.jbnordic.se\/#website\"},\"datePublished\":\"2019-02-04T19:48:06+00:00\",\"dateModified\":\"2022-12-01T08:09:33+00:00\",\"description\":\"JB Nordic sida f\u00f6r Mitt konto\",\"breadcrumb\":{\"@id\":\"https:\/\/www.jbnordic.se\/mitt-konto\/#breadcrumb\"},\"inLanguage\":\"en-US\",\"potentialAction\":[{\"@type\":\"ReadAction\",\"target\":[\"https:\/\/www.jbnordic.se\/mitt-konto\/\"]}]},{\"@type\":\"BreadcrumbList\",\"@id\":\"https:\/\/www.jbnordic.se\/mitt-konto\/#breadcrumb\",\"itemListElement\":[{\"@type\":\"ListItem\",\"position\":1,\"name\":\"Hem\",\"item\":\"https:\/\/www.jbnordic.se\/\"},{\"@type\":\"ListItem\",\"position\":2,\"name\":\"Mitt konto\"}]},{\"@type\":\"WebSite\",\"@id\":\"https:\/\/www.jbnordic.se\/#website\",\"url\":\"https:\/\/www.jbnordic.se\/\",\"name\":\"JB Nordic AB\",\"description\":\"Kunskap!\",\"publisher\":{\"@id\":\"https:\/\/www.jbnordic.se\/#organization\"},\"potentialAction\":[{\"@type\":\"SearchAction\",\"target\":{\"@type\":\"EntryPoint\",\"urlTemplate\":\"https:\/\/www.jbnordic.se\/?s={search_term_string}\"},\"query-input\":{\"@type\":\"PropertyValueSpecification\",\"valueRequired\":true,\"valueName\":\"search_term_string\"}}],\"inLanguage\":\"en-US\"},{\"@type\":\"Organization\",\"@id\":\"https:\/\/www.jbnordic.se\/#organization\",\"name\":\"JB Nordic\",\"url\":\"https:\/\/www.jbnordic.se\/\",\"logo\":{\"@type\":\"ImageObject\",\"inLanguage\":\"en-US\",\"@id\":\"https:\/\/www.jbnordic.se\/#\/schema\/logo\/image\/\",\"url\":\"https:\/\/www.jbnordic.se\/wp-content\/uploads\/2022\/02\/jb_nordic_logo_blk_h100px.png\",\"contentUrl\":\"https:\/\/www.jbnordic.se\/wp-content\/uploads\/2022\/02\/jb_nordic_logo_blk_h100px.png\",\"width\":480,\"height\":100,\"caption\":\"JB Nordic\"},\"image\":{\"@id\":\"https:\/\/www.jbnordic.se\/#\/schema\/logo\/image\/\"},\"sameAs\":[\"https:\/\/www.facebook.com\/jbnordic\",\"https:\/\/www.linkedin.com\/company\/jbnordic.se\",\"https:\/\/www.instagram.com\/jbnordic\/\"]}]}<\/script>\n<!-- \/ Yoast SEO plugin. -->","yoast_head_json":{"title":"Mitt konto - JB Nordic AB","description":"JB Nordic sida f\u00f6r Mitt konto","robots":{"index":"index","follow":"follow","max-snippet":"max-snippet:-1","max-image-preview":"max-image-preview:large","max-video-preview":"max-video-preview:-1"},"canonical":"https:\/\/www.jbnordic.se\/en\/mitt-konto\/","og_locale":"en_US","og_type":"article","og_title":"Mitt konto - JB Nordic AB","og_description":"JB Nordic sida f\u00f6r Mitt konto","og_url":"https:\/\/www.jbnordic.se\/en\/mitt-konto\/","og_site_name":"JB Nordic AB","article_publisher":"https:\/\/www.facebook.com\/jbnordic","article_modified_time":"2022-12-01T08:09:33+00:00","twitter_card":"summary_large_image","twitter_misc":{"Est. reading time":"1 minute"},"schema":{"@context":"https:\/\/schema.org","@graph":[{"@type":"WebPage","@id":"https:\/\/www.jbnordic.se\/mitt-konto\/","url":"https:\/\/www.jbnordic.se\/mitt-konto\/","name":"Mitt konto - JB Nordic AB","isPartOf":{"@id":"https:\/\/www.jbnordic.se\/#website"},"datePublished":"2019-02-04T19:48:06+00:00","dateModified":"2022-12-01T08:09:33+00:00","description":"JB Nordic sida f\u00f6r Mitt konto","breadcrumb":{"@id":"https:\/\/www.jbnordic.se\/mitt-konto\/#breadcrumb"},"inLanguage":"en-US","potentialAction":[{"@type":"ReadAction","target":["https:\/\/www.jbnordic.se\/mitt-konto\/"]}]},{"@type":"BreadcrumbList","@id":"https:\/\/www.jbnordic.se\/mitt-konto\/#breadcrumb","itemListElement":[{"@type":"ListItem","position":1,"name":"Hem","item":"https:\/\/www.jbnordic.se\/"},{"@type":"ListItem","position":2,"name":"Mitt konto"}]},{"@type":"WebSite","@id":"https:\/\/www.jbnordic.se\/#website","url":"https:\/\/www.jbnordic.se\/","name":"JB Nordic AB","description":"Kunskap!","publisher":{"@id":"https:\/\/www.jbnordic.se\/#organization"},"potentialAction":[{"@type":"SearchAction","target":{"@type":"EntryPoint","urlTemplate":"https:\/\/www.jbnordic.se\/?s={search_term_string}"},"query-input":{"@type":"PropertyValueSpecification","valueRequired":true,"valueName":"search_term_string"}}],"inLanguage":"en-US"},{"@type":"Organization","@id":"https:\/\/www.jbnordic.se\/#organization","name":"JB Nordic","url":"https:\/\/www.jbnordic.se\/","logo":{"@type":"ImageObject","inLanguage":"en-US","@id":"https:\/\/www.jbnordic.se\/#\/schema\/logo\/image\/","url":"https:\/\/www.jbnordic.se\/wp-content\/uploads\/2022\/02\/jb_nordic_logo_blk_h100px.png","contentUrl":"https:\/\/www.jbnordic.se\/wp-content\/uploads\/2022\/02\/jb_nordic_logo_blk_h100px.png","width":480,"height":100,"caption":"JB Nordic"},"image":{"@id":"https:\/\/www.jbnordic.se\/#\/schema\/logo\/image\/"},"sameAs":["https:\/\/www.facebook.com\/jbnordic","https:\/\/www.linkedin.com\/company\/jbnordic.se","https:\/\/www.instagram.com\/jbnordic\/"]}]}},"_links":{"self":[{"href":"https:\/\/www.jbnordic.se\/en\/wp-json\/wp\/v2\/pages\/2442","targetHints":{"allow":["GET"]}}],"collection":[{"href":"https:\/\/www.jbnordic.se\/en\/wp-json\/wp\/v2\/pages"}],"about":[{"href":"https:\/\/www.jbnordic.se\/en\/wp-json\/wp\/v2\/types\/page"}],"author":[{"embeddable":true,"href":"https:\/\/www.jbnordic.se\/en\/wp-json\/wp\/v2\/users\/1"}],"replies":[{"embeddable":true,"href":"https:\/\/www.jbnordic.se\/en\/wp-json\/wp\/v2\/comments?post=2442"}],"version-history":[{"count":0,"href":"https:\/\/www.jbnordic.se\/en\/wp-json\/wp\/v2\/pages\/2442\/revisions"}],"wp:attachment":[{"href":"https:\/\/www.jbnordic.se\/en\/wp-json\/wp\/v2\/media?parent=2442"}],"curies":[{"name":"wp","href":"https:\/\/api.w.org\/{rel}","templated":true}]}}