{"id":1058,"date":"2018-06-25T12:24:34","date_gmt":"2018-06-25T10:24:34","guid":{"rendered":"https:\/\/www.jbnordic.se\/?page_id=1058"},"modified":"2024-09-19T11:40:57","modified_gmt":"2024-09-19T09:40:57","slug":"dataskyddspolicy","status":"publish","type":"page","link":"https:\/\/www.jbnordic.se\/en\/dataskyddspolicy\/","title":{"rendered":"Data Protection Policy"},"content":{"rendered":"<div id=\"fws_69f30b5a7f1a7\"  data-column-margin=\"default\" data-midnight=\"dark\"  class=\"wpb_row vc_row-fluid vc_row\"  style=\"padding-top: 0px; padding-bottom: 0px; \"><div class=\"row-bg-wrap\" data-bg-animation=\"none\" data-bg-animation-delay=\"\" data-bg-overlay=\"false\"><div class=\"inner-wrap row-bg-layer\" ><div class=\"row-bg viewport-desktop\"  style=\"\"><\/div><\/div><\/div><div class=\"row_col_wrap_12 col span_12 dark left\">\n\t<div  class=\"vc_col-sm-10 wpb_column column_container vc_column_container col no-extra-padding inherit_tablet inherit_phone\"  data-padding-pos=\"all\" data-has-bg-color=\"false\" data-bg-color=\"\" data-bg-opacity=\"1\" data-animation=\"\" data-delay=\"0\" >\n\t\t<div class=\"vc_column-inner\" >\n\t\t\t<div class=\"wpb_wrapper\">\n\t\t\t\t\n<div class=\"wpb_text_column wpb_content_element  vc_custom_1653904121079\" >\n\t<div class=\"wpb_wrapper\">\n\t\t<h3>JB Nordics dataskyddspolicy<\/h3>\n<p>JB Nordic v\u200b\u00e4rnar om din personliga integritet. Denna dataskyddspolicy f\u00f6rklarar hur JB Nordic samlar in och anv\u00e4nder personuppgifter. Vid fr\u00e5gor kring integritets- och dataskydd, v\u00e4nligen kontakta oss p\u00e5 \u200binfo@jbnordic.se N\u00e4r du kontaktar oss, t.ex. f\u00f6r att k\u00f6pa en produkt eller en tj\u00e4nst av oss accepterar du v\u00e5r Dataskyddspolicy och v\u00e5r behandling av dina personuppgifter. Du godk\u00e4nner ocks\u00e5 att JB Nordic anv\u00e4nder elektroniska kommunikationskanaler f\u00f6r att skicka information till dig.<\/p>\n<p>F\u00f6r att kunna erbjuda dig v\u00e5ra tj\u00e4nster och produkter, beh\u00f6ver vi behandla dina personuppgifter enligt nedan. Vi g\u00f6r det med st\u00f6rsta m\u00f6jliga h\u00e4nsyn till din integritet.<\/p>\n<h4>Vilken information samlar vi in?<\/h4>\n<p><strong>Insamling och anv\u00e4ndning av data<\/strong><\/p>\n<p>Denna dataskyddspolicy t\u00e4cker data som samlas in online och offline, inklusive personuppgifter som vi kan komma att samla in genom flera olika kanaler, s\u00e5som webbplatser, sociala medier, kontakt per telefon eller mail och p\u00e5 evenemang\/m\u00e4ssor. Vi kan komma att kombinera personuppgifter som samlats in p\u00e5 ett s\u00e4tt (t.ex. en webbplats) med personuppgifter som har samlats in p\u00e5 ett annat s\u00e4tt (t.ex. m\u00e4ssor, kundm\u00f6ten).<\/p>\n<p><strong>Information som du ger till oss:\u200b<\/strong> Du kan direkt eller indirekt komma att ge oss information om dig sj\u00e4lv och ditt f\u00f6retag p\u00e5 ett antal olika s\u00e4tt, s\u00e5som n\u00e4r du g\u00f6r en f\u00f6rfr\u00e5gan om en produkt eller en tj\u00e4nst som vi s\u00e4ljer, n\u00e4r du best\u00e4ller n\u00e5got fr\u00e5n v\u00e5r hemsida, anm\u00e4ler att du vill f\u00e5 nyhetsbrev, interagerar p\u00e5 v\u00e5ra sociala medier, k\u00f6per, leasar eller erh\u00e5ller finansiering, eller n\u00e4r du kontaktar oss per mail, brev eller telefon. Denna information kan vara:<\/p>\n<ul>\n<li>Person- och kontaktinformation\u200b &#8211; namn, f\u00f6delsedatum, personnummer, faktura- och leveransadress, e-postadress, mobiltelefonnummer, position i f\u00f6retaget etc.<\/li>\n<li>Betalningsinformation\u200b &#8211; fakturainformation, bankkontonummer, etc.<\/li>\n<\/ul>\n<p><strong>Information vi samlar in om dig:<\/strong> \u200bN\u00e4r du kommer i kontakt med oss kan vi samla in information om (observera att vi inte alltid n\u00f6dv\u00e4ndigtvis samlar in all nedan n\u00e4mnd data):<\/p>\n<ul>\n<li style=\"list-style-type: none;\">\n<ul>\n<li>Person- och kontaktinformation\u200bs\u00e5som namn, f\u00f6delsedatum, personnummer, faktura- och leveransadress, e-postadress, mobiltelefonnummer och position i f\u00f6retaget<\/li>\n<li>Information om produkter\/tj\u00e4nster\u200b- detaljer ang\u00e5ende de produkter eller tj\u00e4nster du har k\u00f6pt\/visat intresse f\u00f6r att k\u00f6pa<\/li>\n<li>Finansiell information \u200b-\u200b e\u200b ventuella krediter, skulder eller negativ betalningshistorik<\/li>\n<li>Historisk information\u200b &#8211; tidigare k\u00f6p, betalnings- och kredithistorik<\/li>\n<li>Enhetsinformation\u200b- t.ex. IP-adress, spr\u00e5kinst\u00e4llningar, webbl\u00e4sarinst\u00e4llningar, tidszon, operativsystem, plattform och sk\u00e4rmuppl\u00f6sning<\/li>\n<li>Geografisk information \u200b- din geografiska placering<\/li>\n<\/ul>\n<\/li>\n<\/ul>\n<p>Informationen du ger oss, informationen som vi samlar in om dig, samt information om produkterna\/tj\u00e4nsterna och den finansiella informationen, \u00e4r generellt sett n\u00f6dv\u00e4ndig f\u00f6r att ing\u00e5 ett avtalsf\u00f6rh\u00e5llande med oss, medan den \u00f6vriga informationen vi samlar in generellt sett \u00e4r n\u00f6dv\u00e4ndig f\u00f6r andra syften, s\u00e5som beskrivet nedan.<\/p>\n<h4>Vad g\u00f6r vi med informationen?<\/h4>\n<p>Tillhandah\u00e5ller, utf\u00f6r och f\u00f6rb\u00e4ttrar v\u00e5ra tj\u00e4nster.\u200b All data anv\u00e4nds f\u00f6r att tillhandah\u00e5lla, utf\u00f6ra och f\u00f6rb\u00e4ttra v\u00e5ra tj\u00e4nster. \u200bJB Nordic behandlar personuppgifter f\u00f6r f\u00f6ljande syften baserat p\u00e5 f\u00f6ljande lagliga grunder:<\/p>\n\t<\/div>\n<\/div>\n\n\n\n\n\t\t\t<\/div> \n\t\t<\/div>\n\t<\/div> \n\n\t<div  class=\"vc_col-sm-2 wpb_column column_container vc_column_container col no-extra-padding inherit_tablet inherit_phone\"  data-padding-pos=\"all\" data-has-bg-color=\"false\" data-bg-color=\"\" data-bg-opacity=\"1\" data-animation=\"\" data-delay=\"0\" >\n\t\t<div class=\"vc_column-inner\" >\n\t\t\t<div class=\"wpb_wrapper\">\n\t\t\t\t\n\t\t\t<\/div> \n\t\t<\/div>\n\t<\/div> \n<\/div><\/div>\n\t\t<div id=\"fws_69f30b5a7f740\"  data-column-margin=\"default\" data-midnight=\"dark\"  class=\"wpb_row vc_row-fluid vc_row\"  style=\"padding-top: 0px; padding-bottom: 0px; \"><div class=\"row-bg-wrap\" data-bg-animation=\"none\" data-bg-animation-delay=\"\" data-bg-overlay=\"true\"><div class=\"inner-wrap row-bg-layer\" ><div class=\"row-bg viewport-desktop\"  style=\"\"><\/div><\/div><div class=\"row-bg-overlay row-bg-layer\" style=\"background-color:#dddddd;  opacity: 0.3; \"><\/div><\/div><div class=\"row_col_wrap_12 col span_12 dark left\">\n\t<div  class=\"vc_col-sm-12 wpb_column column_container vc_column_container col no-extra-padding left_margin_20px inherit_tablet inherit_phone\"  data-padding-pos=\"all\" data-has-bg-color=\"false\" data-bg-color=\"\" data-bg-opacity=\"1\" data-animation=\"\" data-delay=\"0\" >\n\t\t<div class=\"vc_column-inner\" >\n\t\t\t<div class=\"wpb_wrapper\">\n\t\t\t\t<div class=\"nectar-hor-list-item\" data-hover-effect=\"none\" data-br=\"0px\" data-font-family=\"h6\" data-color=\"accent-color\" data-columns=\"2\" data-column-layout=\"even\"><div class=\"nectar-list-item\" data-icon=\"false\" data-text-align=\"left\">Syfte med behandlingen<\/div><div class=\"nectar-list-item\" data-text-align=\"left\">Laglig grund f\u00f6r behandlingen \"varf\u00f6r \u00e4r behandlingen n\u00f6dv\u00e4ndig\"<\/div><\/div><div class=\"nectar-hor-list-item\" data-hover-effect=\"none\" data-br=\"0px\" data-font-family=\"p\" data-color=\"accent-color\" data-columns=\"2\" data-column-layout=\"even\"><div class=\"nectar-list-item\" data-icon=\"false\" data-text-align=\"left\">F\u00f6r att bekr\u00e4fta din identitet och verifiera dina person- och kontaktuppgifter.<\/div><div class=\"nectar-list-item\" data-text-align=\"left\">Utf\u00f6ra v\u00e5ra kontraktuella \u00e5taganden gentemot dig.<\/div><\/div><div class=\"nectar-hor-list-item\" data-hover-effect=\"none\" data-br=\"0px\" data-font-family=\"p\" data-color=\"accent-color\" data-columns=\"2\" data-column-layout=\"even\"><div class=\"nectar-list-item\" data-icon=\"false\" data-text-align=\"left\">F\u00f6r att s\u00e4kerst\u00e4lla att inneh\u00e5ll presenteras effektivt f\u00f6r dig och din enhet.<\/div><div class=\"nectar-list-item\" data-text-align=\"left\">Utf\u00f6ra v\u00e5ra kontraktuella \u00e5taganden gentemot dig.<\/div><\/div><div class=\"nectar-hor-list-item\" data-hover-effect=\"none\" data-br=\"0px\" data-font-family=\"p\" data-color=\"accent-color\" data-columns=\"2\" data-column-layout=\"even\"><div class=\"nectar-list-item\" data-icon=\"false\" data-text-align=\"left\">F\u00f6r att utf\u00f6ra riskanalys, f\u00f6rhindra bedr\u00e4gerier och riskhantering.<\/div><div class=\"nectar-list-item\" data-text-align=\"left\">F\u00f6lja till\u00e4mplig lagstiftning och andra ber\u00e4ttigade intressen.<\/div><\/div><div class=\"nectar-hor-list-item\" data-hover-effect=\"none\" data-br=\"0px\" data-font-family=\"p\" data-color=\"accent-color\" data-columns=\"2\" data-column-layout=\"even\"><div class=\"nectar-list-item\" data-icon=\"false\" data-text-align=\"left\">F\u00f6r att f\u00f6lja till\u00e4mplig lagstiftning, s\u00e5som lag om \u00e5tg\u00e4rder mot penningtv\u00e4tt och bokf\u00f6ringslagar.<\/div><div class=\"nectar-list-item\" data-text-align=\"left\">F\u00f6lja till\u00e4mplig lagstiftning.<\/div><\/div><div class=\"nectar-hor-list-item\" data-hover-effect=\"none\" data-br=\"0px\" data-font-family=\"p\" data-color=\"accent-color\" data-columns=\"2\" data-column-layout=\"even\"><div class=\"nectar-list-item\" data-icon=\"false\" data-text-align=\"left\">F\u00f6r att uppfylla v\u00e5ra skyldigheter gentemot v\u00e5ra kunder och leverant\u00f6rer, samt f\u00f6r att tillhandah\u00e5lla v\u00e5ra kunder och \u00f6vriga intressenter med information, produkter och tj\u00e4nster.<\/div><div class=\"nectar-list-item\" data-text-align=\"left\">Utf\u00f6ra v\u00e5ra kontraktuella \u00e5taganden gentemot dig.<\/div><\/div>\n\t\t\t<\/div> \n\t\t<\/div>\n\t<\/div> \n<\/div><\/div>\n\t\t<div id=\"fws_69f30b5a7fcd9\"  data-column-margin=\"default\" data-midnight=\"dark\"  class=\"wpb_row vc_row-fluid vc_row  bottom_margin_60px\"  style=\"padding-top: 0px; padding-bottom: 0px; \"><div class=\"row-bg-wrap\" data-bg-animation=\"none\" data-bg-animation-delay=\"\" data-bg-overlay=\"false\"><div class=\"inner-wrap row-bg-layer\" ><div class=\"row-bg viewport-desktop\"  style=\"\"><\/div><\/div><\/div><div class=\"row_col_wrap_12 col span_12 dark left\">\n\t<div  class=\"vc_col-sm-10 wpb_column column_container vc_column_container col no-extra-padding inherit_tablet inherit_phone\"  data-padding-pos=\"all\" data-has-bg-color=\"false\" data-bg-color=\"\" data-bg-opacity=\"1\" data-animation=\"\" data-delay=\"0\" >\n\t\t<div class=\"vc_column-inner\" >\n\t\t\t<div class=\"wpb_wrapper\">\n\t\t\t\t\n<div class=\"wpb_text_column wpb_content_element\" >\n\t<div class=\"wpb_wrapper\">\n\t\t<h4>Vilka kan vi komma att dela informationen till?<\/h4>\n<p>Vi kan, f\u00f6r att kunna utf\u00f6ra v\u00e5ra \u00e5taganden gentemot v\u00e5ra kunder och \u00f6vriga intressenter, komma att \u00f6verf\u00f6ra till, eller dela informationen med tredje part s\u00e5som leverant\u00f6rer eller underleverant\u00f6rer, auktoriserade \u00e5terf\u00f6rs\u00e4ljare och distribut\u00f6rer eller serviceleverant\u00f6rer. Vi vidtar alla rimliga legala, tekniska och organisatoriska \u00e5tg\u00e4rder f\u00f6r att s\u00e4kerst\u00e4lla att uppgifterna hanteras s\u00e4kert och med en adekvat skyddsniv\u00e5 vid \u00f6verf\u00f6ring till eller delning med s\u00e5dana tredje parter.<\/p>\n<p><strong>Myndigheter.\u200b<\/strong> Vi kan komma att l\u00e4mna n\u00f6dv\u00e4ndig information till ber\u00f6rda myndigheter om vi \u00e4r skyldiga att g\u00f6ra det enligt lag eller om du har godk\u00e4nt att vi g\u00f6r det.<\/p>\n<p><strong>Vad vi INTE kommer att g\u00f6ra med uppgifterna.<\/strong> \u200bJB Nordic kommer inte att s\u00e4lja den insamlade informationen till tredje part.<\/p>\n<h4>Var behandlar vi dina personuppgifter?<\/h4>\n<p>JB Nordic behandlar datan inom EU\/EES. JB Nordic vidtar alla rimliga legala, tekniska och organisatoriska \u00e5tg\u00e4rder f\u00f6r att s\u00e4kerst\u00e4lla att datan hanteras s\u00e4kert och med en adekvat skyddsniv\u00e5.<\/p>\n<h4>Hur l\u00e4nge sparar vi uppgifterna?<\/h4>\n<p>Vi sparar data s\u00e5 l\u00e4nge som det \u00e4r n\u00f6dv\u00e4ndigt f\u00f6r att uppfylla det syfte f\u00f6r vilket datan samlades in, eller f\u00f6r att utf\u00f6ra v\u00e5ra \u00e5taganden och s\u00e5 l\u00e4nge det kr\u00e4vs enligt lagstadgade lagringstider, s\u00e4rskilt vad g\u00e4ller redovisningskrav.<\/p>\n<h4>Dina r\u00e4ttigheter till tillg\u00e5ng, r\u00e4ttelse och radering<\/h4>\n<ul>\n<li>R\u00e4tt att f\u00e5 tillg\u00e5ng till din data.\u200b Du har r\u00e4tt att beg\u00e4ra en kopia av de uppgifter JB Nordic har om dig och verifiera den information vi har om dig.<\/li>\n<li>R\u00e4tt till r\u00e4ttelse.\u200b Du har r\u00e4tt att korrigera felaktig eller icke-komplett information om dig sj\u00e4lv.<\/li>\n<li>R\u00e4tt att bli raderad (&#8221;r\u00e4tten att bli bortgl\u00f6md&#8221;).\u200bDu har r\u00e4tt att beg\u00e4ra radering av dina personuppgifter f\u00f6r de fall att datan inte l\u00e4ngre \u00e4r n\u00f6dv\u00e4ndig f\u00f6r det syfte den blev insamlad f\u00f6r. Det kan dock finnas legala skyldigheter som hindrar oss fr\u00e5n att omedelbart radera delar av datan. Dessa skyldigheter kan komma fr\u00e5n bokf\u00f6rings- och skattelagstiftning. Vad vi d\u00e5 g\u00f6r \u00e4r att blockera den data som vi \u00e4r skyldiga att spara, fr\u00e5n att kunna anv\u00e4ndas till andra syften \u00e4n att uppfylla s\u00e5dana legala skyldigheter.<\/li>\n<\/ul>\n<p><strong>Cookies och liknande tekniker<\/strong><\/p>\n<p>JB Nordic anv\u00e4nder cookies p\u00e5 sin webbplats f\u00f6r att leverera en anv\u00e4ndarv\u00e4nlig onlineupplevelse.<\/p>\n<p><strong>Contact us<\/strong><\/p>\n<p>F\u00f6retaget \u200bhar organisationsnummer 556657-0338 och har sitt s\u00e4te p\u00e5 V\u00e4rmd\u00f6v\u00e4gen 253, 131 42 Nacka. Kontakta oss p\u00e5 \u200binfo@jbnordic.se om du har fr\u00e5gor r\u00f6rande v\u00e5r personuppgiftsbehandling eller om denna dataskyddspolicy.<\/p>\n<p>Dataskyddspolicyn uppdaterades senast 2022-05-30<\/p>\n\t<\/div>\n<\/div>\n\n\n\n\n\t\t\t<\/div> \n\t\t<\/div>\n\t<\/div> \n\n\t<div  class=\"vc_col-sm-2 wpb_column column_container vc_column_container col no-extra-padding inherit_tablet inherit_phone\"  data-padding-pos=\"all\" data-has-bg-color=\"false\" data-bg-color=\"\" data-bg-opacity=\"1\" data-animation=\"\" data-delay=\"0\" >\n\t\t<div class=\"vc_column-inner\" >\n\t\t\t<div class=\"wpb_wrapper\">\n\t\t\t\t\n\t\t\t<\/div> \n\t\t<\/div>\n\t<\/div> \n<\/div><\/div>","protected":false},"excerpt":{"rendered":"JB Nordics dataskyddspolicy JB Nordic v\u200b\u00e4rnar om din personliga integritet. Denna dataskyddspolicy f\u00f6rklarar hur JB Nordic samlar in och anv\u00e4nder personuppgifter. Vid fr\u00e5gor kring integritets- och dataskydd, v\u00e4nligen kontakta oss...","protected":false},"author":1,"featured_media":0,"parent":0,"menu_order":0,"comment_status":"closed","ping_status":"closed","template":"","meta":{"footnotes":""},"class_list":["post-1058","page","type-page","status-publish"],"yoast_head":"<!-- This site is optimized with the Yoast SEO plugin v26.7 - https:\/\/yoast.com\/wordpress\/plugins\/seo\/ -->\n<title>Dataskyddspolicy - JB Nordic AB<\/title>\n<meta name=\"robots\" content=\"index, follow, max-snippet:-1, max-image-preview:large, max-video-preview:-1\" \/>\n<link rel=\"canonical\" href=\"https:\/\/www.jbnordic.se\/en\/dataskyddspolicy\/\" \/>\n<meta property=\"og:locale\" content=\"en_US\" \/>\n<meta property=\"og:type\" content=\"article\" \/>\n<meta property=\"og:title\" content=\"Dataskyddspolicy - JB Nordic AB\" \/>\n<meta property=\"og:url\" content=\"https:\/\/www.jbnordic.se\/en\/dataskyddspolicy\/\" \/>\n<meta property=\"og:site_name\" content=\"JB Nordic AB\" \/>\n<meta property=\"article:publisher\" content=\"https:\/\/www.facebook.com\/jbnordic\" \/>\n<meta property=\"article:modified_time\" content=\"2024-09-19T09:40:57+00:00\" \/>\n<meta name=\"twitter:card\" content=\"summary_large_image\" \/>\n<meta name=\"twitter:label1\" content=\"Est. reading time\" \/>\n\t<meta name=\"twitter:data1\" content=\"6 minutes\" \/>\n<script type=\"application\/ld+json\" class=\"yoast-schema-graph\">{\"@context\":\"https:\/\/schema.org\",\"@graph\":[{\"@type\":\"WebPage\",\"@id\":\"https:\/\/www.jbnordic.se\/dataskyddspolicy\/\",\"url\":\"https:\/\/www.jbnordic.se\/dataskyddspolicy\/\",\"name\":\"Dataskyddspolicy - JB Nordic AB\",\"isPartOf\":{\"@id\":\"https:\/\/www.jbnordic.se\/#website\"},\"datePublished\":\"2018-06-25T10:24:34+00:00\",\"dateModified\":\"2024-09-19T09:40:57+00:00\",\"breadcrumb\":{\"@id\":\"https:\/\/www.jbnordic.se\/dataskyddspolicy\/#breadcrumb\"},\"inLanguage\":\"en-US\",\"potentialAction\":[{\"@type\":\"ReadAction\",\"target\":[\"https:\/\/www.jbnordic.se\/dataskyddspolicy\/\"]}]},{\"@type\":\"BreadcrumbList\",\"@id\":\"https:\/\/www.jbnordic.se\/dataskyddspolicy\/#breadcrumb\",\"itemListElement\":[{\"@type\":\"ListItem\",\"position\":1,\"name\":\"Hem\",\"item\":\"https:\/\/www.jbnordic.se\/\"},{\"@type\":\"ListItem\",\"position\":2,\"name\":\"Dataskyddspolicy\"}]},{\"@type\":\"WebSite\",\"@id\":\"https:\/\/www.jbnordic.se\/#website\",\"url\":\"https:\/\/www.jbnordic.se\/\",\"name\":\"JB Nordic AB\",\"description\":\"Kunskap!\",\"publisher\":{\"@id\":\"https:\/\/www.jbnordic.se\/#organization\"},\"potentialAction\":[{\"@type\":\"SearchAction\",\"target\":{\"@type\":\"EntryPoint\",\"urlTemplate\":\"https:\/\/www.jbnordic.se\/?s={search_term_string}\"},\"query-input\":{\"@type\":\"PropertyValueSpecification\",\"valueRequired\":true,\"valueName\":\"search_term_string\"}}],\"inLanguage\":\"en-US\"},{\"@type\":\"Organization\",\"@id\":\"https:\/\/www.jbnordic.se\/#organization\",\"name\":\"JB Nordic\",\"url\":\"https:\/\/www.jbnordic.se\/\",\"logo\":{\"@type\":\"ImageObject\",\"inLanguage\":\"en-US\",\"@id\":\"https:\/\/www.jbnordic.se\/#\/schema\/logo\/image\/\",\"url\":\"https:\/\/www.jbnordic.se\/wp-content\/uploads\/2022\/02\/jb_nordic_logo_blk_h100px.png\",\"contentUrl\":\"https:\/\/www.jbnordic.se\/wp-content\/uploads\/2022\/02\/jb_nordic_logo_blk_h100px.png\",\"width\":480,\"height\":100,\"caption\":\"JB Nordic\"},\"image\":{\"@id\":\"https:\/\/www.jbnordic.se\/#\/schema\/logo\/image\/\"},\"sameAs\":[\"https:\/\/www.facebook.com\/jbnordic\",\"https:\/\/www.linkedin.com\/company\/jbnordic.se\",\"https:\/\/www.instagram.com\/jbnordic\/\"]}]}<\/script>\n<!-- \/ Yoast SEO plugin. -->","yoast_head_json":{"title":"Dataskyddspolicy - JB Nordic AB","robots":{"index":"index","follow":"follow","max-snippet":"max-snippet:-1","max-image-preview":"max-image-preview:large","max-video-preview":"max-video-preview:-1"},"canonical":"https:\/\/www.jbnordic.se\/en\/dataskyddspolicy\/","og_locale":"en_US","og_type":"article","og_title":"Dataskyddspolicy - JB Nordic AB","og_url":"https:\/\/www.jbnordic.se\/en\/dataskyddspolicy\/","og_site_name":"JB Nordic AB","article_publisher":"https:\/\/www.facebook.com\/jbnordic","article_modified_time":"2024-09-19T09:40:57+00:00","twitter_card":"summary_large_image","twitter_misc":{"Est. reading time":"6 minutes"},"schema":{"@context":"https:\/\/schema.org","@graph":[{"@type":"WebPage","@id":"https:\/\/www.jbnordic.se\/dataskyddspolicy\/","url":"https:\/\/www.jbnordic.se\/dataskyddspolicy\/","name":"Dataskyddspolicy - JB Nordic AB","isPartOf":{"@id":"https:\/\/www.jbnordic.se\/#website"},"datePublished":"2018-06-25T10:24:34+00:00","dateModified":"2024-09-19T09:40:57+00:00","breadcrumb":{"@id":"https:\/\/www.jbnordic.se\/dataskyddspolicy\/#breadcrumb"},"inLanguage":"en-US","potentialAction":[{"@type":"ReadAction","target":["https:\/\/www.jbnordic.se\/dataskyddspolicy\/"]}]},{"@type":"BreadcrumbList","@id":"https:\/\/www.jbnordic.se\/dataskyddspolicy\/#breadcrumb","itemListElement":[{"@type":"ListItem","position":1,"name":"Hem","item":"https:\/\/www.jbnordic.se\/"},{"@type":"ListItem","position":2,"name":"Dataskyddspolicy"}]},{"@type":"WebSite","@id":"https:\/\/www.jbnordic.se\/#website","url":"https:\/\/www.jbnordic.se\/","name":"JB Nordic AB","description":"Kunskap!","publisher":{"@id":"https:\/\/www.jbnordic.se\/#organization"},"potentialAction":[{"@type":"SearchAction","target":{"@type":"EntryPoint","urlTemplate":"https:\/\/www.jbnordic.se\/?s={search_term_string}"},"query-input":{"@type":"PropertyValueSpecification","valueRequired":true,"valueName":"search_term_string"}}],"inLanguage":"en-US"},{"@type":"Organization","@id":"https:\/\/www.jbnordic.se\/#organization","name":"JB Nordic","url":"https:\/\/www.jbnordic.se\/","logo":{"@type":"ImageObject","inLanguage":"en-US","@id":"https:\/\/www.jbnordic.se\/#\/schema\/logo\/image\/","url":"https:\/\/www.jbnordic.se\/wp-content\/uploads\/2022\/02\/jb_nordic_logo_blk_h100px.png","contentUrl":"https:\/\/www.jbnordic.se\/wp-content\/uploads\/2022\/02\/jb_nordic_logo_blk_h100px.png","width":480,"height":100,"caption":"JB Nordic"},"image":{"@id":"https:\/\/www.jbnordic.se\/#\/schema\/logo\/image\/"},"sameAs":["https:\/\/www.facebook.com\/jbnordic","https:\/\/www.linkedin.com\/company\/jbnordic.se","https:\/\/www.instagram.com\/jbnordic\/"]}]}},"_links":{"self":[{"href":"https:\/\/www.jbnordic.se\/en\/wp-json\/wp\/v2\/pages\/1058","targetHints":{"allow":["GET"]}}],"collection":[{"href":"https:\/\/www.jbnordic.se\/en\/wp-json\/wp\/v2\/pages"}],"about":[{"href":"https:\/\/www.jbnordic.se\/en\/wp-json\/wp\/v2\/types\/page"}],"author":[{"embeddable":true,"href":"https:\/\/www.jbnordic.se\/en\/wp-json\/wp\/v2\/users\/1"}],"replies":[{"embeddable":true,"href":"https:\/\/www.jbnordic.se\/en\/wp-json\/wp\/v2\/comments?post=1058"}],"version-history":[{"count":1,"href":"https:\/\/www.jbnordic.se\/en\/wp-json\/wp\/v2\/pages\/1058\/revisions"}],"predecessor-version":[{"id":239890,"href":"https:\/\/www.jbnordic.se\/en\/wp-json\/wp\/v2\/pages\/1058\/revisions\/239890"}],"wp:attachment":[{"href":"https:\/\/www.jbnordic.se\/en\/wp-json\/wp\/v2\/media?parent=1058"}],"curies":[{"name":"wp","href":"https:\/\/api.w.org\/{rel}","templated":true}]}}