{"id":1052,"date":"2018-06-25T11:16:41","date_gmt":"2018-06-25T09:16:41","guid":{"rendered":"https:\/\/www.jbnordic.se\/cookie-policy\/"},"modified":"2021-06-28T08:52:17","modified_gmt":"2021-06-28T06:52:17","slug":"cookie-policy","status":"publish","type":"page","link":"https:\/\/www.jbnordic.se\/en\/cookie-policy\/","title":{"rendered":"Cookie Policy"},"content":{"rendered":"<div id=\"fws_69ef8cb45f120\"  data-column-margin=\"default\" data-midnight=\"dark\"  class=\"wpb_row vc_row-fluid vc_row\"  style=\"padding-top: 0px; padding-bottom: 0px; \"><div class=\"row-bg-wrap\" data-bg-animation=\"none\" data-bg-animation-delay=\"\" data-bg-overlay=\"false\"><div class=\"inner-wrap row-bg-layer\" ><div class=\"row-bg viewport-desktop\"  style=\"\"><\/div><\/div><\/div><div class=\"row_col_wrap_12 col span_12 dark left\">\n\t<div  class=\"vc_col-sm-10 wpb_column column_container vc_column_container col no-extra-padding inherit_tablet inherit_phone\"  data-padding-pos=\"all\" data-has-bg-color=\"false\" data-bg-color=\"\" data-bg-opacity=\"1\" data-animation=\"\" data-delay=\"0\" >\n\t\t<div class=\"vc_column-inner\" >\n\t\t\t<div class=\"wpb_wrapper\">\n\t\t\t\t\n<div class=\"wpb_text_column wpb_content_element  vc_custom_1624863135356\" >\n\t<div class=\"wpb_wrapper\">\n\t\t<h3>Cookies &amp; liknande tekniker<\/h3>\n<p>Vi anv\u00e4nder cookies, web beacons och liknande tekniker (gemensamt kallade &#8221;\u200bcookies\u200b&#8221;) f\u00f6r att f\u00f6rb\u00e4ttra din upplevelse hos oss.<\/p>\n<p><strong>Vad \u00e4r cookies?<\/strong><br \/>\nCookies \u200b\u00e4r sm\u00e5 textfiler best\u00e5ende av bokst\u00e4ver och siffror. Dessa skickas fr\u00e5n webservern och sparas p\u00e5 din enhet enligt nedan. Vi anv\u00e4nder oss av olika cookies:<\/p>\n<ul>\n<li>Sessionscookies\u200b \u00e4r en tillf\u00e4llig cookie som upph\u00f6r n\u00e4r du st\u00e4nger din webbl\u00e4sare eller app.<\/li>\n<li>Varaktiga cookies \u200b\u00e4r cookies som ligger kvar p\u00e5 din dator tills du tar bort dem eller de g\u00e5r ut.<\/li>\n<li>F\u00f6rstapartscookies \u200b\u00e4r cookies satta av webbplatsen du bes\u00f6ker.<\/li>\n<li>Tredjepartscookies \u200b\u00e4r cookies satta av en tredjepartssida.<\/li>\n<li>Web beacons \u200b\u00e4r sm\u00e5 transparenta grafiska bilder som kan finnas i e-post.Liknande tekniker \u200b\u00e4r tekniker som lagrar information i din webbl\u00e4sare eller i din enhet p\u00e5 ett s\u00e4tt som liknar cookies och web beacons.<\/li>\n<\/ul>\n<p><strong>Varf\u00f6r anv\u00e4nder vi cookies?<\/strong><br \/>\nDe cookies vi anv\u00e4nder f\u00f6rb\u00e4ttrar normalt sett de tj\u00e4nster vi erbjuder dig. N\u00e5gra av v\u00e5ra tj\u00e4nster beh\u00f6ver cookies f\u00f6r att fungera, medan andra finns f\u00f6r att g\u00f6ra v\u00e5ra tj\u00e4nster mer smidiga f\u00f6r dig.<\/p>\n<p><strong>Hur kan du kontrollera anv\u00e4ndandet av cookies?<\/strong><br \/>\nDin webbl\u00e4sare eller enhet till\u00e5ter dig oftast att \u00e4ndra inst\u00e4llningarna f\u00f6r anv\u00e4ndningen och omfattningen av cookies. G\u00e5 till inst\u00e4llningarna f\u00f6r din webbl\u00e4sare eller enhet f\u00f6r att l\u00e4ra dig mer om hur du justerar inst\u00e4llningarna f\u00f6r cookies. Du kan till exempel v\u00e4lja att blockera alla cookies, endast acceptera f\u00f6rstapartscookies, eller radera cookies n\u00e4r du st\u00e4nger ner din webbl\u00e4sare.<\/p>\n<p>T\u00e4nk p\u00e5 att vissa tj\u00e4nster kanske inte fungerar om du blockerar eller raderar cookies.<\/p>\n<p><strong>L\u00e4nkar<\/strong><br \/>\nP\u00e5 webbplatsen \u200bwww.jbnordic.se finns l\u00e4nkar till andra webbplatser. Denna cookiepolicy g\u00e4ller inte f\u00f6r dessa webbplatser, utan du b\u00f6r ta del av dessa webbplatsers integritetspolicy innan du l\u00e4mnar ut dina personuppgifter.<\/p>\n<p>F\u00f6r mer information \u2013 l\u00e4s g\u00e4rna v\u00e5r dataskyddspolicy som finns \u200b<a href=\"https:\/\/www.jbnordic.se\/en\/dataskyddspolicy\/\">h\u00e4r\u200b.<\/a><\/p>\n<p><strong>Contact us<\/strong><br \/>\nHar du fr\u00e5gor kring dataskydd eller cookies \u00e4r du v\u00e4lkommen att kontakta oss p\u00e5<\/p>\n<p>info@jbnordic.com<\/p>\n<p>Denna cookiepolicy uppdaterades senast 2021-05-24<\/p>\n\t<\/div>\n<\/div>\n\n\n\n\n\t\t\t<\/div> \n\t\t<\/div>\n\t<\/div> \n\n\t<div  class=\"vc_col-sm-2 wpb_column column_container vc_column_container col no-extra-padding inherit_tablet inherit_phone\"  data-padding-pos=\"all\" data-has-bg-color=\"false\" data-bg-color=\"\" data-bg-opacity=\"1\" data-animation=\"\" data-delay=\"0\" >\n\t\t<div class=\"vc_column-inner\" >\n\t\t\t<div class=\"wpb_wrapper\">\n\t\t\t\t\n\t\t\t<\/div> \n\t\t<\/div>\n\t<\/div> \n<\/div><\/div>","protected":false},"excerpt":{"rendered":"Cookies &amp; liknande tekniker Vi anv\u00e4nder cookies, web beacons och liknande tekniker (gemensamt kallade \"\u200bcookies\u200b\") f\u00f6r att f\u00f6rb\u00e4ttra din upplevelse hos oss. Vad \u00e4r cookies? Cookies \u200b\u00e4r sm\u00e5 textfiler best\u00e5ende...","protected":false},"author":1,"featured_media":0,"parent":0,"menu_order":0,"comment_status":"closed","ping_status":"closed","template":"","meta":{"footnotes":""},"class_list":["post-1052","page","type-page","status-publish"],"yoast_head":"<!-- This site is optimized with the Yoast SEO plugin v26.7 - https:\/\/yoast.com\/wordpress\/plugins\/seo\/ -->\n<title>Cookie Policy - JB Nordic AB<\/title>\n<meta name=\"robots\" content=\"index, follow, max-snippet:-1, max-image-preview:large, max-video-preview:-1\" \/>\n<link rel=\"canonical\" href=\"https:\/\/www.jbnordic.se\/en\/cookie-policy\/\" \/>\n<meta property=\"og:locale\" content=\"en_US\" \/>\n<meta property=\"og:type\" content=\"article\" \/>\n<meta property=\"og:title\" content=\"Cookie Policy - JB Nordic AB\" \/>\n<meta property=\"og:url\" content=\"https:\/\/www.jbnordic.se\/en\/cookie-policy\/\" \/>\n<meta property=\"og:site_name\" content=\"JB Nordic AB\" \/>\n<meta property=\"article:publisher\" content=\"https:\/\/www.facebook.com\/jbnordic\" \/>\n<meta property=\"article:modified_time\" content=\"2021-06-28T06:52:17+00:00\" \/>\n<meta name=\"twitter:card\" content=\"summary_large_image\" \/>\n<meta name=\"twitter:label1\" content=\"Est. reading time\" \/>\n\t<meta name=\"twitter:data1\" content=\"3 minutes\" \/>\n<script type=\"application\/ld+json\" class=\"yoast-schema-graph\">{\"@context\":\"https:\/\/schema.org\",\"@graph\":[{\"@type\":\"WebPage\",\"@id\":\"https:\/\/www.jbnordic.se\/cookie-policy\/\",\"url\":\"https:\/\/www.jbnordic.se\/cookie-policy\/\",\"name\":\"Cookie Policy - JB Nordic AB\",\"isPartOf\":{\"@id\":\"https:\/\/www.jbnordic.se\/#website\"},\"datePublished\":\"2018-06-25T09:16:41+00:00\",\"dateModified\":\"2021-06-28T06:52:17+00:00\",\"breadcrumb\":{\"@id\":\"https:\/\/www.jbnordic.se\/cookie-policy\/#breadcrumb\"},\"inLanguage\":\"en-US\",\"potentialAction\":[{\"@type\":\"ReadAction\",\"target\":[\"https:\/\/www.jbnordic.se\/cookie-policy\/\"]}]},{\"@type\":\"BreadcrumbList\",\"@id\":\"https:\/\/www.jbnordic.se\/cookie-policy\/#breadcrumb\",\"itemListElement\":[{\"@type\":\"ListItem\",\"position\":1,\"name\":\"Hem\",\"item\":\"https:\/\/www.jbnordic.se\/\"},{\"@type\":\"ListItem\",\"position\":2,\"name\":\"Cookie Policy\"}]},{\"@type\":\"WebSite\",\"@id\":\"https:\/\/www.jbnordic.se\/#website\",\"url\":\"https:\/\/www.jbnordic.se\/\",\"name\":\"JB Nordic AB\",\"description\":\"Kunskap!\",\"publisher\":{\"@id\":\"https:\/\/www.jbnordic.se\/#organization\"},\"potentialAction\":[{\"@type\":\"SearchAction\",\"target\":{\"@type\":\"EntryPoint\",\"urlTemplate\":\"https:\/\/www.jbnordic.se\/?s={search_term_string}\"},\"query-input\":{\"@type\":\"PropertyValueSpecification\",\"valueRequired\":true,\"valueName\":\"search_term_string\"}}],\"inLanguage\":\"en-US\"},{\"@type\":\"Organization\",\"@id\":\"https:\/\/www.jbnordic.se\/#organization\",\"name\":\"JB Nordic\",\"url\":\"https:\/\/www.jbnordic.se\/\",\"logo\":{\"@type\":\"ImageObject\",\"inLanguage\":\"en-US\",\"@id\":\"https:\/\/www.jbnordic.se\/#\/schema\/logo\/image\/\",\"url\":\"https:\/\/www.jbnordic.se\/wp-content\/uploads\/2022\/02\/jb_nordic_logo_blk_h100px.png\",\"contentUrl\":\"https:\/\/www.jbnordic.se\/wp-content\/uploads\/2022\/02\/jb_nordic_logo_blk_h100px.png\",\"width\":480,\"height\":100,\"caption\":\"JB Nordic\"},\"image\":{\"@id\":\"https:\/\/www.jbnordic.se\/#\/schema\/logo\/image\/\"},\"sameAs\":[\"https:\/\/www.facebook.com\/jbnordic\",\"https:\/\/www.linkedin.com\/company\/jbnordic.se\",\"https:\/\/www.instagram.com\/jbnordic\/\"]}]}<\/script>\n<!-- \/ Yoast SEO plugin. -->","yoast_head_json":{"title":"Cookie Policy - JB Nordic AB","robots":{"index":"index","follow":"follow","max-snippet":"max-snippet:-1","max-image-preview":"max-image-preview:large","max-video-preview":"max-video-preview:-1"},"canonical":"https:\/\/www.jbnordic.se\/en\/cookie-policy\/","og_locale":"en_US","og_type":"article","og_title":"Cookie Policy - JB Nordic AB","og_url":"https:\/\/www.jbnordic.se\/en\/cookie-policy\/","og_site_name":"JB Nordic AB","article_publisher":"https:\/\/www.facebook.com\/jbnordic","article_modified_time":"2021-06-28T06:52:17+00:00","twitter_card":"summary_large_image","twitter_misc":{"Est. reading time":"3 minutes"},"schema":{"@context":"https:\/\/schema.org","@graph":[{"@type":"WebPage","@id":"https:\/\/www.jbnordic.se\/cookie-policy\/","url":"https:\/\/www.jbnordic.se\/cookie-policy\/","name":"Cookie Policy - JB Nordic AB","isPartOf":{"@id":"https:\/\/www.jbnordic.se\/#website"},"datePublished":"2018-06-25T09:16:41+00:00","dateModified":"2021-06-28T06:52:17+00:00","breadcrumb":{"@id":"https:\/\/www.jbnordic.se\/cookie-policy\/#breadcrumb"},"inLanguage":"en-US","potentialAction":[{"@type":"ReadAction","target":["https:\/\/www.jbnordic.se\/cookie-policy\/"]}]},{"@type":"BreadcrumbList","@id":"https:\/\/www.jbnordic.se\/cookie-policy\/#breadcrumb","itemListElement":[{"@type":"ListItem","position":1,"name":"Hem","item":"https:\/\/www.jbnordic.se\/"},{"@type":"ListItem","position":2,"name":"Cookie Policy"}]},{"@type":"WebSite","@id":"https:\/\/www.jbnordic.se\/#website","url":"https:\/\/www.jbnordic.se\/","name":"JB Nordic AB","description":"Kunskap!","publisher":{"@id":"https:\/\/www.jbnordic.se\/#organization"},"potentialAction":[{"@type":"SearchAction","target":{"@type":"EntryPoint","urlTemplate":"https:\/\/www.jbnordic.se\/?s={search_term_string}"},"query-input":{"@type":"PropertyValueSpecification","valueRequired":true,"valueName":"search_term_string"}}],"inLanguage":"en-US"},{"@type":"Organization","@id":"https:\/\/www.jbnordic.se\/#organization","name":"JB Nordic","url":"https:\/\/www.jbnordic.se\/","logo":{"@type":"ImageObject","inLanguage":"en-US","@id":"https:\/\/www.jbnordic.se\/#\/schema\/logo\/image\/","url":"https:\/\/www.jbnordic.se\/wp-content\/uploads\/2022\/02\/jb_nordic_logo_blk_h100px.png","contentUrl":"https:\/\/www.jbnordic.se\/wp-content\/uploads\/2022\/02\/jb_nordic_logo_blk_h100px.png","width":480,"height":100,"caption":"JB Nordic"},"image":{"@id":"https:\/\/www.jbnordic.se\/#\/schema\/logo\/image\/"},"sameAs":["https:\/\/www.facebook.com\/jbnordic","https:\/\/www.linkedin.com\/company\/jbnordic.se","https:\/\/www.instagram.com\/jbnordic\/"]}]}},"_links":{"self":[{"href":"https:\/\/www.jbnordic.se\/en\/wp-json\/wp\/v2\/pages\/1052","targetHints":{"allow":["GET"]}}],"collection":[{"href":"https:\/\/www.jbnordic.se\/en\/wp-json\/wp\/v2\/pages"}],"about":[{"href":"https:\/\/www.jbnordic.se\/en\/wp-json\/wp\/v2\/types\/page"}],"author":[{"embeddable":true,"href":"https:\/\/www.jbnordic.se\/en\/wp-json\/wp\/v2\/users\/1"}],"replies":[{"embeddable":true,"href":"https:\/\/www.jbnordic.se\/en\/wp-json\/wp\/v2\/comments?post=1052"}],"version-history":[{"count":0,"href":"https:\/\/www.jbnordic.se\/en\/wp-json\/wp\/v2\/pages\/1052\/revisions"}],"wp:attachment":[{"href":"https:\/\/www.jbnordic.se\/en\/wp-json\/wp\/v2\/media?parent=1052"}],"curies":[{"name":"wp","href":"https:\/\/api.w.org\/{rel}","templated":true}]}}